{"id":97437,"date":"2023-04-25T16:07:53","date_gmt":"2023-04-25T14:07:53","guid":{"rendered":"https:\/\/globalsew.com\/?post_type=product&#038;p=97437"},"modified":"2024-09-11T09:25:09","modified_gmt":"2024-09-11T07:25:09","slug":"wf-976-100-sa","status":"publish","type":"product","link":"https:\/\/globalsew.com\/pt\/product\/wf-976-100-sa\/","title":{"rendered":"WF 976-100 SA"},"content":{"rendered":"<p>M\u00e1quina de bra\u00e7o cil\u00edndrico de agulha dupla de tipo especial com bra\u00e7o rotativo acionado por motor, alimenta\u00e7\u00e3o de agulha e<br \/>\np\u00e9 arrastador. O motor de corrente cont\u00ednua do bra\u00e7o est\u00e1 sincronizado com a velocidade de costura. Esta m\u00e1quina est\u00e1 equipada com<br \/>\nganchos de grande eixo vertical. O calibre standard da agulha \u00e9 de 12,7 mm. Adequado para coser filtros, condutas flex\u00edveis e<br \/>\naplica\u00e7\u00f5es semelhantes. A m\u00e1quina est\u00e1 equipada de s\u00e9rie com um remate pneum\u00e1tico e um elevador de calcador.<br \/>\nCompleto com tampo de mesa, suporte extra-pesado e servomotor Ho Hsing.<\/p>","protected":false},"excerpt":{"rendered":"<div class=\"row\">\n<div class=\"col-md-6\"><a class=\"download-button\" href=\"https:\/\/globalsew.com\/wp-content\/uploads\/2023\/04\/WF-976-100-SA.pdf\" target=\"_blank\" rel=\"noopener\">Folheto<\/a><\/div>\n<div class=\"col-md-6\"><a class=\"download-button\" href=\"https:\/\/globalsew.com\/wp-content\/uploads\/2023\/04\/wf976100sa-manual.pdf\" target=\"_blank\" rel=\"noopener\">Manual<\/a><\/div>\n<\/div>\n<p>As especifica\u00e7\u00f5es do produto para o WF 976-100 SA:<\/p>\n<ul>\n<li>Mesa completa, suporte e motor<\/li>\n<li>Velocidade da m\u00e1quina: m\u00e1x. 1100 rpm<\/li>\n<li>Sistema de lubrifica\u00e7\u00e3o: manual<\/li>\n<li>Tipo de alimenta\u00e7\u00e3o: alimenta\u00e7\u00e3o por agulha, alimenta\u00e7\u00e3o por gota, p\u00e9 de apoio<\/li>\n<li>Comprimento dos pontos: m\u00e1ximo. 6 mm<\/li>\n<li>Eleva\u00e7\u00e3o do calcador: 8 mm \u00e0 m\u00e3o<\/li>\n<li>Tipo de agulha: 135\u00d717<\/li>\n<\/ul>","protected":false},"featured_media":105372,"template":"","meta":{"_acf_changed":false},"product_brand":[],"product_cat":[25,83],"product_tag":[],"class_list":{"0":"post-97437","1":"product","2":"type-product","3":"status-publish","4":"has-post-thumbnail","6":"product_cat-shoes","7":"product_cat-special-shoe-machines","8":"tm-no-options","10":"first","11":"instock","12":"shipping-taxable","13":"purchasable","14":"product-type-simple"},"acf":[],"gallery_images":[],"yoast_head":"<!-- This site is optimized with the Yoast SEO plugin v27.3 - https:\/\/yoast.com\/product\/yoast-seo-wordpress\/ -->\n<title>WF 976-100 SA - Global International B.V.<\/title>\n<meta name=\"robots\" content=\"index, follow, max-snippet:-1, max-image-preview:large, max-video-preview:-1\" \/>\n<link rel=\"canonical\" href=\"https:\/\/globalsew.com\/pt\/produto\/wf-976-100-sa\/\" \/>\n<meta property=\"og:locale\" content=\"pt_PT\" \/>\n<meta property=\"og:type\" content=\"article\" \/>\n<meta property=\"og:title\" content=\"WF 976-100 SA - Global International B.V.\" \/>\n<meta property=\"og:description\" content=\"Leaflet Manual  The product specifications for the WF 976-100 SA:   Complete table, stand and motor  Machine speed: max. 1100 spm  Oiling system: manual  Feed type: needle feed, drop feed, walking foot  Stitch length: max. 6 mm  Presser foot lift: 8 mm by hand  Needle type: 135\u00d717\" \/>\n<meta property=\"og:url\" content=\"https:\/\/globalsew.com\/pt\/produto\/wf-976-100-sa\/\" \/>\n<meta property=\"og:site_name\" content=\"Global International B.V.\" \/>\n<meta property=\"article:modified_time\" content=\"2024-09-11T07:25:09+00:00\" \/>\n<meta property=\"og:image\" content=\"https:\/\/globalsew.com\/wp-content\/uploads\/2017\/03\/products-WF-967-70-SA-03-global-1080-website-2024.jpg\" \/>\n\t<meta property=\"og:image:width\" content=\"1819\" \/>\n\t<meta property=\"og:image:height\" content=\"1080\" \/>\n\t<meta property=\"og:image:type\" content=\"image\/jpeg\" \/>\n<meta name=\"twitter:card\" content=\"summary_large_image\" \/>\n<meta name=\"twitter:label1\" content=\"Tempo estimado de leitura\" \/>\n\t<meta name=\"twitter:data1\" content=\"1 minuto\" \/>\n<script type=\"application\/ld+json\" class=\"yoast-schema-graph\">{\"@context\":\"https:\\\/\\\/schema.org\",\"@graph\":[{\"@type\":\"WebPage\",\"@id\":\"https:\\\/\\\/globalsew.com\\\/product\\\/wf-976-100-sa\\\/\",\"url\":\"https:\\\/\\\/globalsew.com\\\/product\\\/wf-976-100-sa\\\/\",\"name\":\"WF 976-100 SA - Global International B.V.\",\"isPartOf\":{\"@id\":\"https:\\\/\\\/globalsew.com\\\/#website\"},\"primaryImageOfPage\":{\"@id\":\"https:\\\/\\\/globalsew.com\\\/product\\\/wf-976-100-sa\\\/#primaryimage\"},\"image\":{\"@id\":\"https:\\\/\\\/globalsew.com\\\/product\\\/wf-976-100-sa\\\/#primaryimage\"},\"thumbnailUrl\":\"https:\\\/\\\/globalsew.com\\\/wp-content\\\/uploads\\\/2017\\\/03\\\/products-WF-967-70-SA-03-global-1080-website-2024.jpg\",\"datePublished\":\"2023-04-25T14:07:53+00:00\",\"dateModified\":\"2024-09-11T07:25:09+00:00\",\"breadcrumb\":{\"@id\":\"https:\\\/\\\/globalsew.com\\\/product\\\/wf-976-100-sa\\\/#breadcrumb\"},\"inLanguage\":\"pt-PT\",\"potentialAction\":[{\"@type\":\"ReadAction\",\"target\":[\"https:\\\/\\\/globalsew.com\\\/product\\\/wf-976-100-sa\\\/\"]}]},{\"@type\":\"ImageObject\",\"inLanguage\":\"pt-PT\",\"@id\":\"https:\\\/\\\/globalsew.com\\\/product\\\/wf-976-100-sa\\\/#primaryimage\",\"url\":\"https:\\\/\\\/globalsew.com\\\/wp-content\\\/uploads\\\/2017\\\/03\\\/products-WF-967-70-SA-03-global-1080-website-2024.jpg\",\"contentUrl\":\"https:\\\/\\\/globalsew.com\\\/wp-content\\\/uploads\\\/2017\\\/03\\\/products-WF-967-70-SA-03-global-1080-website-2024.jpg\",\"width\":1819,\"height\":1080,\"caption\":\"WF 976-100 SA\"},{\"@type\":\"BreadcrumbList\",\"@id\":\"https:\\\/\\\/globalsew.com\\\/product\\\/wf-976-100-sa\\\/#breadcrumb\",\"itemListElement\":[{\"@type\":\"ListItem\",\"position\":1,\"name\":\"Home\",\"item\":\"https:\\\/\\\/globalsew.com\\\/\"},{\"@type\":\"ListItem\",\"position\":2,\"name\":\"Products\",\"item\":\"https:\\\/\\\/globalsew.com\\\/products\\\/\"},{\"@type\":\"ListItem\",\"position\":3,\"name\":\"WF 976-100 SA\"}]},{\"@type\":\"WebSite\",\"@id\":\"https:\\\/\\\/globalsew.com\\\/#website\",\"url\":\"https:\\\/\\\/globalsew.com\\\/\",\"name\":\"Global International B.V.\",\"description\":\"Industrial Sewing Machines\",\"potentialAction\":[{\"@type\":\"SearchAction\",\"target\":{\"@type\":\"EntryPoint\",\"urlTemplate\":\"https:\\\/\\\/globalsew.com\\\/?s={search_term_string}\"},\"query-input\":{\"@type\":\"PropertyValueSpecification\",\"valueRequired\":true,\"valueName\":\"search_term_string\"}}],\"inLanguage\":\"pt-PT\"}]}<\/script>\n<!-- \/ Yoast SEO plugin. -->","yoast_head_json":{"title":"WF 976-100 SA - Global International B.V.","robots":{"index":"index","follow":"follow","max-snippet":"max-snippet:-1","max-image-preview":"max-image-preview:large","max-video-preview":"max-video-preview:-1"},"canonical":"https:\/\/globalsew.com\/pt\/produto\/wf-976-100-sa\/","og_locale":"pt_PT","og_type":"article","og_title":"WF 976-100 SA - Global International B.V.","og_description":"Leaflet Manual  The product specifications for the WF 976-100 SA:   Complete table, stand and motor  Machine speed: max. 1100 spm  Oiling system: manual  Feed type: needle feed, drop feed, walking foot  Stitch length: max. 6 mm  Presser foot lift: 8 mm by hand  Needle type: 135\u00d717","og_url":"https:\/\/globalsew.com\/pt\/produto\/wf-976-100-sa\/","og_site_name":"Global International B.V.","article_modified_time":"2024-09-11T07:25:09+00:00","og_image":[{"width":1819,"height":1080,"url":"https:\/\/globalsew.com\/wp-content\/uploads\/2017\/03\/products-WF-967-70-SA-03-global-1080-website-2024.jpg","type":"image\/jpeg"}],"twitter_card":"summary_large_image","twitter_misc":{"Tempo estimado de leitura":"1 minuto"},"schema":{"@context":"https:\/\/schema.org","@graph":[{"@type":"WebPage","@id":"https:\/\/globalsew.com\/product\/wf-976-100-sa\/","url":"https:\/\/globalsew.com\/product\/wf-976-100-sa\/","name":"WF 976-100 SA - Global International B.V.","isPartOf":{"@id":"https:\/\/globalsew.com\/#website"},"primaryImageOfPage":{"@id":"https:\/\/globalsew.com\/product\/wf-976-100-sa\/#primaryimage"},"image":{"@id":"https:\/\/globalsew.com\/product\/wf-976-100-sa\/#primaryimage"},"thumbnailUrl":"https:\/\/globalsew.com\/wp-content\/uploads\/2017\/03\/products-WF-967-70-SA-03-global-1080-website-2024.jpg","datePublished":"2023-04-25T14:07:53+00:00","dateModified":"2024-09-11T07:25:09+00:00","breadcrumb":{"@id":"https:\/\/globalsew.com\/product\/wf-976-100-sa\/#breadcrumb"},"inLanguage":"pt-PT","potentialAction":[{"@type":"ReadAction","target":["https:\/\/globalsew.com\/product\/wf-976-100-sa\/"]}]},{"@type":"ImageObject","inLanguage":"pt-PT","@id":"https:\/\/globalsew.com\/product\/wf-976-100-sa\/#primaryimage","url":"https:\/\/globalsew.com\/wp-content\/uploads\/2017\/03\/products-WF-967-70-SA-03-global-1080-website-2024.jpg","contentUrl":"https:\/\/globalsew.com\/wp-content\/uploads\/2017\/03\/products-WF-967-70-SA-03-global-1080-website-2024.jpg","width":1819,"height":1080,"caption":"WF 976-100 SA"},{"@type":"BreadcrumbList","@id":"https:\/\/globalsew.com\/product\/wf-976-100-sa\/#breadcrumb","itemListElement":[{"@type":"ListItem","position":1,"name":"Home","item":"https:\/\/globalsew.com\/"},{"@type":"ListItem","position":2,"name":"Products","item":"https:\/\/globalsew.com\/products\/"},{"@type":"ListItem","position":3,"name":"WF 976-100 SA"}]},{"@type":"WebSite","@id":"https:\/\/globalsew.com\/#website","url":"https:\/\/globalsew.com\/","name":"Global International B.V.","description":"M\u00e1quinas de costura industriais","potentialAction":[{"@type":"SearchAction","target":{"@type":"EntryPoint","urlTemplate":"https:\/\/globalsew.com\/?s={search_term_string}"},"query-input":{"@type":"PropertyValueSpecification","valueRequired":true,"valueName":"search_term_string"}}],"inLanguage":"pt-PT"}]}},"_links":{"self":[{"href":"https:\/\/globalsew.com\/pt\/wp-json\/wp\/v2\/product\/97437","targetHints":{"allow":["GET"]}}],"collection":[{"href":"https:\/\/globalsew.com\/pt\/wp-json\/wp\/v2\/product"}],"about":[{"href":"https:\/\/globalsew.com\/pt\/wp-json\/wp\/v2\/types\/product"}],"wp:featuredmedia":[{"embeddable":true,"href":"https:\/\/globalsew.com\/pt\/wp-json\/wp\/v2\/media\/105372"}],"wp:attachment":[{"href":"https:\/\/globalsew.com\/pt\/wp-json\/wp\/v2\/media?parent=97437"}],"wp:term":[{"taxonomy":"product_brand","embeddable":true,"href":"https:\/\/globalsew.com\/pt\/wp-json\/wp\/v2\/product_brand?post=97437"},{"taxonomy":"product_cat","embeddable":true,"href":"https:\/\/globalsew.com\/pt\/wp-json\/wp\/v2\/product_cat?post=97437"},{"taxonomy":"product_tag","embeddable":true,"href":"https:\/\/globalsew.com\/pt\/wp-json\/wp\/v2\/product_tag?post=97437"}],"curies":[{"name":"wp","href":"https:\/\/api.w.org\/{rel}","templated":true}]}}