{"id":97393,"date":"2023-03-27T14:28:06","date_gmt":"2023-03-27T12:28:06","guid":{"rendered":"https:\/\/globalsew.com\/?post_type=product&#038;p=97393"},"modified":"2024-05-22T09:25:23","modified_gmt":"2024-05-22T07:25:23","slug":"zz-1567-75-serie-xlh","status":"publish","type":"product","link":"https:\/\/globalsew.com\/pt\/product\/zz-1567-75-xlh-series\/","title":{"rendered":"ZZ 1567-75 S\u00e9rie XLH"},"content":{"rendered":"<div class=\"wpb-content-wrapper\"><div class=\"vc_row wpb_row vc_row-fluid\"><div class=\"wpb_column vc_column_container vc_col-sm-6\"><div class=\"vc_column-inner\"><div class=\"wpb_wrapper\">\n\t<div class=\"wpb_text_column wpb_content_element\" >\n\t\t<div class=\"wpb_wrapper\">\n\t\t\t<p><strong>ZZ 1567-75 XLH-AUT-<\/strong><br \/>\nM\u00e1quina de ponto fantasia de alta velocidade, controlada por exc\u00eantricos, com ziguezague de bra\u00e7o longo, equipada com gancho extra grande, fornecida de s\u00e9rie com 2 exc\u00eantricos. Extra: 18 cames opcionais. Equipada com cortador de linha autom\u00e1tico, remate e levantador de calcador. (todos el\u00e9ctricos)<\/p>\n<p><strong>ZZ 1567-75 P-XLH-AUT -<\/strong><br \/>\nIgual ao ZZ 1567-75 AUT, mas equipado com um dispositivo de extra\u00e7\u00e3o.<\/p>\n<p><strong>ZZ 1567-75 P-XH-XLH-AUT -<\/strong><br \/>\nIgual \u00e0 ZZ 1567-75 P-AUT, mas com maior espa\u00e7o de trabalho: C x A = 750 x 183 mm.<\/p>\n<p>Estas m\u00e1quinas s\u00e3o fornecidas de s\u00e9rie com os exc\u00eantricos 038 e 058. Outros cames s\u00e3o opcionais<\/p>\n<p>&nbsp;<\/p>\n<p>&nbsp;<\/p>\n<p><img decoding=\"async\" class=\"alignnone size-full wp-image-94791\" src=\"https:\/\/globalsew.com\/wp-content\/uploads\/2017\/04\/hohsing-xs-global.jpg\" alt=\"\" width=\"73\" height=\"68\" \/>\u00a0 \u00a0 \u00a0 \u00a0 \u00a0 \u00a0 \u00a0 \u00a0 \u00a0 \u00a0 \u00a0 \u00a0 \u00a0 \u00a0 \u00a0 \u00a0 \u00a0 \u00a0 \u00a0 \u00a0 \u00a0 \u00a0 \u00a0 \u00a0 \u00a0 \u00a0 \u00a0 \u00a0 \u00a0 \u00a0 \u00a0 \u00a0 \u00a0 \u00a0 \u00a0 \u00a0 \u00a0 \u00a0 \u00a0<img decoding=\"async\" class=\"alignnone size-full wp-image-94794\" src=\"https:\/\/globalsew.com\/wp-content\/uploads\/2017\/04\/eac-xs-global.jpg\" alt=\"\" width=\"73\" height=\"68\" \/>\u00a0<img decoding=\"async\" class=\"alignnone size-full wp-image-94793\" src=\"https:\/\/globalsew.com\/wp-content\/uploads\/2017\/04\/ce-xs-global.jpg\" alt=\"\" width=\"73\" height=\"68\" \/><\/p>\n\n\t\t<\/div>\n\t<\/div>\n<\/div><\/div><\/div><\/div>\n<\/div>","protected":false},"excerpt":{"rendered":"<div class=\"row\">\n<div class=\"col-md-6\"><a class=\"download-button\" href=\"https:\/\/globalsew.com\/wp-content\/uploads\/2017\/01\/ZZ-1567-75.pdf\" target=\"_blank\" rel=\"noopener\">Descarregar folheto<\/a><\/div>\n<\/div>\n<div><\/div>\n<div>Especifica\u00e7\u00f5es t\u00e9cnicas:<\/div>\n<ul>\n<li>Velocidade da m\u00e1quina: 4000 spm (depende da came)<\/li>\n<li>Sistema de lubrifica\u00e7\u00e3o: semi-autom\u00e1tico<\/li>\n<li>Tipo de gancho: gancho grande<\/li>\n<li>Comprimento do ponto: 5 mm<\/li>\n<li>Eleva\u00e7\u00e3o do calcador: m\u00e1x. 15 mm<\/li>\n<li>Tipo de agulha: 135\u00d717<\/li>\n<li>largura do ziguezague: 10 mm<\/li>\n<li>Extras opcionais para ZZ 1567-75 (P): eleva\u00e7\u00e3o el\u00e9ctrica do calcador e\/ou remate el\u00e9trico (de s\u00e9rie nas vers\u00f5es AUT)<\/li>\n<\/ul>","protected":false},"featured_media":105864,"template":"","meta":{"_acf_changed":false},"product_brand":[],"product_cat":[21,24,375,100],"product_tag":[],"class_list":{"0":"post-97393","1":"product","2":"type-product","3":"status-publish","4":"has-post-thumbnail","6":"product_cat-automotive","7":"product_cat-garment","8":"product_cat-sailmaking-machines","9":"product_cat-zig-zag-machines","10":"tm-has-options","12":"first","13":"instock","14":"shipping-taxable","15":"purchasable","16":"product-type-simple"},"acf":[],"gallery_images":[],"yoast_head":"<!-- This site is optimized with the Yoast SEO plugin v27.3 - https:\/\/yoast.com\/product\/yoast-seo-wordpress\/ -->\n<title>ZZ 1567-75 XLH series - Global International B.V.<\/title>\n<meta name=\"robots\" content=\"index, follow, max-snippet:-1, max-image-preview:large, max-video-preview:-1\" \/>\n<link rel=\"canonical\" href=\"https:\/\/globalsew.com\/pt\/produto\/zz-1567-75-serie-xlh\/\" \/>\n<meta property=\"og:locale\" content=\"pt_PT\" \/>\n<meta property=\"og:type\" content=\"article\" \/>\n<meta property=\"og:title\" content=\"ZZ 1567-75 XLH series - Global International B.V.\" \/>\n<meta property=\"og:description\" content=\"Download Leaflet   Technical specifications:   Machine speed: 4000 spm (depends on the cam)  Oiling system: semi automatic  Hook type: large hook  Stitch length: 5 mm  Presser foot lift: max. 15 mm  Needle type: 135x17  zig-zag width: 10 mm  Optional extras for ZZ 1567-75 (P): electric presser foot lift and \/ or electric back tack (standard on AUT versions)\" \/>\n<meta property=\"og:url\" content=\"https:\/\/globalsew.com\/pt\/produto\/zz-1567-75-serie-xlh\/\" \/>\n<meta property=\"og:site_name\" content=\"Global International B.V.\" \/>\n<meta property=\"article:modified_time\" content=\"2024-05-22T07:25:23+00:00\" \/>\n<meta property=\"og:image\" content=\"https:\/\/globalsew.com\/wp-content\/uploads\/2017\/02\/products-ZZ-1567-75-03-global-1080-website-2024.jpg\" \/>\n\t<meta property=\"og:image:width\" content=\"1819\" \/>\n\t<meta property=\"og:image:height\" content=\"1080\" \/>\n\t<meta property=\"og:image:type\" content=\"image\/jpeg\" \/>\n<meta name=\"twitter:card\" content=\"summary_large_image\" \/>\n<meta name=\"twitter:label1\" content=\"Tempo estimado de leitura\" \/>\n\t<meta name=\"twitter:data1\" content=\"2 minutos\" \/>\n<script type=\"application\/ld+json\" class=\"yoast-schema-graph\">{\"@context\":\"https:\\\/\\\/schema.org\",\"@graph\":[{\"@type\":\"WebPage\",\"@id\":\"https:\\\/\\\/globalsew.com\\\/product\\\/zz-1567-75-xlh-series\\\/\",\"url\":\"https:\\\/\\\/globalsew.com\\\/product\\\/zz-1567-75-xlh-series\\\/\",\"name\":\"ZZ 1567-75 XLH series - Global International B.V.\",\"isPartOf\":{\"@id\":\"https:\\\/\\\/globalsew.com\\\/#website\"},\"primaryImageOfPage\":{\"@id\":\"https:\\\/\\\/globalsew.com\\\/product\\\/zz-1567-75-xlh-series\\\/#primaryimage\"},\"image\":{\"@id\":\"https:\\\/\\\/globalsew.com\\\/product\\\/zz-1567-75-xlh-series\\\/#primaryimage\"},\"thumbnailUrl\":\"https:\\\/\\\/globalsew.com\\\/wp-content\\\/uploads\\\/2017\\\/02\\\/products-ZZ-1567-75-03-global-1080-website-2024.jpg\",\"datePublished\":\"2023-03-27T12:28:06+00:00\",\"dateModified\":\"2024-05-22T07:25:23+00:00\",\"breadcrumb\":{\"@id\":\"https:\\\/\\\/globalsew.com\\\/product\\\/zz-1567-75-xlh-series\\\/#breadcrumb\"},\"inLanguage\":\"pt-PT\",\"potentialAction\":[{\"@type\":\"ReadAction\",\"target\":[\"https:\\\/\\\/globalsew.com\\\/product\\\/zz-1567-75-xlh-series\\\/\"]}]},{\"@type\":\"ImageObject\",\"inLanguage\":\"pt-PT\",\"@id\":\"https:\\\/\\\/globalsew.com\\\/product\\\/zz-1567-75-xlh-series\\\/#primaryimage\",\"url\":\"https:\\\/\\\/globalsew.com\\\/wp-content\\\/uploads\\\/2017\\\/02\\\/products-ZZ-1567-75-03-global-1080-website-2024.jpg\",\"contentUrl\":\"https:\\\/\\\/globalsew.com\\\/wp-content\\\/uploads\\\/2017\\\/02\\\/products-ZZ-1567-75-03-global-1080-website-2024.jpg\",\"width\":1819,\"height\":1080,\"caption\":\"ZZ 1`567-75\"},{\"@type\":\"BreadcrumbList\",\"@id\":\"https:\\\/\\\/globalsew.com\\\/product\\\/zz-1567-75-xlh-series\\\/#breadcrumb\",\"itemListElement\":[{\"@type\":\"ListItem\",\"position\":1,\"name\":\"Home\",\"item\":\"https:\\\/\\\/globalsew.com\\\/\"},{\"@type\":\"ListItem\",\"position\":2,\"name\":\"Products\",\"item\":\"https:\\\/\\\/globalsew.com\\\/products\\\/\"},{\"@type\":\"ListItem\",\"position\":3,\"name\":\"ZZ 1567-75 XLH series\"}]},{\"@type\":\"WebSite\",\"@id\":\"https:\\\/\\\/globalsew.com\\\/#website\",\"url\":\"https:\\\/\\\/globalsew.com\\\/\",\"name\":\"Global International B.V.\",\"description\":\"Industrial Sewing Machines\",\"potentialAction\":[{\"@type\":\"SearchAction\",\"target\":{\"@type\":\"EntryPoint\",\"urlTemplate\":\"https:\\\/\\\/globalsew.com\\\/?s={search_term_string}\"},\"query-input\":{\"@type\":\"PropertyValueSpecification\",\"valueRequired\":true,\"valueName\":\"search_term_string\"}}],\"inLanguage\":\"pt-PT\"}]}<\/script>\n<!-- \/ Yoast SEO plugin. -->","yoast_head_json":{"title":"ZZ 1567-75 S\u00e9rie XLH - Global International B.V.","robots":{"index":"index","follow":"follow","max-snippet":"max-snippet:-1","max-image-preview":"max-image-preview:large","max-video-preview":"max-video-preview:-1"},"canonical":"https:\/\/globalsew.com\/pt\/produto\/zz-1567-75-serie-xlh\/","og_locale":"pt_PT","og_type":"article","og_title":"ZZ 1567-75 XLH series - Global International B.V.","og_description":"Download Leaflet   Technical specifications:   Machine speed: 4000 spm (depends on the cam)  Oiling system: semi automatic  Hook type: large hook  Stitch length: 5 mm  Presser foot lift: max. 15 mm  Needle type: 135x17  zig-zag width: 10 mm  Optional extras for ZZ 1567-75 (P): electric presser foot lift and \/ or electric back tack (standard on AUT versions)","og_url":"https:\/\/globalsew.com\/pt\/produto\/zz-1567-75-serie-xlh\/","og_site_name":"Global International B.V.","article_modified_time":"2024-05-22T07:25:23+00:00","og_image":[{"width":1819,"height":1080,"url":"https:\/\/globalsew.com\/wp-content\/uploads\/2017\/02\/products-ZZ-1567-75-03-global-1080-website-2024.jpg","type":"image\/jpeg"}],"twitter_card":"summary_large_image","twitter_misc":{"Tempo estimado de leitura":"2 minutos"},"schema":{"@context":"https:\/\/schema.org","@graph":[{"@type":"WebPage","@id":"https:\/\/globalsew.com\/product\/zz-1567-75-xlh-series\/","url":"https:\/\/globalsew.com\/product\/zz-1567-75-xlh-series\/","name":"ZZ 1567-75 S\u00e9rie XLH - Global International B.V.","isPartOf":{"@id":"https:\/\/globalsew.com\/#website"},"primaryImageOfPage":{"@id":"https:\/\/globalsew.com\/product\/zz-1567-75-xlh-series\/#primaryimage"},"image":{"@id":"https:\/\/globalsew.com\/product\/zz-1567-75-xlh-series\/#primaryimage"},"thumbnailUrl":"https:\/\/globalsew.com\/wp-content\/uploads\/2017\/02\/products-ZZ-1567-75-03-global-1080-website-2024.jpg","datePublished":"2023-03-27T12:28:06+00:00","dateModified":"2024-05-22T07:25:23+00:00","breadcrumb":{"@id":"https:\/\/globalsew.com\/product\/zz-1567-75-xlh-series\/#breadcrumb"},"inLanguage":"pt-PT","potentialAction":[{"@type":"ReadAction","target":["https:\/\/globalsew.com\/product\/zz-1567-75-xlh-series\/"]}]},{"@type":"ImageObject","inLanguage":"pt-PT","@id":"https:\/\/globalsew.com\/product\/zz-1567-75-xlh-series\/#primaryimage","url":"https:\/\/globalsew.com\/wp-content\/uploads\/2017\/02\/products-ZZ-1567-75-03-global-1080-website-2024.jpg","contentUrl":"https:\/\/globalsew.com\/wp-content\/uploads\/2017\/02\/products-ZZ-1567-75-03-global-1080-website-2024.jpg","width":1819,"height":1080,"caption":"ZZ 1`567-75"},{"@type":"BreadcrumbList","@id":"https:\/\/globalsew.com\/product\/zz-1567-75-xlh-series\/#breadcrumb","itemListElement":[{"@type":"ListItem","position":1,"name":"Home","item":"https:\/\/globalsew.com\/"},{"@type":"ListItem","position":2,"name":"Products","item":"https:\/\/globalsew.com\/products\/"},{"@type":"ListItem","position":3,"name":"ZZ 1567-75 XLH series"}]},{"@type":"WebSite","@id":"https:\/\/globalsew.com\/#website","url":"https:\/\/globalsew.com\/","name":"Global International B.V.","description":"M\u00e1quinas de costura industriais","potentialAction":[{"@type":"SearchAction","target":{"@type":"EntryPoint","urlTemplate":"https:\/\/globalsew.com\/?s={search_term_string}"},"query-input":{"@type":"PropertyValueSpecification","valueRequired":true,"valueName":"search_term_string"}}],"inLanguage":"pt-PT"}]}},"_links":{"self":[{"href":"https:\/\/globalsew.com\/pt\/wp-json\/wp\/v2\/product\/97393","targetHints":{"allow":["GET"]}}],"collection":[{"href":"https:\/\/globalsew.com\/pt\/wp-json\/wp\/v2\/product"}],"about":[{"href":"https:\/\/globalsew.com\/pt\/wp-json\/wp\/v2\/types\/product"}],"wp:featuredmedia":[{"embeddable":true,"href":"https:\/\/globalsew.com\/pt\/wp-json\/wp\/v2\/media\/105864"}],"wp:attachment":[{"href":"https:\/\/globalsew.com\/pt\/wp-json\/wp\/v2\/media?parent=97393"}],"wp:term":[{"taxonomy":"product_brand","embeddable":true,"href":"https:\/\/globalsew.com\/pt\/wp-json\/wp\/v2\/product_brand?post=97393"},{"taxonomy":"product_cat","embeddable":true,"href":"https:\/\/globalsew.com\/pt\/wp-json\/wp\/v2\/product_cat?post=97393"},{"taxonomy":"product_tag","embeddable":true,"href":"https:\/\/globalsew.com\/pt\/wp-json\/wp\/v2\/product_tag?post=97393"}],"curies":[{"name":"wp","href":"https:\/\/api.w.org\/{rel}","templated":true}]}}