{"id":97273,"date":"2023-01-23T13:02:44","date_gmt":"2023-01-23T12:02:44","guid":{"rendered":"https:\/\/globalsew.com\/?post_type=product&#038;p=97273"},"modified":"2024-02-22T13:05:02","modified_gmt":"2024-02-22T12:05:02","slug":"serie-wf-1335-dd","status":"publish","type":"product","link":"https:\/\/globalsew.com\/pt\/product\/wf-1335-dd-series\/","title":{"rendered":"S\u00e9rie WF 1335 DD"},"content":{"rendered":"<p><strong>WF 1335 DD<\/strong><br \/>\n- M\u00e1quina de agulha \u00fanica, bra\u00e7o cil\u00edndrico, p\u00e9 arrastador com motor de acionamento direto e caixa de controlo integrada. Esta m\u00e1quina econ\u00f3mica \u00e9 uma m\u00e1quina de boa qualidade utilizada para coser trabalhos regulares em todos os tipos de materiais m\u00e9dios a pesados. Comprimento dos pontos at\u00e9 6 mm. <strong>(o elevador pneum\u00e1tico do calcador \u00e9 uma op\u00e7\u00e3o)<br \/>\n<\/strong><strong>WF 1335 B-DD<\/strong><br \/>\n- Igual \u00e0 WF 1335 DD, mas equipada para trabalhos de encaderna\u00e7\u00e3o (encaderna\u00e7\u00e3o n\u00e3o inclu\u00edda).<br \/>\n<strong>WF 1335 LH-DD<\/strong><br \/>\n- Igual \u00e0 WF 1335DD, mas equipada com um gancho de grande capacidade.<br \/>\n<strong>WF 1335 B-LH-DD<br \/>\n<\/strong>- Igual ao WF 1335 B-DD, mas equipado com um gancho de grande capacidade.<br \/>\n<strong>WF 1335 LH-AUT-DD<\/strong><br \/>\n- Igual \u00e0 WF 1335 LH-DD, mas equipada com cortador de linha el\u00e9trico, levantador de calcador el\u00e9trico e remate.<br \/>\n<strong>WF 1335 B-LH-AUT-DD<\/strong><br \/>\n-Semelhante \u00e0 WF 1335 LH-AUT-DD, mas para trabalhos de encaderna\u00e7\u00e3o <strong>(pasta n\u00e3o inclu\u00edda).<\/strong><\/p>","protected":false},"excerpt":{"rendered":"<p>Para descarregar, consulte a nossa p\u00e1gina de descarregamentos para o <a class=\"download-link\" href=\"https:\/\/globalsew.com\/pt\/descarregar\/serie-wf-1335\/\">S\u00e9rie de pedais WF 1335<\/a>.<\/p>\n<div class=\"row\">\n<div class=\"col-md-4\">\n<p>As especifica\u00e7\u00f5es do produto para a s\u00e9rie 1335 DD:<\/p>\n<ul>\n<li>Velocidade da m\u00e1quina: m\u00e1x. 2400 rpm<\/li>\n<li>Sistema de lubrifica\u00e7\u00e3o: manual<\/li>\n<li>Tipo de alimenta\u00e7\u00e3o: alimenta\u00e7\u00e3o por gota, alimenta\u00e7\u00e3o por agulha, p\u00e9 de apoio<\/li>\n<li>Comprimento dos pontos: m\u00e1x. 6 mm<\/li>\n<li>Eleva\u00e7\u00e3o do calcador: \u00e0 m\u00e3o m\u00e1x. 5 mm, por pedal m\u00e1x. 14 mm<\/li>\n<li>Levantador do calcador: opcional (pneum\u00e1tico)<\/li>\n<li>Tipo de agulha: 134\u00d735<\/li>\n<\/ul>\n<\/div>\n<\/div>\n<p>&nbsp;<\/p>","protected":false},"featured_media":105357,"template":"","meta":{"_acf_changed":false},"product_brand":[],"product_cat":[21,161,71,23,7,25,63,22,129],"product_tag":[],"class_list":{"0":"post-97273","1":"product","2":"type-product","3":"status-publish","4":"has-post-thumbnail","6":"product_cat-automotive","7":"product_cat-cylinder-arm-walking-foot","8":"product_cat-cylinder-arm-walking-foot-walking-foot-heavy-duty","9":"product_cat-cylinder-arm-walking-foot-walking-foot","10":"product_cat-heavy-duty","11":"product_cat-shoes","12":"product_cat-upholstery","13":"product_cat-walking-foot","14":"product_cat-walking-foot-machines","15":"tm-has-options","17":"first","18":"instock","19":"shipping-taxable","20":"purchasable","21":"product-type-variable"},"acf":[],"gallery_images":[105352],"yoast_head":"<!-- This site is optimized with the Yoast SEO plugin v27.3 - https:\/\/yoast.com\/product\/yoast-seo-wordpress\/ -->\n<title>WF 1335 DD series - Global International B.V.<\/title>\n<meta name=\"robots\" content=\"index, follow, max-snippet:-1, max-image-preview:large, max-video-preview:-1\" \/>\n<link rel=\"canonical\" href=\"https:\/\/globalsew.com\/pt\/produto\/serie-wf-1335-dd\/\" \/>\n<meta property=\"og:locale\" content=\"pt_PT\" \/>\n<meta property=\"og:type\" content=\"article\" \/>\n<meta property=\"og:title\" content=\"WF 1335 DD series - Global International B.V.\" \/>\n<meta property=\"og:description\" content=\"For downloads see our downloads page for the WF 1335 walking foot series.    The product specifications for the 1335 DD series:   Machine speed:\u00a0max 2400 spm  Oiling system:\u00a0manual  Feed type:\u00a0drop feed, needle feed walking foot  Stitch length:\u00a0max 6 mm  Presser foot lift:\u00a0by hand max 5 mm, by pedal max 14 mm  Presser foot lifter:\u00a0optional (pneumatic)  Needle type:\u00a0134x35    &nbsp;\" \/>\n<meta property=\"og:url\" content=\"https:\/\/globalsew.com\/pt\/produto\/serie-wf-1335-dd\/\" \/>\n<meta property=\"og:site_name\" content=\"Global International B.V.\" \/>\n<meta property=\"article:modified_time\" content=\"2024-02-22T12:05:02+00:00\" \/>\n<meta property=\"og:image\" content=\"https:\/\/globalsew.com\/wp-content\/uploads\/2023\/01\/products-WF-1335-LH-DD-AUT-global-1080-website-2024.jpg\" \/>\n\t<meta property=\"og:image:width\" content=\"1819\" \/>\n\t<meta property=\"og:image:height\" content=\"1080\" \/>\n\t<meta property=\"og:image:type\" content=\"image\/jpeg\" \/>\n<meta name=\"twitter:card\" content=\"summary_large_image\" \/>\n<meta name=\"twitter:label1\" content=\"Tempo estimado de leitura\" \/>\n\t<meta name=\"twitter:data1\" content=\"1 minuto\" \/>\n<script type=\"application\/ld+json\" class=\"yoast-schema-graph\">{\"@context\":\"https:\\\/\\\/schema.org\",\"@graph\":[{\"@type\":\"WebPage\",\"@id\":\"https:\\\/\\\/globalsew.com\\\/product\\\/wf-1335-dd-series\\\/\",\"url\":\"https:\\\/\\\/globalsew.com\\\/product\\\/wf-1335-dd-series\\\/\",\"name\":\"WF 1335 DD series - Global International B.V.\",\"isPartOf\":{\"@id\":\"https:\\\/\\\/globalsew.com\\\/#website\"},\"primaryImageOfPage\":{\"@id\":\"https:\\\/\\\/globalsew.com\\\/product\\\/wf-1335-dd-series\\\/#primaryimage\"},\"image\":{\"@id\":\"https:\\\/\\\/globalsew.com\\\/product\\\/wf-1335-dd-series\\\/#primaryimage\"},\"thumbnailUrl\":\"https:\\\/\\\/globalsew.com\\\/wp-content\\\/uploads\\\/2023\\\/01\\\/products-WF-1335-LH-DD-AUT-global-1080-website-2024.jpg\",\"datePublished\":\"2023-01-23T12:02:44+00:00\",\"dateModified\":\"2024-02-22T12:05:02+00:00\",\"breadcrumb\":{\"@id\":\"https:\\\/\\\/globalsew.com\\\/product\\\/wf-1335-dd-series\\\/#breadcrumb\"},\"inLanguage\":\"pt-PT\",\"potentialAction\":[{\"@type\":\"ReadAction\",\"target\":[\"https:\\\/\\\/globalsew.com\\\/product\\\/wf-1335-dd-series\\\/\"]}]},{\"@type\":\"ImageObject\",\"inLanguage\":\"pt-PT\",\"@id\":\"https:\\\/\\\/globalsew.com\\\/product\\\/wf-1335-dd-series\\\/#primaryimage\",\"url\":\"https:\\\/\\\/globalsew.com\\\/wp-content\\\/uploads\\\/2023\\\/01\\\/products-WF-1335-LH-DD-AUT-global-1080-website-2024.jpg\",\"contentUrl\":\"https:\\\/\\\/globalsew.com\\\/wp-content\\\/uploads\\\/2023\\\/01\\\/products-WF-1335-LH-DD-AUT-global-1080-website-2024.jpg\",\"width\":1819,\"height\":1080,\"caption\":\"WF 1335 LH-AUT-DD\"},{\"@type\":\"BreadcrumbList\",\"@id\":\"https:\\\/\\\/globalsew.com\\\/product\\\/wf-1335-dd-series\\\/#breadcrumb\",\"itemListElement\":[{\"@type\":\"ListItem\",\"position\":1,\"name\":\"Home\",\"item\":\"https:\\\/\\\/globalsew.com\\\/\"},{\"@type\":\"ListItem\",\"position\":2,\"name\":\"Products\",\"item\":\"https:\\\/\\\/globalsew.com\\\/products\\\/\"},{\"@type\":\"ListItem\",\"position\":3,\"name\":\"WF 1335 DD series\"}]},{\"@type\":\"WebSite\",\"@id\":\"https:\\\/\\\/globalsew.com\\\/#website\",\"url\":\"https:\\\/\\\/globalsew.com\\\/\",\"name\":\"Global International B.V.\",\"description\":\"Industrial Sewing Machines\",\"potentialAction\":[{\"@type\":\"SearchAction\",\"target\":{\"@type\":\"EntryPoint\",\"urlTemplate\":\"https:\\\/\\\/globalsew.com\\\/?s={search_term_string}\"},\"query-input\":{\"@type\":\"PropertyValueSpecification\",\"valueRequired\":true,\"valueName\":\"search_term_string\"}}],\"inLanguage\":\"pt-PT\"}]}<\/script>\n<!-- \/ Yoast SEO plugin. -->","yoast_head_json":{"title":"S\u00e9rie WF 1335 DD - Global International B.V.","robots":{"index":"index","follow":"follow","max-snippet":"max-snippet:-1","max-image-preview":"max-image-preview:large","max-video-preview":"max-video-preview:-1"},"canonical":"https:\/\/globalsew.com\/pt\/produto\/serie-wf-1335-dd\/","og_locale":"pt_PT","og_type":"article","og_title":"WF 1335 DD series - Global International B.V.","og_description":"For downloads see our downloads page for the WF 1335 walking foot series.    The product specifications for the 1335 DD series:   Machine speed:\u00a0max 2400 spm  Oiling system:\u00a0manual  Feed type:\u00a0drop feed, needle feed walking foot  Stitch length:\u00a0max 6 mm  Presser foot lift:\u00a0by hand max 5 mm, by pedal max 14 mm  Presser foot lifter:\u00a0optional (pneumatic)  Needle type:\u00a0134x35    &nbsp;","og_url":"https:\/\/globalsew.com\/pt\/produto\/serie-wf-1335-dd\/","og_site_name":"Global International B.V.","article_modified_time":"2024-02-22T12:05:02+00:00","og_image":[{"width":1819,"height":1080,"url":"https:\/\/globalsew.com\/wp-content\/uploads\/2023\/01\/products-WF-1335-LH-DD-AUT-global-1080-website-2024.jpg","type":"image\/jpeg"}],"twitter_card":"summary_large_image","twitter_misc":{"Tempo estimado de leitura":"1 minuto"},"schema":{"@context":"https:\/\/schema.org","@graph":[{"@type":"WebPage","@id":"https:\/\/globalsew.com\/product\/wf-1335-dd-series\/","url":"https:\/\/globalsew.com\/product\/wf-1335-dd-series\/","name":"S\u00e9rie WF 1335 DD - Global International B.V.","isPartOf":{"@id":"https:\/\/globalsew.com\/#website"},"primaryImageOfPage":{"@id":"https:\/\/globalsew.com\/product\/wf-1335-dd-series\/#primaryimage"},"image":{"@id":"https:\/\/globalsew.com\/product\/wf-1335-dd-series\/#primaryimage"},"thumbnailUrl":"https:\/\/globalsew.com\/wp-content\/uploads\/2023\/01\/products-WF-1335-LH-DD-AUT-global-1080-website-2024.jpg","datePublished":"2023-01-23T12:02:44+00:00","dateModified":"2024-02-22T12:05:02+00:00","breadcrumb":{"@id":"https:\/\/globalsew.com\/product\/wf-1335-dd-series\/#breadcrumb"},"inLanguage":"pt-PT","potentialAction":[{"@type":"ReadAction","target":["https:\/\/globalsew.com\/product\/wf-1335-dd-series\/"]}]},{"@type":"ImageObject","inLanguage":"pt-PT","@id":"https:\/\/globalsew.com\/product\/wf-1335-dd-series\/#primaryimage","url":"https:\/\/globalsew.com\/wp-content\/uploads\/2023\/01\/products-WF-1335-LH-DD-AUT-global-1080-website-2024.jpg","contentUrl":"https:\/\/globalsew.com\/wp-content\/uploads\/2023\/01\/products-WF-1335-LH-DD-AUT-global-1080-website-2024.jpg","width":1819,"height":1080,"caption":"WF 1335 LH-AUT-DD"},{"@type":"BreadcrumbList","@id":"https:\/\/globalsew.com\/product\/wf-1335-dd-series\/#breadcrumb","itemListElement":[{"@type":"ListItem","position":1,"name":"Home","item":"https:\/\/globalsew.com\/"},{"@type":"ListItem","position":2,"name":"Products","item":"https:\/\/globalsew.com\/products\/"},{"@type":"ListItem","position":3,"name":"WF 1335 DD series"}]},{"@type":"WebSite","@id":"https:\/\/globalsew.com\/#website","url":"https:\/\/globalsew.com\/","name":"Global International B.V.","description":"M\u00e1quinas de costura industriais","potentialAction":[{"@type":"SearchAction","target":{"@type":"EntryPoint","urlTemplate":"https:\/\/globalsew.com\/?s={search_term_string}"},"query-input":{"@type":"PropertyValueSpecification","valueRequired":true,"valueName":"search_term_string"}}],"inLanguage":"pt-PT"}]}},"_links":{"self":[{"href":"https:\/\/globalsew.com\/pt\/wp-json\/wp\/v2\/product\/97273","targetHints":{"allow":["GET"]}}],"collection":[{"href":"https:\/\/globalsew.com\/pt\/wp-json\/wp\/v2\/product"}],"about":[{"href":"https:\/\/globalsew.com\/pt\/wp-json\/wp\/v2\/types\/product"}],"wp:featuredmedia":[{"embeddable":true,"href":"https:\/\/globalsew.com\/pt\/wp-json\/wp\/v2\/media\/105357"}],"wp:attachment":[{"href":"https:\/\/globalsew.com\/pt\/wp-json\/wp\/v2\/media?parent=97273"}],"wp:term":[{"taxonomy":"product_brand","embeddable":true,"href":"https:\/\/globalsew.com\/pt\/wp-json\/wp\/v2\/product_brand?post=97273"},{"taxonomy":"product_cat","embeddable":true,"href":"https:\/\/globalsew.com\/pt\/wp-json\/wp\/v2\/product_cat?post=97273"},{"taxonomy":"product_tag","embeddable":true,"href":"https:\/\/globalsew.com\/pt\/wp-json\/wp\/v2\/product_tag?post=97273"}],"curies":[{"name":"wp","href":"https:\/\/api.w.org\/{rel}","templated":true}]}}