{"id":97252,"date":"2022-12-21T11:43:53","date_gmt":"2022-12-21T10:43:53","guid":{"rendered":"https:\/\/globalsew.com\/?post_type=product&#038;p=97252"},"modified":"2024-05-22T10:01:24","modified_gmt":"2024-05-22T08:01:24","slug":"seiko-bgw-8blc-btfl-cd-d5","status":"publish","type":"product","link":"https:\/\/globalsew.com\/pt\/product\/seiko-bgw-8blc-btfl-cd-d5\/","title":{"rendered":"Seiko BGW-8BLC-BTFL-CD-DS"},"content":{"rendered":"","protected":false},"excerpt":{"rendered":"<p>M\u00e1quina de costura industrial de 1 agulha com alimenta\u00e7\u00e3o composta e p\u00e9 calcador. Totalmente autom\u00e1tica e com 300 mm de largura de trabalho, com comuta\u00e7\u00e3o de um toque para dois comprimentos de ponto diferentes. Completa com mini servo motor Efka DC 1550 (220 V).<\/p>","protected":false},"featured_media":97253,"template":"","meta":{"_acf_changed":false},"product_brand":[],"product_cat":[351,317,363],"product_tag":[],"class_list":{"0":"post-97252","1":"product","2":"type-product","3":"status-publish","4":"has-post-thumbnail","6":"product_cat-new-arrivals","7":"product_cat-used-products","8":"product_cat-various","9":"tm-no-options","11":"first","12":"instock","13":"shipping-taxable","14":"purchasable","15":"product-type-simple"},"acf":[],"gallery_images":[],"yoast_head":"<!-- This site is optimized with the Yoast SEO plugin v27.5 - https:\/\/yoast.com\/product\/yoast-seo-wordpress\/ -->\n<title>Seiko BGW-8BLC-BTFL-CD-DS - Global International B.V.<\/title>\n<meta name=\"robots\" content=\"index, follow, max-snippet:-1, max-image-preview:large, max-video-preview:-1\" \/>\n<link rel=\"canonical\" href=\"https:\/\/globalsew.com\/pt\/produto\/seiko-bgw-8blc-btfl-cd-d5\/\" \/>\n<meta property=\"og:locale\" content=\"pt_PT\" \/>\n<meta property=\"og:type\" content=\"article\" \/>\n<meta property=\"og:title\" content=\"Seiko BGW-8BLC-BTFL-CD-DS - Global International B.V.\" \/>\n<meta property=\"og:description\" content=\"Industrial 1 needle flatbed compound feed and walking foot lockstitch sewing machine. Fully automatic and 300 mm wide working space. with one touch switchover for two different stitch lengths. Complete with Efka DC 1550 (220 V) mini servo motor.\" \/>\n<meta property=\"og:url\" content=\"https:\/\/globalsew.com\/pt\/produto\/seiko-bgw-8blc-btfl-cd-d5\/\" \/>\n<meta property=\"og:site_name\" content=\"Global International B.V.\" \/>\n<meta property=\"article:modified_time\" content=\"2024-05-22T08:01:24+00:00\" \/>\n<meta property=\"og:image\" content=\"https:\/\/globalsew.com\/wp-content\/uploads\/2022\/12\/IMG_7907.jpg\" \/>\n\t<meta property=\"og:image:width\" content=\"640\" \/>\n\t<meta property=\"og:image:height\" content=\"480\" \/>\n\t<meta property=\"og:image:type\" content=\"image\/jpeg\" \/>\n<meta name=\"twitter:card\" content=\"summary_large_image\" \/>\n<script type=\"application\/ld+json\" class=\"yoast-schema-graph\">{\"@context\":\"https:\\\/\\\/schema.org\",\"@graph\":[{\"@type\":\"WebPage\",\"@id\":\"https:\\\/\\\/globalsew.com\\\/product\\\/seiko-bgw-8blc-btfl-cd-d5\\\/\",\"url\":\"https:\\\/\\\/globalsew.com\\\/product\\\/seiko-bgw-8blc-btfl-cd-d5\\\/\",\"name\":\"Seiko BGW-8BLC-BTFL-CD-DS - Global International B.V.\",\"isPartOf\":{\"@id\":\"https:\\\/\\\/globalsew.com\\\/#website\"},\"primaryImageOfPage\":{\"@id\":\"https:\\\/\\\/globalsew.com\\\/product\\\/seiko-bgw-8blc-btfl-cd-d5\\\/#primaryimage\"},\"image\":{\"@id\":\"https:\\\/\\\/globalsew.com\\\/product\\\/seiko-bgw-8blc-btfl-cd-d5\\\/#primaryimage\"},\"thumbnailUrl\":\"https:\\\/\\\/globalsew.com\\\/wp-content\\\/uploads\\\/2022\\\/12\\\/IMG_7907.jpg\",\"datePublished\":\"2022-12-21T10:43:53+00:00\",\"dateModified\":\"2024-05-22T08:01:24+00:00\",\"breadcrumb\":{\"@id\":\"https:\\\/\\\/globalsew.com\\\/product\\\/seiko-bgw-8blc-btfl-cd-d5\\\/#breadcrumb\"},\"inLanguage\":\"pt-PT\",\"potentialAction\":[{\"@type\":\"ReadAction\",\"target\":[\"https:\\\/\\\/globalsew.com\\\/product\\\/seiko-bgw-8blc-btfl-cd-d5\\\/\"]}]},{\"@type\":\"ImageObject\",\"inLanguage\":\"pt-PT\",\"@id\":\"https:\\\/\\\/globalsew.com\\\/product\\\/seiko-bgw-8blc-btfl-cd-d5\\\/#primaryimage\",\"url\":\"https:\\\/\\\/globalsew.com\\\/wp-content\\\/uploads\\\/2022\\\/12\\\/IMG_7907.jpg\",\"contentUrl\":\"https:\\\/\\\/globalsew.com\\\/wp-content\\\/uploads\\\/2022\\\/12\\\/IMG_7907.jpg\",\"width\":640,\"height\":480},{\"@type\":\"BreadcrumbList\",\"@id\":\"https:\\\/\\\/globalsew.com\\\/product\\\/seiko-bgw-8blc-btfl-cd-d5\\\/#breadcrumb\",\"itemListElement\":[{\"@type\":\"ListItem\",\"position\":1,\"name\":\"Home\",\"item\":\"https:\\\/\\\/globalsew.com\\\/\"},{\"@type\":\"ListItem\",\"position\":2,\"name\":\"Products\",\"item\":\"https:\\\/\\\/globalsew.com\\\/products\\\/\"},{\"@type\":\"ListItem\",\"position\":3,\"name\":\"Seiko BGW-8BLC-BTFL-CD-DS\"}]},{\"@type\":\"WebSite\",\"@id\":\"https:\\\/\\\/globalsew.com\\\/#website\",\"url\":\"https:\\\/\\\/globalsew.com\\\/\",\"name\":\"Global International B.V.\",\"description\":\"Industrial Sewing Machines\",\"potentialAction\":[{\"@type\":\"SearchAction\",\"target\":{\"@type\":\"EntryPoint\",\"urlTemplate\":\"https:\\\/\\\/globalsew.com\\\/?s={search_term_string}\"},\"query-input\":{\"@type\":\"PropertyValueSpecification\",\"valueRequired\":true,\"valueName\":\"search_term_string\"}}],\"inLanguage\":\"pt-PT\"}]}<\/script>\n<!-- \/ Yoast SEO plugin. -->","yoast_head_json":{"title":"Seiko BGW-8BLC-BTFL-CD-DS - Portugal - Brasil","robots":{"index":"index","follow":"follow","max-snippet":"max-snippet:-1","max-image-preview":"max-image-preview:large","max-video-preview":"max-video-preview:-1"},"canonical":"https:\/\/globalsew.com\/pt\/produto\/seiko-bgw-8blc-btfl-cd-d5\/","og_locale":"pt_PT","og_type":"article","og_title":"Seiko BGW-8BLC-BTFL-CD-DS - Global International B.V.","og_description":"Industrial 1 needle flatbed compound feed and walking foot lockstitch sewing machine. Fully automatic and 300 mm wide working space. with one touch switchover for two different stitch lengths. Complete with Efka DC 1550 (220 V) mini servo motor.","og_url":"https:\/\/globalsew.com\/pt\/produto\/seiko-bgw-8blc-btfl-cd-d5\/","og_site_name":"Global International B.V.","article_modified_time":"2024-05-22T08:01:24+00:00","og_image":[{"width":640,"height":480,"url":"https:\/\/globalsew.com\/wp-content\/uploads\/2022\/12\/IMG_7907.jpg","type":"image\/jpeg"}],"twitter_card":"summary_large_image","schema":{"@context":"https:\/\/schema.org","@graph":[{"@type":"WebPage","@id":"https:\/\/globalsew.com\/product\/seiko-bgw-8blc-btfl-cd-d5\/","url":"https:\/\/globalsew.com\/product\/seiko-bgw-8blc-btfl-cd-d5\/","name":"Seiko BGW-8BLC-BTFL-CD-DS - Portugal - Brasil","isPartOf":{"@id":"https:\/\/globalsew.com\/#website"},"primaryImageOfPage":{"@id":"https:\/\/globalsew.com\/product\/seiko-bgw-8blc-btfl-cd-d5\/#primaryimage"},"image":{"@id":"https:\/\/globalsew.com\/product\/seiko-bgw-8blc-btfl-cd-d5\/#primaryimage"},"thumbnailUrl":"https:\/\/globalsew.com\/wp-content\/uploads\/2022\/12\/IMG_7907.jpg","datePublished":"2022-12-21T10:43:53+00:00","dateModified":"2024-05-22T08:01:24+00:00","breadcrumb":{"@id":"https:\/\/globalsew.com\/product\/seiko-bgw-8blc-btfl-cd-d5\/#breadcrumb"},"inLanguage":"pt-PT","potentialAction":[{"@type":"ReadAction","target":["https:\/\/globalsew.com\/product\/seiko-bgw-8blc-btfl-cd-d5\/"]}]},{"@type":"ImageObject","inLanguage":"pt-PT","@id":"https:\/\/globalsew.com\/product\/seiko-bgw-8blc-btfl-cd-d5\/#primaryimage","url":"https:\/\/globalsew.com\/wp-content\/uploads\/2022\/12\/IMG_7907.jpg","contentUrl":"https:\/\/globalsew.com\/wp-content\/uploads\/2022\/12\/IMG_7907.jpg","width":640,"height":480},{"@type":"BreadcrumbList","@id":"https:\/\/globalsew.com\/product\/seiko-bgw-8blc-btfl-cd-d5\/#breadcrumb","itemListElement":[{"@type":"ListItem","position":1,"name":"Home","item":"https:\/\/globalsew.com\/"},{"@type":"ListItem","position":2,"name":"Products","item":"https:\/\/globalsew.com\/products\/"},{"@type":"ListItem","position":3,"name":"Seiko BGW-8BLC-BTFL-CD-DS"}]},{"@type":"WebSite","@id":"https:\/\/globalsew.com\/#website","url":"https:\/\/globalsew.com\/","name":"Global International B.V.","description":"M\u00e1quinas de costura industriais","potentialAction":[{"@type":"SearchAction","target":{"@type":"EntryPoint","urlTemplate":"https:\/\/globalsew.com\/?s={search_term_string}"},"query-input":{"@type":"PropertyValueSpecification","valueRequired":true,"valueName":"search_term_string"}}],"inLanguage":"pt-PT"}]}},"_links":{"self":[{"href":"https:\/\/globalsew.com\/pt\/wp-json\/wp\/v2\/product\/97252","targetHints":{"allow":["GET"]}}],"collection":[{"href":"https:\/\/globalsew.com\/pt\/wp-json\/wp\/v2\/product"}],"about":[{"href":"https:\/\/globalsew.com\/pt\/wp-json\/wp\/v2\/types\/product"}],"wp:featuredmedia":[{"embeddable":true,"href":"https:\/\/globalsew.com\/pt\/wp-json\/wp\/v2\/media\/97253"}],"wp:attachment":[{"href":"https:\/\/globalsew.com\/pt\/wp-json\/wp\/v2\/media?parent=97252"}],"wp:term":[{"taxonomy":"product_brand","embeddable":true,"href":"https:\/\/globalsew.com\/pt\/wp-json\/wp\/v2\/product_brand?post=97252"},{"taxonomy":"product_cat","embeddable":true,"href":"https:\/\/globalsew.com\/pt\/wp-json\/wp\/v2\/product_cat?post=97252"},{"taxonomy":"product_tag","embeddable":true,"href":"https:\/\/globalsew.com\/pt\/wp-json\/wp\/v2\/product_tag?post=97252"}],"curies":[{"name":"wp","href":"https:\/\/api.w.org\/{rel}","templated":true}]}}