{"id":97195,"date":"2022-11-09T10:30:41","date_gmt":"2022-11-09T09:30:41","guid":{"rendered":"https:\/\/globalsew.com\/?post_type=product&#038;p=97195"},"modified":"2025-02-07T10:22:40","modified_gmt":"2025-02-07T09:22:40","slug":"kansai-special-dfb-1412-pq","status":"publish","type":"product","link":"https:\/\/globalsew.com\/pt\/product\/kansai-special-dfb-1412-pq\/","title":{"rendered":"Kansai Special DFB-1412 PQ"},"content":{"rendered":"","protected":false},"excerpt":{"rendered":"<p>M\u00e1quina industrial de ponto cadeia duplo de 12 agulhas (4,8 mm) com puxador para opera\u00e7\u00f5es de franzido com fio el\u00e1stico (atrav\u00e9s das la\u00e7adeiras). Atualmente utilizada com 6 agulhas (a dist\u00e2ncia entre agulhas \u00e9 de 9,6 mm).<\/p>","protected":false},"featured_media":97193,"template":"","meta":{"_acf_changed":false},"product_brand":[],"product_cat":[350,351,317],"product_tag":[],"class_list":{"0":"post-97195","1":"product","2":"type-product","3":"status-publish","4":"has-post-thumbnail","6":"product_cat-kansai","7":"product_cat-new-arrivals","8":"product_cat-used-products","9":"tm-no-options","11":"first","12":"instock","13":"shipping-taxable","14":"purchasable","15":"product-type-simple"},"acf":[],"gallery_images":[97194],"yoast_head":"<!-- This site is optimized with the Yoast SEO plugin v27.3 - https:\/\/yoast.com\/product\/yoast-seo-wordpress\/ -->\n<title>Kansai Special DFB-1412 PQ - Global International B.V.<\/title>\n<meta name=\"robots\" content=\"index, follow, max-snippet:-1, max-image-preview:large, max-video-preview:-1\" \/>\n<link rel=\"canonical\" href=\"https:\/\/globalsew.com\/pt\/produto\/kansai-special-dfb-1412-pq\/\" \/>\n<meta property=\"og:locale\" content=\"pt_PT\" \/>\n<meta property=\"og:type\" content=\"article\" \/>\n<meta property=\"og:title\" content=\"Kansai Special DFB-1412 PQ - Global International B.V.\" \/>\n<meta property=\"og:description\" content=\"Industrial 12 needle (4,8 mm) double chainstitch machine with puller for shirring operations with elastic threading (through the loopers). At this moment used as 6 needle (so distance between needles is 9,6 mm).\" \/>\n<meta property=\"og:url\" content=\"https:\/\/globalsew.com\/pt\/produto\/kansai-special-dfb-1412-pq\/\" \/>\n<meta property=\"og:site_name\" content=\"Global International B.V.\" \/>\n<meta property=\"article:modified_time\" content=\"2025-02-07T09:22:40+00:00\" \/>\n<meta property=\"og:image\" content=\"https:\/\/globalsew.com\/wp-content\/uploads\/2022\/11\/IMG_7860.jpg\" \/>\n\t<meta property=\"og:image:width\" content=\"640\" \/>\n\t<meta property=\"og:image:height\" content=\"480\" \/>\n\t<meta property=\"og:image:type\" content=\"image\/jpeg\" \/>\n<meta name=\"twitter:card\" content=\"summary_large_image\" \/>\n<meta name=\"twitter:label1\" content=\"Tempo estimado de leitura\" \/>\n\t<meta name=\"twitter:data1\" content=\"1 minuto\" \/>\n<script type=\"application\/ld+json\" class=\"yoast-schema-graph\">{\"@context\":\"https:\\\/\\\/schema.org\",\"@graph\":[{\"@type\":\"WebPage\",\"@id\":\"https:\\\/\\\/globalsew.com\\\/product\\\/kansai-special-dfb-1412-pq\\\/\",\"url\":\"https:\\\/\\\/globalsew.com\\\/product\\\/kansai-special-dfb-1412-pq\\\/\",\"name\":\"Kansai Special DFB-1412 PQ - Global International B.V.\",\"isPartOf\":{\"@id\":\"https:\\\/\\\/globalsew.com\\\/#website\"},\"primaryImageOfPage\":{\"@id\":\"https:\\\/\\\/globalsew.com\\\/product\\\/kansai-special-dfb-1412-pq\\\/#primaryimage\"},\"image\":{\"@id\":\"https:\\\/\\\/globalsew.com\\\/product\\\/kansai-special-dfb-1412-pq\\\/#primaryimage\"},\"thumbnailUrl\":\"https:\\\/\\\/globalsew.com\\\/wp-content\\\/uploads\\\/2022\\\/11\\\/IMG_7860.jpg\",\"datePublished\":\"2022-11-09T09:30:41+00:00\",\"dateModified\":\"2025-02-07T09:22:40+00:00\",\"breadcrumb\":{\"@id\":\"https:\\\/\\\/globalsew.com\\\/product\\\/kansai-special-dfb-1412-pq\\\/#breadcrumb\"},\"inLanguage\":\"pt-PT\",\"potentialAction\":[{\"@type\":\"ReadAction\",\"target\":[\"https:\\\/\\\/globalsew.com\\\/product\\\/kansai-special-dfb-1412-pq\\\/\"]}]},{\"@type\":\"ImageObject\",\"inLanguage\":\"pt-PT\",\"@id\":\"https:\\\/\\\/globalsew.com\\\/product\\\/kansai-special-dfb-1412-pq\\\/#primaryimage\",\"url\":\"https:\\\/\\\/globalsew.com\\\/wp-content\\\/uploads\\\/2022\\\/11\\\/IMG_7860.jpg\",\"contentUrl\":\"https:\\\/\\\/globalsew.com\\\/wp-content\\\/uploads\\\/2022\\\/11\\\/IMG_7860.jpg\",\"width\":640,\"height\":480},{\"@type\":\"BreadcrumbList\",\"@id\":\"https:\\\/\\\/globalsew.com\\\/product\\\/kansai-special-dfb-1412-pq\\\/#breadcrumb\",\"itemListElement\":[{\"@type\":\"ListItem\",\"position\":1,\"name\":\"Home\",\"item\":\"https:\\\/\\\/globalsew.com\\\/\"},{\"@type\":\"ListItem\",\"position\":2,\"name\":\"Products\",\"item\":\"https:\\\/\\\/globalsew.com\\\/products\\\/\"},{\"@type\":\"ListItem\",\"position\":3,\"name\":\"Kansai Special DFB-1412 PQ\"}]},{\"@type\":\"WebSite\",\"@id\":\"https:\\\/\\\/globalsew.com\\\/#website\",\"url\":\"https:\\\/\\\/globalsew.com\\\/\",\"name\":\"Global International B.V.\",\"description\":\"Industrial Sewing Machines\",\"potentialAction\":[{\"@type\":\"SearchAction\",\"target\":{\"@type\":\"EntryPoint\",\"urlTemplate\":\"https:\\\/\\\/globalsew.com\\\/?s={search_term_string}\"},\"query-input\":{\"@type\":\"PropertyValueSpecification\",\"valueRequired\":true,\"valueName\":\"search_term_string\"}}],\"inLanguage\":\"pt-PT\"}]}<\/script>\n<!-- \/ Yoast SEO plugin. -->","yoast_head_json":{"title":"Kansai Special DFB-1412 PQ - Global International B.V.","robots":{"index":"index","follow":"follow","max-snippet":"max-snippet:-1","max-image-preview":"max-image-preview:large","max-video-preview":"max-video-preview:-1"},"canonical":"https:\/\/globalsew.com\/pt\/produto\/kansai-special-dfb-1412-pq\/","og_locale":"pt_PT","og_type":"article","og_title":"Kansai Special DFB-1412 PQ - Global International B.V.","og_description":"Industrial 12 needle (4,8 mm) double chainstitch machine with puller for shirring operations with elastic threading (through the loopers). At this moment used as 6 needle (so distance between needles is 9,6 mm).","og_url":"https:\/\/globalsew.com\/pt\/produto\/kansai-special-dfb-1412-pq\/","og_site_name":"Global International B.V.","article_modified_time":"2025-02-07T09:22:40+00:00","og_image":[{"width":640,"height":480,"url":"https:\/\/globalsew.com\/wp-content\/uploads\/2022\/11\/IMG_7860.jpg","type":"image\/jpeg"}],"twitter_card":"summary_large_image","twitter_misc":{"Tempo estimado de leitura":"1 minuto"},"schema":{"@context":"https:\/\/schema.org","@graph":[{"@type":"WebPage","@id":"https:\/\/globalsew.com\/product\/kansai-special-dfb-1412-pq\/","url":"https:\/\/globalsew.com\/product\/kansai-special-dfb-1412-pq\/","name":"Kansai Special DFB-1412 PQ - Global International B.V.","isPartOf":{"@id":"https:\/\/globalsew.com\/#website"},"primaryImageOfPage":{"@id":"https:\/\/globalsew.com\/product\/kansai-special-dfb-1412-pq\/#primaryimage"},"image":{"@id":"https:\/\/globalsew.com\/product\/kansai-special-dfb-1412-pq\/#primaryimage"},"thumbnailUrl":"https:\/\/globalsew.com\/wp-content\/uploads\/2022\/11\/IMG_7860.jpg","datePublished":"2022-11-09T09:30:41+00:00","dateModified":"2025-02-07T09:22:40+00:00","breadcrumb":{"@id":"https:\/\/globalsew.com\/product\/kansai-special-dfb-1412-pq\/#breadcrumb"},"inLanguage":"pt-PT","potentialAction":[{"@type":"ReadAction","target":["https:\/\/globalsew.com\/product\/kansai-special-dfb-1412-pq\/"]}]},{"@type":"ImageObject","inLanguage":"pt-PT","@id":"https:\/\/globalsew.com\/product\/kansai-special-dfb-1412-pq\/#primaryimage","url":"https:\/\/globalsew.com\/wp-content\/uploads\/2022\/11\/IMG_7860.jpg","contentUrl":"https:\/\/globalsew.com\/wp-content\/uploads\/2022\/11\/IMG_7860.jpg","width":640,"height":480},{"@type":"BreadcrumbList","@id":"https:\/\/globalsew.com\/product\/kansai-special-dfb-1412-pq\/#breadcrumb","itemListElement":[{"@type":"ListItem","position":1,"name":"Home","item":"https:\/\/globalsew.com\/"},{"@type":"ListItem","position":2,"name":"Products","item":"https:\/\/globalsew.com\/products\/"},{"@type":"ListItem","position":3,"name":"Kansai Special DFB-1412 PQ"}]},{"@type":"WebSite","@id":"https:\/\/globalsew.com\/#website","url":"https:\/\/globalsew.com\/","name":"Global International B.V.","description":"M\u00e1quinas de costura industriais","potentialAction":[{"@type":"SearchAction","target":{"@type":"EntryPoint","urlTemplate":"https:\/\/globalsew.com\/?s={search_term_string}"},"query-input":{"@type":"PropertyValueSpecification","valueRequired":true,"valueName":"search_term_string"}}],"inLanguage":"pt-PT"}]}},"_links":{"self":[{"href":"https:\/\/globalsew.com\/pt\/wp-json\/wp\/v2\/product\/97195","targetHints":{"allow":["GET"]}}],"collection":[{"href":"https:\/\/globalsew.com\/pt\/wp-json\/wp\/v2\/product"}],"about":[{"href":"https:\/\/globalsew.com\/pt\/wp-json\/wp\/v2\/types\/product"}],"wp:featuredmedia":[{"embeddable":true,"href":"https:\/\/globalsew.com\/pt\/wp-json\/wp\/v2\/media\/97193"}],"wp:attachment":[{"href":"https:\/\/globalsew.com\/pt\/wp-json\/wp\/v2\/media?parent=97195"}],"wp:term":[{"taxonomy":"product_brand","embeddable":true,"href":"https:\/\/globalsew.com\/pt\/wp-json\/wp\/v2\/product_brand?post=97195"},{"taxonomy":"product_cat","embeddable":true,"href":"https:\/\/globalsew.com\/pt\/wp-json\/wp\/v2\/product_cat?post=97195"},{"taxonomy":"product_tag","embeddable":true,"href":"https:\/\/globalsew.com\/pt\/wp-json\/wp\/v2\/product_tag?post=97195"}],"curies":[{"name":"wp","href":"https:\/\/api.w.org\/{rel}","templated":true}]}}