{"id":97084,"date":"2022-07-26T13:55:37","date_gmt":"2022-07-26T11:55:37","guid":{"rendered":"https:\/\/globalsew.com\/?post_type=product&#038;p=97084"},"modified":"2024-05-22T10:01:26","modified_gmt":"2024-05-22T08:01:26","slug":"sm-7555-360","status":"publish","type":"product","link":"https:\/\/globalsew.com\/pt\/product\/sm-7555-360\/","title":{"rendered":"SM 7555-360"},"content":{"rendered":"<p><strong>SM 7555-360<\/strong><br \/>\nM\u00e1quina de ponto fixo de agulha \u00fanica e duas linhas, com avan\u00e7o de agulha e calcador alternado. Esta m\u00e1quina est\u00e1 equipada com um bra\u00e7o rotativo de 360\u00b0, o que a torna adequada para malas de viagem, malas de m\u00e3o, botas e cal\u00e7ado em geral. Permite a execu\u00e7\u00e3o de dobras e acabamentos laterais muito pr\u00f3ximos dos bordos. Fornecida completa com tampo de mesa, suporte especial e servo motor.<\/p>\n<p>&nbsp;<\/p>\n<p>&nbsp;<\/p>\n<p><img decoding=\"async\" class=\"alignnone size-full wp-image-94791\" src=\"https:\/\/globalsew.com\/wp-content\/uploads\/2017\/04\/hohsing-xs-global.jpg\" alt=\"\" width=\"73\" height=\"68\" \/>\u00a0 \u00a0 \u00a0 \u00a0 \u00a0 \u00a0 \u00a0 \u00a0 \u00a0 \u00a0 \u00a0 \u00a0 \u00a0 \u00a0 \u00a0 \u00a0 \u00a0 \u00a0 \u00a0 \u00a0 \u00a0 \u00a0 \u00a0 \u00a0 \u00a0 \u00a0 \u00a0 \u00a0 \u00a0 \u00a0 \u00a0 \u00a0 \u00a0 \u00a0 \u00a0 \u00a0 \u00a0 \u00a0 \u00a0 \u00a0 \u00a0\u00a0<img decoding=\"async\" class=\"alignnone size-full wp-image-94794\" src=\"https:\/\/globalsew.com\/wp-content\/uploads\/2017\/04\/eac-xs-global.jpg\" alt=\"\" width=\"73\" height=\"68\" \/>\u00a0\u00a0<img decoding=\"async\" class=\"alignnone size-full wp-image-94793\" src=\"https:\/\/globalsew.com\/wp-content\/uploads\/2017\/04\/ce-xs-global.jpg\" alt=\"\" width=\"73\" height=\"68\" \/><\/p>","protected":false},"excerpt":{"rendered":"<p>Para descarregar, consulte a nossa p\u00e1gina de descarregamentos para o <a class=\"download-link\" href=\"https:\/\/globalsew.com\/pt\/descarregar\/serie-sm-7500\/\">S\u00e9rie SM 7500<\/a>.<\/p>\n<p>As especifica\u00e7\u00f5es do produto para o SM 7555-360:<\/p>\n<ul>\n<li>Mesa completa, motor de suporte<\/li>\n<li>Velocidade m\u00e1xima da m\u00e1quina 600 SPM<\/li>\n<li>Comprimento do ponto: 2 - 9 mm<\/li>\n<li>Eleva\u00e7\u00e3o do calcador: el\u00e9ctrica 13 mm, manual, 8 mm<\/li>\n<li>Espessura de costura: 1,5 - 6 mm<\/li>\n<li>Comprimento do bra\u00e7o: 270 mm<\/li>\n<li>Tipo de agulha: 135\u00d717<\/li>\n<\/ul>","protected":false},"featured_media":96980,"template":"","meta":{"_acf_changed":false},"product_brand":[],"product_cat":[25,83],"product_tag":[],"class_list":{"0":"post-97084","1":"product","2":"type-product","3":"status-publish","4":"has-post-thumbnail","6":"product_cat-shoes","7":"product_cat-special-shoe-machines","8":"tm-no-options","10":"first","11":"instock","12":"shipping-taxable","13":"purchasable","14":"product-type-simple"},"acf":[],"gallery_images":[96981,96979],"yoast_head":"<!-- This site is optimized with the Yoast SEO plugin v27.3 - https:\/\/yoast.com\/product\/yoast-seo-wordpress\/ -->\n<title>SM 7555-360 - Global International B.V.<\/title>\n<meta name=\"robots\" content=\"index, follow, max-snippet:-1, max-image-preview:large, max-video-preview:-1\" \/>\n<link rel=\"canonical\" href=\"https:\/\/globalsew.com\/pt\/produto\/sm-7555-360\/\" \/>\n<meta property=\"og:locale\" content=\"pt_PT\" \/>\n<meta property=\"og:type\" content=\"article\" \/>\n<meta property=\"og:title\" content=\"SM 7555-360 - Global International B.V.\" \/>\n<meta property=\"og:description\" content=\"For downloads see our downloads page for the SM 7500 Series.  The product specifications for the SM 7555-360:   Complete table, stand motor  Max. machine speed 600 SPM  Stitch length: 2 - 9 mm  Presser foot lift: electric 13 mm, manual, 8 mm  Sewing thickness: 1,5 - 6 mm  Arm length: 270 mm  Needle type: 135x17\" \/>\n<meta property=\"og:url\" content=\"https:\/\/globalsew.com\/pt\/produto\/sm-7555-360\/\" \/>\n<meta property=\"og:site_name\" content=\"Global International B.V.\" \/>\n<meta property=\"article:modified_time\" content=\"2024-05-22T08:01:26+00:00\" \/>\n<meta property=\"og:image\" content=\"https:\/\/globalsew.com\/wp-content\/uploads\/2017\/11\/sm7555360a.jpg\" \/>\n\t<meta property=\"og:image:width\" content=\"940\" \/>\n\t<meta property=\"og:image:height\" content=\"587\" \/>\n\t<meta property=\"og:image:type\" content=\"image\/jpeg\" \/>\n<meta name=\"twitter:card\" content=\"summary_large_image\" \/>\n<meta name=\"twitter:label1\" content=\"Tempo estimado de leitura\" \/>\n\t<meta name=\"twitter:data1\" content=\"1 minuto\" \/>\n<script type=\"application\/ld+json\" class=\"yoast-schema-graph\">{\"@context\":\"https:\\\/\\\/schema.org\",\"@graph\":[{\"@type\":\"WebPage\",\"@id\":\"https:\\\/\\\/globalsew.com\\\/product\\\/sm-7555-360\\\/\",\"url\":\"https:\\\/\\\/globalsew.com\\\/product\\\/sm-7555-360\\\/\",\"name\":\"SM 7555-360 - Global International B.V.\",\"isPartOf\":{\"@id\":\"https:\\\/\\\/globalsew.com\\\/#website\"},\"primaryImageOfPage\":{\"@id\":\"https:\\\/\\\/globalsew.com\\\/product\\\/sm-7555-360\\\/#primaryimage\"},\"image\":{\"@id\":\"https:\\\/\\\/globalsew.com\\\/product\\\/sm-7555-360\\\/#primaryimage\"},\"thumbnailUrl\":\"https:\\\/\\\/globalsew.com\\\/wp-content\\\/uploads\\\/2017\\\/11\\\/sm7555360a.jpg\",\"datePublished\":\"2022-07-26T11:55:37+00:00\",\"dateModified\":\"2024-05-22T08:01:26+00:00\",\"breadcrumb\":{\"@id\":\"https:\\\/\\\/globalsew.com\\\/product\\\/sm-7555-360\\\/#breadcrumb\"},\"inLanguage\":\"pt-PT\",\"potentialAction\":[{\"@type\":\"ReadAction\",\"target\":[\"https:\\\/\\\/globalsew.com\\\/product\\\/sm-7555-360\\\/\"]}]},{\"@type\":\"ImageObject\",\"inLanguage\":\"pt-PT\",\"@id\":\"https:\\\/\\\/globalsew.com\\\/product\\\/sm-7555-360\\\/#primaryimage\",\"url\":\"https:\\\/\\\/globalsew.com\\\/wp-content\\\/uploads\\\/2017\\\/11\\\/sm7555360a.jpg\",\"contentUrl\":\"https:\\\/\\\/globalsew.com\\\/wp-content\\\/uploads\\\/2017\\\/11\\\/sm7555360a.jpg\",\"width\":940,\"height\":587},{\"@type\":\"BreadcrumbList\",\"@id\":\"https:\\\/\\\/globalsew.com\\\/product\\\/sm-7555-360\\\/#breadcrumb\",\"itemListElement\":[{\"@type\":\"ListItem\",\"position\":1,\"name\":\"Home\",\"item\":\"https:\\\/\\\/globalsew.com\\\/\"},{\"@type\":\"ListItem\",\"position\":2,\"name\":\"Products\",\"item\":\"https:\\\/\\\/globalsew.com\\\/products\\\/\"},{\"@type\":\"ListItem\",\"position\":3,\"name\":\"SM 7555-360\"}]},{\"@type\":\"WebSite\",\"@id\":\"https:\\\/\\\/globalsew.com\\\/#website\",\"url\":\"https:\\\/\\\/globalsew.com\\\/\",\"name\":\"Global International B.V.\",\"description\":\"Industrial Sewing Machines\",\"potentialAction\":[{\"@type\":\"SearchAction\",\"target\":{\"@type\":\"EntryPoint\",\"urlTemplate\":\"https:\\\/\\\/globalsew.com\\\/?s={search_term_string}\"},\"query-input\":{\"@type\":\"PropertyValueSpecification\",\"valueRequired\":true,\"valueName\":\"search_term_string\"}}],\"inLanguage\":\"pt-PT\"}]}<\/script>\n<!-- \/ Yoast SEO plugin. -->","yoast_head_json":{"title":"SM 7555-360 - Global International B.V.","robots":{"index":"index","follow":"follow","max-snippet":"max-snippet:-1","max-image-preview":"max-image-preview:large","max-video-preview":"max-video-preview:-1"},"canonical":"https:\/\/globalsew.com\/pt\/produto\/sm-7555-360\/","og_locale":"pt_PT","og_type":"article","og_title":"SM 7555-360 - Global International B.V.","og_description":"For downloads see our downloads page for the SM 7500 Series.  The product specifications for the SM 7555-360:   Complete table, stand motor  Max. machine speed 600 SPM  Stitch length: 2 - 9 mm  Presser foot lift: electric 13 mm, manual, 8 mm  Sewing thickness: 1,5 - 6 mm  Arm length: 270 mm  Needle type: 135x17","og_url":"https:\/\/globalsew.com\/pt\/produto\/sm-7555-360\/","og_site_name":"Global International B.V.","article_modified_time":"2024-05-22T08:01:26+00:00","og_image":[{"width":940,"height":587,"url":"https:\/\/globalsew.com\/wp-content\/uploads\/2017\/11\/sm7555360a.jpg","type":"image\/jpeg"}],"twitter_card":"summary_large_image","twitter_misc":{"Tempo estimado de leitura":"1 minuto"},"schema":{"@context":"https:\/\/schema.org","@graph":[{"@type":"WebPage","@id":"https:\/\/globalsew.com\/product\/sm-7555-360\/","url":"https:\/\/globalsew.com\/product\/sm-7555-360\/","name":"SM 7555-360 - Global International B.V.","isPartOf":{"@id":"https:\/\/globalsew.com\/#website"},"primaryImageOfPage":{"@id":"https:\/\/globalsew.com\/product\/sm-7555-360\/#primaryimage"},"image":{"@id":"https:\/\/globalsew.com\/product\/sm-7555-360\/#primaryimage"},"thumbnailUrl":"https:\/\/globalsew.com\/wp-content\/uploads\/2017\/11\/sm7555360a.jpg","datePublished":"2022-07-26T11:55:37+00:00","dateModified":"2024-05-22T08:01:26+00:00","breadcrumb":{"@id":"https:\/\/globalsew.com\/product\/sm-7555-360\/#breadcrumb"},"inLanguage":"pt-PT","potentialAction":[{"@type":"ReadAction","target":["https:\/\/globalsew.com\/product\/sm-7555-360\/"]}]},{"@type":"ImageObject","inLanguage":"pt-PT","@id":"https:\/\/globalsew.com\/product\/sm-7555-360\/#primaryimage","url":"https:\/\/globalsew.com\/wp-content\/uploads\/2017\/11\/sm7555360a.jpg","contentUrl":"https:\/\/globalsew.com\/wp-content\/uploads\/2017\/11\/sm7555360a.jpg","width":940,"height":587},{"@type":"BreadcrumbList","@id":"https:\/\/globalsew.com\/product\/sm-7555-360\/#breadcrumb","itemListElement":[{"@type":"ListItem","position":1,"name":"Home","item":"https:\/\/globalsew.com\/"},{"@type":"ListItem","position":2,"name":"Products","item":"https:\/\/globalsew.com\/products\/"},{"@type":"ListItem","position":3,"name":"SM 7555-360"}]},{"@type":"WebSite","@id":"https:\/\/globalsew.com\/#website","url":"https:\/\/globalsew.com\/","name":"Global International B.V.","description":"M\u00e1quinas de costura industriais","potentialAction":[{"@type":"SearchAction","target":{"@type":"EntryPoint","urlTemplate":"https:\/\/globalsew.com\/?s={search_term_string}"},"query-input":{"@type":"PropertyValueSpecification","valueRequired":true,"valueName":"search_term_string"}}],"inLanguage":"pt-PT"}]}},"_links":{"self":[{"href":"https:\/\/globalsew.com\/pt\/wp-json\/wp\/v2\/product\/97084","targetHints":{"allow":["GET"]}}],"collection":[{"href":"https:\/\/globalsew.com\/pt\/wp-json\/wp\/v2\/product"}],"about":[{"href":"https:\/\/globalsew.com\/pt\/wp-json\/wp\/v2\/types\/product"}],"wp:featuredmedia":[{"embeddable":true,"href":"https:\/\/globalsew.com\/pt\/wp-json\/wp\/v2\/media\/96980"}],"wp:attachment":[{"href":"https:\/\/globalsew.com\/pt\/wp-json\/wp\/v2\/media?parent=97084"}],"wp:term":[{"taxonomy":"product_brand","embeddable":true,"href":"https:\/\/globalsew.com\/pt\/wp-json\/wp\/v2\/product_brand?post=97084"},{"taxonomy":"product_cat","embeddable":true,"href":"https:\/\/globalsew.com\/pt\/wp-json\/wp\/v2\/product_cat?post=97084"},{"taxonomy":"product_tag","embeddable":true,"href":"https:\/\/globalsew.com\/pt\/wp-json\/wp\/v2\/product_tag?post=97084"}],"curies":[{"name":"wp","href":"https:\/\/api.w.org\/{rel}","templated":true}]}}