{"id":96263,"date":"2021-08-27T10:35:09","date_gmt":"2021-08-27T08:35:09","guid":{"rendered":"https:\/\/globalsew.com\/?post_type=product&#038;p=96263"},"modified":"2026-02-05T15:26:28","modified_gmt":"2026-02-05T14:26:28","slug":"bt-600-x-400-n","status":"publish","type":"product","link":"https:\/\/globalsew.com\/pt\/product\/bt-600-x-400-n\/","title":{"rendered":"BT 600 X 400 N"},"content":{"rendered":"<p><strong>BT 600\u00d7400 N<\/strong><br \/>\nEsta m\u00e1quina de costura de moldes program\u00e1vel \u00e9 adequada para coser materiais m\u00e9dios\/pesados com uma \u00e1rea de costura de 600 x 400 mm. A altura do elevador do calcador pode ser ajustada por um motor de passo.<br \/>\nOs padr\u00f5es s\u00e3o program\u00e1veis no painel t\u00e1til de f\u00e1cil utiliza\u00e7\u00e3o. As pin\u00e7as esquerda e direita podem ser programadas para se moverem para baixo de forma independente. A m\u00e1quina \u00e9 fornecida completa com tampo de mesa, suporte e um mini servo motor de acionamento direto. A velocidade m\u00e1xima da m\u00e1quina \u00e9 de 2000 rpm. A m\u00e1quina est\u00e1 equipada com leitor de c\u00f3digo de barras, desengate r\u00e1pido, sensores de quebra de fio, segunda tens\u00e3o e arrefecimento da agulha (com calcador de bra\u00e7o).<\/p>\n<p>&nbsp;<\/p>\n<p style=\"padding-left: 40px;\"><img fetchpriority=\"high\" decoding=\"async\" class=\"alignleft wp-image-95401\" src=\"https:\/\/globalsew.com\/wp-content\/uploads\/2020\/03\/BT-SOFTWARE-DAHAO-GLOBAL-1-1024x603.jpg\" alt=\"\" width=\"355\" height=\"209\" srcset=\"https:\/\/globalsew.com\/wp-content\/uploads\/2020\/03\/BT-SOFTWARE-DAHAO-GLOBAL-1-1024x603.jpg 1024w, https:\/\/globalsew.com\/wp-content\/uploads\/2020\/03\/BT-SOFTWARE-DAHAO-GLOBAL-1-1080x636.jpg 1080w, https:\/\/globalsew.com\/wp-content\/uploads\/2020\/03\/BT-SOFTWARE-DAHAO-GLOBAL-1-555x327.jpg 555w, https:\/\/globalsew.com\/wp-content\/uploads\/2020\/03\/BT-SOFTWARE-DAHAO-GLOBAL-1-300x177.jpg 300w, https:\/\/globalsew.com\/wp-content\/uploads\/2020\/03\/BT-SOFTWARE-DAHAO-GLOBAL-1-768x452.jpg 768w, https:\/\/globalsew.com\/wp-content\/uploads\/2020\/03\/BT-SOFTWARE-DAHAO-GLOBAL-1-205x121.jpg 205w, https:\/\/globalsew.com\/wp-content\/uploads\/2020\/03\/BT-SOFTWARE-DAHAO-GLOBAL-1.jpg 1417w\" sizes=\"(max-width: 355px) 100vw, 355px\" \/><img decoding=\"async\" class=\"wp-image-95338 alignright\" src=\"https:\/\/globalsew.com\/wp-content\/uploads\/2020\/03\/bt-panel-pc-global-m-300x180.jpg\" alt=\"\" width=\"299\" height=\"180\" srcset=\"https:\/\/globalsew.com\/wp-content\/uploads\/2020\/03\/bt-panel-pc-global-m-300x180.jpg 300w, https:\/\/globalsew.com\/wp-content\/uploads\/2020\/03\/bt-panel-pc-global-m-205x123.jpg 205w, https:\/\/globalsew.com\/wp-content\/uploads\/2020\/03\/bt-panel-pc-global-m.jpg 369w\" sizes=\"(max-width: 299px) 100vw, 299px\" \/><\/p>\n<p style=\"text-align: left;\">A Dahao Technologies permite-lhe desenhar e modificar padr\u00f5es tanto no painel t\u00e1til de f\u00e1cil utiliza\u00e7\u00e3o como atrav\u00e9s de software, que pode ser descarregado diretamente por USB. A m\u00e1quina pode ler : <span style=\"font-size: 10pt;\"><strong>Ficheiros .DXF .NSP .DST .SEW .EMB<\/strong><\/span><\/p>\n<p><a href=\"https:\/\/globalsew.com\/pt\/dahao\/\"><img decoding=\"async\" class=\"alignnone wp-image-95625\" src=\"https:\/\/globalsew.com\/wp-content\/uploads\/2020\/03\/BANNER-TEST2-GLOBAL-DAHOA.jpg\" alt=\"\" width=\"176\" height=\"51\" srcset=\"https:\/\/globalsew.com\/wp-content\/uploads\/2020\/03\/BANNER-TEST2-GLOBAL-DAHOA.jpg 789w, https:\/\/globalsew.com\/wp-content\/uploads\/2020\/03\/BANNER-TEST2-GLOBAL-DAHOA-555x160.jpg 555w, https:\/\/globalsew.com\/wp-content\/uploads\/2020\/03\/BANNER-TEST2-GLOBAL-DAHOA-300x87.jpg 300w, https:\/\/globalsew.com\/wp-content\/uploads\/2020\/03\/BANNER-TEST2-GLOBAL-DAHOA-768x222.jpg 768w, https:\/\/globalsew.com\/wp-content\/uploads\/2020\/03\/BANNER-TEST2-GLOBAL-DAHOA-205x59.jpg 205w\" sizes=\"(max-width: 176px) 100vw, 176px\" \/><\/a><\/p>","protected":false},"excerpt":{"rendered":"<p>Para descarregar, consulte a nossa p\u00e1gina de descarregamentos para o <a href=\"https:\/\/globalsew.com\/pt\/descarregar\/maquinas-de-rematar-electronicas-da-serie-bt-costureiras-de-moldes-programaveis-apenas-folhetos\/\">S\u00e9rie BT<\/a>.<\/p>\n<p>&nbsp;<\/p>\n<p>As especifica\u00e7\u00f5es do produto para o BT 600x400N s\u00e3o:<\/p>\n<ul>\n<li>Mesa completa, suporte e motor<\/li>\n<li>Velocidade da m\u00e1quina: Max. 2000 SPM<\/li>\n<li>Sistema de alimenta\u00e7\u00e3o: por motor de impulsos (X-Y)<\/li>\n<li>Tipo de gancho: gancho de grande capacidade<\/li>\n<li>Comprimento dos pontos: m\u00e1x. 10 mm<\/li>\n<li>Eleva\u00e7\u00e3o do calcador: m\u00e1x. 16 mm<\/li>\n<li>Eleva\u00e7\u00e3o da pin\u00e7a: at\u00e9 22 mm (pneum\u00e1tica)<\/li>\n<li>Tipo de agulha: DPx17<\/li>\n<li>Gama de costura: 600 x 400 mm<\/li>\n<li>Fonte de alimenta\u00e7\u00e3o: 240 V, 1 fase, 50 - 60 Hz, servomotor AC de acionamento direto<\/li>\n<\/ul>","protected":false},"featured_media":105435,"template":"","meta":{"_acf_changed":false},"product_brand":[],"product_cat":[157,97,122,25,63],"product_tag":[],"class_list":{"0":"post-96263","1":"product","2":"type-product","3":"status-publish","4":"has-post-thumbnail","6":"product_cat-pattern-sewing-machines-upholstery","7":"product_cat-pattern-sewing-machines","8":"product_cat-shoe-machines","9":"product_cat-shoes","10":"product_cat-upholstery","11":"tm-has-options","13":"first","14":"instock","15":"shipping-taxable","16":"purchasable","17":"product-type-simple"},"acf":[],"gallery_images":[105435,105718,105436,105433,105432,105431,105430],"yoast_head":"<!-- This site is optimized with the Yoast SEO plugin v27.3 - https:\/\/yoast.com\/product\/yoast-seo-wordpress\/ -->\n<title>BT 600 X 400 N - Global International B.V.<\/title>\n<meta name=\"robots\" content=\"index, follow, max-snippet:-1, max-image-preview:large, max-video-preview:-1\" \/>\n<link rel=\"canonical\" href=\"https:\/\/globalsew.com\/pt\/produto\/bt-600-x-400-n\/\" \/>\n<meta property=\"og:locale\" content=\"pt_PT\" \/>\n<meta property=\"og:type\" content=\"article\" \/>\n<meta property=\"og:title\" content=\"BT 600 X 400 N - Global International B.V.\" \/>\n<meta property=\"og:description\" content=\"For downloads see our downloads page for the BT Series.  &nbsp;  The product specifications for the BT 600x400N are:   Complete table, stand and motor  Machine speed: Max. 2000 SPM  Feeding system: by pulse motor (X-Y)  Hook type: large capacity hook  Stitch length: max 10 mm  Presser foot lift: max 16 mm  Clamp lift: up to 22 mm (pneumatic)  Needle type: DPx17  Sewing range: 600 x 400 mm  Power source: 240 V,\u00a0 1 phase, 50 - 60 Hz, direct drive AC servomotor\" \/>\n<meta property=\"og:url\" content=\"https:\/\/globalsew.com\/pt\/produto\/bt-600-x-400-n\/\" \/>\n<meta property=\"og:site_name\" content=\"Global International B.V.\" \/>\n<meta property=\"article:modified_time\" content=\"2026-02-05T14:26:28+00:00\" \/>\n<meta property=\"og:image\" content=\"https:\/\/globalsew.com\/wp-content\/uploads\/2021\/08\/products-BT-600X400-421-global-1080-website-2024.jpg\" \/>\n\t<meta property=\"og:image:width\" content=\"1819\" \/>\n\t<meta property=\"og:image:height\" content=\"1080\" \/>\n\t<meta property=\"og:image:type\" content=\"image\/jpeg\" \/>\n<meta name=\"twitter:card\" content=\"summary_large_image\" \/>\n<meta name=\"twitter:label1\" content=\"Tempo estimado de leitura\" \/>\n\t<meta name=\"twitter:data1\" content=\"2 minutos\" \/>\n<script type=\"application\/ld+json\" class=\"yoast-schema-graph\">{\"@context\":\"https:\\\/\\\/schema.org\",\"@graph\":[{\"@type\":\"WebPage\",\"@id\":\"https:\\\/\\\/globalsew.com\\\/product\\\/bt-600-x-400-n\\\/\",\"url\":\"https:\\\/\\\/globalsew.com\\\/product\\\/bt-600-x-400-n\\\/\",\"name\":\"BT 600 X 400 N - Global International B.V.\",\"isPartOf\":{\"@id\":\"https:\\\/\\\/globalsew.com\\\/#website\"},\"primaryImageOfPage\":{\"@id\":\"https:\\\/\\\/globalsew.com\\\/product\\\/bt-600-x-400-n\\\/#primaryimage\"},\"image\":{\"@id\":\"https:\\\/\\\/globalsew.com\\\/product\\\/bt-600-x-400-n\\\/#primaryimage\"},\"thumbnailUrl\":\"https:\\\/\\\/globalsew.com\\\/wp-content\\\/uploads\\\/2021\\\/08\\\/products-BT-600X400-421-global-1080-website-2024.jpg\",\"datePublished\":\"2021-08-27T08:35:09+00:00\",\"dateModified\":\"2026-02-05T14:26:28+00:00\",\"breadcrumb\":{\"@id\":\"https:\\\/\\\/globalsew.com\\\/product\\\/bt-600-x-400-n\\\/#breadcrumb\"},\"inLanguage\":\"pt-PT\",\"potentialAction\":[{\"@type\":\"ReadAction\",\"target\":[\"https:\\\/\\\/globalsew.com\\\/product\\\/bt-600-x-400-n\\\/\"]}]},{\"@type\":\"ImageObject\",\"inLanguage\":\"pt-PT\",\"@id\":\"https:\\\/\\\/globalsew.com\\\/product\\\/bt-600-x-400-n\\\/#primaryimage\",\"url\":\"https:\\\/\\\/globalsew.com\\\/wp-content\\\/uploads\\\/2021\\\/08\\\/products-BT-600X400-421-global-1080-website-2024.jpg\",\"contentUrl\":\"https:\\\/\\\/globalsew.com\\\/wp-content\\\/uploads\\\/2021\\\/08\\\/products-BT-600X400-421-global-1080-website-2024.jpg\",\"width\":1819,\"height\":1080,\"caption\":\"BT 600x400N\"},{\"@type\":\"BreadcrumbList\",\"@id\":\"https:\\\/\\\/globalsew.com\\\/product\\\/bt-600-x-400-n\\\/#breadcrumb\",\"itemListElement\":[{\"@type\":\"ListItem\",\"position\":1,\"name\":\"Home\",\"item\":\"https:\\\/\\\/globalsew.com\\\/\"},{\"@type\":\"ListItem\",\"position\":2,\"name\":\"Products\",\"item\":\"https:\\\/\\\/globalsew.com\\\/products\\\/\"},{\"@type\":\"ListItem\",\"position\":3,\"name\":\"BT 600 X 400 N\"}]},{\"@type\":\"WebSite\",\"@id\":\"https:\\\/\\\/globalsew.com\\\/#website\",\"url\":\"https:\\\/\\\/globalsew.com\\\/\",\"name\":\"Global International B.V.\",\"description\":\"Industrial Sewing Machines\",\"potentialAction\":[{\"@type\":\"SearchAction\",\"target\":{\"@type\":\"EntryPoint\",\"urlTemplate\":\"https:\\\/\\\/globalsew.com\\\/?s={search_term_string}\"},\"query-input\":{\"@type\":\"PropertyValueSpecification\",\"valueRequired\":true,\"valueName\":\"search_term_string\"}}],\"inLanguage\":\"pt-PT\"}]}<\/script>\n<!-- \/ Yoast SEO plugin. -->","yoast_head_json":{"title":"BT 600 X 400 N - Global International B.V.","robots":{"index":"index","follow":"follow","max-snippet":"max-snippet:-1","max-image-preview":"max-image-preview:large","max-video-preview":"max-video-preview:-1"},"canonical":"https:\/\/globalsew.com\/pt\/produto\/bt-600-x-400-n\/","og_locale":"pt_PT","og_type":"article","og_title":"BT 600 X 400 N - Global International B.V.","og_description":"For downloads see our downloads page for the BT Series.  &nbsp;  The product specifications for the BT 600x400N are:   Complete table, stand and motor  Machine speed: Max. 2000 SPM  Feeding system: by pulse motor (X-Y)  Hook type: large capacity hook  Stitch length: max 10 mm  Presser foot lift: max 16 mm  Clamp lift: up to 22 mm (pneumatic)  Needle type: DPx17  Sewing range: 600 x 400 mm  Power source: 240 V,\u00a0 1 phase, 50 - 60 Hz, direct drive AC servomotor","og_url":"https:\/\/globalsew.com\/pt\/produto\/bt-600-x-400-n\/","og_site_name":"Global International B.V.","article_modified_time":"2026-02-05T14:26:28+00:00","og_image":[{"width":1819,"height":1080,"url":"https:\/\/globalsew.com\/wp-content\/uploads\/2021\/08\/products-BT-600X400-421-global-1080-website-2024.jpg","type":"image\/jpeg"}],"twitter_card":"summary_large_image","twitter_misc":{"Tempo estimado de leitura":"2 minutos"},"schema":{"@context":"https:\/\/schema.org","@graph":[{"@type":"WebPage","@id":"https:\/\/globalsew.com\/product\/bt-600-x-400-n\/","url":"https:\/\/globalsew.com\/product\/bt-600-x-400-n\/","name":"BT 600 X 400 N - Global International B.V.","isPartOf":{"@id":"https:\/\/globalsew.com\/#website"},"primaryImageOfPage":{"@id":"https:\/\/globalsew.com\/product\/bt-600-x-400-n\/#primaryimage"},"image":{"@id":"https:\/\/globalsew.com\/product\/bt-600-x-400-n\/#primaryimage"},"thumbnailUrl":"https:\/\/globalsew.com\/wp-content\/uploads\/2021\/08\/products-BT-600X400-421-global-1080-website-2024.jpg","datePublished":"2021-08-27T08:35:09+00:00","dateModified":"2026-02-05T14:26:28+00:00","breadcrumb":{"@id":"https:\/\/globalsew.com\/product\/bt-600-x-400-n\/#breadcrumb"},"inLanguage":"pt-PT","potentialAction":[{"@type":"ReadAction","target":["https:\/\/globalsew.com\/product\/bt-600-x-400-n\/"]}]},{"@type":"ImageObject","inLanguage":"pt-PT","@id":"https:\/\/globalsew.com\/product\/bt-600-x-400-n\/#primaryimage","url":"https:\/\/globalsew.com\/wp-content\/uploads\/2021\/08\/products-BT-600X400-421-global-1080-website-2024.jpg","contentUrl":"https:\/\/globalsew.com\/wp-content\/uploads\/2021\/08\/products-BT-600X400-421-global-1080-website-2024.jpg","width":1819,"height":1080,"caption":"BT 600x400N"},{"@type":"BreadcrumbList","@id":"https:\/\/globalsew.com\/product\/bt-600-x-400-n\/#breadcrumb","itemListElement":[{"@type":"ListItem","position":1,"name":"Home","item":"https:\/\/globalsew.com\/"},{"@type":"ListItem","position":2,"name":"Products","item":"https:\/\/globalsew.com\/products\/"},{"@type":"ListItem","position":3,"name":"BT 600 X 400 N"}]},{"@type":"WebSite","@id":"https:\/\/globalsew.com\/#website","url":"https:\/\/globalsew.com\/","name":"Global International B.V.","description":"M\u00e1quinas de costura industriais","potentialAction":[{"@type":"SearchAction","target":{"@type":"EntryPoint","urlTemplate":"https:\/\/globalsew.com\/?s={search_term_string}"},"query-input":{"@type":"PropertyValueSpecification","valueRequired":true,"valueName":"search_term_string"}}],"inLanguage":"pt-PT"}]}},"_links":{"self":[{"href":"https:\/\/globalsew.com\/pt\/wp-json\/wp\/v2\/product\/96263","targetHints":{"allow":["GET"]}}],"collection":[{"href":"https:\/\/globalsew.com\/pt\/wp-json\/wp\/v2\/product"}],"about":[{"href":"https:\/\/globalsew.com\/pt\/wp-json\/wp\/v2\/types\/product"}],"wp:featuredmedia":[{"embeddable":true,"href":"https:\/\/globalsew.com\/pt\/wp-json\/wp\/v2\/media\/105435"}],"wp:attachment":[{"href":"https:\/\/globalsew.com\/pt\/wp-json\/wp\/v2\/media?parent=96263"}],"wp:term":[{"taxonomy":"product_brand","embeddable":true,"href":"https:\/\/globalsew.com\/pt\/wp-json\/wp\/v2\/product_brand?post=96263"},{"taxonomy":"product_cat","embeddable":true,"href":"https:\/\/globalsew.com\/pt\/wp-json\/wp\/v2\/product_cat?post=96263"},{"taxonomy":"product_tag","embeddable":true,"href":"https:\/\/globalsew.com\/pt\/wp-json\/wp\/v2\/product_tag?post=96263"}],"curies":[{"name":"wp","href":"https:\/\/api.w.org\/{rel}","templated":true}]}}