{"id":96076,"date":"2021-03-19T11:37:51","date_gmt":"2021-03-19T10:37:51","guid":{"rendered":"https:\/\/globalsew.com\/?post_type=product&#038;p=96076"},"modified":"2025-09-29T15:11:23","modified_gmt":"2025-09-29T13:11:23","slug":"serie-lp-2881","status":"publish","type":"product","link":"https:\/\/globalsew.com\/pt\/product\/lp-2881-series\/","title":{"rendered":"S\u00e9rie LP 2880"},"content":{"rendered":"<p><img fetchpriority=\"high\" decoding=\"async\" class=\"alignnone size-full wp-image-96085\" src=\"https:\/\/globalsew.com\/wp-content\/uploads\/2021\/03\/2881-banner-product-websites-global.jpg\" alt=\"\" width=\"786\" height=\"269\" srcset=\"https:\/\/globalsew.com\/wp-content\/uploads\/2021\/03\/2881-banner-product-websites-global.jpg 786w, https:\/\/globalsew.com\/wp-content\/uploads\/2021\/03\/2881-banner-product-websites-global-555x190.jpg 555w, https:\/\/globalsew.com\/wp-content\/uploads\/2021\/03\/2881-banner-product-websites-global-300x103.jpg 300w, https:\/\/globalsew.com\/wp-content\/uploads\/2021\/03\/2881-banner-product-websites-global-768x263.jpg 768w, https:\/\/globalsew.com\/wp-content\/uploads\/2021\/03\/2881-banner-product-websites-global-205x70.jpg 205w\" sizes=\"(max-width: 786px) 100vw, 786px\" \/><\/p>\n<p><strong>LP 2881 - AUT<br \/>\n<\/strong><img decoding=\"async\" class=\"alignnone size-full wp-image-95492\" src=\"https:\/\/globalsew.com\/wp-content\/uploads\/2017\/03\/ICONS-WEB-STANDARD-LP-8971-AUT-01GLOBAL-M.jpg\" alt=\"\" width=\"344\" height=\"48\" srcset=\"https:\/\/globalsew.com\/wp-content\/uploads\/2017\/03\/ICONS-WEB-STANDARD-LP-8971-AUT-01GLOBAL-M.jpg 344w, https:\/\/globalsew.com\/wp-content\/uploads\/2017\/03\/ICONS-WEB-STANDARD-LP-8971-AUT-01GLOBAL-M-300x42.jpg 300w, https:\/\/globalsew.com\/wp-content\/uploads\/2017\/03\/ICONS-WEB-STANDARD-LP-8971-AUT-01GLOBAL-M-205x29.jpg 205w\" sizes=\"(max-width: 344px) 100vw, 344px\" \/><\/p>\n<p>M\u00e1quina de cama de agulha \u00fanica de alta velocidade. Totalmente el\u00e9ctrica e autom\u00e1tica, com tr\u00eas motores de passo, que accionam a alimenta\u00e7\u00e3o da roda, a alimenta\u00e7\u00e3o da agulha e o calcador de rolo superior. O ponto \u00e9 regulado eletronicamente, o que faz com que o comprimento do ponto e o reverso do ponto sejam precisos e da mais alta qualidade. Alimenta\u00e7\u00e3o diferencial program\u00e1vel (+\/- 1,0 mm) para a alimenta\u00e7\u00e3o superior e inferior Podem ser efectuados at\u00e9 99 programas, armazenados e transferidos de m\u00e1quina para m\u00e1quina atrav\u00e9s de USB. Outras caracter\u00edsticas incluem, cortador de linha, eleva\u00e7\u00e3o do p\u00e9 e remate autom\u00e1tico.<\/p>\n<p>&nbsp;<\/p>\n<p><img decoding=\"async\" class=\"alignnone wp-image-96087\" src=\"https:\/\/globalsew.com\/wp-content\/uploads\/2021\/03\/WEBSITES-MAIN-LP-2881-AUT-02-GLOBAL-2.jpg\" alt=\"\" width=\"394\" height=\"272\" srcset=\"https:\/\/globalsew.com\/wp-content\/uploads\/2021\/03\/WEBSITES-MAIN-LP-2881-AUT-02-GLOBAL-2.jpg 501w, https:\/\/globalsew.com\/wp-content\/uploads\/2021\/03\/WEBSITES-MAIN-LP-2881-AUT-02-GLOBAL-2-300x207.jpg 300w, https:\/\/globalsew.com\/wp-content\/uploads\/2021\/03\/WEBSITES-MAIN-LP-2881-AUT-02-GLOBAL-2-205x142.jpg 205w\" sizes=\"(max-width: 394px) 100vw, 394px\" \/><img loading=\"lazy\" decoding=\"async\" class=\"alignnone wp-image-96088\" src=\"https:\/\/globalsew.com\/wp-content\/uploads\/2021\/03\/WEBSITES-MAIN-LP-2881-02-GLOBAL.jpg\" alt=\"\" width=\"394\" height=\"272\" srcset=\"https:\/\/globalsew.com\/wp-content\/uploads\/2021\/03\/WEBSITES-MAIN-LP-2881-02-GLOBAL.jpg 501w, https:\/\/globalsew.com\/wp-content\/uploads\/2021\/03\/WEBSITES-MAIN-LP-2881-02-GLOBAL-300x207.jpg 300w, https:\/\/globalsew.com\/wp-content\/uploads\/2021\/03\/WEBSITES-MAIN-LP-2881-02-GLOBAL-205x142.jpg 205w\" sizes=\"(max-width: 394px) 100vw, 394px\" \/><\/p>\n<p>&nbsp;<\/p>\n<p><strong>LP 2881- LH - AUT<br \/>\n<\/strong><strong><img loading=\"lazy\" decoding=\"async\" class=\"alignnone size-full wp-image-95494\" src=\"https:\/\/globalsew.com\/wp-content\/uploads\/2017\/03\/ICONS-WEB-STANDARD-LP-8971-LH-AUT-GLOBAL-M.jpg\" alt=\"\" width=\"344\" height=\"48\" srcset=\"https:\/\/globalsew.com\/wp-content\/uploads\/2017\/03\/ICONS-WEB-STANDARD-LP-8971-LH-AUT-GLOBAL-M.jpg 344w, https:\/\/globalsew.com\/wp-content\/uploads\/2017\/03\/ICONS-WEB-STANDARD-LP-8971-LH-AUT-GLOBAL-M-300x42.jpg 300w, https:\/\/globalsew.com\/wp-content\/uploads\/2017\/03\/ICONS-WEB-STANDARD-LP-8971-LH-AUT-GLOBAL-M-205x29.jpg 205w\" sizes=\"(max-width: 344px) 100vw, 344px\" \/>\u00a0 \u00a0 \u00a0 \u00a0<\/strong><\/p>\n<p>LP 2881 LH AUT (C) Igual ao LP 2881 AUT, mas com gancho grande.<\/p>\n<p><img loading=\"lazy\" decoding=\"async\" class=\"alignnone wp-image-96089\" src=\"https:\/\/globalsew.com\/wp-content\/uploads\/2021\/03\/WEBSITES-MAIN-LP-8971-I-LH-AUT-05-GLOBAL-2.jpg\" alt=\"\" width=\"397\" height=\"274\" srcset=\"https:\/\/globalsew.com\/wp-content\/uploads\/2021\/03\/WEBSITES-MAIN-LP-8971-I-LH-AUT-05-GLOBAL-2.jpg 501w, https:\/\/globalsew.com\/wp-content\/uploads\/2021\/03\/WEBSITES-MAIN-LP-8971-I-LH-AUT-05-GLOBAL-2-300x207.jpg 300w, https:\/\/globalsew.com\/wp-content\/uploads\/2021\/03\/WEBSITES-MAIN-LP-8971-I-LH-AUT-05-GLOBAL-2-205x142.jpg 205w\" sizes=\"(max-width: 397px) 100vw, 397px\" \/><img loading=\"lazy\" decoding=\"async\" class=\"alignnone wp-image-96090\" src=\"https:\/\/globalsew.com\/wp-content\/uploads\/2021\/03\/WEBSITES-MAIN-LP-2881-lh-04-GLOBAL.jpg\" alt=\"\" width=\"397\" height=\"274\" srcset=\"https:\/\/globalsew.com\/wp-content\/uploads\/2021\/03\/WEBSITES-MAIN-LP-2881-lh-04-GLOBAL.jpg 501w, https:\/\/globalsew.com\/wp-content\/uploads\/2021\/03\/WEBSITES-MAIN-LP-2881-lh-04-GLOBAL-300x207.jpg 300w, https:\/\/globalsew.com\/wp-content\/uploads\/2021\/03\/WEBSITES-MAIN-LP-2881-lh-04-GLOBAL-205x142.jpg 205w\" sizes=\"(max-width: 397px) 100vw, 397px\" \/><\/p>\n<p><strong>LP 2884 AUT<\/strong><br \/>\nM\u00e1quina de costura eletr\u00f3nica, de agulha dupla, com ganchos standard, calcador de rolos com acionamento superior, alimenta\u00e7\u00e3o por roda e agulha. A m\u00e1quina est\u00e1 equipada com cortador de linha el\u00e9trico, elevador de calcador e remate autom\u00e1tico. Este modelo \u00e9 acionado por 3 motores de passo, no calcador de rolos, no mecanismo da roda de alimenta\u00e7\u00e3o e no mecanismo de alimenta\u00e7\u00e3o da agulha, o que garante um excelente acabamento ponto a ponto. Podem ser armazenados at\u00e9 95 programas e transferidos de m\u00e1quina para m\u00e1quina atrav\u00e9s de USB. O ponto \u00e9 definido eletronicamente, o que torna o comprimento do ponto e o reverso do ponto em ponto precisos e da mais alta qualidade. Avan\u00e7o diferencial program\u00e1vel (+\/- 1,0 mm) para o avan\u00e7o superior e inferior. Bitola da agulha standard: 2,0 mm, 1,6 mm, 1,8 mm e 2,4 mm poss\u00edvel rodando a pin\u00e7a da agulha. Opcional: 3,2 mm<\/p>\n<p>&nbsp;<\/p>\n<p><strong>LP 2884-LCH-AUT<br \/>\n<\/strong>Igual ao LP 2884 AUT, mas com gancho de grande capacidade. (Japon\u00eas)<strong><br \/>\n<\/strong><\/p>","protected":false},"excerpt":{"rendered":"<p>Para descarregar, consulte a nossa p\u00e1gina de descarregamentos para o <a class=\"download-link\" href=\"https:\/\/globalsew.com\/pt\/descarregar\/serie-lp-2881\/\" target=\"_blank\" rel=\"noopener\">S\u00e9rie LP 2880<\/a>.<\/p>\n<p>Especifica\u00e7\u00f5es t\u00e9cnicas:<\/p>\n<p>* Velocidade m\u00e1xima da m\u00e1quina: 2500 rpm<br \/>\n* Sistema de lubrifica\u00e7\u00e3o: totalmente autom\u00e1tico<br \/>\n* Tipo de alimenta\u00e7\u00e3o: alimenta\u00e7\u00e3o por agulha e por roda, prensa de rolos com acionamento superior por motores passo a passo<br \/>\n* Comprimento do ponto: m\u00e1x. 4,9 mm<br \/>\n* Eleva\u00e7\u00e3o do calcador: 12 mm<br \/>\n* Tipo de agulha: 134 LR<br \/>\n* Agulha dupla: calibre standard da agulha 2,0 mm, 1,6 mm, 1,8 mm e 2,4 mm poss\u00edvel rodando a pin\u00e7a da agulha. Opcional: 3,2 mm<\/p>\n<div class=\"col-md-4\"><\/div>","protected":false},"featured_media":105308,"template":"","meta":{"_acf_changed":false},"product_brand":[],"product_cat":[123,25],"product_tag":[],"class_list":{"0":"post-96076","1":"product","2":"type-product","3":"status-publish","4":"has-post-thumbnail","6":"product_cat-postbed-shoe-machines","7":"product_cat-shoes","8":"tm-has-options","10":"first","11":"instock","12":"shipping-taxable","13":"purchasable","14":"product-type-variable"},"acf":[],"gallery_images":[105730,105312,105310],"yoast_head":"<!-- This site is optimized with the Yoast SEO plugin v27.3 - https:\/\/yoast.com\/product\/yoast-seo-wordpress\/ -->\n<title>LP 2880 Series - Global International B.V.<\/title>\n<meta name=\"robots\" content=\"index, follow, max-snippet:-1, max-image-preview:large, max-video-preview:-1\" \/>\n<link rel=\"canonical\" href=\"https:\/\/globalsew.com\/pt\/produto\/serie-lp-2881\/\" \/>\n<meta property=\"og:locale\" content=\"pt_PT\" \/>\n<meta property=\"og:type\" content=\"article\" \/>\n<meta property=\"og:title\" content=\"LP 2880 Series - Global International B.V.\" \/>\n<meta property=\"og:description\" content=\"For downloads see our downloads page for the LP 2880 series.  Technical specifications:  * Max. machine speed: 2500 spm * Oiling system: fully automatic * Feed type: needle and wheel feed, top driven roller presser by stepping motors * Stitch length: max. 4,9 mm * Presser foot lift: 12 mm * Needle type: 134 LR * Double needle: standard needle gauge 2,0 mm, 1,6 mm, 1,8 mm and 2,4 mm possible by turning the needle clamp. Optional: 3,2 mm\" \/>\n<meta property=\"og:url\" content=\"https:\/\/globalsew.com\/pt\/produto\/serie-lp-2881\/\" \/>\n<meta property=\"og:site_name\" content=\"Global International B.V.\" \/>\n<meta property=\"article:modified_time\" content=\"2025-09-29T13:11:23+00:00\" \/>\n<meta property=\"og:image\" content=\"https:\/\/globalsew.com\/wp-content\/uploads\/2021\/03\/products-LP-2881-03-06-global-1080-website-2024.jpg\" \/>\n\t<meta property=\"og:image:width\" content=\"1819\" \/>\n\t<meta property=\"og:image:height\" content=\"1080\" \/>\n\t<meta property=\"og:image:type\" content=\"image\/jpeg\" \/>\n<meta name=\"twitter:card\" content=\"summary_large_image\" \/>\n<meta name=\"twitter:label1\" content=\"Tempo estimado de leitura\" \/>\n\t<meta name=\"twitter:data1\" content=\"3 minutos\" \/>\n<script type=\"application\/ld+json\" class=\"yoast-schema-graph\">{\"@context\":\"https:\\\/\\\/schema.org\",\"@graph\":[{\"@type\":\"WebPage\",\"@id\":\"https:\\\/\\\/globalsew.com\\\/product\\\/lp-2881-series\\\/\",\"url\":\"https:\\\/\\\/globalsew.com\\\/product\\\/lp-2881-series\\\/\",\"name\":\"LP 2880 Series - Global International B.V.\",\"isPartOf\":{\"@id\":\"https:\\\/\\\/globalsew.com\\\/#website\"},\"primaryImageOfPage\":{\"@id\":\"https:\\\/\\\/globalsew.com\\\/product\\\/lp-2881-series\\\/#primaryimage\"},\"image\":{\"@id\":\"https:\\\/\\\/globalsew.com\\\/product\\\/lp-2881-series\\\/#primaryimage\"},\"thumbnailUrl\":\"https:\\\/\\\/globalsew.com\\\/wp-content\\\/uploads\\\/2021\\\/03\\\/products-LP-2881-03-06-global-1080-website-2024.jpg\",\"datePublished\":\"2021-03-19T10:37:51+00:00\",\"dateModified\":\"2025-09-29T13:11:23+00:00\",\"breadcrumb\":{\"@id\":\"https:\\\/\\\/globalsew.com\\\/product\\\/lp-2881-series\\\/#breadcrumb\"},\"inLanguage\":\"pt-PT\",\"potentialAction\":[{\"@type\":\"ReadAction\",\"target\":[\"https:\\\/\\\/globalsew.com\\\/product\\\/lp-2881-series\\\/\"]}]},{\"@type\":\"ImageObject\",\"inLanguage\":\"pt-PT\",\"@id\":\"https:\\\/\\\/globalsew.com\\\/product\\\/lp-2881-series\\\/#primaryimage\",\"url\":\"https:\\\/\\\/globalsew.com\\\/wp-content\\\/uploads\\\/2021\\\/03\\\/products-LP-2881-03-06-global-1080-website-2024.jpg\",\"contentUrl\":\"https:\\\/\\\/globalsew.com\\\/wp-content\\\/uploads\\\/2021\\\/03\\\/products-LP-2881-03-06-global-1080-website-2024.jpg\",\"width\":1819,\"height\":1080,\"caption\":\"LP 2881\"},{\"@type\":\"BreadcrumbList\",\"@id\":\"https:\\\/\\\/globalsew.com\\\/product\\\/lp-2881-series\\\/#breadcrumb\",\"itemListElement\":[{\"@type\":\"ListItem\",\"position\":1,\"name\":\"Home\",\"item\":\"https:\\\/\\\/globalsew.com\\\/\"},{\"@type\":\"ListItem\",\"position\":2,\"name\":\"Products\",\"item\":\"https:\\\/\\\/globalsew.com\\\/products\\\/\"},{\"@type\":\"ListItem\",\"position\":3,\"name\":\"LP 2880 Series\"}]},{\"@type\":\"WebSite\",\"@id\":\"https:\\\/\\\/globalsew.com\\\/#website\",\"url\":\"https:\\\/\\\/globalsew.com\\\/\",\"name\":\"Global International B.V.\",\"description\":\"Industrial Sewing Machines\",\"potentialAction\":[{\"@type\":\"SearchAction\",\"target\":{\"@type\":\"EntryPoint\",\"urlTemplate\":\"https:\\\/\\\/globalsew.com\\\/?s={search_term_string}\"},\"query-input\":{\"@type\":\"PropertyValueSpecification\",\"valueRequired\":true,\"valueName\":\"search_term_string\"}}],\"inLanguage\":\"pt-PT\"}]}<\/script>\n<!-- \/ Yoast SEO plugin. -->","yoast_head_json":{"title":"S\u00e9rie LP 2880 - Global International B.V.","robots":{"index":"index","follow":"follow","max-snippet":"max-snippet:-1","max-image-preview":"max-image-preview:large","max-video-preview":"max-video-preview:-1"},"canonical":"https:\/\/globalsew.com\/pt\/produto\/serie-lp-2881\/","og_locale":"pt_PT","og_type":"article","og_title":"LP 2880 Series - Global International B.V.","og_description":"For downloads see our downloads page for the LP 2880 series.  Technical specifications:  * Max. machine speed: 2500 spm * Oiling system: fully automatic * Feed type: needle and wheel feed, top driven roller presser by stepping motors * Stitch length: max. 4,9 mm * Presser foot lift: 12 mm * Needle type: 134 LR * Double needle: standard needle gauge 2,0 mm, 1,6 mm, 1,8 mm and 2,4 mm possible by turning the needle clamp. Optional: 3,2 mm","og_url":"https:\/\/globalsew.com\/pt\/produto\/serie-lp-2881\/","og_site_name":"Global International B.V.","article_modified_time":"2025-09-29T13:11:23+00:00","og_image":[{"width":1819,"height":1080,"url":"https:\/\/globalsew.com\/wp-content\/uploads\/2021\/03\/products-LP-2881-03-06-global-1080-website-2024.jpg","type":"image\/jpeg"}],"twitter_card":"summary_large_image","twitter_misc":{"Tempo estimado de leitura":"3 minutos"},"schema":{"@context":"https:\/\/schema.org","@graph":[{"@type":"WebPage","@id":"https:\/\/globalsew.com\/product\/lp-2881-series\/","url":"https:\/\/globalsew.com\/product\/lp-2881-series\/","name":"S\u00e9rie LP 2880 - Global International B.V.","isPartOf":{"@id":"https:\/\/globalsew.com\/#website"},"primaryImageOfPage":{"@id":"https:\/\/globalsew.com\/product\/lp-2881-series\/#primaryimage"},"image":{"@id":"https:\/\/globalsew.com\/product\/lp-2881-series\/#primaryimage"},"thumbnailUrl":"https:\/\/globalsew.com\/wp-content\/uploads\/2021\/03\/products-LP-2881-03-06-global-1080-website-2024.jpg","datePublished":"2021-03-19T10:37:51+00:00","dateModified":"2025-09-29T13:11:23+00:00","breadcrumb":{"@id":"https:\/\/globalsew.com\/product\/lp-2881-series\/#breadcrumb"},"inLanguage":"pt-PT","potentialAction":[{"@type":"ReadAction","target":["https:\/\/globalsew.com\/product\/lp-2881-series\/"]}]},{"@type":"ImageObject","inLanguage":"pt-PT","@id":"https:\/\/globalsew.com\/product\/lp-2881-series\/#primaryimage","url":"https:\/\/globalsew.com\/wp-content\/uploads\/2021\/03\/products-LP-2881-03-06-global-1080-website-2024.jpg","contentUrl":"https:\/\/globalsew.com\/wp-content\/uploads\/2021\/03\/products-LP-2881-03-06-global-1080-website-2024.jpg","width":1819,"height":1080,"caption":"LP 2881"},{"@type":"BreadcrumbList","@id":"https:\/\/globalsew.com\/product\/lp-2881-series\/#breadcrumb","itemListElement":[{"@type":"ListItem","position":1,"name":"Home","item":"https:\/\/globalsew.com\/"},{"@type":"ListItem","position":2,"name":"Products","item":"https:\/\/globalsew.com\/products\/"},{"@type":"ListItem","position":3,"name":"LP 2880 Series"}]},{"@type":"WebSite","@id":"https:\/\/globalsew.com\/#website","url":"https:\/\/globalsew.com\/","name":"Global International B.V.","description":"M\u00e1quinas de costura industriais","potentialAction":[{"@type":"SearchAction","target":{"@type":"EntryPoint","urlTemplate":"https:\/\/globalsew.com\/?s={search_term_string}"},"query-input":{"@type":"PropertyValueSpecification","valueRequired":true,"valueName":"search_term_string"}}],"inLanguage":"pt-PT"}]}},"_links":{"self":[{"href":"https:\/\/globalsew.com\/pt\/wp-json\/wp\/v2\/product\/96076","targetHints":{"allow":["GET"]}}],"collection":[{"href":"https:\/\/globalsew.com\/pt\/wp-json\/wp\/v2\/product"}],"about":[{"href":"https:\/\/globalsew.com\/pt\/wp-json\/wp\/v2\/types\/product"}],"wp:featuredmedia":[{"embeddable":true,"href":"https:\/\/globalsew.com\/pt\/wp-json\/wp\/v2\/media\/105308"}],"wp:attachment":[{"href":"https:\/\/globalsew.com\/pt\/wp-json\/wp\/v2\/media?parent=96076"}],"wp:term":[{"taxonomy":"product_brand","embeddable":true,"href":"https:\/\/globalsew.com\/pt\/wp-json\/wp\/v2\/product_brand?post=96076"},{"taxonomy":"product_cat","embeddable":true,"href":"https:\/\/globalsew.com\/pt\/wp-json\/wp\/v2\/product_cat?post=96076"},{"taxonomy":"product_tag","embeddable":true,"href":"https:\/\/globalsew.com\/pt\/wp-json\/wp\/v2\/product_tag?post=96076"}],"curies":[{"name":"wp","href":"https:\/\/api.w.org\/{rel}","templated":true}]}}