{"id":96009,"date":"2020-12-22T11:10:36","date_gmt":"2020-12-22T10:10:36","guid":{"rendered":"https:\/\/globalsew.com\/?post_type=product&#038;p=96009"},"modified":"2024-02-26T10:27:39","modified_gmt":"2024-02-26T09:27:39","slug":"facas-de-corte-redondas-da-serie-rb","status":"publish","type":"product","link":"https:\/\/globalsew.com\/pt\/product\/rb-series-round-cutting-knives\/","title":{"rendered":"S\u00e9rie RB - facas de corte redondas"},"content":{"rendered":"<p><strong>RB 70 - <\/strong>Nova m\u00e1quina de corte com l\u00e2mina redonda el\u00e9ctrica de i\u00f5es de l\u00edtio sem fio. Dimens\u00e3o da l\u00e2mina 70 mm, incluindo carregador de bateria.<br \/>\n<strong>RB 100 - <\/strong>Nova m\u00e1quina de corte com faca redonda el\u00e9ctrica de i\u00f5es de l\u00edtio sem fio. Dimens\u00e3o da l\u00e2mina 100 mm, incluindo carregador de bateria.<\/p>","protected":false},"excerpt":{"rendered":"<p>RB 70 - Nova m\u00e1quina de corte com l\u00e2mina redonda el\u00e9ctrica de i\u00f5es de l\u00edtio sem fio. Dimens\u00e3o da l\u00e2mina 70 mm, incluindo carregador de bateria. RB 100 - Nova m\u00e1quina de corte com l\u00e2mina redonda el\u00e9ctrica de i\u00f5es de l\u00edtio sem fio. Dimens\u00e3o da l\u00e2mina 100 mm, incluindo carregador de bateria.<\/p>","protected":false},"featured_media":96006,"template":"","meta":{"_acf_changed":false},"product_brand":[],"product_cat":[115,140,64,24,26],"product_tag":[],"class_list":{"0":"post-96009","1":"product","2":"type-product","3":"status-publish","4":"has-post-thumbnail","6":"product_cat-cutting-machines-cutting-machines","7":"product_cat-cutting-machines-miscellaneous","8":"product_cat-cutting-machines","9":"product_cat-garment","10":"product_cat-miscellaneous","11":"tm-has-options","13":"first","14":"instock","15":"shipping-taxable","16":"purchasable","17":"product-type-variable"},"acf":[],"gallery_images":[96005],"yoast_head":"<!-- This site is optimized with the Yoast SEO plugin v27.3 - https:\/\/yoast.com\/product\/yoast-seo-wordpress\/ -->\n<title>RB series - round cutting knives - Global International B.V.<\/title>\n<meta name=\"robots\" content=\"index, follow, max-snippet:-1, max-image-preview:large, max-video-preview:-1\" \/>\n<link rel=\"canonical\" href=\"https:\/\/globalsew.com\/pt\/produto\/facas-de-corte-redondas-da-serie-rb\/\" \/>\n<meta property=\"og:locale\" content=\"pt_PT\" \/>\n<meta property=\"og:type\" content=\"article\" \/>\n<meta property=\"og:title\" content=\"RB series - round cutting knives - Global International B.V.\" \/>\n<meta property=\"og:description\" content=\"RB 70 &#8211; New Cordless Lithium-ion electric round knife cutting machine. Blade dimension 70 mm, including battery charger. RB 100 &#8211; New Cordless Lithium-ion electric round knife cutting machine. Blade dimension 100 mm, including battery charger.\" \/>\n<meta property=\"og:url\" content=\"https:\/\/globalsew.com\/pt\/produto\/facas-de-corte-redondas-da-serie-rb\/\" \/>\n<meta property=\"og:site_name\" content=\"Global International B.V.\" \/>\n<meta property=\"article:modified_time\" content=\"2024-02-26T09:27:39+00:00\" \/>\n<meta property=\"og:image\" content=\"https:\/\/globalsew.com\/wp-content\/uploads\/2020\/12\/WEB-GLOBAL-RB-100-01-GLOBAL.jpg\" \/>\n\t<meta property=\"og:image:width\" content=\"555\" \/>\n\t<meta property=\"og:image:height\" content=\"347\" \/>\n\t<meta property=\"og:image:type\" content=\"image\/jpeg\" \/>\n<meta name=\"twitter:card\" content=\"summary_large_image\" \/>\n<meta name=\"twitter:label1\" content=\"Tempo estimado de leitura\" \/>\n\t<meta name=\"twitter:data1\" content=\"1 minuto\" \/>\n<script type=\"application\/ld+json\" class=\"yoast-schema-graph\">{\"@context\":\"https:\\\/\\\/schema.org\",\"@graph\":[{\"@type\":\"WebPage\",\"@id\":\"https:\\\/\\\/globalsew.com\\\/product\\\/rb-series-round-cutting-knives\\\/\",\"url\":\"https:\\\/\\\/globalsew.com\\\/product\\\/rb-series-round-cutting-knives\\\/\",\"name\":\"RB series - round cutting knives - Global International B.V.\",\"isPartOf\":{\"@id\":\"https:\\\/\\\/globalsew.com\\\/#website\"},\"primaryImageOfPage\":{\"@id\":\"https:\\\/\\\/globalsew.com\\\/product\\\/rb-series-round-cutting-knives\\\/#primaryimage\"},\"image\":{\"@id\":\"https:\\\/\\\/globalsew.com\\\/product\\\/rb-series-round-cutting-knives\\\/#primaryimage\"},\"thumbnailUrl\":\"https:\\\/\\\/globalsew.com\\\/wp-content\\\/uploads\\\/2020\\\/12\\\/WEB-GLOBAL-RB-100-01-GLOBAL.jpg\",\"datePublished\":\"2020-12-22T10:10:36+00:00\",\"dateModified\":\"2024-02-26T09:27:39+00:00\",\"breadcrumb\":{\"@id\":\"https:\\\/\\\/globalsew.com\\\/product\\\/rb-series-round-cutting-knives\\\/#breadcrumb\"},\"inLanguage\":\"pt-PT\",\"potentialAction\":[{\"@type\":\"ReadAction\",\"target\":[\"https:\\\/\\\/globalsew.com\\\/product\\\/rb-series-round-cutting-knives\\\/\"]}]},{\"@type\":\"ImageObject\",\"inLanguage\":\"pt-PT\",\"@id\":\"https:\\\/\\\/globalsew.com\\\/product\\\/rb-series-round-cutting-knives\\\/#primaryimage\",\"url\":\"https:\\\/\\\/globalsew.com\\\/wp-content\\\/uploads\\\/2020\\\/12\\\/WEB-GLOBAL-RB-100-01-GLOBAL.jpg\",\"contentUrl\":\"https:\\\/\\\/globalsew.com\\\/wp-content\\\/uploads\\\/2020\\\/12\\\/WEB-GLOBAL-RB-100-01-GLOBAL.jpg\",\"width\":555,\"height\":347},{\"@type\":\"BreadcrumbList\",\"@id\":\"https:\\\/\\\/globalsew.com\\\/product\\\/rb-series-round-cutting-knives\\\/#breadcrumb\",\"itemListElement\":[{\"@type\":\"ListItem\",\"position\":1,\"name\":\"Home\",\"item\":\"https:\\\/\\\/globalsew.com\\\/\"},{\"@type\":\"ListItem\",\"position\":2,\"name\":\"Products\",\"item\":\"https:\\\/\\\/globalsew.com\\\/products\\\/\"},{\"@type\":\"ListItem\",\"position\":3,\"name\":\"RB series &#8211; round cutting knives\"}]},{\"@type\":\"WebSite\",\"@id\":\"https:\\\/\\\/globalsew.com\\\/#website\",\"url\":\"https:\\\/\\\/globalsew.com\\\/\",\"name\":\"Global International B.V.\",\"description\":\"Industrial Sewing Machines\",\"potentialAction\":[{\"@type\":\"SearchAction\",\"target\":{\"@type\":\"EntryPoint\",\"urlTemplate\":\"https:\\\/\\\/globalsew.com\\\/?s={search_term_string}\"},\"query-input\":{\"@type\":\"PropertyValueSpecification\",\"valueRequired\":true,\"valueName\":\"search_term_string\"}}],\"inLanguage\":\"pt-PT\"}]}<\/script>\n<!-- \/ Yoast SEO plugin. -->","yoast_head_json":{"title":"S\u00e9rie RB - facas de corte redondas - Global International B.V.","robots":{"index":"index","follow":"follow","max-snippet":"max-snippet:-1","max-image-preview":"max-image-preview:large","max-video-preview":"max-video-preview:-1"},"canonical":"https:\/\/globalsew.com\/pt\/produto\/facas-de-corte-redondas-da-serie-rb\/","og_locale":"pt_PT","og_type":"article","og_title":"RB series - round cutting knives - Global International B.V.","og_description":"RB 70 &#8211; New Cordless Lithium-ion electric round knife cutting machine. Blade dimension 70 mm, including battery charger. RB 100 &#8211; New Cordless Lithium-ion electric round knife cutting machine. Blade dimension 100 mm, including battery charger.","og_url":"https:\/\/globalsew.com\/pt\/produto\/facas-de-corte-redondas-da-serie-rb\/","og_site_name":"Global International B.V.","article_modified_time":"2024-02-26T09:27:39+00:00","og_image":[{"width":555,"height":347,"url":"https:\/\/globalsew.com\/wp-content\/uploads\/2020\/12\/WEB-GLOBAL-RB-100-01-GLOBAL.jpg","type":"image\/jpeg"}],"twitter_card":"summary_large_image","twitter_misc":{"Tempo estimado de leitura":"1 minuto"},"schema":{"@context":"https:\/\/schema.org","@graph":[{"@type":"WebPage","@id":"https:\/\/globalsew.com\/product\/rb-series-round-cutting-knives\/","url":"https:\/\/globalsew.com\/product\/rb-series-round-cutting-knives\/","name":"S\u00e9rie RB - facas de corte redondas - Global International B.V.","isPartOf":{"@id":"https:\/\/globalsew.com\/#website"},"primaryImageOfPage":{"@id":"https:\/\/globalsew.com\/product\/rb-series-round-cutting-knives\/#primaryimage"},"image":{"@id":"https:\/\/globalsew.com\/product\/rb-series-round-cutting-knives\/#primaryimage"},"thumbnailUrl":"https:\/\/globalsew.com\/wp-content\/uploads\/2020\/12\/WEB-GLOBAL-RB-100-01-GLOBAL.jpg","datePublished":"2020-12-22T10:10:36+00:00","dateModified":"2024-02-26T09:27:39+00:00","breadcrumb":{"@id":"https:\/\/globalsew.com\/product\/rb-series-round-cutting-knives\/#breadcrumb"},"inLanguage":"pt-PT","potentialAction":[{"@type":"ReadAction","target":["https:\/\/globalsew.com\/product\/rb-series-round-cutting-knives\/"]}]},{"@type":"ImageObject","inLanguage":"pt-PT","@id":"https:\/\/globalsew.com\/product\/rb-series-round-cutting-knives\/#primaryimage","url":"https:\/\/globalsew.com\/wp-content\/uploads\/2020\/12\/WEB-GLOBAL-RB-100-01-GLOBAL.jpg","contentUrl":"https:\/\/globalsew.com\/wp-content\/uploads\/2020\/12\/WEB-GLOBAL-RB-100-01-GLOBAL.jpg","width":555,"height":347},{"@type":"BreadcrumbList","@id":"https:\/\/globalsew.com\/product\/rb-series-round-cutting-knives\/#breadcrumb","itemListElement":[{"@type":"ListItem","position":1,"name":"Home","item":"https:\/\/globalsew.com\/"},{"@type":"ListItem","position":2,"name":"Products","item":"https:\/\/globalsew.com\/products\/"},{"@type":"ListItem","position":3,"name":"RB series &#8211; round cutting knives"}]},{"@type":"WebSite","@id":"https:\/\/globalsew.com\/#website","url":"https:\/\/globalsew.com\/","name":"Global International B.V.","description":"M\u00e1quinas de costura industriais","potentialAction":[{"@type":"SearchAction","target":{"@type":"EntryPoint","urlTemplate":"https:\/\/globalsew.com\/?s={search_term_string}"},"query-input":{"@type":"PropertyValueSpecification","valueRequired":true,"valueName":"search_term_string"}}],"inLanguage":"pt-PT"}]}},"_links":{"self":[{"href":"https:\/\/globalsew.com\/pt\/wp-json\/wp\/v2\/product\/96009","targetHints":{"allow":["GET"]}}],"collection":[{"href":"https:\/\/globalsew.com\/pt\/wp-json\/wp\/v2\/product"}],"about":[{"href":"https:\/\/globalsew.com\/pt\/wp-json\/wp\/v2\/types\/product"}],"wp:featuredmedia":[{"embeddable":true,"href":"https:\/\/globalsew.com\/pt\/wp-json\/wp\/v2\/media\/96006"}],"wp:attachment":[{"href":"https:\/\/globalsew.com\/pt\/wp-json\/wp\/v2\/media?parent=96009"}],"wp:term":[{"taxonomy":"product_brand","embeddable":true,"href":"https:\/\/globalsew.com\/pt\/wp-json\/wp\/v2\/product_brand?post=96009"},{"taxonomy":"product_cat","embeddable":true,"href":"https:\/\/globalsew.com\/pt\/wp-json\/wp\/v2\/product_cat?post=96009"},{"taxonomy":"product_tag","embeddable":true,"href":"https:\/\/globalsew.com\/pt\/wp-json\/wp\/v2\/product_tag?post=96009"}],"curies":[{"name":"wp","href":"https:\/\/api.w.org\/{rel}","templated":true}]}}