{"id":95358,"date":"2020-03-25T16:02:36","date_gmt":"2020-03-25T15:02:36","guid":{"rendered":"https:\/\/globalsew.com\/?post_type=product&#038;p=95358"},"modified":"2024-05-14T10:02:39","modified_gmt":"2024-05-14T08:02:39","slug":"lp-1271-serie-725","status":"publish","type":"product","link":"https:\/\/globalsew.com\/pt\/product\/lp-1271-725-series\/","title":{"rendered":"S\u00e9rie LP 1271-725"},"content":{"rendered":"<p><strong>LP 1271-725 AUT<br \/>\n<\/strong>M\u00e1quina de agulha \u00fanica, com postbed esquerdo, com gancho standard, calcador de rolos acionado por cima, alimenta\u00e7\u00e3o por roda e agulha. A m\u00e1quina est\u00e1 equipada com um mecanismo el\u00e9trico de corte do forro com acionamento inferior, um cortador de linha el\u00e9trico, um elevador de calcador e um remate autom\u00e1tico. A m\u00e1quina ser\u00e1 entregue com um servomotor POWERMAX, caixa de controlo e painel de programas.<\/p>\n<p><strong>LP 1271-725 3M-AUT<\/strong><br \/>\nM\u00e1quina de costura eletr\u00f3nica, de agulha \u00fanica, com gancho standard, calcador de rolos com acionamento superior, alimenta\u00e7\u00e3o por roda e agulha. A m\u00e1quina est\u00e1 equipada com um mecanismo el\u00e9trico de corte do forro com acionamento inferior, um cortador de linha el\u00e9trico, um elevador de calcador e um remate autom\u00e1tico.<br \/>\nEste modelo \u00e9 acionado por 3 motores de passo, no calcador de rolos, no mecanismo da roda de alimenta\u00e7\u00e3o e no mecanismo de alimenta\u00e7\u00e3o da agulha, o que garante um excelente acabamento do ponto e outras carater\u00edsticas de costura.<\/p>","protected":false},"excerpt":{"rendered":"<div class=\"row\">\n<div class=\"col-md-6\"><a class=\"download-button\" href=\"https:\/\/globalsew.com\/wp-content\/uploads\/2023\/04\/GLOBAL-LP-1271-SERIES-NEW.pdf\" target=\"_blank\" rel=\"noopener noreferrer\">Descarregar folheto<\/a><\/div>","protected":false},"featured_media":105883,"template":"","meta":{"_acf_changed":false},"product_brand":[],"product_cat":[98,123,149,25],"product_tag":[],"class_list":{"0":"post-95358","1":"product","2":"type-product","3":"status-publish","4":"has-post-thumbnail","6":"product_cat-post-bed-machines","7":"product_cat-postbed-shoe-machines","8":"product_cat-postbed-walking-foot","9":"product_cat-shoes","10":"tm-has-options","12":"first","13":"instock","14":"shipping-taxable","15":"purchasable","16":"product-type-variable"},"acf":[],"gallery_images":[105880,105881],"yoast_head":"<!-- This site is optimized with the Yoast SEO plugin v27.3 - https:\/\/yoast.com\/product\/yoast-seo-wordpress\/ -->\n<title>LP 1271-725 series - Global International B.V.<\/title>\n<meta name=\"robots\" content=\"index, follow, max-snippet:-1, max-image-preview:large, max-video-preview:-1\" \/>\n<link rel=\"canonical\" href=\"https:\/\/globalsew.com\/pt\/produto\/lp-1271-serie-725\/\" \/>\n<meta property=\"og:locale\" content=\"pt_PT\" \/>\n<meta property=\"og:type\" content=\"article\" \/>\n<meta property=\"og:title\" content=\"LP 1271-725 series - Global International B.V.\" \/>\n<meta property=\"og:description\" content=\"Download Leaflet\" \/>\n<meta property=\"og:url\" content=\"https:\/\/globalsew.com\/pt\/produto\/lp-1271-serie-725\/\" \/>\n<meta property=\"og:site_name\" content=\"Global International B.V.\" \/>\n<meta property=\"article:modified_time\" content=\"2024-05-14T08:02:39+00:00\" \/>\n<meta property=\"og:image\" content=\"https:\/\/globalsew.com\/wp-content\/uploads\/2020\/03\/products-LP-1271-725-AUT-943-1080-website-2024.jpg\" \/>\n\t<meta property=\"og:image:width\" content=\"1819\" \/>\n\t<meta property=\"og:image:height\" content=\"1080\" \/>\n\t<meta property=\"og:image:type\" content=\"image\/jpeg\" \/>\n<meta name=\"twitter:card\" content=\"summary_large_image\" \/>\n<meta name=\"twitter:label1\" content=\"Tempo estimado de leitura\" \/>\n\t<meta name=\"twitter:data1\" content=\"1 minuto\" \/>\n<script type=\"application\/ld+json\" class=\"yoast-schema-graph\">{\"@context\":\"https:\\\/\\\/schema.org\",\"@graph\":[{\"@type\":\"WebPage\",\"@id\":\"https:\\\/\\\/globalsew.com\\\/product\\\/lp-1271-725-series\\\/\",\"url\":\"https:\\\/\\\/globalsew.com\\\/product\\\/lp-1271-725-series\\\/\",\"name\":\"LP 1271-725 series - Global International B.V.\",\"isPartOf\":{\"@id\":\"https:\\\/\\\/globalsew.com\\\/#website\"},\"primaryImageOfPage\":{\"@id\":\"https:\\\/\\\/globalsew.com\\\/product\\\/lp-1271-725-series\\\/#primaryimage\"},\"image\":{\"@id\":\"https:\\\/\\\/globalsew.com\\\/product\\\/lp-1271-725-series\\\/#primaryimage\"},\"thumbnailUrl\":\"https:\\\/\\\/globalsew.com\\\/wp-content\\\/uploads\\\/2020\\\/03\\\/products-LP-1271-725-AUT-943-1080-website-2024.jpg\",\"datePublished\":\"2020-03-25T15:02:36+00:00\",\"dateModified\":\"2024-05-14T08:02:39+00:00\",\"breadcrumb\":{\"@id\":\"https:\\\/\\\/globalsew.com\\\/product\\\/lp-1271-725-series\\\/#breadcrumb\"},\"inLanguage\":\"pt-PT\",\"potentialAction\":[{\"@type\":\"ReadAction\",\"target\":[\"https:\\\/\\\/globalsew.com\\\/product\\\/lp-1271-725-series\\\/\"]}]},{\"@type\":\"ImageObject\",\"inLanguage\":\"pt-PT\",\"@id\":\"https:\\\/\\\/globalsew.com\\\/product\\\/lp-1271-725-series\\\/#primaryimage\",\"url\":\"https:\\\/\\\/globalsew.com\\\/wp-content\\\/uploads\\\/2020\\\/03\\\/products-LP-1271-725-AUT-943-1080-website-2024.jpg\",\"contentUrl\":\"https:\\\/\\\/globalsew.com\\\/wp-content\\\/uploads\\\/2020\\\/03\\\/products-LP-1271-725-AUT-943-1080-website-2024.jpg\",\"width\":1819,\"height\":1080,\"caption\":\"LP 1271-725 AUT\"},{\"@type\":\"BreadcrumbList\",\"@id\":\"https:\\\/\\\/globalsew.com\\\/product\\\/lp-1271-725-series\\\/#breadcrumb\",\"itemListElement\":[{\"@type\":\"ListItem\",\"position\":1,\"name\":\"Home\",\"item\":\"https:\\\/\\\/globalsew.com\\\/\"},{\"@type\":\"ListItem\",\"position\":2,\"name\":\"Products\",\"item\":\"https:\\\/\\\/globalsew.com\\\/products\\\/\"},{\"@type\":\"ListItem\",\"position\":3,\"name\":\"LP 1271-725 series\"}]},{\"@type\":\"WebSite\",\"@id\":\"https:\\\/\\\/globalsew.com\\\/#website\",\"url\":\"https:\\\/\\\/globalsew.com\\\/\",\"name\":\"Global International B.V.\",\"description\":\"Industrial Sewing Machines\",\"potentialAction\":[{\"@type\":\"SearchAction\",\"target\":{\"@type\":\"EntryPoint\",\"urlTemplate\":\"https:\\\/\\\/globalsew.com\\\/?s={search_term_string}\"},\"query-input\":{\"@type\":\"PropertyValueSpecification\",\"valueRequired\":true,\"valueName\":\"search_term_string\"}}],\"inLanguage\":\"pt-PT\"}]}<\/script>\n<!-- \/ Yoast SEO plugin. -->","yoast_head_json":{"title":"S\u00e9rie LP 1271-725 - Global International B.V.","robots":{"index":"index","follow":"follow","max-snippet":"max-snippet:-1","max-image-preview":"max-image-preview:large","max-video-preview":"max-video-preview:-1"},"canonical":"https:\/\/globalsew.com\/pt\/produto\/lp-1271-serie-725\/","og_locale":"pt_PT","og_type":"article","og_title":"LP 1271-725 series - Global International B.V.","og_description":"Download Leaflet","og_url":"https:\/\/globalsew.com\/pt\/produto\/lp-1271-serie-725\/","og_site_name":"Global International B.V.","article_modified_time":"2024-05-14T08:02:39+00:00","og_image":[{"width":1819,"height":1080,"url":"https:\/\/globalsew.com\/wp-content\/uploads\/2020\/03\/products-LP-1271-725-AUT-943-1080-website-2024.jpg","type":"image\/jpeg"}],"twitter_card":"summary_large_image","twitter_misc":{"Tempo estimado de leitura":"1 minuto"},"schema":{"@context":"https:\/\/schema.org","@graph":[{"@type":"WebPage","@id":"https:\/\/globalsew.com\/product\/lp-1271-725-series\/","url":"https:\/\/globalsew.com\/product\/lp-1271-725-series\/","name":"S\u00e9rie LP 1271-725 - Global International B.V.","isPartOf":{"@id":"https:\/\/globalsew.com\/#website"},"primaryImageOfPage":{"@id":"https:\/\/globalsew.com\/product\/lp-1271-725-series\/#primaryimage"},"image":{"@id":"https:\/\/globalsew.com\/product\/lp-1271-725-series\/#primaryimage"},"thumbnailUrl":"https:\/\/globalsew.com\/wp-content\/uploads\/2020\/03\/products-LP-1271-725-AUT-943-1080-website-2024.jpg","datePublished":"2020-03-25T15:02:36+00:00","dateModified":"2024-05-14T08:02:39+00:00","breadcrumb":{"@id":"https:\/\/globalsew.com\/product\/lp-1271-725-series\/#breadcrumb"},"inLanguage":"pt-PT","potentialAction":[{"@type":"ReadAction","target":["https:\/\/globalsew.com\/product\/lp-1271-725-series\/"]}]},{"@type":"ImageObject","inLanguage":"pt-PT","@id":"https:\/\/globalsew.com\/product\/lp-1271-725-series\/#primaryimage","url":"https:\/\/globalsew.com\/wp-content\/uploads\/2020\/03\/products-LP-1271-725-AUT-943-1080-website-2024.jpg","contentUrl":"https:\/\/globalsew.com\/wp-content\/uploads\/2020\/03\/products-LP-1271-725-AUT-943-1080-website-2024.jpg","width":1819,"height":1080,"caption":"LP 1271-725 AUT"},{"@type":"BreadcrumbList","@id":"https:\/\/globalsew.com\/product\/lp-1271-725-series\/#breadcrumb","itemListElement":[{"@type":"ListItem","position":1,"name":"Home","item":"https:\/\/globalsew.com\/"},{"@type":"ListItem","position":2,"name":"Products","item":"https:\/\/globalsew.com\/products\/"},{"@type":"ListItem","position":3,"name":"LP 1271-725 series"}]},{"@type":"WebSite","@id":"https:\/\/globalsew.com\/#website","url":"https:\/\/globalsew.com\/","name":"Global International B.V.","description":"M\u00e1quinas de costura industriais","potentialAction":[{"@type":"SearchAction","target":{"@type":"EntryPoint","urlTemplate":"https:\/\/globalsew.com\/?s={search_term_string}"},"query-input":{"@type":"PropertyValueSpecification","valueRequired":true,"valueName":"search_term_string"}}],"inLanguage":"pt-PT"}]}},"_links":{"self":[{"href":"https:\/\/globalsew.com\/pt\/wp-json\/wp\/v2\/product\/95358","targetHints":{"allow":["GET"]}}],"collection":[{"href":"https:\/\/globalsew.com\/pt\/wp-json\/wp\/v2\/product"}],"about":[{"href":"https:\/\/globalsew.com\/pt\/wp-json\/wp\/v2\/types\/product"}],"wp:featuredmedia":[{"embeddable":true,"href":"https:\/\/globalsew.com\/pt\/wp-json\/wp\/v2\/media\/105883"}],"wp:attachment":[{"href":"https:\/\/globalsew.com\/pt\/wp-json\/wp\/v2\/media?parent=95358"}],"wp:term":[{"taxonomy":"product_brand","embeddable":true,"href":"https:\/\/globalsew.com\/pt\/wp-json\/wp\/v2\/product_brand?post=95358"},{"taxonomy":"product_cat","embeddable":true,"href":"https:\/\/globalsew.com\/pt\/wp-json\/wp\/v2\/product_cat?post=95358"},{"taxonomy":"product_tag","embeddable":true,"href":"https:\/\/globalsew.com\/pt\/wp-json\/wp\/v2\/product_tag?post=95358"}],"curies":[{"name":"wp","href":"https:\/\/api.w.org\/{rel}","templated":true}]}}