{"id":94769,"date":"2018-06-12T13:37:08","date_gmt":"2018-06-12T11:37:08","guid":{"rendered":"https:\/\/globalsew.com\/?post_type=product&#038;p=94769"},"modified":"2024-04-15T09:08:10","modified_gmt":"2024-04-15T07:08:10","slug":"strobel-444-2","status":"publish","type":"product","link":"https:\/\/globalsew.com\/pt\/product\/strobel-444-2\/","title":{"rendered":"Strobel 444-2"},"content":{"rendered":"<div class=\"wpb-content-wrapper\"><div class=\"vc_row wpb_row vc_row-fluid\"><div class=\"wpb_column vc_column_container vc_col-sm-12\"><div class=\"vc_column-inner\"><div class=\"wpb_wrapper\">\n\t<div class=\"wpb_text_column wpb_content_element\" >\n\t\t<div class=\"wpb_wrapper\">\n\t\t\t<p>O <b>novo<\/b> Strobel - M\u00e1quina de costura de copo global para coser as palmilhas na parte superior do sapato.<br \/>\nComparando-o com o m\u00e9todo convencional de lasing, o m\u00e9todo Strobel permite-lhe poupar uma quantidade significativa de material.<\/p>\n<p><span style=\"color: var( --e-global-color-text ); font-family: var( --e-global-typography-text-font-family ), Sans-serif; font-size: var( --e-global-typography-text-font-size ); text-transform: var( --e-global-typography-text-text-transform ); background-color: var( --e-global-color-primary );\">A m\u00e1quina Strobel 444-2 \u00e9 completamente isenta de \u00f3leo, eliminando o risco de manchas de \u00f3leo nos seus materiais. \u00c9 utilizada uma lubrifica\u00e7\u00e3o de amaciamento com pasta lubrificante s\u00f3lida com um coeficiente de fric\u00e7\u00e3o particularmente baixo. Ou seja, menor fric\u00e7\u00e3o com maior capacidade de carga.<\/span><\/p>\n<p><b>Mais Caracter\u00edsticas principais:<\/b><\/p>\n<ul>\n<li>A m\u00e1quina pode coser peles ou t\u00eaxteis at\u00e9 7 mm de espessura.<\/li>\n<li>Motor de passo com alimenta\u00e7\u00e3o diferencial para at\u00e9 75% de recolha, reduzindo as sapatas rejeitadas e, al\u00e9m disso, garante que os operadores t\u00eam de utilizar menos energia e for\u00e7a e que a produ\u00e7\u00e3o se mant\u00e9m mais est\u00e1vel (ganho de at\u00e9 30% de produ\u00e7\u00e3o a mais do que com uma m\u00e1quina Strobel normal, n\u00e3o program\u00e1vel).<\/li>\n<li>Armazene at\u00e9 99 programas, cada um com 4, 6 ou 8 sec\u00e7\u00f5es de recolha.<\/li>\n<li>Ecr\u00e3 t\u00e1til a cores intuitivo para uma programa\u00e7\u00e3o f\u00e1cil.<\/li>\n<li>Guarda automaticamente os pares: programa um sapato (\u00e0 esquerda) e o outro (\u00e0 direita) \u00e9 guardado.<\/li>\n<li>O modo de programa permite trabalhar em pares ou em cal\u00e7ado individual esquerdo\/direito.<\/li>\n<li>O dispositivo opcional de recolha e a segunda tens\u00e3o podem ser pr\u00e9-programados por sec\u00e7\u00e3o do sapato para uma personaliza\u00e7\u00e3o precisa e um resultado \u00f3timo.<\/li>\n<li>A recolha manual \u00e9 poss\u00edvel atrav\u00e9s de um pedal.<\/li>\n<li>Tampa frontal redesenhada para coser materiais Gore-Tex.<\/li>\n<li>Est\u00e3o dispon\u00edveis v\u00e1rios copos de alimenta\u00e7\u00e3o, tornando-o adequado para uma vasta gama de sapatos.<\/li>\n<\/ul>\n<p>&nbsp;<\/p>\n<p>&nbsp;<\/p>\n<p>&nbsp;<\/p>\n<p>&nbsp;<\/p>\n<p>&nbsp;<\/p>\n<p><img fetchpriority=\"high\" decoding=\"async\" class=\"alignnone wp-image-96608\" src=\"https:\/\/globalsew.com\/wp-content\/uploads\/2018\/06\/strobel-lub-attention-website.global-copy.jpg\" alt=\"\" width=\"482\" height=\"321\" srcset=\"https:\/\/globalsew.com\/wp-content\/uploads\/2018\/06\/strobel-lub-attention-website.global-copy.jpg 800w, https:\/\/globalsew.com\/wp-content\/uploads\/2018\/06\/strobel-lub-attention-website.global-copy-555x370.jpg 555w, https:\/\/globalsew.com\/wp-content\/uploads\/2018\/06\/strobel-lub-attention-website.global-copy-300x200.jpg 300w, https:\/\/globalsew.com\/wp-content\/uploads\/2018\/06\/strobel-lub-attention-website.global-copy-768x512.jpg 768w, https:\/\/globalsew.com\/wp-content\/uploads\/2018\/06\/strobel-lub-attention-website.global-copy-205x137.jpg 205w, https:\/\/globalsew.com\/wp-content\/uploads\/2018\/06\/strobel-lub-attention-website.global-copy-521x347.jpg 521w\" sizes=\"(max-width: 482px) 100vw, 482px\" \/><\/p>\n\n\t\t<\/div>\n\t<\/div>\n\n\t<div class=\"wpb_text_column wpb_content_element\" >\n\t\t<div class=\"wpb_wrapper\">\n\t\t\t<p>M\u00e1quina de costura pr\u00e9-program\u00e1vel de fio \u00fanico para a fixa\u00e7\u00e3o de palmilhas. A m\u00e1quina est\u00e1 equipada com um copo frontal acionado por motor de passo para alimenta\u00e7\u00e3o diferencial, o que garante que o copo de alimenta\u00e7\u00e3o e o copo frontal trabalham ao mil\u00edmetro. Para al\u00e9m disso, a programa\u00e7\u00e3o do diferencial permite a esta m\u00e1quina vers\u00e1til construir 10 passos diferentes de at\u00e9 50 % de plenitude na costura, conforme necess\u00e1rio. O alceamento suplementar pode ser efectuado pelo sistema de alceamento pneum\u00e1tico opcional. Este sistema garante sempre um resultado uniforme da constru\u00e7\u00e3o Strobel.<\/p>\n<p>&nbsp;<\/p>\n<p>&nbsp;<\/p>\n<p>&nbsp;<\/p>\n<p>&nbsp;<\/p>\n<p>&nbsp;<\/p>\n<p><img fetchpriority=\"high\" decoding=\"async\" class=\"alignnone wp-image-96608\" src=\"https:\/\/globalsew.com\/wp-content\/uploads\/2018\/06\/strobel-lub-attention-website.global-copy.jpg\" alt=\"\" width=\"482\" height=\"321\" srcset=\"https:\/\/globalsew.com\/wp-content\/uploads\/2018\/06\/strobel-lub-attention-website.global-copy.jpg 800w, https:\/\/globalsew.com\/wp-content\/uploads\/2018\/06\/strobel-lub-attention-website.global-copy-555x370.jpg 555w, https:\/\/globalsew.com\/wp-content\/uploads\/2018\/06\/strobel-lub-attention-website.global-copy-300x200.jpg 300w, https:\/\/globalsew.com\/wp-content\/uploads\/2018\/06\/strobel-lub-attention-website.global-copy-768x512.jpg 768w, https:\/\/globalsew.com\/wp-content\/uploads\/2018\/06\/strobel-lub-attention-website.global-copy-205x137.jpg 205w, https:\/\/globalsew.com\/wp-content\/uploads\/2018\/06\/strobel-lub-attention-website.global-copy-521x347.jpg 521w\" sizes=\"(max-width: 482px) 100vw, 482px\" \/><\/p>\n\n\t\t<\/div>\n\t<\/div>\n<\/div><\/div><\/div><\/div>\n<\/div>","protected":false},"excerpt":{"rendered":"<p>Para descarregar, consulte a nossa p\u00e1gina de descarregamentos para o <a class=\"download-link\" href=\"https:\/\/globalsew.com\/pt\/descarregar\/strobel-serie-443\/\">M\u00e1quinas de cal\u00e7ado Strobel<\/a>.<\/p>\n<div class=\"col-md-4\"><\/div>","protected":false},"featured_media":105325,"template":"","meta":{"_acf_changed":false},"product_brand":[],"product_cat":[25,83],"product_tag":[],"class_list":{"0":"post-94769","1":"product","2":"type-product","3":"status-publish","4":"has-post-thumbnail","6":"product_cat-shoes","7":"product_cat-special-shoe-machines","8":"tm-has-options","10":"first","11":"instock","12":"shipping-taxable","13":"purchasable","14":"product-type-simple"},"acf":[],"gallery_images":[105752,105326,105327,105328,105329,105330,105331],"yoast_head":"<!-- This site is optimized with the Yoast SEO plugin v27.3 - https:\/\/yoast.com\/product\/yoast-seo-wordpress\/ -->\n<title>Strobel 444-2 - Global International B.V.<\/title>\n<meta name=\"robots\" content=\"index, follow, max-snippet:-1, max-image-preview:large, max-video-preview:-1\" \/>\n<link rel=\"canonical\" href=\"https:\/\/globalsew.com\/pt\/produto\/strobel-444-2\/\" \/>\n<meta property=\"og:locale\" content=\"pt_PT\" \/>\n<meta property=\"og:type\" content=\"article\" \/>\n<meta property=\"og:title\" content=\"Strobel 444-2 - Global International B.V.\" \/>\n<meta property=\"og:description\" content=\"For downloads see our downloads page for the Strobel shoe machines.\" \/>\n<meta property=\"og:url\" content=\"https:\/\/globalsew.com\/pt\/produto\/strobel-444-2\/\" \/>\n<meta property=\"og:site_name\" content=\"Global International B.V.\" \/>\n<meta property=\"article:modified_time\" content=\"2024-04-15T07:08:10+00:00\" \/>\n<meta property=\"og:image\" content=\"https:\/\/globalsew.com\/wp-content\/uploads\/2018\/06\/products-STROBEL-444-2-01-global-1080-website-2024.jpg\" \/>\n\t<meta property=\"og:image:width\" content=\"1819\" \/>\n\t<meta property=\"og:image:height\" content=\"1080\" \/>\n\t<meta property=\"og:image:type\" content=\"image\/jpeg\" \/>\n<meta name=\"twitter:card\" content=\"summary_large_image\" \/>\n<meta name=\"twitter:label1\" content=\"Tempo estimado de leitura\" \/>\n\t<meta name=\"twitter:data1\" content=\"2 minutos\" \/>\n<script type=\"application\/ld+json\" class=\"yoast-schema-graph\">{\"@context\":\"https:\\\/\\\/schema.org\",\"@graph\":[{\"@type\":\"WebPage\",\"@id\":\"https:\\\/\\\/globalsew.com\\\/product\\\/strobel-444-2\\\/\",\"url\":\"https:\\\/\\\/globalsew.com\\\/product\\\/strobel-444-2\\\/\",\"name\":\"Strobel 444-2 - Global International B.V.\",\"isPartOf\":{\"@id\":\"https:\\\/\\\/globalsew.com\\\/#website\"},\"primaryImageOfPage\":{\"@id\":\"https:\\\/\\\/globalsew.com\\\/product\\\/strobel-444-2\\\/#primaryimage\"},\"image\":{\"@id\":\"https:\\\/\\\/globalsew.com\\\/product\\\/strobel-444-2\\\/#primaryimage\"},\"thumbnailUrl\":\"https:\\\/\\\/globalsew.com\\\/wp-content\\\/uploads\\\/2018\\\/06\\\/products-STROBEL-444-2-01-global-1080-website-2024.jpg\",\"datePublished\":\"2018-06-12T11:37:08+00:00\",\"dateModified\":\"2024-04-15T07:08:10+00:00\",\"breadcrumb\":{\"@id\":\"https:\\\/\\\/globalsew.com\\\/product\\\/strobel-444-2\\\/#breadcrumb\"},\"inLanguage\":\"pt-PT\",\"potentialAction\":[{\"@type\":\"ReadAction\",\"target\":[\"https:\\\/\\\/globalsew.com\\\/product\\\/strobel-444-2\\\/\"]}]},{\"@type\":\"ImageObject\",\"inLanguage\":\"pt-PT\",\"@id\":\"https:\\\/\\\/globalsew.com\\\/product\\\/strobel-444-2\\\/#primaryimage\",\"url\":\"https:\\\/\\\/globalsew.com\\\/wp-content\\\/uploads\\\/2018\\\/06\\\/products-STROBEL-444-2-01-global-1080-website-2024.jpg\",\"contentUrl\":\"https:\\\/\\\/globalsew.com\\\/wp-content\\\/uploads\\\/2018\\\/06\\\/products-STROBEL-444-2-01-global-1080-website-2024.jpg\",\"width\":1819,\"height\":1080,\"caption\":\"Strobel 444-2\"},{\"@type\":\"BreadcrumbList\",\"@id\":\"https:\\\/\\\/globalsew.com\\\/product\\\/strobel-444-2\\\/#breadcrumb\",\"itemListElement\":[{\"@type\":\"ListItem\",\"position\":1,\"name\":\"Home\",\"item\":\"https:\\\/\\\/globalsew.com\\\/\"},{\"@type\":\"ListItem\",\"position\":2,\"name\":\"Products\",\"item\":\"https:\\\/\\\/globalsew.com\\\/products\\\/\"},{\"@type\":\"ListItem\",\"position\":3,\"name\":\"Strobel 444-2\"}]},{\"@type\":\"WebSite\",\"@id\":\"https:\\\/\\\/globalsew.com\\\/#website\",\"url\":\"https:\\\/\\\/globalsew.com\\\/\",\"name\":\"Global International B.V.\",\"description\":\"Industrial Sewing Machines\",\"potentialAction\":[{\"@type\":\"SearchAction\",\"target\":{\"@type\":\"EntryPoint\",\"urlTemplate\":\"https:\\\/\\\/globalsew.com\\\/?s={search_term_string}\"},\"query-input\":{\"@type\":\"PropertyValueSpecification\",\"valueRequired\":true,\"valueName\":\"search_term_string\"}}],\"inLanguage\":\"pt-PT\"}]}<\/script>\n<!-- \/ Yoast SEO plugin. -->","yoast_head_json":{"title":"Strobel 444-2 - Global International B.V.","robots":{"index":"index","follow":"follow","max-snippet":"max-snippet:-1","max-image-preview":"max-image-preview:large","max-video-preview":"max-video-preview:-1"},"canonical":"https:\/\/globalsew.com\/pt\/produto\/strobel-444-2\/","og_locale":"pt_PT","og_type":"article","og_title":"Strobel 444-2 - Global International B.V.","og_description":"For downloads see our downloads page for the Strobel shoe machines.","og_url":"https:\/\/globalsew.com\/pt\/produto\/strobel-444-2\/","og_site_name":"Global International B.V.","article_modified_time":"2024-04-15T07:08:10+00:00","og_image":[{"width":1819,"height":1080,"url":"https:\/\/globalsew.com\/wp-content\/uploads\/2018\/06\/products-STROBEL-444-2-01-global-1080-website-2024.jpg","type":"image\/jpeg"}],"twitter_card":"summary_large_image","twitter_misc":{"Tempo estimado de leitura":"2 minutos"},"schema":{"@context":"https:\/\/schema.org","@graph":[{"@type":"WebPage","@id":"https:\/\/globalsew.com\/product\/strobel-444-2\/","url":"https:\/\/globalsew.com\/product\/strobel-444-2\/","name":"Strobel 444-2 - Global International B.V.","isPartOf":{"@id":"https:\/\/globalsew.com\/#website"},"primaryImageOfPage":{"@id":"https:\/\/globalsew.com\/product\/strobel-444-2\/#primaryimage"},"image":{"@id":"https:\/\/globalsew.com\/product\/strobel-444-2\/#primaryimage"},"thumbnailUrl":"https:\/\/globalsew.com\/wp-content\/uploads\/2018\/06\/products-STROBEL-444-2-01-global-1080-website-2024.jpg","datePublished":"2018-06-12T11:37:08+00:00","dateModified":"2024-04-15T07:08:10+00:00","breadcrumb":{"@id":"https:\/\/globalsew.com\/product\/strobel-444-2\/#breadcrumb"},"inLanguage":"pt-PT","potentialAction":[{"@type":"ReadAction","target":["https:\/\/globalsew.com\/product\/strobel-444-2\/"]}]},{"@type":"ImageObject","inLanguage":"pt-PT","@id":"https:\/\/globalsew.com\/product\/strobel-444-2\/#primaryimage","url":"https:\/\/globalsew.com\/wp-content\/uploads\/2018\/06\/products-STROBEL-444-2-01-global-1080-website-2024.jpg","contentUrl":"https:\/\/globalsew.com\/wp-content\/uploads\/2018\/06\/products-STROBEL-444-2-01-global-1080-website-2024.jpg","width":1819,"height":1080,"caption":"Strobel 444-2"},{"@type":"BreadcrumbList","@id":"https:\/\/globalsew.com\/product\/strobel-444-2\/#breadcrumb","itemListElement":[{"@type":"ListItem","position":1,"name":"Home","item":"https:\/\/globalsew.com\/"},{"@type":"ListItem","position":2,"name":"Products","item":"https:\/\/globalsew.com\/products\/"},{"@type":"ListItem","position":3,"name":"Strobel 444-2"}]},{"@type":"WebSite","@id":"https:\/\/globalsew.com\/#website","url":"https:\/\/globalsew.com\/","name":"Global International B.V.","description":"M\u00e1quinas de costura industriais","potentialAction":[{"@type":"SearchAction","target":{"@type":"EntryPoint","urlTemplate":"https:\/\/globalsew.com\/?s={search_term_string}"},"query-input":{"@type":"PropertyValueSpecification","valueRequired":true,"valueName":"search_term_string"}}],"inLanguage":"pt-PT"}]}},"_links":{"self":[{"href":"https:\/\/globalsew.com\/pt\/wp-json\/wp\/v2\/product\/94769","targetHints":{"allow":["GET"]}}],"collection":[{"href":"https:\/\/globalsew.com\/pt\/wp-json\/wp\/v2\/product"}],"about":[{"href":"https:\/\/globalsew.com\/pt\/wp-json\/wp\/v2\/types\/product"}],"wp:featuredmedia":[{"embeddable":true,"href":"https:\/\/globalsew.com\/pt\/wp-json\/wp\/v2\/media\/105325"}],"wp:attachment":[{"href":"https:\/\/globalsew.com\/pt\/wp-json\/wp\/v2\/media?parent=94769"}],"wp:term":[{"taxonomy":"product_brand","embeddable":true,"href":"https:\/\/globalsew.com\/pt\/wp-json\/wp\/v2\/product_brand?post=94769"},{"taxonomy":"product_cat","embeddable":true,"href":"https:\/\/globalsew.com\/pt\/wp-json\/wp\/v2\/product_cat?post=94769"},{"taxonomy":"product_tag","embeddable":true,"href":"https:\/\/globalsew.com\/pt\/wp-json\/wp\/v2\/product_tag?post=94769"}],"curies":[{"name":"wp","href":"https:\/\/api.w.org\/{rel}","templated":true}]}}