{"id":94768,"date":"2018-06-12T12:57:12","date_gmt":"2018-06-12T10:57:12","guid":{"rendered":"https:\/\/globalsew.com\/?post_type=product&#038;p=94768"},"modified":"2024-04-02T15:23:04","modified_gmt":"2024-04-02T13:23:04","slug":"strobel-443-1","status":"publish","type":"product","link":"https:\/\/globalsew.com\/pt\/product\/strobel-443-1\/","title":{"rendered":"Strobel 443-1"},"content":{"rendered":"<p><img decoding=\"async\" class=\"alignnone wp-image-96613\" src=\"https:\/\/globalsew.com\/wp-content\/uploads\/2018\/06\/header-strobel-443-1-global.jpg\" alt=\"\" width=\"200\" height=\"91\" srcset=\"https:\/\/globalsew.com\/wp-content\/uploads\/2018\/06\/header-strobel-443-1-global.jpg 374w, https:\/\/globalsew.com\/wp-content\/uploads\/2018\/06\/header-strobel-443-1-global-300x136.jpg 300w, https:\/\/globalsew.com\/wp-content\/uploads\/2018\/06\/header-strobel-443-1-global-205x93.jpg 205w\" sizes=\"(max-width: 200px) 100vw, 200px\" \/><br \/>\nCom esta m\u00e1quina de costura robusta, as palmilhas s\u00e3o cosidas \u00e0 g\u00e1spea. Em rela\u00e7\u00e3o ao m\u00e9todo de costura convencional, o m\u00e9todo Strobel poupa bastante material. Com esta m\u00e1quina, \u00e9 poss\u00edvel coser couro ou t\u00eaxteis at\u00e9 uma espessura de 7 mm. Assim, o dispositivo de alceamento ajuda a coser a parte superior em cheio. O equipamento opcional (diferentes alimentadores e copos frontais) permite que a m\u00e1quina fabrique cal\u00e7ado para crian\u00e7as ou material muito delicado. Tamb\u00e9m s\u00e3o oferecidos kits para cal\u00e7ado com cordas (com cordas at\u00e9 1,7 mm ou at\u00e9 2,5 mm de di\u00e2metro) ou para cal\u00e7ado tipo Calif\u00f3rnia.<\/p>\n<p>&nbsp;<\/p>\n<p>&nbsp;<\/p>\n<p>&nbsp;<\/p>\n<p><img fetchpriority=\"high\" decoding=\"async\" class=\"alignnone wp-image-96608\" src=\"https:\/\/globalsew.com\/wp-content\/uploads\/2018\/06\/strobel-lub-attention-website.global-copy.jpg\" alt=\"\" width=\"504\" height=\"336\" srcset=\"https:\/\/globalsew.com\/wp-content\/uploads\/2018\/06\/strobel-lub-attention-website.global-copy.jpg 800w, https:\/\/globalsew.com\/wp-content\/uploads\/2018\/06\/strobel-lub-attention-website.global-copy-555x370.jpg 555w, https:\/\/globalsew.com\/wp-content\/uploads\/2018\/06\/strobel-lub-attention-website.global-copy-300x200.jpg 300w, https:\/\/globalsew.com\/wp-content\/uploads\/2018\/06\/strobel-lub-attention-website.global-copy-768x512.jpg 768w, https:\/\/globalsew.com\/wp-content\/uploads\/2018\/06\/strobel-lub-attention-website.global-copy-205x137.jpg 205w, https:\/\/globalsew.com\/wp-content\/uploads\/2018\/06\/strobel-lub-attention-website.global-copy-521x347.jpg 521w\" sizes=\"(max-width: 504px) 100vw, 504px\" \/><\/p>","protected":false},"excerpt":{"rendered":"<div class=\"row\">\n<div class=\"col-md-8\">Para descarregar, consulte a nossa p\u00e1gina de descarregamentos para o <a class=\"download-link\" href=\"https:\/\/globalsew.com\/pt\/descarregar\/strobel-serie-443\/\">M\u00e1quinas de cal\u00e7ado Strobel<\/a>.<\/div>\n<div class=\"col-md-4\"><\/div>\n<\/div>","protected":false},"featured_media":105324,"template":"","meta":{"_acf_changed":false},"product_brand":[],"product_cat":[25,83],"product_tag":[],"class_list":{"0":"post-94768","1":"product","2":"type-product","3":"status-publish","4":"has-post-thumbnail","6":"product_cat-shoes","7":"product_cat-special-shoe-machines","8":"tm-has-options","10":"first","11":"instock","12":"shipping-taxable","13":"purchasable","14":"product-type-simple"},"acf":[],"gallery_images":[105323],"yoast_head":"<!-- This site is optimized with the Yoast SEO plugin v27.3 - https:\/\/yoast.com\/product\/yoast-seo-wordpress\/ -->\n<title>Strobel 443-1 - Global International B.V.<\/title>\n<meta name=\"robots\" content=\"index, follow, max-snippet:-1, max-image-preview:large, max-video-preview:-1\" \/>\n<link rel=\"canonical\" href=\"https:\/\/globalsew.com\/pt\/produto\/strobel-443-1\/\" \/>\n<meta property=\"og:locale\" content=\"pt_PT\" \/>\n<meta property=\"og:type\" content=\"article\" \/>\n<meta property=\"og:title\" content=\"Strobel 443-1 - Global International B.V.\" \/>\n<meta property=\"og:description\" content=\"For downloads see our downloads page for the Strobel shoe machines.\" \/>\n<meta property=\"og:url\" content=\"https:\/\/globalsew.com\/pt\/produto\/strobel-443-1\/\" \/>\n<meta property=\"og:site_name\" content=\"Global International B.V.\" \/>\n<meta property=\"article:modified_time\" content=\"2024-04-02T13:23:04+00:00\" \/>\n<meta property=\"og:image\" content=\"https:\/\/globalsew.com\/wp-content\/uploads\/2018\/06\/products-STROBEL-443-1-04-global-1080-website-2024.jpg\" \/>\n\t<meta property=\"og:image:width\" content=\"1819\" \/>\n\t<meta property=\"og:image:height\" content=\"1080\" \/>\n\t<meta property=\"og:image:type\" content=\"image\/jpeg\" \/>\n<meta name=\"twitter:card\" content=\"summary_large_image\" \/>\n<meta name=\"twitter:label1\" content=\"Tempo estimado de leitura\" \/>\n\t<meta name=\"twitter:data1\" content=\"2 minutos\" \/>\n<script type=\"application\/ld+json\" class=\"yoast-schema-graph\">{\"@context\":\"https:\\\/\\\/schema.org\",\"@graph\":[{\"@type\":\"WebPage\",\"@id\":\"https:\\\/\\\/globalsew.com\\\/product\\\/strobel-443-1\\\/\",\"url\":\"https:\\\/\\\/globalsew.com\\\/product\\\/strobel-443-1\\\/\",\"name\":\"Strobel 443-1 - Global International B.V.\",\"isPartOf\":{\"@id\":\"https:\\\/\\\/globalsew.com\\\/#website\"},\"primaryImageOfPage\":{\"@id\":\"https:\\\/\\\/globalsew.com\\\/product\\\/strobel-443-1\\\/#primaryimage\"},\"image\":{\"@id\":\"https:\\\/\\\/globalsew.com\\\/product\\\/strobel-443-1\\\/#primaryimage\"},\"thumbnailUrl\":\"https:\\\/\\\/globalsew.com\\\/wp-content\\\/uploads\\\/2018\\\/06\\\/products-STROBEL-443-1-04-global-1080-website-2024.jpg\",\"datePublished\":\"2018-06-12T10:57:12+00:00\",\"dateModified\":\"2024-04-02T13:23:04+00:00\",\"breadcrumb\":{\"@id\":\"https:\\\/\\\/globalsew.com\\\/product\\\/strobel-443-1\\\/#breadcrumb\"},\"inLanguage\":\"pt-PT\",\"potentialAction\":[{\"@type\":\"ReadAction\",\"target\":[\"https:\\\/\\\/globalsew.com\\\/product\\\/strobel-443-1\\\/\"]}]},{\"@type\":\"ImageObject\",\"inLanguage\":\"pt-PT\",\"@id\":\"https:\\\/\\\/globalsew.com\\\/product\\\/strobel-443-1\\\/#primaryimage\",\"url\":\"https:\\\/\\\/globalsew.com\\\/wp-content\\\/uploads\\\/2018\\\/06\\\/products-STROBEL-443-1-04-global-1080-website-2024.jpg\",\"contentUrl\":\"https:\\\/\\\/globalsew.com\\\/wp-content\\\/uploads\\\/2018\\\/06\\\/products-STROBEL-443-1-04-global-1080-website-2024.jpg\",\"width\":1819,\"height\":1080,\"caption\":\"Strobel 443-1\"},{\"@type\":\"BreadcrumbList\",\"@id\":\"https:\\\/\\\/globalsew.com\\\/product\\\/strobel-443-1\\\/#breadcrumb\",\"itemListElement\":[{\"@type\":\"ListItem\",\"position\":1,\"name\":\"Home\",\"item\":\"https:\\\/\\\/globalsew.com\\\/\"},{\"@type\":\"ListItem\",\"position\":2,\"name\":\"Products\",\"item\":\"https:\\\/\\\/globalsew.com\\\/products\\\/\"},{\"@type\":\"ListItem\",\"position\":3,\"name\":\"Strobel 443-1\"}]},{\"@type\":\"WebSite\",\"@id\":\"https:\\\/\\\/globalsew.com\\\/#website\",\"url\":\"https:\\\/\\\/globalsew.com\\\/\",\"name\":\"Global International B.V.\",\"description\":\"Industrial Sewing Machines\",\"potentialAction\":[{\"@type\":\"SearchAction\",\"target\":{\"@type\":\"EntryPoint\",\"urlTemplate\":\"https:\\\/\\\/globalsew.com\\\/?s={search_term_string}\"},\"query-input\":{\"@type\":\"PropertyValueSpecification\",\"valueRequired\":true,\"valueName\":\"search_term_string\"}}],\"inLanguage\":\"pt-PT\"}]}<\/script>\n<!-- \/ Yoast SEO plugin. -->","yoast_head_json":{"title":"Strobel 443-1 - Global International B.V.","robots":{"index":"index","follow":"follow","max-snippet":"max-snippet:-1","max-image-preview":"max-image-preview:large","max-video-preview":"max-video-preview:-1"},"canonical":"https:\/\/globalsew.com\/pt\/produto\/strobel-443-1\/","og_locale":"pt_PT","og_type":"article","og_title":"Strobel 443-1 - Global International B.V.","og_description":"For downloads see our downloads page for the Strobel shoe machines.","og_url":"https:\/\/globalsew.com\/pt\/produto\/strobel-443-1\/","og_site_name":"Global International B.V.","article_modified_time":"2024-04-02T13:23:04+00:00","og_image":[{"width":1819,"height":1080,"url":"https:\/\/globalsew.com\/wp-content\/uploads\/2018\/06\/products-STROBEL-443-1-04-global-1080-website-2024.jpg","type":"image\/jpeg"}],"twitter_card":"summary_large_image","twitter_misc":{"Tempo estimado de leitura":"2 minutos"},"schema":{"@context":"https:\/\/schema.org","@graph":[{"@type":"WebPage","@id":"https:\/\/globalsew.com\/product\/strobel-443-1\/","url":"https:\/\/globalsew.com\/product\/strobel-443-1\/","name":"Strobel 443-1 - Global International B.V.","isPartOf":{"@id":"https:\/\/globalsew.com\/#website"},"primaryImageOfPage":{"@id":"https:\/\/globalsew.com\/product\/strobel-443-1\/#primaryimage"},"image":{"@id":"https:\/\/globalsew.com\/product\/strobel-443-1\/#primaryimage"},"thumbnailUrl":"https:\/\/globalsew.com\/wp-content\/uploads\/2018\/06\/products-STROBEL-443-1-04-global-1080-website-2024.jpg","datePublished":"2018-06-12T10:57:12+00:00","dateModified":"2024-04-02T13:23:04+00:00","breadcrumb":{"@id":"https:\/\/globalsew.com\/product\/strobel-443-1\/#breadcrumb"},"inLanguage":"pt-PT","potentialAction":[{"@type":"ReadAction","target":["https:\/\/globalsew.com\/product\/strobel-443-1\/"]}]},{"@type":"ImageObject","inLanguage":"pt-PT","@id":"https:\/\/globalsew.com\/product\/strobel-443-1\/#primaryimage","url":"https:\/\/globalsew.com\/wp-content\/uploads\/2018\/06\/products-STROBEL-443-1-04-global-1080-website-2024.jpg","contentUrl":"https:\/\/globalsew.com\/wp-content\/uploads\/2018\/06\/products-STROBEL-443-1-04-global-1080-website-2024.jpg","width":1819,"height":1080,"caption":"Strobel 443-1"},{"@type":"BreadcrumbList","@id":"https:\/\/globalsew.com\/product\/strobel-443-1\/#breadcrumb","itemListElement":[{"@type":"ListItem","position":1,"name":"Home","item":"https:\/\/globalsew.com\/"},{"@type":"ListItem","position":2,"name":"Products","item":"https:\/\/globalsew.com\/products\/"},{"@type":"ListItem","position":3,"name":"Strobel 443-1"}]},{"@type":"WebSite","@id":"https:\/\/globalsew.com\/#website","url":"https:\/\/globalsew.com\/","name":"Global International B.V.","description":"M\u00e1quinas de costura industriais","potentialAction":[{"@type":"SearchAction","target":{"@type":"EntryPoint","urlTemplate":"https:\/\/globalsew.com\/?s={search_term_string}"},"query-input":{"@type":"PropertyValueSpecification","valueRequired":true,"valueName":"search_term_string"}}],"inLanguage":"pt-PT"}]}},"_links":{"self":[{"href":"https:\/\/globalsew.com\/pt\/wp-json\/wp\/v2\/product\/94768","targetHints":{"allow":["GET"]}}],"collection":[{"href":"https:\/\/globalsew.com\/pt\/wp-json\/wp\/v2\/product"}],"about":[{"href":"https:\/\/globalsew.com\/pt\/wp-json\/wp\/v2\/types\/product"}],"wp:featuredmedia":[{"embeddable":true,"href":"https:\/\/globalsew.com\/pt\/wp-json\/wp\/v2\/media\/105324"}],"wp:attachment":[{"href":"https:\/\/globalsew.com\/pt\/wp-json\/wp\/v2\/media?parent=94768"}],"wp:term":[{"taxonomy":"product_brand","embeddable":true,"href":"https:\/\/globalsew.com\/pt\/wp-json\/wp\/v2\/product_brand?post=94768"},{"taxonomy":"product_cat","embeddable":true,"href":"https:\/\/globalsew.com\/pt\/wp-json\/wp\/v2\/product_cat?post=94768"},{"taxonomy":"product_tag","embeddable":true,"href":"https:\/\/globalsew.com\/pt\/wp-json\/wp\/v2\/product_tag?post=94768"}],"curies":[{"name":"wp","href":"https:\/\/api.w.org\/{rel}","templated":true}]}}