{"id":94560,"date":"2018-03-19T15:12:59","date_gmt":"2018-03-19T14:12:59","guid":{"rendered":"https:\/\/globalsew.com\/?post_type=product&#038;p=94560"},"modified":"2025-02-19T11:04:14","modified_gmt":"2025-02-19T10:04:14","slug":"serie-g","status":"publish","type":"product","link":"https:\/\/globalsew.com\/pt\/product\/g-series\/","title":{"rendered":"S\u00e9rie G"},"content":{"rendered":"<p>A renovada s\u00e9rie G veio satisfazer a procura de um servomotor econ\u00f3mico, de alta qualidade e com poupan\u00e7a de energia, com posicionamento de agulha e algumas novas carater\u00edsticas especiais. A velocidade pode ser facilmente controlada com o novo potenci\u00f3metro no motor. A nova s\u00e9rie G pode agora tamb\u00e9m ser utilizada em m\u00e1quinas de desbaste, m\u00e1quinas de enfiar cordas autom\u00e1ticas e como motor de indu\u00e7\u00e3o, devido \u00e0 nova fun\u00e7\u00e3o de funcionamento cont\u00ednuo autom\u00e1tico. Com uma nova e vasta gama de par\u00e2metros, a s\u00e9rie G pode ser configurada para acionar a sua m\u00e1quina de forma perfeita e muito mais suave. Esta nova s\u00e9rie G inclui um regulador de velocidade manual.<\/p>\n<p><strong>G40-1N<\/strong>: Corpo do motor de 400 Watt para ponto de fecho de alta velocidade, overloque, ponto cego e interbloqueio normal, incluindo regulador de velocidade manual.<br \/>\n<strong>G40-2N<\/strong>: igual a G40-1N mas com sa\u00edda para o elevador de calcador PNEUMATIC e arrefecimento da agulha (sinal de funcionamento do motor).<br \/>\n<strong>G60-1N<\/strong>Motor de 600 watts, devido ao bin\u00e1rio relativamente elevado, o G-60 pode ser utilizado em algumas m\u00e1quinas mais pesadas, como m\u00e1quinas de p\u00e9 leve ou m\u00e9dio, incluindo regulador de velocidade manual.<br \/>\n<strong>G60-2N<\/strong>: igual a G60-1N mas com sa\u00edda para o elevador de calcador PNEUMATIC e arrefecimento da agulha (sinal de funcionamento do motor).<br \/>\n<strong>G60-1-NP<\/strong>: igual ao G60-1 apenas com potenci\u00f3metro de velocidade para limitar facilmente a velocidade m\u00e1xima.<br \/>\n<strong>G75-2<\/strong>O mesmo que o G60-2 mas com 750 Watt de pot\u00eancia (sa\u00edda para o elevador de calcador PNEUMATIC e arrefecimento da agulha \/ sinal de funcionamento do motor). N\u00e3o \u00e9 adequado para m\u00e1quinas com um volante grande como a Global WF 9204 \/ 9205. Sem regulador manual de velocidade.<\/p>\n<p>O sincronizador externo 700-1 \u00e9 uma op\u00e7\u00e3o. A s\u00e9rie G pode funcionar com ou sem sincronizador externo e n\u00e3o \u00e9 necess\u00e1rio alterar quaisquer defini\u00e7\u00f5es para tal, a caixa de controlo detectar\u00e1 automaticamente o sincronizador externo e ajustar-se-\u00e1.<\/p>\n<p>&nbsp;<\/p>\n<p>&nbsp;<\/p>\n<p><img decoding=\"async\" class=\"alignnone size-full wp-image-94846\" src=\"https:\/\/globalsew.com\/wp-content\/uploads\/2018\/03\/iso-xs-global.jpg\" alt=\"\" width=\"73\" height=\"68\" \/>\u00a0\u00a0<img decoding=\"async\" class=\"alignnone size-full wp-image-94845\" src=\"https:\/\/globalsew.com\/wp-content\/uploads\/2018\/03\/rohs-xs-global.jpg\" alt=\"\" width=\"73\" height=\"68\" \/>\u00a0 \u00a0 \u00a0<img decoding=\"async\" class=\"alignnone size-full wp-image-94794\" src=\"https:\/\/globalsew.com\/wp-content\/uploads\/2017\/04\/eac-xs-global.jpg\" alt=\"\" width=\"73\" height=\"68\" \/><img loading=\"lazy\" decoding=\"async\" class=\"alignnone size-full wp-image-94793\" src=\"https:\/\/globalsew.com\/wp-content\/uploads\/2017\/04\/ce-xs-global.jpg\" alt=\"\" width=\"73\" height=\"68\" \/><\/p>","protected":false},"excerpt":{"rendered":"<div class=\"row\">\n<div class=\"col-md-6\"><a class=\"download-button\" href=\"https:\/\/globalsew.com\/wp-content\/uploads\/2017\/03\/Ho-Hsing-brochure.pdf\" target=\"_blank\" rel=\"noopener\">Descarregar folheto<\/a><\/div>\n<\/div>","protected":false},"featured_media":111507,"template":"","meta":{"_acf_changed":false},"product_brand":[],"product_cat":[378,141],"product_tag":[],"class_list":{"0":"post-94560","1":"product","2":"type-product","3":"status-publish","4":"has-post-thumbnail","6":"product_cat-ho-hsing-servomotors","7":"product_cat-motors","8":"tm-has-options","10":"first","11":"instock","12":"shipping-taxable","13":"purchasable","14":"product-type-simple"},"acf":[],"gallery_images":[111508,111511,111509,111510,111512],"yoast_head":"<!-- This site is optimized with the Yoast SEO plugin v27.3 - https:\/\/yoast.com\/product\/yoast-seo-wordpress\/ -->\n<title>G series - Global International B.V.<\/title>\n<meta name=\"robots\" content=\"index, follow, max-snippet:-1, max-image-preview:large, max-video-preview:-1\" \/>\n<link rel=\"canonical\" href=\"https:\/\/globalsew.com\/pt\/produto\/serie-g\/\" \/>\n<meta property=\"og:locale\" content=\"pt_PT\" \/>\n<meta property=\"og:type\" content=\"article\" \/>\n<meta property=\"og:title\" content=\"G series - Global International B.V.\" \/>\n<meta property=\"og:description\" content=\"Download Leaflet\" \/>\n<meta property=\"og:url\" content=\"https:\/\/globalsew.com\/pt\/produto\/serie-g\/\" \/>\n<meta property=\"og:site_name\" content=\"Global International B.V.\" \/>\n<meta property=\"article:modified_time\" content=\"2025-02-19T10:04:14+00:00\" \/>\n<meta property=\"og:image\" content=\"https:\/\/globalsew.com\/wp-content\/uploads\/2018\/03\/products-HOHSING-G60SERIES-01-global-1080-website-2024-Recovered.jpg\" \/>\n\t<meta property=\"og:image:width\" content=\"1819\" \/>\n\t<meta property=\"og:image:height\" content=\"1080\" \/>\n\t<meta property=\"og:image:type\" content=\"image\/jpeg\" \/>\n<meta name=\"twitter:card\" content=\"summary_large_image\" \/>\n<meta name=\"twitter:label1\" content=\"Tempo estimado de leitura\" \/>\n\t<meta name=\"twitter:data1\" content=\"3 minutos\" \/>\n<script type=\"application\/ld+json\" class=\"yoast-schema-graph\">{\"@context\":\"https:\\\/\\\/schema.org\",\"@graph\":[{\"@type\":\"WebPage\",\"@id\":\"https:\\\/\\\/globalsew.com\\\/product\\\/g-series\\\/\",\"url\":\"https:\\\/\\\/globalsew.com\\\/product\\\/g-series\\\/\",\"name\":\"G series - Global International B.V.\",\"isPartOf\":{\"@id\":\"https:\\\/\\\/globalsew.com\\\/#website\"},\"primaryImageOfPage\":{\"@id\":\"https:\\\/\\\/globalsew.com\\\/product\\\/g-series\\\/#primaryimage\"},\"image\":{\"@id\":\"https:\\\/\\\/globalsew.com\\\/product\\\/g-series\\\/#primaryimage\"},\"thumbnailUrl\":\"https:\\\/\\\/globalsew.com\\\/wp-content\\\/uploads\\\/2018\\\/03\\\/products-HOHSING-G60SERIES-01-global-1080-website-2024-Recovered.jpg\",\"datePublished\":\"2018-03-19T14:12:59+00:00\",\"dateModified\":\"2025-02-19T10:04:14+00:00\",\"breadcrumb\":{\"@id\":\"https:\\\/\\\/globalsew.com\\\/product\\\/g-series\\\/#breadcrumb\"},\"inLanguage\":\"pt-PT\",\"potentialAction\":[{\"@type\":\"ReadAction\",\"target\":[\"https:\\\/\\\/globalsew.com\\\/product\\\/g-series\\\/\"]}]},{\"@type\":\"ImageObject\",\"inLanguage\":\"pt-PT\",\"@id\":\"https:\\\/\\\/globalsew.com\\\/product\\\/g-series\\\/#primaryimage\",\"url\":\"https:\\\/\\\/globalsew.com\\\/wp-content\\\/uploads\\\/2018\\\/03\\\/products-HOHSING-G60SERIES-01-global-1080-website-2024-Recovered.jpg\",\"contentUrl\":\"https:\\\/\\\/globalsew.com\\\/wp-content\\\/uploads\\\/2018\\\/03\\\/products-HOHSING-G60SERIES-01-global-1080-website-2024-Recovered.jpg\",\"width\":1819,\"height\":1080},{\"@type\":\"BreadcrumbList\",\"@id\":\"https:\\\/\\\/globalsew.com\\\/product\\\/g-series\\\/#breadcrumb\",\"itemListElement\":[{\"@type\":\"ListItem\",\"position\":1,\"name\":\"Home\",\"item\":\"https:\\\/\\\/globalsew.com\\\/\"},{\"@type\":\"ListItem\",\"position\":2,\"name\":\"Products\",\"item\":\"https:\\\/\\\/globalsew.com\\\/products\\\/\"},{\"@type\":\"ListItem\",\"position\":3,\"name\":\"G series\"}]},{\"@type\":\"WebSite\",\"@id\":\"https:\\\/\\\/globalsew.com\\\/#website\",\"url\":\"https:\\\/\\\/globalsew.com\\\/\",\"name\":\"Global International B.V.\",\"description\":\"Industrial Sewing Machines\",\"potentialAction\":[{\"@type\":\"SearchAction\",\"target\":{\"@type\":\"EntryPoint\",\"urlTemplate\":\"https:\\\/\\\/globalsew.com\\\/?s={search_term_string}\"},\"query-input\":{\"@type\":\"PropertyValueSpecification\",\"valueRequired\":true,\"valueName\":\"search_term_string\"}}],\"inLanguage\":\"pt-PT\"}]}<\/script>\n<!-- \/ Yoast SEO plugin. -->","yoast_head_json":{"title":"S\u00e9rie G - Global International B.V.","robots":{"index":"index","follow":"follow","max-snippet":"max-snippet:-1","max-image-preview":"max-image-preview:large","max-video-preview":"max-video-preview:-1"},"canonical":"https:\/\/globalsew.com\/pt\/produto\/serie-g\/","og_locale":"pt_PT","og_type":"article","og_title":"G series - Global International B.V.","og_description":"Download Leaflet","og_url":"https:\/\/globalsew.com\/pt\/produto\/serie-g\/","og_site_name":"Global International B.V.","article_modified_time":"2025-02-19T10:04:14+00:00","og_image":[{"width":1819,"height":1080,"url":"https:\/\/globalsew.com\/wp-content\/uploads\/2018\/03\/products-HOHSING-G60SERIES-01-global-1080-website-2024-Recovered.jpg","type":"image\/jpeg"}],"twitter_card":"summary_large_image","twitter_misc":{"Tempo estimado de leitura":"3 minutos"},"schema":{"@context":"https:\/\/schema.org","@graph":[{"@type":"WebPage","@id":"https:\/\/globalsew.com\/product\/g-series\/","url":"https:\/\/globalsew.com\/product\/g-series\/","name":"S\u00e9rie G - Global International B.V.","isPartOf":{"@id":"https:\/\/globalsew.com\/#website"},"primaryImageOfPage":{"@id":"https:\/\/globalsew.com\/product\/g-series\/#primaryimage"},"image":{"@id":"https:\/\/globalsew.com\/product\/g-series\/#primaryimage"},"thumbnailUrl":"https:\/\/globalsew.com\/wp-content\/uploads\/2018\/03\/products-HOHSING-G60SERIES-01-global-1080-website-2024-Recovered.jpg","datePublished":"2018-03-19T14:12:59+00:00","dateModified":"2025-02-19T10:04:14+00:00","breadcrumb":{"@id":"https:\/\/globalsew.com\/product\/g-series\/#breadcrumb"},"inLanguage":"pt-PT","potentialAction":[{"@type":"ReadAction","target":["https:\/\/globalsew.com\/product\/g-series\/"]}]},{"@type":"ImageObject","inLanguage":"pt-PT","@id":"https:\/\/globalsew.com\/product\/g-series\/#primaryimage","url":"https:\/\/globalsew.com\/wp-content\/uploads\/2018\/03\/products-HOHSING-G60SERIES-01-global-1080-website-2024-Recovered.jpg","contentUrl":"https:\/\/globalsew.com\/wp-content\/uploads\/2018\/03\/products-HOHSING-G60SERIES-01-global-1080-website-2024-Recovered.jpg","width":1819,"height":1080},{"@type":"BreadcrumbList","@id":"https:\/\/globalsew.com\/product\/g-series\/#breadcrumb","itemListElement":[{"@type":"ListItem","position":1,"name":"Home","item":"https:\/\/globalsew.com\/"},{"@type":"ListItem","position":2,"name":"Products","item":"https:\/\/globalsew.com\/products\/"},{"@type":"ListItem","position":3,"name":"G series"}]},{"@type":"WebSite","@id":"https:\/\/globalsew.com\/#website","url":"https:\/\/globalsew.com\/","name":"Global International B.V.","description":"M\u00e1quinas de costura industriais","potentialAction":[{"@type":"SearchAction","target":{"@type":"EntryPoint","urlTemplate":"https:\/\/globalsew.com\/?s={search_term_string}"},"query-input":{"@type":"PropertyValueSpecification","valueRequired":true,"valueName":"search_term_string"}}],"inLanguage":"pt-PT"}]}},"_links":{"self":[{"href":"https:\/\/globalsew.com\/pt\/wp-json\/wp\/v2\/product\/94560","targetHints":{"allow":["GET"]}}],"collection":[{"href":"https:\/\/globalsew.com\/pt\/wp-json\/wp\/v2\/product"}],"about":[{"href":"https:\/\/globalsew.com\/pt\/wp-json\/wp\/v2\/types\/product"}],"wp:featuredmedia":[{"embeddable":true,"href":"https:\/\/globalsew.com\/pt\/wp-json\/wp\/v2\/media\/111507"}],"wp:attachment":[{"href":"https:\/\/globalsew.com\/pt\/wp-json\/wp\/v2\/media?parent=94560"}],"wp:term":[{"taxonomy":"product_brand","embeddable":true,"href":"https:\/\/globalsew.com\/pt\/wp-json\/wp\/v2\/product_brand?post=94560"},{"taxonomy":"product_cat","embeddable":true,"href":"https:\/\/globalsew.com\/pt\/wp-json\/wp\/v2\/product_cat?post=94560"},{"taxonomy":"product_tag","embeddable":true,"href":"https:\/\/globalsew.com\/pt\/wp-json\/wp\/v2\/product_tag?post=94560"}],"curies":[{"name":"wp","href":"https:\/\/api.w.org\/{rel}","templated":true}]}}