{"id":94554,"date":"2018-03-19T12:52:33","date_gmt":"2018-03-19T11:52:33","guid":{"rendered":"https:\/\/globalsew.com\/?post_type=product&#038;p=94554"},"modified":"2024-05-22T10:01:27","modified_gmt":"2024-05-22T08:01:27","slug":"serie-i90","status":"publish","type":"product","link":"https:\/\/globalsew.com\/pt\/product\/i90-series\/","title":{"rendered":"S\u00e9rie i90"},"content":{"rendered":"<p>Este motor n\u00e3o precisa de mais apresenta\u00e7\u00f5es, com o seu bin\u00e1rio elevado e o seu corpo s\u00f3lido, a s\u00e9rie i90M substitui o<br \/>\nA m\u00e1quina \u00e9 uma das mais famosas da s\u00e9rie HVP-90 e \u00e9 adequada para acionar at\u00e9 m\u00e1quinas pesadas como a Global WF 9204. Com a sua<br \/>\nA sua grande variedade de fun\u00e7\u00f5es pode ser utilizada numa vasta gama de aplica\u00e7\u00f5es especiais de m\u00e1quinas de costura.<\/p>\n<p>Modelos dispon\u00edveis:<\/p>\n<p>S\u00f3lido e potente <strong>550 W<\/strong> servo motor:<\/p>\n<p><strong>i90M-4-11-220<\/strong> - Modelo Mitsubishi<br \/>\n<strong>i90M-4-7W-220<\/strong> - Modelo Juki<br \/>\n<strong>i90M-4-BR-220<\/strong> - Modelo Brother<\/p>\n<p>S\u00f3lido e extra potente <strong>750 W<\/strong> servomotor para trabalhos extra pesados:<\/p>\n<p><strong>i90M-4-11-220<\/strong> - Modelo Mitsubishi<br \/>\n<strong>i90M-4-LU-220<\/strong> - para a s\u00e9rie Global WF 1510(-65)<br \/>\nOs modelos AUT t\u00eam sincroniza\u00e7\u00e3o incorporada<br \/>\nOs modelos n\u00e3o AUT necessitam de um sincronizador externo 600-30<\/p>\n<p><strong>i90M-4-ED-220<\/strong> - Modelo Durkopp Adler, o sincronizador est\u00e1 inclu\u00eddo neste motor<\/p>\n<p>&nbsp;<\/p>\n<p>&nbsp;<\/p>\n<p><img decoding=\"async\" class=\"alignnone size-full wp-image-94846\" src=\"https:\/\/globalsew.com\/wp-content\/uploads\/2018\/03\/iso-xs-global.jpg\" alt=\"\" width=\"73\" height=\"68\" \/>\u00a0<img decoding=\"async\" class=\"alignnone size-full wp-image-94845\" src=\"https:\/\/globalsew.com\/wp-content\/uploads\/2018\/03\/rohs-xs-global.jpg\" alt=\"\" width=\"73\" height=\"68\" \/>\u00a0<img decoding=\"async\" class=\"alignnone size-full wp-image-94794\" src=\"https:\/\/globalsew.com\/wp-content\/uploads\/2017\/04\/eac-xs-global.jpg\" alt=\"\" width=\"73\" height=\"68\" \/>\u00a0<img loading=\"lazy\" decoding=\"async\" class=\"alignnone size-full wp-image-94793\" src=\"https:\/\/globalsew.com\/wp-content\/uploads\/2017\/04\/ce-xs-global.jpg\" alt=\"\" width=\"73\" height=\"68\" \/><\/p>","protected":false},"excerpt":{"rendered":"<div class=\"row\">\n<div class=\"col-md-6\"><a class=\"download-button\" href=\"https:\/\/globalsew.com\/wp-content\/uploads\/2017\/03\/Ho-Hsing-brochure.pdf\" target=\"_blank\" rel=\"noopener\">Descarregar folheto<\/a><\/div>\n<\/div>","protected":false},"featured_media":94690,"template":"","meta":{"_acf_changed":false},"product_brand":[],"product_cat":[378,141],"product_tag":[],"class_list":{"0":"post-94554","1":"product","2":"type-product","3":"status-publish","4":"has-post-thumbnail","6":"product_cat-ho-hsing-servomotors","7":"product_cat-motors","8":"tm-has-options","10":"first","11":"instock","12":"shipping-taxable","13":"purchasable","14":"product-type-simple"},"acf":[],"gallery_images":[94691,94701,94700,94699,94698,94697,94696,94695],"yoast_head":"<!-- This site is optimized with the Yoast SEO plugin v27.3 - https:\/\/yoast.com\/product\/yoast-seo-wordpress\/ -->\n<title>i90 series - Global International B.V.<\/title>\n<meta name=\"robots\" content=\"index, follow, max-snippet:-1, max-image-preview:large, max-video-preview:-1\" \/>\n<link rel=\"canonical\" href=\"https:\/\/globalsew.com\/pt\/produto\/serie-i90\/\" \/>\n<meta property=\"og:locale\" content=\"pt_PT\" \/>\n<meta property=\"og:type\" content=\"article\" \/>\n<meta property=\"og:title\" content=\"i90 series - Global International B.V.\" \/>\n<meta property=\"og:description\" content=\"Download Leaflet\" \/>\n<meta property=\"og:url\" content=\"https:\/\/globalsew.com\/pt\/produto\/serie-i90\/\" \/>\n<meta property=\"og:site_name\" content=\"Global International B.V.\" \/>\n<meta property=\"article:modified_time\" content=\"2024-05-22T08:01:27+00:00\" \/>\n<meta property=\"og:image\" content=\"https:\/\/globalsew.com\/wp-content\/uploads\/2018\/03\/i90.jpg\" \/>\n\t<meta property=\"og:image:width\" content=\"555\" \/>\n\t<meta property=\"og:image:height\" content=\"347\" \/>\n\t<meta property=\"og:image:type\" content=\"image\/jpeg\" \/>\n<meta name=\"twitter:card\" content=\"summary_large_image\" \/>\n<meta name=\"twitter:label1\" content=\"Tempo estimado de leitura\" \/>\n\t<meta name=\"twitter:data1\" content=\"2 minutos\" \/>\n<script type=\"application\/ld+json\" class=\"yoast-schema-graph\">{\"@context\":\"https:\\\/\\\/schema.org\",\"@graph\":[{\"@type\":\"WebPage\",\"@id\":\"https:\\\/\\\/globalsew.com\\\/product\\\/i90-series\\\/\",\"url\":\"https:\\\/\\\/globalsew.com\\\/product\\\/i90-series\\\/\",\"name\":\"i90 series - Global International B.V.\",\"isPartOf\":{\"@id\":\"https:\\\/\\\/globalsew.com\\\/#website\"},\"primaryImageOfPage\":{\"@id\":\"https:\\\/\\\/globalsew.com\\\/product\\\/i90-series\\\/#primaryimage\"},\"image\":{\"@id\":\"https:\\\/\\\/globalsew.com\\\/product\\\/i90-series\\\/#primaryimage\"},\"thumbnailUrl\":\"https:\\\/\\\/globalsew.com\\\/wp-content\\\/uploads\\\/2018\\\/03\\\/i90.jpg\",\"datePublished\":\"2018-03-19T11:52:33+00:00\",\"dateModified\":\"2024-05-22T08:01:27+00:00\",\"breadcrumb\":{\"@id\":\"https:\\\/\\\/globalsew.com\\\/product\\\/i90-series\\\/#breadcrumb\"},\"inLanguage\":\"pt-PT\",\"potentialAction\":[{\"@type\":\"ReadAction\",\"target\":[\"https:\\\/\\\/globalsew.com\\\/product\\\/i90-series\\\/\"]}]},{\"@type\":\"ImageObject\",\"inLanguage\":\"pt-PT\",\"@id\":\"https:\\\/\\\/globalsew.com\\\/product\\\/i90-series\\\/#primaryimage\",\"url\":\"https:\\\/\\\/globalsew.com\\\/wp-content\\\/uploads\\\/2018\\\/03\\\/i90.jpg\",\"contentUrl\":\"https:\\\/\\\/globalsew.com\\\/wp-content\\\/uploads\\\/2018\\\/03\\\/i90.jpg\",\"width\":555,\"height\":347},{\"@type\":\"BreadcrumbList\",\"@id\":\"https:\\\/\\\/globalsew.com\\\/product\\\/i90-series\\\/#breadcrumb\",\"itemListElement\":[{\"@type\":\"ListItem\",\"position\":1,\"name\":\"Home\",\"item\":\"https:\\\/\\\/globalsew.com\\\/\"},{\"@type\":\"ListItem\",\"position\":2,\"name\":\"Products\",\"item\":\"https:\\\/\\\/globalsew.com\\\/products\\\/\"},{\"@type\":\"ListItem\",\"position\":3,\"name\":\"i90 series\"}]},{\"@type\":\"WebSite\",\"@id\":\"https:\\\/\\\/globalsew.com\\\/#website\",\"url\":\"https:\\\/\\\/globalsew.com\\\/\",\"name\":\"Global International B.V.\",\"description\":\"Industrial Sewing Machines\",\"potentialAction\":[{\"@type\":\"SearchAction\",\"target\":{\"@type\":\"EntryPoint\",\"urlTemplate\":\"https:\\\/\\\/globalsew.com\\\/?s={search_term_string}\"},\"query-input\":{\"@type\":\"PropertyValueSpecification\",\"valueRequired\":true,\"valueName\":\"search_term_string\"}}],\"inLanguage\":\"pt-PT\"}]}<\/script>\n<!-- \/ Yoast SEO plugin. -->","yoast_head_json":{"title":"S\u00e9rie i90 - Global International B.V.","robots":{"index":"index","follow":"follow","max-snippet":"max-snippet:-1","max-image-preview":"max-image-preview:large","max-video-preview":"max-video-preview:-1"},"canonical":"https:\/\/globalsew.com\/pt\/produto\/serie-i90\/","og_locale":"pt_PT","og_type":"article","og_title":"i90 series - Global International B.V.","og_description":"Download Leaflet","og_url":"https:\/\/globalsew.com\/pt\/produto\/serie-i90\/","og_site_name":"Global International B.V.","article_modified_time":"2024-05-22T08:01:27+00:00","og_image":[{"width":555,"height":347,"url":"https:\/\/globalsew.com\/wp-content\/uploads\/2018\/03\/i90.jpg","type":"image\/jpeg"}],"twitter_card":"summary_large_image","twitter_misc":{"Tempo estimado de leitura":"2 minutos"},"schema":{"@context":"https:\/\/schema.org","@graph":[{"@type":"WebPage","@id":"https:\/\/globalsew.com\/product\/i90-series\/","url":"https:\/\/globalsew.com\/product\/i90-series\/","name":"S\u00e9rie i90 - Global International B.V.","isPartOf":{"@id":"https:\/\/globalsew.com\/#website"},"primaryImageOfPage":{"@id":"https:\/\/globalsew.com\/product\/i90-series\/#primaryimage"},"image":{"@id":"https:\/\/globalsew.com\/product\/i90-series\/#primaryimage"},"thumbnailUrl":"https:\/\/globalsew.com\/wp-content\/uploads\/2018\/03\/i90.jpg","datePublished":"2018-03-19T11:52:33+00:00","dateModified":"2024-05-22T08:01:27+00:00","breadcrumb":{"@id":"https:\/\/globalsew.com\/product\/i90-series\/#breadcrumb"},"inLanguage":"pt-PT","potentialAction":[{"@type":"ReadAction","target":["https:\/\/globalsew.com\/product\/i90-series\/"]}]},{"@type":"ImageObject","inLanguage":"pt-PT","@id":"https:\/\/globalsew.com\/product\/i90-series\/#primaryimage","url":"https:\/\/globalsew.com\/wp-content\/uploads\/2018\/03\/i90.jpg","contentUrl":"https:\/\/globalsew.com\/wp-content\/uploads\/2018\/03\/i90.jpg","width":555,"height":347},{"@type":"BreadcrumbList","@id":"https:\/\/globalsew.com\/product\/i90-series\/#breadcrumb","itemListElement":[{"@type":"ListItem","position":1,"name":"Home","item":"https:\/\/globalsew.com\/"},{"@type":"ListItem","position":2,"name":"Products","item":"https:\/\/globalsew.com\/products\/"},{"@type":"ListItem","position":3,"name":"i90 series"}]},{"@type":"WebSite","@id":"https:\/\/globalsew.com\/#website","url":"https:\/\/globalsew.com\/","name":"Global International B.V.","description":"M\u00e1quinas de costura industriais","potentialAction":[{"@type":"SearchAction","target":{"@type":"EntryPoint","urlTemplate":"https:\/\/globalsew.com\/?s={search_term_string}"},"query-input":{"@type":"PropertyValueSpecification","valueRequired":true,"valueName":"search_term_string"}}],"inLanguage":"pt-PT"}]}},"_links":{"self":[{"href":"https:\/\/globalsew.com\/pt\/wp-json\/wp\/v2\/product\/94554","targetHints":{"allow":["GET"]}}],"collection":[{"href":"https:\/\/globalsew.com\/pt\/wp-json\/wp\/v2\/product"}],"about":[{"href":"https:\/\/globalsew.com\/pt\/wp-json\/wp\/v2\/types\/product"}],"wp:featuredmedia":[{"embeddable":true,"href":"https:\/\/globalsew.com\/pt\/wp-json\/wp\/v2\/media\/94690"}],"wp:attachment":[{"href":"https:\/\/globalsew.com\/pt\/wp-json\/wp\/v2\/media?parent=94554"}],"wp:term":[{"taxonomy":"product_brand","embeddable":true,"href":"https:\/\/globalsew.com\/pt\/wp-json\/wp\/v2\/product_brand?post=94554"},{"taxonomy":"product_cat","embeddable":true,"href":"https:\/\/globalsew.com\/pt\/wp-json\/wp\/v2\/product_cat?post=94554"},{"taxonomy":"product_tag","embeddable":true,"href":"https:\/\/globalsew.com\/pt\/wp-json\/wp\/v2\/product_tag?post=94554"}],"curies":[{"name":"wp","href":"https:\/\/api.w.org\/{rel}","templated":true}]}}