{"id":94038,"date":"2018-01-29T14:19:11","date_gmt":"2018-01-29T13:19:11","guid":{"rendered":"https:\/\/globalsew.com\/?post_type=product&#038;p=94038"},"modified":"2024-05-22T09:46:54","modified_gmt":"2024-05-22T07:46:54","slug":"sm7777","status":"publish","type":"product","link":"https:\/\/globalsew.com\/pt\/product\/sm7777\/","title":{"rendered":"SM 7777"},"content":{"rendered":"<p><strong>SM 7777<\/strong><\/p>\n<p>M\u00e1quina de costura de bra\u00e7o com alimenta\u00e7\u00e3o por agulha dupla, especialmente concebida para mocassins tubulares fechados e abertos. Podem ser definidos 12 padr\u00f5es diferentes atrav\u00e9s de cames intercambi\u00e1veis. O transporte do material \u00e9 efectuado por um transportador esquerdo e um direito, que podem ser ajustados separadamente. De acordo com as diferentes regula\u00e7\u00f5es dos dentes de alimenta\u00e7\u00e3o, \u00e9 poss\u00edvel obter um efeito de franzido. A quantidade de franzido pode ser alterada manualmente pelo controlo do joelho durante a opera\u00e7\u00e3o de costura. Esta m\u00e1quina est\u00e1 equipada com dispositivo de ponto de caixa de bloqueio de linha de in\u00edcio\/fim em combina\u00e7\u00e3o com ponto de cruz. Completa com suporte especial de mesa e servo motor Ho Hsing.<\/p>\n<p>&nbsp;<\/p>\n<p>&nbsp;<\/p>\n<p><img decoding=\"async\" class=\"alignnone size-full wp-image-94791\" src=\"https:\/\/globalsew.com\/wp-content\/uploads\/2017\/04\/hohsing-xs-global.jpg\" alt=\"\" width=\"73\" height=\"68\" \/>\u00a0 \u00a0 \u00a0 \u00a0 \u00a0 \u00a0 \u00a0 \u00a0 \u00a0 \u00a0 \u00a0 \u00a0 \u00a0 \u00a0 \u00a0 \u00a0 \u00a0 \u00a0 \u00a0 \u00a0 \u00a0 \u00a0 \u00a0 \u00a0 \u00a0 \u00a0 \u00a0 \u00a0 \u00a0 \u00a0 \u00a0 \u00a0 \u00a0 \u00a0 \u00a0 \u00a0 \u00a0 \u00a0 \u00a0\u00a0<img decoding=\"async\" class=\"alignnone size-full wp-image-94794\" src=\"https:\/\/globalsew.com\/wp-content\/uploads\/2017\/04\/eac-xs-global.jpg\" alt=\"\" width=\"73\" height=\"68\" \/>\u00a0<img decoding=\"async\" class=\"alignnone size-full wp-image-94793\" src=\"https:\/\/globalsew.com\/wp-content\/uploads\/2017\/04\/ce-xs-global.jpg\" alt=\"\" width=\"73\" height=\"68\" \/><\/p>","protected":false},"excerpt":{"rendered":"<p>Para descarregar, consulte a nossa p\u00e1gina de descarregamentos para o <a class=\"download-link\" href=\"https:\/\/globalsew.com\/pt\/descarregar\/serie-sm-7700\/\">S\u00e9rie SM 7700<\/a>.<\/p>\n<p>&nbsp;<\/p>\n<p>As especifica\u00e7\u00f5es do produto para o SM 7777:<\/p>\n<ul>\n<li>Mesa completa, suporte e motor<\/li>\n<li>Velocidade da m\u00e1quina: m\u00e1x. 400 SPM<\/li>\n<li>Comprimento dos pontos: m\u00e1x. 10 mm<\/li>\n<li>Eleva\u00e7\u00e3o do calcador: standard (el\u00e9ctrica)<\/li>\n<li>Espessura de costura: m\u00e1x. 4 mm<\/li>\n<li>Bitola da agulha: 6 mm<\/li>\n<li>N\u00famero de padr\u00f5es: 12<\/li>\n<li>Tipo de agulha: DDx1<\/li>\n<\/ul>\n<p>&nbsp;<\/p>\n<div class=\"col-md-4\"><a href=\"#video\"><img decoding=\"async\" src=\"https:\/\/globalsew.com\/wp-content\/uploads\/2017\/11\/youtube-logo-4.png\" width=\"60px\" height=\"42px\" \/><\/a><\/div>","protected":false},"featured_media":94068,"template":"","meta":{"_acf_changed":false},"product_brand":[],"product_cat":[25,83],"product_tag":[],"class_list":{"0":"post-94038","1":"product","2":"type-product","3":"status-publish","4":"has-post-thumbnail","6":"product_cat-shoes","7":"product_cat-special-shoe-machines","8":"tm-no-options","10":"first","11":"instock","12":"shipping-taxable","13":"purchasable","14":"product-type-simple"},"acf":[],"gallery_images":[94069],"yoast_head":"<!-- This site is optimized with the Yoast SEO plugin v27.3 - https:\/\/yoast.com\/product\/yoast-seo-wordpress\/ -->\n<title>SM 7777 - Global International B.V.<\/title>\n<meta name=\"robots\" content=\"index, follow, max-snippet:-1, max-image-preview:large, max-video-preview:-1\" \/>\n<link rel=\"canonical\" href=\"https:\/\/globalsew.com\/pt\/produto\/sm7777\/\" \/>\n<meta property=\"og:locale\" content=\"pt_PT\" \/>\n<meta property=\"og:type\" content=\"article\" \/>\n<meta property=\"og:title\" content=\"SM 7777 - Global International B.V.\" \/>\n<meta property=\"og:description\" content=\"For downloads see our downloads page for the SM 7700 Series.  &nbsp;  The product specifications for the SM 7777:   Complete table, stand and motor  Machine speed: max 400 SPM  Stitch length: max 10\u00a0 mm  Presser foot lift: standard (electric)  Sewing thickness: max. 4 mm  Needle gauge: 6 mm  Number of patterns: 12  Needle type: DDx1  &nbsp;\" \/>\n<meta property=\"og:url\" content=\"https:\/\/globalsew.com\/pt\/produto\/sm7777\/\" \/>\n<meta property=\"og:site_name\" content=\"Global International B.V.\" \/>\n<meta property=\"article:modified_time\" content=\"2024-05-22T07:46:54+00:00\" \/>\n<meta property=\"og:image\" content=\"https:\/\/globalsew.com\/wp-content\/uploads\/2018\/01\/WEB-GLOBAL-SM-7777-01-GLOBAL.jpg\" \/>\n\t<meta property=\"og:image:width\" content=\"555\" \/>\n\t<meta property=\"og:image:height\" content=\"347\" \/>\n\t<meta property=\"og:image:type\" content=\"image\/jpeg\" \/>\n<meta name=\"twitter:card\" content=\"summary_large_image\" \/>\n<meta name=\"twitter:label1\" content=\"Tempo estimado de leitura\" \/>\n\t<meta name=\"twitter:data1\" content=\"2 minutos\" \/>\n<script type=\"application\/ld+json\" class=\"yoast-schema-graph\">{\"@context\":\"https:\\\/\\\/schema.org\",\"@graph\":[{\"@type\":\"WebPage\",\"@id\":\"https:\\\/\\\/globalsew.com\\\/product\\\/sm7777\\\/\",\"url\":\"https:\\\/\\\/globalsew.com\\\/product\\\/sm7777\\\/\",\"name\":\"SM 7777 - Global International B.V.\",\"isPartOf\":{\"@id\":\"https:\\\/\\\/globalsew.com\\\/#website\"},\"primaryImageOfPage\":{\"@id\":\"https:\\\/\\\/globalsew.com\\\/product\\\/sm7777\\\/#primaryimage\"},\"image\":{\"@id\":\"https:\\\/\\\/globalsew.com\\\/product\\\/sm7777\\\/#primaryimage\"},\"thumbnailUrl\":\"https:\\\/\\\/globalsew.com\\\/wp-content\\\/uploads\\\/2018\\\/01\\\/WEB-GLOBAL-SM-7777-01-GLOBAL.jpg\",\"datePublished\":\"2018-01-29T13:19:11+00:00\",\"dateModified\":\"2024-05-22T07:46:54+00:00\",\"breadcrumb\":{\"@id\":\"https:\\\/\\\/globalsew.com\\\/product\\\/sm7777\\\/#breadcrumb\"},\"inLanguage\":\"pt-PT\",\"potentialAction\":[{\"@type\":\"ReadAction\",\"target\":[\"https:\\\/\\\/globalsew.com\\\/product\\\/sm7777\\\/\"]}]},{\"@type\":\"ImageObject\",\"inLanguage\":\"pt-PT\",\"@id\":\"https:\\\/\\\/globalsew.com\\\/product\\\/sm7777\\\/#primaryimage\",\"url\":\"https:\\\/\\\/globalsew.com\\\/wp-content\\\/uploads\\\/2018\\\/01\\\/WEB-GLOBAL-SM-7777-01-GLOBAL.jpg\",\"contentUrl\":\"https:\\\/\\\/globalsew.com\\\/wp-content\\\/uploads\\\/2018\\\/01\\\/WEB-GLOBAL-SM-7777-01-GLOBAL.jpg\",\"width\":555,\"height\":347},{\"@type\":\"BreadcrumbList\",\"@id\":\"https:\\\/\\\/globalsew.com\\\/product\\\/sm7777\\\/#breadcrumb\",\"itemListElement\":[{\"@type\":\"ListItem\",\"position\":1,\"name\":\"Home\",\"item\":\"https:\\\/\\\/globalsew.com\\\/\"},{\"@type\":\"ListItem\",\"position\":2,\"name\":\"Products\",\"item\":\"https:\\\/\\\/globalsew.com\\\/products\\\/\"},{\"@type\":\"ListItem\",\"position\":3,\"name\":\"SM 7777\"}]},{\"@type\":\"WebSite\",\"@id\":\"https:\\\/\\\/globalsew.com\\\/#website\",\"url\":\"https:\\\/\\\/globalsew.com\\\/\",\"name\":\"Global International B.V.\",\"description\":\"Industrial Sewing Machines\",\"potentialAction\":[{\"@type\":\"SearchAction\",\"target\":{\"@type\":\"EntryPoint\",\"urlTemplate\":\"https:\\\/\\\/globalsew.com\\\/?s={search_term_string}\"},\"query-input\":{\"@type\":\"PropertyValueSpecification\",\"valueRequired\":true,\"valueName\":\"search_term_string\"}}],\"inLanguage\":\"pt-PT\"}]}<\/script>\n<!-- \/ Yoast SEO plugin. -->","yoast_head_json":{"title":"SM 7777 - Global International B.V.","robots":{"index":"index","follow":"follow","max-snippet":"max-snippet:-1","max-image-preview":"max-image-preview:large","max-video-preview":"max-video-preview:-1"},"canonical":"https:\/\/globalsew.com\/pt\/produto\/sm7777\/","og_locale":"pt_PT","og_type":"article","og_title":"SM 7777 - Global International B.V.","og_description":"For downloads see our downloads page for the SM 7700 Series.  &nbsp;  The product specifications for the SM 7777:   Complete table, stand and motor  Machine speed: max 400 SPM  Stitch length: max 10\u00a0 mm  Presser foot lift: standard (electric)  Sewing thickness: max. 4 mm  Needle gauge: 6 mm  Number of patterns: 12  Needle type: DDx1  &nbsp;","og_url":"https:\/\/globalsew.com\/pt\/produto\/sm7777\/","og_site_name":"Global International B.V.","article_modified_time":"2024-05-22T07:46:54+00:00","og_image":[{"width":555,"height":347,"url":"https:\/\/globalsew.com\/wp-content\/uploads\/2018\/01\/WEB-GLOBAL-SM-7777-01-GLOBAL.jpg","type":"image\/jpeg"}],"twitter_card":"summary_large_image","twitter_misc":{"Tempo estimado de leitura":"2 minutos"},"schema":{"@context":"https:\/\/schema.org","@graph":[{"@type":"WebPage","@id":"https:\/\/globalsew.com\/product\/sm7777\/","url":"https:\/\/globalsew.com\/product\/sm7777\/","name":"SM 7777 - Global International B.V.","isPartOf":{"@id":"https:\/\/globalsew.com\/#website"},"primaryImageOfPage":{"@id":"https:\/\/globalsew.com\/product\/sm7777\/#primaryimage"},"image":{"@id":"https:\/\/globalsew.com\/product\/sm7777\/#primaryimage"},"thumbnailUrl":"https:\/\/globalsew.com\/wp-content\/uploads\/2018\/01\/WEB-GLOBAL-SM-7777-01-GLOBAL.jpg","datePublished":"2018-01-29T13:19:11+00:00","dateModified":"2024-05-22T07:46:54+00:00","breadcrumb":{"@id":"https:\/\/globalsew.com\/product\/sm7777\/#breadcrumb"},"inLanguage":"pt-PT","potentialAction":[{"@type":"ReadAction","target":["https:\/\/globalsew.com\/product\/sm7777\/"]}]},{"@type":"ImageObject","inLanguage":"pt-PT","@id":"https:\/\/globalsew.com\/product\/sm7777\/#primaryimage","url":"https:\/\/globalsew.com\/wp-content\/uploads\/2018\/01\/WEB-GLOBAL-SM-7777-01-GLOBAL.jpg","contentUrl":"https:\/\/globalsew.com\/wp-content\/uploads\/2018\/01\/WEB-GLOBAL-SM-7777-01-GLOBAL.jpg","width":555,"height":347},{"@type":"BreadcrumbList","@id":"https:\/\/globalsew.com\/product\/sm7777\/#breadcrumb","itemListElement":[{"@type":"ListItem","position":1,"name":"Home","item":"https:\/\/globalsew.com\/"},{"@type":"ListItem","position":2,"name":"Products","item":"https:\/\/globalsew.com\/products\/"},{"@type":"ListItem","position":3,"name":"SM 7777"}]},{"@type":"WebSite","@id":"https:\/\/globalsew.com\/#website","url":"https:\/\/globalsew.com\/","name":"Global International B.V.","description":"M\u00e1quinas de costura industriais","potentialAction":[{"@type":"SearchAction","target":{"@type":"EntryPoint","urlTemplate":"https:\/\/globalsew.com\/?s={search_term_string}"},"query-input":{"@type":"PropertyValueSpecification","valueRequired":true,"valueName":"search_term_string"}}],"inLanguage":"pt-PT"}]}},"_links":{"self":[{"href":"https:\/\/globalsew.com\/pt\/wp-json\/wp\/v2\/product\/94038","targetHints":{"allow":["GET"]}}],"collection":[{"href":"https:\/\/globalsew.com\/pt\/wp-json\/wp\/v2\/product"}],"about":[{"href":"https:\/\/globalsew.com\/pt\/wp-json\/wp\/v2\/types\/product"}],"wp:featuredmedia":[{"embeddable":true,"href":"https:\/\/globalsew.com\/pt\/wp-json\/wp\/v2\/media\/94068"}],"wp:attachment":[{"href":"https:\/\/globalsew.com\/pt\/wp-json\/wp\/v2\/media?parent=94038"}],"wp:term":[{"taxonomy":"product_brand","embeddable":true,"href":"https:\/\/globalsew.com\/pt\/wp-json\/wp\/v2\/product_brand?post=94038"},{"taxonomy":"product_cat","embeddable":true,"href":"https:\/\/globalsew.com\/pt\/wp-json\/wp\/v2\/product_cat?post=94038"},{"taxonomy":"product_tag","embeddable":true,"href":"https:\/\/globalsew.com\/pt\/wp-json\/wp\/v2\/product_tag?post=94038"}],"curies":[{"name":"wp","href":"https:\/\/api.w.org\/{rel}","templated":true}]}}