{"id":94026,"date":"2018-01-29T12:14:45","date_gmt":"2018-01-29T11:14:45","guid":{"rendered":"https:\/\/globalsew.com\/?post_type=product&#038;p=94026"},"modified":"2024-05-22T09:46:53","modified_gmt":"2024-05-22T07:46:53","slug":"sm7860st","status":"publish","type":"product","link":"https:\/\/globalsew.com\/pt\/product\/sm7860st\/","title":{"rendered":"SM 7860 ST"},"content":{"rendered":"<p><strong>SM 7860 ST<br \/>\n<\/strong><\/p>\n<p>Esta m\u00e1quina \u00e9 utilizada na produ\u00e7\u00e3o da Goodyear, para apertar o corte at\u00e9 ao fim e encaix\u00e1-lo na nervura utilizando agrafos, que a pr\u00f3pria m\u00e1quina produz a partir de um rolo de arame. As pin\u00e7as ajust\u00e1veis facilitam a opera\u00e7\u00e3o de aperto, puxando o couro e o forro contra a nervura enquanto a m\u00e1quina prega os agrafos. Uma vez que o arame \u00e9 muito fino, n\u00e3o \u00e9 complicado efetuar a costura de debrum. Esta m\u00e1quina foi concebida para resolver os problemas comuns das m\u00e1quinas mec\u00e2nicas, substituindo o trav\u00e3o e a embraiagem por um sistema eletr\u00f3nico de velocidade vari\u00e1vel.<br \/>\nmotor.<\/p>","protected":false},"excerpt":{"rendered":"<p>Para descarregar, consulte a nossa p\u00e1gina de descarregamentos para o <a class=\"download-link\" href=\"https:\/\/globalsew.com\/pt\/descarregar\/serie-sm-7800\/\">S\u00e9rie SM 7800<\/a>.<\/p>\n<p>&nbsp;<\/p>\n<p>As especifica\u00e7\u00f5es do produto para o SM 7860 ST:<\/p>\n<ul>\n<li>Mesa completa, suporte e motor<\/li>\n<li>Velocidade da m\u00e1quina: 250 rpm<\/li>\n<li>Comprimento da haste do agrafo: 9 mm<\/li>\n<li>Di\u00e2metro do fio de a\u00e7o: 0,6 mm<\/li>\n<li>Espessura do material: 3 - 13 mm<\/li>\n<\/ul>\n<p>&nbsp;<\/p>\n<div class=\"col-md-4\"><a href=\"#video\"><img decoding=\"async\" src=\"https:\/\/globalsew.com\/wp-content\/uploads\/2017\/11\/youtube-logo-4.png\" width=\"60px\" height=\"42px\" \/><\/a><\/div>","protected":false},"featured_media":67425,"template":"","meta":{"_acf_changed":false},"product_brand":[],"product_cat":[25,83],"product_tag":[],"class_list":{"0":"post-94026","1":"product","2":"type-product","3":"status-publish","4":"has-post-thumbnail","6":"product_cat-shoes","7":"product_cat-special-shoe-machines","8":"tm-no-options","10":"first","11":"instock","12":"shipping-taxable","13":"purchasable","14":"product-type-simple"},"acf":[],"gallery_images":[],"yoast_head":"<!-- This site is optimized with the Yoast SEO plugin v27.3 - https:\/\/yoast.com\/product\/yoast-seo-wordpress\/ -->\n<title>SM 7860 ST - Global International B.V.<\/title>\n<meta name=\"robots\" content=\"index, follow, max-snippet:-1, max-image-preview:large, max-video-preview:-1\" \/>\n<link rel=\"canonical\" href=\"https:\/\/globalsew.com\/pt\/produto\/sm7860st\/\" \/>\n<meta property=\"og:locale\" content=\"pt_PT\" \/>\n<meta property=\"og:type\" content=\"article\" \/>\n<meta property=\"og:title\" content=\"SM 7860 ST - Global International B.V.\" \/>\n<meta property=\"og:description\" content=\"For downloads see our downloads page for the SM 7800 Series.  &nbsp;  The product specifications for the SM 7860 ST:   Complete table, stand and motor  Machine speed: 250 spm  Staple shank length: 9 mm  Steel wire diameter: 0,6 mm  Material thickness: 3 - 13 mm  &nbsp;\" \/>\n<meta property=\"og:url\" content=\"https:\/\/globalsew.com\/pt\/produto\/sm7860st\/\" \/>\n<meta property=\"og:site_name\" content=\"Global International B.V.\" \/>\n<meta property=\"article:modified_time\" content=\"2024-05-22T07:46:53+00:00\" \/>\n<meta property=\"og:image\" content=\"https:\/\/globalsew.com\/wp-content\/uploads\/2017\/03\/WEB-GLOBAL-SM-7860-ST-01-GLOBAL-sewing-machines.jpg\" \/>\n\t<meta property=\"og:image:width\" content=\"555\" \/>\n\t<meta property=\"og:image:height\" content=\"347\" \/>\n\t<meta property=\"og:image:type\" content=\"image\/jpeg\" \/>\n<meta name=\"twitter:card\" content=\"summary_large_image\" \/>\n<meta name=\"twitter:label1\" content=\"Tempo estimado de leitura\" \/>\n\t<meta name=\"twitter:data1\" content=\"1 minuto\" \/>\n<script type=\"application\/ld+json\" class=\"yoast-schema-graph\">{\"@context\":\"https:\\\/\\\/schema.org\",\"@graph\":[{\"@type\":\"WebPage\",\"@id\":\"https:\\\/\\\/globalsew.com\\\/product\\\/sm7860st\\\/\",\"url\":\"https:\\\/\\\/globalsew.com\\\/product\\\/sm7860st\\\/\",\"name\":\"SM 7860 ST - Global International B.V.\",\"isPartOf\":{\"@id\":\"https:\\\/\\\/globalsew.com\\\/#website\"},\"primaryImageOfPage\":{\"@id\":\"https:\\\/\\\/globalsew.com\\\/product\\\/sm7860st\\\/#primaryimage\"},\"image\":{\"@id\":\"https:\\\/\\\/globalsew.com\\\/product\\\/sm7860st\\\/#primaryimage\"},\"thumbnailUrl\":\"https:\\\/\\\/globalsew.com\\\/wp-content\\\/uploads\\\/2017\\\/03\\\/WEB-GLOBAL-SM-7860-ST-01-GLOBAL-sewing-machines.jpg\",\"datePublished\":\"2018-01-29T11:14:45+00:00\",\"dateModified\":\"2024-05-22T07:46:53+00:00\",\"breadcrumb\":{\"@id\":\"https:\\\/\\\/globalsew.com\\\/product\\\/sm7860st\\\/#breadcrumb\"},\"inLanguage\":\"pt-PT\",\"potentialAction\":[{\"@type\":\"ReadAction\",\"target\":[\"https:\\\/\\\/globalsew.com\\\/product\\\/sm7860st\\\/\"]}]},{\"@type\":\"ImageObject\",\"inLanguage\":\"pt-PT\",\"@id\":\"https:\\\/\\\/globalsew.com\\\/product\\\/sm7860st\\\/#primaryimage\",\"url\":\"https:\\\/\\\/globalsew.com\\\/wp-content\\\/uploads\\\/2017\\\/03\\\/WEB-GLOBAL-SM-7860-ST-01-GLOBAL-sewing-machines.jpg\",\"contentUrl\":\"https:\\\/\\\/globalsew.com\\\/wp-content\\\/uploads\\\/2017\\\/03\\\/WEB-GLOBAL-SM-7860-ST-01-GLOBAL-sewing-machines.jpg\",\"width\":555,\"height\":347,\"caption\":\"WEB-GLOBAL-SM-7860-ST-01-GLOBAL-sewing-machines\"},{\"@type\":\"BreadcrumbList\",\"@id\":\"https:\\\/\\\/globalsew.com\\\/product\\\/sm7860st\\\/#breadcrumb\",\"itemListElement\":[{\"@type\":\"ListItem\",\"position\":1,\"name\":\"Home\",\"item\":\"https:\\\/\\\/globalsew.com\\\/\"},{\"@type\":\"ListItem\",\"position\":2,\"name\":\"Products\",\"item\":\"https:\\\/\\\/globalsew.com\\\/products\\\/\"},{\"@type\":\"ListItem\",\"position\":3,\"name\":\"SM 7860 ST\"}]},{\"@type\":\"WebSite\",\"@id\":\"https:\\\/\\\/globalsew.com\\\/#website\",\"url\":\"https:\\\/\\\/globalsew.com\\\/\",\"name\":\"Global International B.V.\",\"description\":\"Industrial Sewing Machines\",\"potentialAction\":[{\"@type\":\"SearchAction\",\"target\":{\"@type\":\"EntryPoint\",\"urlTemplate\":\"https:\\\/\\\/globalsew.com\\\/?s={search_term_string}\"},\"query-input\":{\"@type\":\"PropertyValueSpecification\",\"valueRequired\":true,\"valueName\":\"search_term_string\"}}],\"inLanguage\":\"pt-PT\"}]}<\/script>\n<!-- \/ Yoast SEO plugin. -->","yoast_head_json":{"title":"SM 7860 ST - Global International B.V.","robots":{"index":"index","follow":"follow","max-snippet":"max-snippet:-1","max-image-preview":"max-image-preview:large","max-video-preview":"max-video-preview:-1"},"canonical":"https:\/\/globalsew.com\/pt\/produto\/sm7860st\/","og_locale":"pt_PT","og_type":"article","og_title":"SM 7860 ST - Global International B.V.","og_description":"For downloads see our downloads page for the SM 7800 Series.  &nbsp;  The product specifications for the SM 7860 ST:   Complete table, stand and motor  Machine speed: 250 spm  Staple shank length: 9 mm  Steel wire diameter: 0,6 mm  Material thickness: 3 - 13 mm  &nbsp;","og_url":"https:\/\/globalsew.com\/pt\/produto\/sm7860st\/","og_site_name":"Global International B.V.","article_modified_time":"2024-05-22T07:46:53+00:00","og_image":[{"width":555,"height":347,"url":"https:\/\/globalsew.com\/wp-content\/uploads\/2017\/03\/WEB-GLOBAL-SM-7860-ST-01-GLOBAL-sewing-machines.jpg","type":"image\/jpeg"}],"twitter_card":"summary_large_image","twitter_misc":{"Tempo estimado de leitura":"1 minuto"},"schema":{"@context":"https:\/\/schema.org","@graph":[{"@type":"WebPage","@id":"https:\/\/globalsew.com\/product\/sm7860st\/","url":"https:\/\/globalsew.com\/product\/sm7860st\/","name":"SM 7860 ST - Global International B.V.","isPartOf":{"@id":"https:\/\/globalsew.com\/#website"},"primaryImageOfPage":{"@id":"https:\/\/globalsew.com\/product\/sm7860st\/#primaryimage"},"image":{"@id":"https:\/\/globalsew.com\/product\/sm7860st\/#primaryimage"},"thumbnailUrl":"https:\/\/globalsew.com\/wp-content\/uploads\/2017\/03\/WEB-GLOBAL-SM-7860-ST-01-GLOBAL-sewing-machines.jpg","datePublished":"2018-01-29T11:14:45+00:00","dateModified":"2024-05-22T07:46:53+00:00","breadcrumb":{"@id":"https:\/\/globalsew.com\/product\/sm7860st\/#breadcrumb"},"inLanguage":"pt-PT","potentialAction":[{"@type":"ReadAction","target":["https:\/\/globalsew.com\/product\/sm7860st\/"]}]},{"@type":"ImageObject","inLanguage":"pt-PT","@id":"https:\/\/globalsew.com\/product\/sm7860st\/#primaryimage","url":"https:\/\/globalsew.com\/wp-content\/uploads\/2017\/03\/WEB-GLOBAL-SM-7860-ST-01-GLOBAL-sewing-machines.jpg","contentUrl":"https:\/\/globalsew.com\/wp-content\/uploads\/2017\/03\/WEB-GLOBAL-SM-7860-ST-01-GLOBAL-sewing-machines.jpg","width":555,"height":347,"caption":"WEB-GLOBAL-SM-7860-ST-01-GLOBAL-sewing-machines"},{"@type":"BreadcrumbList","@id":"https:\/\/globalsew.com\/product\/sm7860st\/#breadcrumb","itemListElement":[{"@type":"ListItem","position":1,"name":"Home","item":"https:\/\/globalsew.com\/"},{"@type":"ListItem","position":2,"name":"Products","item":"https:\/\/globalsew.com\/products\/"},{"@type":"ListItem","position":3,"name":"SM 7860 ST"}]},{"@type":"WebSite","@id":"https:\/\/globalsew.com\/#website","url":"https:\/\/globalsew.com\/","name":"Global International B.V.","description":"M\u00e1quinas de costura industriais","potentialAction":[{"@type":"SearchAction","target":{"@type":"EntryPoint","urlTemplate":"https:\/\/globalsew.com\/?s={search_term_string}"},"query-input":{"@type":"PropertyValueSpecification","valueRequired":true,"valueName":"search_term_string"}}],"inLanguage":"pt-PT"}]}},"_links":{"self":[{"href":"https:\/\/globalsew.com\/pt\/wp-json\/wp\/v2\/product\/94026","targetHints":{"allow":["GET"]}}],"collection":[{"href":"https:\/\/globalsew.com\/pt\/wp-json\/wp\/v2\/product"}],"about":[{"href":"https:\/\/globalsew.com\/pt\/wp-json\/wp\/v2\/types\/product"}],"wp:featuredmedia":[{"embeddable":true,"href":"https:\/\/globalsew.com\/pt\/wp-json\/wp\/v2\/media\/67425"}],"wp:attachment":[{"href":"https:\/\/globalsew.com\/pt\/wp-json\/wp\/v2\/media?parent=94026"}],"wp:term":[{"taxonomy":"product_brand","embeddable":true,"href":"https:\/\/globalsew.com\/pt\/wp-json\/wp\/v2\/product_brand?post=94026"},{"taxonomy":"product_cat","embeddable":true,"href":"https:\/\/globalsew.com\/pt\/wp-json\/wp\/v2\/product_cat?post=94026"},{"taxonomy":"product_tag","embeddable":true,"href":"https:\/\/globalsew.com\/pt\/wp-json\/wp\/v2\/product_tag?post=94026"}],"curies":[{"name":"wp","href":"https:\/\/api.w.org\/{rel}","templated":true}]}}