{"id":92463,"date":"2018-01-08T15:03:36","date_gmt":"2018-01-08T14:03:36","guid":{"rendered":"https:\/\/globalsew.com\/?post_type=product&#038;p=92463"},"modified":"2024-05-22T09:49:14","modified_gmt":"2024-05-22T07:49:14","slug":"amf-clarbo-autojig","status":"publish","type":"product","link":"https:\/\/globalsew.com\/pt\/product\/amf-clarbo-autojig\/","title":{"rendered":"Auto-jogo AMF Clarbo"},"content":{"rendered":"","protected":false},"excerpt":{"rendered":"<p>modelo 84-23 TTJ, m\u00e1quina de inclina\u00e7\u00e3o de tirantes<\/p>","protected":false},"featured_media":92454,"template":"","meta":{"_acf_changed":false},"product_brand":[],"product_cat":[358,317],"product_tag":[],"class_list":{"0":"post-92463","1":"product","2":"type-product","3":"status-publish","4":"has-post-thumbnail","6":"product_cat-reece","7":"product_cat-used-products","8":"tm-no-options","10":"first","11":"instock","12":"shipping-taxable","13":"purchasable","14":"product-type-simple"},"acf":[],"gallery_images":[],"yoast_head":"<!-- This site is optimized with the Yoast SEO plugin v27.3 - https:\/\/yoast.com\/product\/yoast-seo-wordpress\/ -->\n<title>AMF Clarbo autojig - Global International B.V.<\/title>\n<meta name=\"robots\" content=\"index, follow, max-snippet:-1, max-image-preview:large, max-video-preview:-1\" \/>\n<link rel=\"canonical\" href=\"https:\/\/globalsew.com\/pt\/produto\/amf-clarbo-autojig\/\" \/>\n<meta property=\"og:locale\" content=\"pt_PT\" \/>\n<meta property=\"og:type\" content=\"article\" \/>\n<meta property=\"og:title\" content=\"AMF Clarbo autojig - Global International B.V.\" \/>\n<meta property=\"og:description\" content=\"model 84-23 TTJ, tie tipping machine\" \/>\n<meta property=\"og:url\" content=\"https:\/\/globalsew.com\/pt\/produto\/amf-clarbo-autojig\/\" \/>\n<meta property=\"og:site_name\" content=\"Global International B.V.\" \/>\n<meta property=\"article:modified_time\" content=\"2024-05-22T07:49:14+00:00\" \/>\n<meta property=\"og:image\" content=\"https:\/\/globalsew.com\/wp-content\/uploads\/2018\/01\/amfclarbo.jpg\" \/>\n\t<meta property=\"og:image:width\" content=\"320\" \/>\n\t<meta property=\"og:image:height\" content=\"240\" \/>\n\t<meta property=\"og:image:type\" content=\"image\/jpeg\" \/>\n<meta name=\"twitter:card\" content=\"summary_large_image\" \/>\n<script type=\"application\/ld+json\" class=\"yoast-schema-graph\">{\"@context\":\"https:\\\/\\\/schema.org\",\"@graph\":[{\"@type\":\"WebPage\",\"@id\":\"https:\\\/\\\/globalsew.com\\\/product\\\/amf-clarbo-autojig\\\/\",\"url\":\"https:\\\/\\\/globalsew.com\\\/product\\\/amf-clarbo-autojig\\\/\",\"name\":\"AMF Clarbo autojig - Global International B.V.\",\"isPartOf\":{\"@id\":\"https:\\\/\\\/globalsew.com\\\/#website\"},\"primaryImageOfPage\":{\"@id\":\"https:\\\/\\\/globalsew.com\\\/product\\\/amf-clarbo-autojig\\\/#primaryimage\"},\"image\":{\"@id\":\"https:\\\/\\\/globalsew.com\\\/product\\\/amf-clarbo-autojig\\\/#primaryimage\"},\"thumbnailUrl\":\"https:\\\/\\\/globalsew.com\\\/wp-content\\\/uploads\\\/2018\\\/01\\\/amfclarbo.jpg\",\"datePublished\":\"2018-01-08T14:03:36+00:00\",\"dateModified\":\"2024-05-22T07:49:14+00:00\",\"breadcrumb\":{\"@id\":\"https:\\\/\\\/globalsew.com\\\/product\\\/amf-clarbo-autojig\\\/#breadcrumb\"},\"inLanguage\":\"pt-PT\",\"potentialAction\":[{\"@type\":\"ReadAction\",\"target\":[\"https:\\\/\\\/globalsew.com\\\/product\\\/amf-clarbo-autojig\\\/\"]}]},{\"@type\":\"ImageObject\",\"inLanguage\":\"pt-PT\",\"@id\":\"https:\\\/\\\/globalsew.com\\\/product\\\/amf-clarbo-autojig\\\/#primaryimage\",\"url\":\"https:\\\/\\\/globalsew.com\\\/wp-content\\\/uploads\\\/2018\\\/01\\\/amfclarbo.jpg\",\"contentUrl\":\"https:\\\/\\\/globalsew.com\\\/wp-content\\\/uploads\\\/2018\\\/01\\\/amfclarbo.jpg\",\"width\":320,\"height\":240},{\"@type\":\"BreadcrumbList\",\"@id\":\"https:\\\/\\\/globalsew.com\\\/product\\\/amf-clarbo-autojig\\\/#breadcrumb\",\"itemListElement\":[{\"@type\":\"ListItem\",\"position\":1,\"name\":\"Home\",\"item\":\"https:\\\/\\\/globalsew.com\\\/\"},{\"@type\":\"ListItem\",\"position\":2,\"name\":\"Products\",\"item\":\"https:\\\/\\\/globalsew.com\\\/products\\\/\"},{\"@type\":\"ListItem\",\"position\":3,\"name\":\"AMF Clarbo autojig\"}]},{\"@type\":\"WebSite\",\"@id\":\"https:\\\/\\\/globalsew.com\\\/#website\",\"url\":\"https:\\\/\\\/globalsew.com\\\/\",\"name\":\"Global International B.V.\",\"description\":\"Industrial Sewing Machines\",\"potentialAction\":[{\"@type\":\"SearchAction\",\"target\":{\"@type\":\"EntryPoint\",\"urlTemplate\":\"https:\\\/\\\/globalsew.com\\\/?s={search_term_string}\"},\"query-input\":{\"@type\":\"PropertyValueSpecification\",\"valueRequired\":true,\"valueName\":\"search_term_string\"}}],\"inLanguage\":\"pt-PT\"}]}<\/script>\n<!-- \/ Yoast SEO plugin. -->","yoast_head_json":{"title":"AMF Clarbo autojig - Global International B.V.","robots":{"index":"index","follow":"follow","max-snippet":"max-snippet:-1","max-image-preview":"max-image-preview:large","max-video-preview":"max-video-preview:-1"},"canonical":"https:\/\/globalsew.com\/pt\/produto\/amf-clarbo-autojig\/","og_locale":"pt_PT","og_type":"article","og_title":"AMF Clarbo autojig - Global International B.V.","og_description":"model 84-23 TTJ, tie tipping machine","og_url":"https:\/\/globalsew.com\/pt\/produto\/amf-clarbo-autojig\/","og_site_name":"Global International B.V.","article_modified_time":"2024-05-22T07:49:14+00:00","og_image":[{"width":320,"height":240,"url":"https:\/\/globalsew.com\/wp-content\/uploads\/2018\/01\/amfclarbo.jpg","type":"image\/jpeg"}],"twitter_card":"summary_large_image","schema":{"@context":"https:\/\/schema.org","@graph":[{"@type":"WebPage","@id":"https:\/\/globalsew.com\/product\/amf-clarbo-autojig\/","url":"https:\/\/globalsew.com\/product\/amf-clarbo-autojig\/","name":"AMF Clarbo autojig - Global International B.V.","isPartOf":{"@id":"https:\/\/globalsew.com\/#website"},"primaryImageOfPage":{"@id":"https:\/\/globalsew.com\/product\/amf-clarbo-autojig\/#primaryimage"},"image":{"@id":"https:\/\/globalsew.com\/product\/amf-clarbo-autojig\/#primaryimage"},"thumbnailUrl":"https:\/\/globalsew.com\/wp-content\/uploads\/2018\/01\/amfclarbo.jpg","datePublished":"2018-01-08T14:03:36+00:00","dateModified":"2024-05-22T07:49:14+00:00","breadcrumb":{"@id":"https:\/\/globalsew.com\/product\/amf-clarbo-autojig\/#breadcrumb"},"inLanguage":"pt-PT","potentialAction":[{"@type":"ReadAction","target":["https:\/\/globalsew.com\/product\/amf-clarbo-autojig\/"]}]},{"@type":"ImageObject","inLanguage":"pt-PT","@id":"https:\/\/globalsew.com\/product\/amf-clarbo-autojig\/#primaryimage","url":"https:\/\/globalsew.com\/wp-content\/uploads\/2018\/01\/amfclarbo.jpg","contentUrl":"https:\/\/globalsew.com\/wp-content\/uploads\/2018\/01\/amfclarbo.jpg","width":320,"height":240},{"@type":"BreadcrumbList","@id":"https:\/\/globalsew.com\/product\/amf-clarbo-autojig\/#breadcrumb","itemListElement":[{"@type":"ListItem","position":1,"name":"Home","item":"https:\/\/globalsew.com\/"},{"@type":"ListItem","position":2,"name":"Products","item":"https:\/\/globalsew.com\/products\/"},{"@type":"ListItem","position":3,"name":"AMF Clarbo autojig"}]},{"@type":"WebSite","@id":"https:\/\/globalsew.com\/#website","url":"https:\/\/globalsew.com\/","name":"Global International B.V.","description":"M\u00e1quinas de costura industriais","potentialAction":[{"@type":"SearchAction","target":{"@type":"EntryPoint","urlTemplate":"https:\/\/globalsew.com\/?s={search_term_string}"},"query-input":{"@type":"PropertyValueSpecification","valueRequired":true,"valueName":"search_term_string"}}],"inLanguage":"pt-PT"}]}},"_links":{"self":[{"href":"https:\/\/globalsew.com\/pt\/wp-json\/wp\/v2\/product\/92463","targetHints":{"allow":["GET"]}}],"collection":[{"href":"https:\/\/globalsew.com\/pt\/wp-json\/wp\/v2\/product"}],"about":[{"href":"https:\/\/globalsew.com\/pt\/wp-json\/wp\/v2\/types\/product"}],"wp:featuredmedia":[{"embeddable":true,"href":"https:\/\/globalsew.com\/pt\/wp-json\/wp\/v2\/media\/92454"}],"wp:attachment":[{"href":"https:\/\/globalsew.com\/pt\/wp-json\/wp\/v2\/media?parent=92463"}],"wp:term":[{"taxonomy":"product_brand","embeddable":true,"href":"https:\/\/globalsew.com\/pt\/wp-json\/wp\/v2\/product_brand?post=92463"},{"taxonomy":"product_cat","embeddable":true,"href":"https:\/\/globalsew.com\/pt\/wp-json\/wp\/v2\/product_cat?post=92463"},{"taxonomy":"product_tag","embeddable":true,"href":"https:\/\/globalsew.com\/pt\/wp-json\/wp\/v2\/product_tag?post=92463"}],"curies":[{"name":"wp","href":"https:\/\/api.w.org\/{rel}","templated":true}]}}