{"id":92138,"date":"2017-12-04T14:50:04","date_gmt":"2017-12-04T13:50:04","guid":{"rendered":"https:\/\/globalsew.com\/?post_type=product&#038;p=92138"},"modified":"2024-05-22T09:49:05","modified_gmt":"2024-05-22T07:49:05","slug":"3200hfd2000","status":"publish","type":"product","link":"https:\/\/globalsew.com\/pt\/product\/3200hfd2000\/","title":{"rendered":"3200 HFD 2000 (m\u00e1quina de ganchos para cortinas)"},"content":{"rendered":"<div class=\"wpb-content-wrapper\"><div class=\"vc_row wpb_row vc_row-fluid\"><div class=\"wpb_column vc_column_container vc_col-sm-6\"><div class=\"vc_column-inner\"><div class=\"wpb_wrapper\">\n\t<div class=\"wpb_text_column wpb_content_element\" >\n\t\t<div class=\"wpb_wrapper\">\n\t\t\t<p><strong>3200 HFD 2000 (apenas entregue completamente montado e instalado)<\/strong><br \/>\n- M\u00e1quina de fixa\u00e7\u00e3o de ganchos de cortina de ponto fixo semi-autom\u00e1tica com dispositivo de alimenta\u00e7\u00e3o de ganchos de cortina totalmente autom\u00e1tico.<br \/>\n- M\u00e1quina vers\u00e1til Global semi-autom\u00e1tica de alta velocidade para fixa\u00e7\u00e3o de ganchos de cortinas, para tamanhos de ganchos de 55 mm, 75 mm, 95 mm.<br \/>\n- Contentor de ganchos de carga r\u00e1pida, armazena at\u00e9 100 ganchos.<br \/>\n- Dispositivo de alimenta\u00e7\u00e3o do gancho de cortina totalmente autom\u00e1tico com regula\u00e7\u00e3o autom\u00e1tica da altura do gancho entre 5 e 50 mm em passos de 5 mm.<br \/>\n- Posicionamento da la\u00e7adeira exatamente por baixo da agulha, controlado por sensor.<br \/>\n- Programa especial de fixa\u00e7\u00e3o das pregas (opera\u00e7\u00e3o separada).<br \/>\n- Capacidade at\u00e9 1500 ganchos por dia.<\/p>\n\n\t\t<\/div>\n\t<\/div>\n<\/div><\/div><\/div><div class=\"wpb_column vc_column_container vc_col-sm-6\"><div class=\"vc_column-inner\"><div class=\"wpb_wrapper\">\n\t<div class=\"wpb_video_widget wpb_content_element vc_clearfix   vc_video-aspect-ratio-169 vc_video-el-width-100 vc_video-align-left\" >\n\t\t<div class=\"wpb_wrapper\">\n\t\t\t\n\t\t\t<div class=\"wpb_video_wrapper\"><iframe title=\"Global 3200\/HFD 2000 - M\u00e1quina de fixa\u00e7\u00e3o de ganchos para cortinas\" width=\"500\" height=\"281\" src=\"https:\/\/www.youtube.com\/embed\/MOmXaxPjAOY?feature=oembed\" frameborder=\"0\" allow=\"accelerometer; autoplay; clipboard-write; encrypted-media; gyroscope; picture-in-picture; web-share\" referrerpolicy=\"strict-origin-when-cross-origin\" allowfullscreen><\/iframe><\/div>\n\t\t<\/div>\n\t<\/div>\n<\/div><\/div><\/div><\/div>\n<\/div>","protected":false},"excerpt":{"rendered":"<div class=\"row\">\n<div class=\"col-md-6\"><a class=\"download-button\" href=\"https:\/\/globalsew.com\/wp-content\/uploads\/2023\/04\/GLOBAL-3200-AUT-HFD-2000-NEW.pdf\" target=\"_blank\" rel=\"noopener\">Descarregar folheto<\/a><\/div>\n<\/div>\n<p>&nbsp;<\/p>\n<p>Completo com mesa, suporte e motor.<\/p>\n<p>As especifica\u00e7\u00f5es do produto para o Global 3200 HFD 2000 :<\/p>\n<ul>\n<li>Velocidade da m\u00e1quina: m\u00e1x. 2500 SPM<\/li>\n<li>Sistema de lubrifica\u00e7\u00e3o: semi-seco<\/li>\n<li>Tipo de agulha: 134 R<\/li>\n<li>Ganchos Microflex; a derradeira perfei\u00e7\u00e3o<br \/>\n- gancho ajust\u00e1vel para cortinas<br \/>\n- gancho de cortina cosido para pregas<br \/>\n- Concebido para o tratamento automatizado<br \/>\n- sem partes afiadas, sem risco de ferimentos<br \/>\n- de material sint\u00e9tico de alta qualidade e altamente resistente aos raios UV<br \/>\n- dispon\u00edvel em 3 comprimentos diferentes: 55, 75 e 95 mm<\/li>\n<\/ul>\n<div class=\"col-md-4\"><a href=\"#video\"><img decoding=\"async\" src=\"https:\/\/globalsew.com\/wp-content\/uploads\/2017\/11\/youtube-logo-4.png\" width=\"60px\" height=\"42px\" \/><\/a><\/div>","protected":false},"featured_media":92142,"template":"","meta":{"_acf_changed":false},"product_brand":[],"product_cat":[30,24,29],"product_tag":[],"class_list":{"0":"post-92138","1":"product","2":"type-product","3":"status-publish","4":"has-post-thumbnail","6":"product_cat-curtain-hook-attaching-machine","7":"product_cat-garment","8":"product_cat-lockstitch","9":"tm-has-options","11":"first","12":"instock","13":"shipping-taxable","14":"purchasable","15":"product-type-simple"},"acf":[],"gallery_images":[],"yoast_head":"<!-- This site is optimized with the Yoast SEO plugin v27.3 - https:\/\/yoast.com\/product\/yoast-seo-wordpress\/ -->\n<title>3200 HFD 2000 (curtain hook machine) - Global International B.V.<\/title>\n<meta name=\"robots\" content=\"index, follow, max-snippet:-1, max-image-preview:large, max-video-preview:-1\" \/>\n<link rel=\"canonical\" href=\"https:\/\/globalsew.com\/pt\/produto\/3200hfd2000\/\" \/>\n<meta property=\"og:locale\" content=\"pt_PT\" \/>\n<meta property=\"og:type\" content=\"article\" \/>\n<meta property=\"og:title\" content=\"3200 HFD 2000 (curtain hook machine) - Global International B.V.\" \/>\n<meta property=\"og:description\" content=\"Download Leaflet  &nbsp;  Complete with table, stand and motor.  The product specifications for the Global 3200 HFD 2000 :   Machine speed: max. 2500 SPM  Oiling system: semi dry  Needle type: 134 R  Microflex hooks; the ultimate perfection - adjustable curtain hook - sewn-in curtain hook for pinch pleats - designed for automated processing - no sharp parts, no risk for injuries - made of high grade synthetic and highly UV-resistant - available in 3 different lengths: 55, 75 and 95 mm\" \/>\n<meta property=\"og:url\" content=\"https:\/\/globalsew.com\/pt\/produto\/3200hfd2000\/\" \/>\n<meta property=\"og:site_name\" content=\"Global International B.V.\" \/>\n<meta property=\"article:modified_time\" content=\"2024-05-22T07:49:05+00:00\" \/>\n<meta property=\"og:image\" content=\"https:\/\/globalsew.com\/wp-content\/uploads\/2017\/12\/WEB-GLOBAL-3200-HFD-01-GLOBAL.jpg\" \/>\n\t<meta property=\"og:image:width\" content=\"555\" \/>\n\t<meta property=\"og:image:height\" content=\"347\" \/>\n\t<meta property=\"og:image:type\" content=\"image\/jpeg\" \/>\n<meta name=\"twitter:card\" content=\"summary_large_image\" \/>\n<meta name=\"twitter:label1\" content=\"Tempo estimado de leitura\" \/>\n\t<meta name=\"twitter:data1\" content=\"1 minuto\" \/>\n<script type=\"application\/ld+json\" class=\"yoast-schema-graph\">{\"@context\":\"https:\\\/\\\/schema.org\",\"@graph\":[{\"@type\":\"WebPage\",\"@id\":\"https:\\\/\\\/globalsew.com\\\/product\\\/3200hfd2000\\\/\",\"url\":\"https:\\\/\\\/globalsew.com\\\/product\\\/3200hfd2000\\\/\",\"name\":\"3200 HFD 2000 (curtain hook machine) - Global International B.V.\",\"isPartOf\":{\"@id\":\"https:\\\/\\\/globalsew.com\\\/#website\"},\"primaryImageOfPage\":{\"@id\":\"https:\\\/\\\/globalsew.com\\\/product\\\/3200hfd2000\\\/#primaryimage\"},\"image\":{\"@id\":\"https:\\\/\\\/globalsew.com\\\/product\\\/3200hfd2000\\\/#primaryimage\"},\"thumbnailUrl\":\"https:\\\/\\\/globalsew.com\\\/wp-content\\\/uploads\\\/2017\\\/12\\\/WEB-GLOBAL-3200-HFD-01-GLOBAL.jpg\",\"datePublished\":\"2017-12-04T13:50:04+00:00\",\"dateModified\":\"2024-05-22T07:49:05+00:00\",\"breadcrumb\":{\"@id\":\"https:\\\/\\\/globalsew.com\\\/product\\\/3200hfd2000\\\/#breadcrumb\"},\"inLanguage\":\"pt-PT\",\"potentialAction\":[{\"@type\":\"ReadAction\",\"target\":[\"https:\\\/\\\/globalsew.com\\\/product\\\/3200hfd2000\\\/\"]}]},{\"@type\":\"ImageObject\",\"inLanguage\":\"pt-PT\",\"@id\":\"https:\\\/\\\/globalsew.com\\\/product\\\/3200hfd2000\\\/#primaryimage\",\"url\":\"https:\\\/\\\/globalsew.com\\\/wp-content\\\/uploads\\\/2017\\\/12\\\/WEB-GLOBAL-3200-HFD-01-GLOBAL.jpg\",\"contentUrl\":\"https:\\\/\\\/globalsew.com\\\/wp-content\\\/uploads\\\/2017\\\/12\\\/WEB-GLOBAL-3200-HFD-01-GLOBAL.jpg\",\"width\":555,\"height\":347},{\"@type\":\"BreadcrumbList\",\"@id\":\"https:\\\/\\\/globalsew.com\\\/product\\\/3200hfd2000\\\/#breadcrumb\",\"itemListElement\":[{\"@type\":\"ListItem\",\"position\":1,\"name\":\"Home\",\"item\":\"https:\\\/\\\/globalsew.com\\\/\"},{\"@type\":\"ListItem\",\"position\":2,\"name\":\"Products\",\"item\":\"https:\\\/\\\/globalsew.com\\\/products\\\/\"},{\"@type\":\"ListItem\",\"position\":3,\"name\":\"3200 HFD 2000 (curtain hook machine)\"}]},{\"@type\":\"WebSite\",\"@id\":\"https:\\\/\\\/globalsew.com\\\/#website\",\"url\":\"https:\\\/\\\/globalsew.com\\\/\",\"name\":\"Global International B.V.\",\"description\":\"Industrial Sewing Machines\",\"potentialAction\":[{\"@type\":\"SearchAction\",\"target\":{\"@type\":\"EntryPoint\",\"urlTemplate\":\"https:\\\/\\\/globalsew.com\\\/?s={search_term_string}\"},\"query-input\":{\"@type\":\"PropertyValueSpecification\",\"valueRequired\":true,\"valueName\":\"search_term_string\"}}],\"inLanguage\":\"pt-PT\"}]}<\/script>\n<!-- \/ Yoast SEO plugin. -->","yoast_head_json":{"title":"3200 HFD 2000 (m\u00e1quina de ganchos para cortinas) - Global International B.V.","robots":{"index":"index","follow":"follow","max-snippet":"max-snippet:-1","max-image-preview":"max-image-preview:large","max-video-preview":"max-video-preview:-1"},"canonical":"https:\/\/globalsew.com\/pt\/produto\/3200hfd2000\/","og_locale":"pt_PT","og_type":"article","og_title":"3200 HFD 2000 (curtain hook machine) - Global International B.V.","og_description":"Download Leaflet  &nbsp;  Complete with table, stand and motor.  The product specifications for the Global 3200 HFD 2000 :   Machine speed: max. 2500 SPM  Oiling system: semi dry  Needle type: 134 R  Microflex hooks; the ultimate perfection - adjustable curtain hook - sewn-in curtain hook for pinch pleats - designed for automated processing - no sharp parts, no risk for injuries - made of high grade synthetic and highly UV-resistant - available in 3 different lengths: 55, 75 and 95 mm","og_url":"https:\/\/globalsew.com\/pt\/produto\/3200hfd2000\/","og_site_name":"Global International B.V.","article_modified_time":"2024-05-22T07:49:05+00:00","og_image":[{"width":555,"height":347,"url":"https:\/\/globalsew.com\/wp-content\/uploads\/2017\/12\/WEB-GLOBAL-3200-HFD-01-GLOBAL.jpg","type":"image\/jpeg"}],"twitter_card":"summary_large_image","twitter_misc":{"Tempo estimado de leitura":"1 minuto"},"schema":{"@context":"https:\/\/schema.org","@graph":[{"@type":"WebPage","@id":"https:\/\/globalsew.com\/product\/3200hfd2000\/","url":"https:\/\/globalsew.com\/product\/3200hfd2000\/","name":"3200 HFD 2000 (m\u00e1quina de ganchos para cortinas) - Global International B.V.","isPartOf":{"@id":"https:\/\/globalsew.com\/#website"},"primaryImageOfPage":{"@id":"https:\/\/globalsew.com\/product\/3200hfd2000\/#primaryimage"},"image":{"@id":"https:\/\/globalsew.com\/product\/3200hfd2000\/#primaryimage"},"thumbnailUrl":"https:\/\/globalsew.com\/wp-content\/uploads\/2017\/12\/WEB-GLOBAL-3200-HFD-01-GLOBAL.jpg","datePublished":"2017-12-04T13:50:04+00:00","dateModified":"2024-05-22T07:49:05+00:00","breadcrumb":{"@id":"https:\/\/globalsew.com\/product\/3200hfd2000\/#breadcrumb"},"inLanguage":"pt-PT","potentialAction":[{"@type":"ReadAction","target":["https:\/\/globalsew.com\/product\/3200hfd2000\/"]}]},{"@type":"ImageObject","inLanguage":"pt-PT","@id":"https:\/\/globalsew.com\/product\/3200hfd2000\/#primaryimage","url":"https:\/\/globalsew.com\/wp-content\/uploads\/2017\/12\/WEB-GLOBAL-3200-HFD-01-GLOBAL.jpg","contentUrl":"https:\/\/globalsew.com\/wp-content\/uploads\/2017\/12\/WEB-GLOBAL-3200-HFD-01-GLOBAL.jpg","width":555,"height":347},{"@type":"BreadcrumbList","@id":"https:\/\/globalsew.com\/product\/3200hfd2000\/#breadcrumb","itemListElement":[{"@type":"ListItem","position":1,"name":"Home","item":"https:\/\/globalsew.com\/"},{"@type":"ListItem","position":2,"name":"Products","item":"https:\/\/globalsew.com\/products\/"},{"@type":"ListItem","position":3,"name":"3200 HFD 2000 (curtain hook machine)"}]},{"@type":"WebSite","@id":"https:\/\/globalsew.com\/#website","url":"https:\/\/globalsew.com\/","name":"Global International B.V.","description":"M\u00e1quinas de costura industriais","potentialAction":[{"@type":"SearchAction","target":{"@type":"EntryPoint","urlTemplate":"https:\/\/globalsew.com\/?s={search_term_string}"},"query-input":{"@type":"PropertyValueSpecification","valueRequired":true,"valueName":"search_term_string"}}],"inLanguage":"pt-PT"}]}},"_links":{"self":[{"href":"https:\/\/globalsew.com\/pt\/wp-json\/wp\/v2\/product\/92138","targetHints":{"allow":["GET"]}}],"collection":[{"href":"https:\/\/globalsew.com\/pt\/wp-json\/wp\/v2\/product"}],"about":[{"href":"https:\/\/globalsew.com\/pt\/wp-json\/wp\/v2\/types\/product"}],"wp:featuredmedia":[{"embeddable":true,"href":"https:\/\/globalsew.com\/pt\/wp-json\/wp\/v2\/media\/92142"}],"wp:attachment":[{"href":"https:\/\/globalsew.com\/pt\/wp-json\/wp\/v2\/media?parent=92138"}],"wp:term":[{"taxonomy":"product_brand","embeddable":true,"href":"https:\/\/globalsew.com\/pt\/wp-json\/wp\/v2\/product_brand?post=92138"},{"taxonomy":"product_cat","embeddable":true,"href":"https:\/\/globalsew.com\/pt\/wp-json\/wp\/v2\/product_cat?post=92138"},{"taxonomy":"product_tag","embeddable":true,"href":"https:\/\/globalsew.com\/pt\/wp-json\/wp\/v2\/product_tag?post=92138"}],"curies":[{"name":"wp","href":"https:\/\/api.w.org\/{rel}","templated":true}]}}