{"id":91803,"date":"2017-11-09T10:08:02","date_gmt":"2017-11-09T09:08:02","guid":{"rendered":"https:\/\/globalsew.com\/?post_type=product&#038;p=91803"},"modified":"2024-05-22T09:49:04","modified_gmt":"2024-05-22T07:49:04","slug":"wf95","status":"publish","type":"product","link":"https:\/\/globalsew.com\/pt\/product\/wf95\/","title":{"rendered":"WF 95"},"content":{"rendered":"<p>M\u00e1quina de costura cil\u00edndrica de bra\u00e7o curto extra pesada com um comprimento de ponto at\u00e9 11 mm. Esta m\u00e1quina tem um espa\u00e7o de trabalho de 23 cm entre a agulha e a estrutura e um gancho de lan\u00e7adeira grande. Eleva\u00e7\u00e3o extra-alta do calcador at\u00e9 24 mm. Adequada para coser material pesado, como sacos, selas, assentos, arneses, cintos de seguran\u00e7a, correias. A eleva\u00e7\u00e3o pneum\u00e1tica do calcador est\u00e1 dispon\u00edvel como op\u00e7\u00e3o.<\/p>","protected":false},"excerpt":{"rendered":"<div class=\"row\">\n<div class=\"col-md-6\"><a class=\"download-button\" href=\"https:\/\/globalsew.com\/wp-content\/uploads\/2018\/08\/wf-95.pdf\" target=\"_blank\" rel=\"noopener\">Descarregar folheto<\/a><\/div>\n<\/div>\n<div><\/div>\n<div>Especifica\u00e7\u00f5es t\u00e9cnicas:<br \/>\n* Tipo de gancho: gancho grande de vaiv\u00e9m<br \/>\n* Comprimento do ponto: 0 - 11 mm<br \/>\n* Levantamento do calcador: \u00e0 m\u00e3o m\u00e1x. 14 mm, por pedal m\u00e1x. 24 mm<br \/>\n* Tipo de agulha: DY x3<br \/>\n* Espessura de costura: m\u00e1x. 19 mm<br \/>\n* Tamanho da rosca (m\u00e9trica): 30 a 8<\/div>","protected":false},"featured_media":105240,"template":"","meta":{"_acf_changed":false},"product_brand":[],"product_cat":[23,161,71,7,63,70,22,159],"product_tag":[],"class_list":{"0":"post-91803","1":"product","2":"type-product","3":"status-publish","4":"has-post-thumbnail","6":"product_cat-cylinder-arm-walking-foot-walking-foot","7":"product_cat-cylinder-arm-walking-foot","8":"product_cat-cylinder-arm-walking-foot-walking-foot-heavy-duty","9":"product_cat-heavy-duty","10":"product_cat-upholstery","11":"product_cat-walking-foot-heavy-duty","12":"product_cat-walking-foot","13":"product_cat-walking-foot-upholstery","14":"tm-has-options","16":"first","17":"instock","18":"shipping-taxable","19":"purchasable","20":"product-type-simple"},"acf":[],"gallery_images":[105744,94872,94871,94870,105241],"yoast_head":"<!-- This site is optimized with the Yoast SEO plugin v27.3 - https:\/\/yoast.com\/product\/yoast-seo-wordpress\/ -->\n<title>WF 95 - Global International B.V.<\/title>\n<meta name=\"robots\" content=\"index, follow, max-snippet:-1, max-image-preview:large, max-video-preview:-1\" \/>\n<link rel=\"canonical\" href=\"https:\/\/globalsew.com\/pt\/produto\/wf95\/\" \/>\n<meta property=\"og:locale\" content=\"pt_PT\" \/>\n<meta property=\"og:type\" content=\"article\" \/>\n<meta property=\"og:title\" content=\"WF 95 - Global International B.V.\" \/>\n<meta property=\"og:description\" content=\"Download Leaflet   Technical specifications: * Hook type: large shuttle hook * Stitch length: 0 - 11 mm * Presser foot lift: by hand max 14 mm, by pedal max. 24 mm * Needle type: DY x3 * Sewing thickness: max 19 mm * Thread size (metric): 30 to 8\" \/>\n<meta property=\"og:url\" content=\"https:\/\/globalsew.com\/pt\/produto\/wf95\/\" \/>\n<meta property=\"og:site_name\" content=\"Global International B.V.\" \/>\n<meta property=\"article:modified_time\" content=\"2024-05-22T07:49:04+00:00\" \/>\n<meta property=\"og:image\" content=\"https:\/\/globalsew.com\/wp-content\/uploads\/2017\/11\/products-WF-95-01-global-1080-website-2024.jpg\" \/>\n\t<meta property=\"og:image:width\" content=\"1819\" \/>\n\t<meta property=\"og:image:height\" content=\"1080\" \/>\n\t<meta property=\"og:image:type\" content=\"image\/jpeg\" \/>\n<meta name=\"twitter:card\" content=\"summary_large_image\" \/>\n<meta name=\"twitter:label1\" content=\"Tempo estimado de leitura\" \/>\n\t<meta name=\"twitter:data1\" content=\"1 minuto\" \/>\n<script type=\"application\/ld+json\" class=\"yoast-schema-graph\">{\"@context\":\"https:\\\/\\\/schema.org\",\"@graph\":[{\"@type\":\"WebPage\",\"@id\":\"https:\\\/\\\/globalsew.com\\\/product\\\/wf95\\\/\",\"url\":\"https:\\\/\\\/globalsew.com\\\/product\\\/wf95\\\/\",\"name\":\"WF 95 - Global International B.V.\",\"isPartOf\":{\"@id\":\"https:\\\/\\\/globalsew.com\\\/#website\"},\"primaryImageOfPage\":{\"@id\":\"https:\\\/\\\/globalsew.com\\\/product\\\/wf95\\\/#primaryimage\"},\"image\":{\"@id\":\"https:\\\/\\\/globalsew.com\\\/product\\\/wf95\\\/#primaryimage\"},\"thumbnailUrl\":\"https:\\\/\\\/globalsew.com\\\/wp-content\\\/uploads\\\/2017\\\/11\\\/products-WF-95-01-global-1080-website-2024.jpg\",\"datePublished\":\"2017-11-09T09:08:02+00:00\",\"dateModified\":\"2024-05-22T07:49:04+00:00\",\"breadcrumb\":{\"@id\":\"https:\\\/\\\/globalsew.com\\\/product\\\/wf95\\\/#breadcrumb\"},\"inLanguage\":\"pt-PT\",\"potentialAction\":[{\"@type\":\"ReadAction\",\"target\":[\"https:\\\/\\\/globalsew.com\\\/product\\\/wf95\\\/\"]}]},{\"@type\":\"ImageObject\",\"inLanguage\":\"pt-PT\",\"@id\":\"https:\\\/\\\/globalsew.com\\\/product\\\/wf95\\\/#primaryimage\",\"url\":\"https:\\\/\\\/globalsew.com\\\/wp-content\\\/uploads\\\/2017\\\/11\\\/products-WF-95-01-global-1080-website-2024.jpg\",\"contentUrl\":\"https:\\\/\\\/globalsew.com\\\/wp-content\\\/uploads\\\/2017\\\/11\\\/products-WF-95-01-global-1080-website-2024.jpg\",\"width\":1819,\"height\":1080,\"caption\":\"products-WF-95-01-global-1080-website-2024\"},{\"@type\":\"BreadcrumbList\",\"@id\":\"https:\\\/\\\/globalsew.com\\\/product\\\/wf95\\\/#breadcrumb\",\"itemListElement\":[{\"@type\":\"ListItem\",\"position\":1,\"name\":\"Home\",\"item\":\"https:\\\/\\\/globalsew.com\\\/\"},{\"@type\":\"ListItem\",\"position\":2,\"name\":\"Products\",\"item\":\"https:\\\/\\\/globalsew.com\\\/products\\\/\"},{\"@type\":\"ListItem\",\"position\":3,\"name\":\"WF 95\"}]},{\"@type\":\"WebSite\",\"@id\":\"https:\\\/\\\/globalsew.com\\\/#website\",\"url\":\"https:\\\/\\\/globalsew.com\\\/\",\"name\":\"Global International B.V.\",\"description\":\"Industrial Sewing Machines\",\"potentialAction\":[{\"@type\":\"SearchAction\",\"target\":{\"@type\":\"EntryPoint\",\"urlTemplate\":\"https:\\\/\\\/globalsew.com\\\/?s={search_term_string}\"},\"query-input\":{\"@type\":\"PropertyValueSpecification\",\"valueRequired\":true,\"valueName\":\"search_term_string\"}}],\"inLanguage\":\"pt-PT\"}]}<\/script>\n<!-- \/ Yoast SEO plugin. -->","yoast_head_json":{"title":"WF 95 - Global International B.V.","robots":{"index":"index","follow":"follow","max-snippet":"max-snippet:-1","max-image-preview":"max-image-preview:large","max-video-preview":"max-video-preview:-1"},"canonical":"https:\/\/globalsew.com\/pt\/produto\/wf95\/","og_locale":"pt_PT","og_type":"article","og_title":"WF 95 - Global International B.V.","og_description":"Download Leaflet   Technical specifications: * Hook type: large shuttle hook * Stitch length: 0 - 11 mm * Presser foot lift: by hand max 14 mm, by pedal max. 24 mm * Needle type: DY x3 * Sewing thickness: max 19 mm * Thread size (metric): 30 to 8","og_url":"https:\/\/globalsew.com\/pt\/produto\/wf95\/","og_site_name":"Global International B.V.","article_modified_time":"2024-05-22T07:49:04+00:00","og_image":[{"width":1819,"height":1080,"url":"https:\/\/globalsew.com\/wp-content\/uploads\/2017\/11\/products-WF-95-01-global-1080-website-2024.jpg","type":"image\/jpeg"}],"twitter_card":"summary_large_image","twitter_misc":{"Tempo estimado de leitura":"1 minuto"},"schema":{"@context":"https:\/\/schema.org","@graph":[{"@type":"WebPage","@id":"https:\/\/globalsew.com\/product\/wf95\/","url":"https:\/\/globalsew.com\/product\/wf95\/","name":"WF 95 - Global International B.V.","isPartOf":{"@id":"https:\/\/globalsew.com\/#website"},"primaryImageOfPage":{"@id":"https:\/\/globalsew.com\/product\/wf95\/#primaryimage"},"image":{"@id":"https:\/\/globalsew.com\/product\/wf95\/#primaryimage"},"thumbnailUrl":"https:\/\/globalsew.com\/wp-content\/uploads\/2017\/11\/products-WF-95-01-global-1080-website-2024.jpg","datePublished":"2017-11-09T09:08:02+00:00","dateModified":"2024-05-22T07:49:04+00:00","breadcrumb":{"@id":"https:\/\/globalsew.com\/product\/wf95\/#breadcrumb"},"inLanguage":"pt-PT","potentialAction":[{"@type":"ReadAction","target":["https:\/\/globalsew.com\/product\/wf95\/"]}]},{"@type":"ImageObject","inLanguage":"pt-PT","@id":"https:\/\/globalsew.com\/product\/wf95\/#primaryimage","url":"https:\/\/globalsew.com\/wp-content\/uploads\/2017\/11\/products-WF-95-01-global-1080-website-2024.jpg","contentUrl":"https:\/\/globalsew.com\/wp-content\/uploads\/2017\/11\/products-WF-95-01-global-1080-website-2024.jpg","width":1819,"height":1080,"caption":"products-WF-95-01-global-1080-website-2024"},{"@type":"BreadcrumbList","@id":"https:\/\/globalsew.com\/product\/wf95\/#breadcrumb","itemListElement":[{"@type":"ListItem","position":1,"name":"Home","item":"https:\/\/globalsew.com\/"},{"@type":"ListItem","position":2,"name":"Products","item":"https:\/\/globalsew.com\/products\/"},{"@type":"ListItem","position":3,"name":"WF 95"}]},{"@type":"WebSite","@id":"https:\/\/globalsew.com\/#website","url":"https:\/\/globalsew.com\/","name":"Global International B.V.","description":"M\u00e1quinas de costura industriais","potentialAction":[{"@type":"SearchAction","target":{"@type":"EntryPoint","urlTemplate":"https:\/\/globalsew.com\/?s={search_term_string}"},"query-input":{"@type":"PropertyValueSpecification","valueRequired":true,"valueName":"search_term_string"}}],"inLanguage":"pt-PT"}]}},"_links":{"self":[{"href":"https:\/\/globalsew.com\/pt\/wp-json\/wp\/v2\/product\/91803","targetHints":{"allow":["GET"]}}],"collection":[{"href":"https:\/\/globalsew.com\/pt\/wp-json\/wp\/v2\/product"}],"about":[{"href":"https:\/\/globalsew.com\/pt\/wp-json\/wp\/v2\/types\/product"}],"wp:featuredmedia":[{"embeddable":true,"href":"https:\/\/globalsew.com\/pt\/wp-json\/wp\/v2\/media\/105240"}],"wp:attachment":[{"href":"https:\/\/globalsew.com\/pt\/wp-json\/wp\/v2\/media?parent=91803"}],"wp:term":[{"taxonomy":"product_brand","embeddable":true,"href":"https:\/\/globalsew.com\/pt\/wp-json\/wp\/v2\/product_brand?post=91803"},{"taxonomy":"product_cat","embeddable":true,"href":"https:\/\/globalsew.com\/pt\/wp-json\/wp\/v2\/product_cat?post=91803"},{"taxonomy":"product_tag","embeddable":true,"href":"https:\/\/globalsew.com\/pt\/wp-json\/wp\/v2\/product_tag?post=91803"}],"curies":[{"name":"wp","href":"https:\/\/api.w.org\/{rel}","templated":true}]}}