{"id":91777,"date":"2017-11-07T16:02:13","date_gmt":"2017-11-07T15:02:13","guid":{"rendered":"https:\/\/globalsew.com\/?post_type=product&#038;p=91777"},"modified":"2024-05-22T09:49:04","modified_gmt":"2024-05-22T07:49:04","slug":"lp-2971-lh-np-aut","status":"publish","type":"product","link":"https:\/\/globalsew.com\/pt\/product\/lp-2971-lh-np-aut\/","title":{"rendered":"LP 2971 LH-NP-AUT"},"content":{"rendered":"<p>LP 2971 LH - NP - AUT<\/p>\n<p>M\u00e1quina de costura de ponto fixo de agulha \u00fanica com coluna estreita, com alimenta\u00e7\u00e3o por roda, alimenta\u00e7\u00e3o por agulha, prensa de rolo acionada e gancho grande, especialmente para cal\u00e7ado de crian\u00e7a. A m\u00e1quina est\u00e1 equipada com cortador de linha autom\u00e1tico, remate autom\u00e1tico e eleva\u00e7\u00e3o do calcador.<\/p>\n<p><img decoding=\"async\" class=\"wp-image-89551 alignright\" src=\"https:\/\/globalsew.com\/wp-content\/uploads\/2017\/02\/CE-EAC-ICON-GLOBALSEW-300x148.jpg\" alt=\"\" width=\"111\" height=\"55\" srcset=\"https:\/\/globalsew.com\/wp-content\/uploads\/2017\/02\/CE-EAC-ICON-GLOBALSEW-300x148.jpg 300w, https:\/\/globalsew.com\/wp-content\/uploads\/2017\/02\/CE-EAC-ICON-GLOBALSEW-555x274.jpg 555w, https:\/\/globalsew.com\/wp-content\/uploads\/2017\/02\/CE-EAC-ICON-GLOBALSEW-768x379.jpg 768w, https:\/\/globalsew.com\/wp-content\/uploads\/2017\/02\/CE-EAC-ICON-GLOBALSEW-1024x505.jpg 1024w, https:\/\/globalsew.com\/wp-content\/uploads\/2017\/02\/CE-EAC-ICON-GLOBALSEW-205x101.jpg 205w\" sizes=\"(max-width: 111px) 100vw, 111px\" \/><\/p>","protected":false},"excerpt":{"rendered":"<div class=\"row\">\n<div class=\"col-md-4\"><a class=\"download-button\" href=\"https:\/\/globalsew.com\/wp-content\/uploads\/2017\/02\/LP-2970-Manual.pdf\" target=\"_blank\" rel=\"noopener\">Manual<\/a><\/div>\n<div class=\"col-md-4\"><a class=\"download-button\" href=\"https:\/\/globalsew.com\/wp-content\/uploads\/2017\/03\/lp2970service.pdf\" target=\"_blank\" rel=\"noopener\">Manual de servi\u00e7o<\/a><\/div>\n<div class=\"col-md-4\"><a class=\"download-button\" href=\"https:\/\/globalsew.com\/wp-content\/uploads\/2017\/03\/lp2970parts.pdf\" target=\"_blank\" rel=\"noopener\">Livro de pe\u00e7as<\/a><\/div>\n<div class=\"col-md-4\"><\/div>\n<\/div>\n<p><img decoding=\"async\" class=\"alignnone size-medium wp-image-89541\" src=\"https:\/\/globalsew.com\/wp-content\/uploads\/2017\/02\/postbed.gif\" alt=\"\" width=\"53\" height=\"53\" \/>\u00a0<img decoding=\"async\" class=\"alignnone size-full wp-image-89537\" src=\"https:\/\/globalsew.com\/wp-content\/uploads\/2017\/02\/1-needle.gif\" alt=\"\" width=\"53\" height=\"53\" \/>\u00a0<img loading=\"lazy\" decoding=\"async\" class=\"alignnone size-full wp-image-89543\" src=\"https:\/\/globalsew.com\/wp-content\/uploads\/2017\/02\/vertical-hook-large.gif\" alt=\"\" width=\"53\" height=\"53\" \/>\u00a0<img loading=\"lazy\" decoding=\"async\" class=\"alignnone size-full wp-image-89540\" src=\"https:\/\/globalsew.com\/wp-content\/uploads\/2017\/02\/lockstitch.gif\" alt=\"\" width=\"53\" height=\"53\" \/>\u00a0<img loading=\"lazy\" decoding=\"async\" class=\"alignnone size-full wp-image-89538\" src=\"https:\/\/globalsew.com\/wp-content\/uploads\/2017\/02\/bottomfeed-needlefeed-alternatingfeed.gif\" alt=\"\" width=\"53\" height=\"53\" \/>\u00a0<img loading=\"lazy\" decoding=\"async\" class=\"alignnone size-full wp-image-89542\" src=\"https:\/\/globalsew.com\/wp-content\/uploads\/2017\/02\/stroke-adjust.gif\" alt=\"\" width=\"53\" height=\"53\" \/><\/p>\n<p>&nbsp;<\/p>","protected":false},"featured_media":93920,"template":"","meta":{"_acf_changed":false},"product_brand":[],"product_cat":[123,25],"product_tag":[],"class_list":{"0":"post-91777","1":"product","2":"type-product","3":"status-publish","4":"has-post-thumbnail","6":"product_cat-postbed-shoe-machines","7":"product_cat-shoes","8":"tm-has-options","10":"first","11":"instock","12":"shipping-taxable","13":"purchasable","14":"product-type-simple"},"acf":[],"gallery_images":[93921],"yoast_head":"<!-- This site is optimized with the Yoast SEO plugin v27.3 - https:\/\/yoast.com\/product\/yoast-seo-wordpress\/ -->\n<title>LP 2971 LH-NP-AUT - Global International B.V.<\/title>\n<meta name=\"robots\" content=\"index, follow, max-snippet:-1, max-image-preview:large, max-video-preview:-1\" \/>\n<link rel=\"canonical\" href=\"https:\/\/globalsew.com\/pt\/produto\/lp-2971-lh-np-aut\/\" \/>\n<meta property=\"og:locale\" content=\"pt_PT\" \/>\n<meta property=\"og:type\" content=\"article\" \/>\n<meta property=\"og:title\" content=\"LP 2971 LH-NP-AUT - Global International B.V.\" \/>\n<meta property=\"og:description\" content=\"Manual Service Manual Parts book   \u00a0\u00a0\u00a0\u00a0\u00a0  &nbsp;\" \/>\n<meta property=\"og:url\" content=\"https:\/\/globalsew.com\/pt\/produto\/lp-2971-lh-np-aut\/\" \/>\n<meta property=\"og:site_name\" content=\"Global International B.V.\" \/>\n<meta property=\"article:modified_time\" content=\"2024-05-22T07:49:04+00:00\" \/>\n<meta property=\"og:image\" content=\"https:\/\/globalsew.com\/wp-content\/uploads\/2017\/11\/WEB-GLOBAL-LP-2971-LH-NP-AUT-01-GLOBAL.jpg\" \/>\n\t<meta property=\"og:image:width\" content=\"555\" \/>\n\t<meta property=\"og:image:height\" content=\"347\" \/>\n\t<meta property=\"og:image:type\" content=\"image\/jpeg\" \/>\n<meta name=\"twitter:card\" content=\"summary_large_image\" \/>\n<meta name=\"twitter:label1\" content=\"Tempo estimado de leitura\" \/>\n\t<meta name=\"twitter:data1\" content=\"1 minuto\" \/>\n<script type=\"application\/ld+json\" class=\"yoast-schema-graph\">{\"@context\":\"https:\\\/\\\/schema.org\",\"@graph\":[{\"@type\":\"WebPage\",\"@id\":\"https:\\\/\\\/globalsew.com\\\/product\\\/lp-2971-lh-np-aut\\\/\",\"url\":\"https:\\\/\\\/globalsew.com\\\/product\\\/lp-2971-lh-np-aut\\\/\",\"name\":\"LP 2971 LH-NP-AUT - Global International B.V.\",\"isPartOf\":{\"@id\":\"https:\\\/\\\/globalsew.com\\\/#website\"},\"primaryImageOfPage\":{\"@id\":\"https:\\\/\\\/globalsew.com\\\/product\\\/lp-2971-lh-np-aut\\\/#primaryimage\"},\"image\":{\"@id\":\"https:\\\/\\\/globalsew.com\\\/product\\\/lp-2971-lh-np-aut\\\/#primaryimage\"},\"thumbnailUrl\":\"https:\\\/\\\/globalsew.com\\\/wp-content\\\/uploads\\\/2017\\\/11\\\/WEB-GLOBAL-LP-2971-LH-NP-AUT-01-GLOBAL.jpg\",\"datePublished\":\"2017-11-07T15:02:13+00:00\",\"dateModified\":\"2024-05-22T07:49:04+00:00\",\"breadcrumb\":{\"@id\":\"https:\\\/\\\/globalsew.com\\\/product\\\/lp-2971-lh-np-aut\\\/#breadcrumb\"},\"inLanguage\":\"pt-PT\",\"potentialAction\":[{\"@type\":\"ReadAction\",\"target\":[\"https:\\\/\\\/globalsew.com\\\/product\\\/lp-2971-lh-np-aut\\\/\"]}]},{\"@type\":\"ImageObject\",\"inLanguage\":\"pt-PT\",\"@id\":\"https:\\\/\\\/globalsew.com\\\/product\\\/lp-2971-lh-np-aut\\\/#primaryimage\",\"url\":\"https:\\\/\\\/globalsew.com\\\/wp-content\\\/uploads\\\/2017\\\/11\\\/WEB-GLOBAL-LP-2971-LH-NP-AUT-01-GLOBAL.jpg\",\"contentUrl\":\"https:\\\/\\\/globalsew.com\\\/wp-content\\\/uploads\\\/2017\\\/11\\\/WEB-GLOBAL-LP-2971-LH-NP-AUT-01-GLOBAL.jpg\",\"width\":555,\"height\":347},{\"@type\":\"BreadcrumbList\",\"@id\":\"https:\\\/\\\/globalsew.com\\\/product\\\/lp-2971-lh-np-aut\\\/#breadcrumb\",\"itemListElement\":[{\"@type\":\"ListItem\",\"position\":1,\"name\":\"Home\",\"item\":\"https:\\\/\\\/globalsew.com\\\/\"},{\"@type\":\"ListItem\",\"position\":2,\"name\":\"Products\",\"item\":\"https:\\\/\\\/globalsew.com\\\/products\\\/\"},{\"@type\":\"ListItem\",\"position\":3,\"name\":\"LP 2971 LH-NP-AUT\"}]},{\"@type\":\"WebSite\",\"@id\":\"https:\\\/\\\/globalsew.com\\\/#website\",\"url\":\"https:\\\/\\\/globalsew.com\\\/\",\"name\":\"Global International B.V.\",\"description\":\"Industrial Sewing Machines\",\"potentialAction\":[{\"@type\":\"SearchAction\",\"target\":{\"@type\":\"EntryPoint\",\"urlTemplate\":\"https:\\\/\\\/globalsew.com\\\/?s={search_term_string}\"},\"query-input\":{\"@type\":\"PropertyValueSpecification\",\"valueRequired\":true,\"valueName\":\"search_term_string\"}}],\"inLanguage\":\"pt-PT\"}]}<\/script>\n<!-- \/ Yoast SEO plugin. -->","yoast_head_json":{"title":"LP 2971 LH-NP-AUT - Global International B.V.","robots":{"index":"index","follow":"follow","max-snippet":"max-snippet:-1","max-image-preview":"max-image-preview:large","max-video-preview":"max-video-preview:-1"},"canonical":"https:\/\/globalsew.com\/pt\/produto\/lp-2971-lh-np-aut\/","og_locale":"pt_PT","og_type":"article","og_title":"LP 2971 LH-NP-AUT - Global International B.V.","og_description":"Manual Service Manual Parts book   \u00a0\u00a0\u00a0\u00a0\u00a0  &nbsp;","og_url":"https:\/\/globalsew.com\/pt\/produto\/lp-2971-lh-np-aut\/","og_site_name":"Global International B.V.","article_modified_time":"2024-05-22T07:49:04+00:00","og_image":[{"width":555,"height":347,"url":"https:\/\/globalsew.com\/wp-content\/uploads\/2017\/11\/WEB-GLOBAL-LP-2971-LH-NP-AUT-01-GLOBAL.jpg","type":"image\/jpeg"}],"twitter_card":"summary_large_image","twitter_misc":{"Tempo estimado de leitura":"1 minuto"},"schema":{"@context":"https:\/\/schema.org","@graph":[{"@type":"WebPage","@id":"https:\/\/globalsew.com\/product\/lp-2971-lh-np-aut\/","url":"https:\/\/globalsew.com\/product\/lp-2971-lh-np-aut\/","name":"LP 2971 LH-NP-AUT - Global International B.V.","isPartOf":{"@id":"https:\/\/globalsew.com\/#website"},"primaryImageOfPage":{"@id":"https:\/\/globalsew.com\/product\/lp-2971-lh-np-aut\/#primaryimage"},"image":{"@id":"https:\/\/globalsew.com\/product\/lp-2971-lh-np-aut\/#primaryimage"},"thumbnailUrl":"https:\/\/globalsew.com\/wp-content\/uploads\/2017\/11\/WEB-GLOBAL-LP-2971-LH-NP-AUT-01-GLOBAL.jpg","datePublished":"2017-11-07T15:02:13+00:00","dateModified":"2024-05-22T07:49:04+00:00","breadcrumb":{"@id":"https:\/\/globalsew.com\/product\/lp-2971-lh-np-aut\/#breadcrumb"},"inLanguage":"pt-PT","potentialAction":[{"@type":"ReadAction","target":["https:\/\/globalsew.com\/product\/lp-2971-lh-np-aut\/"]}]},{"@type":"ImageObject","inLanguage":"pt-PT","@id":"https:\/\/globalsew.com\/product\/lp-2971-lh-np-aut\/#primaryimage","url":"https:\/\/globalsew.com\/wp-content\/uploads\/2017\/11\/WEB-GLOBAL-LP-2971-LH-NP-AUT-01-GLOBAL.jpg","contentUrl":"https:\/\/globalsew.com\/wp-content\/uploads\/2017\/11\/WEB-GLOBAL-LP-2971-LH-NP-AUT-01-GLOBAL.jpg","width":555,"height":347},{"@type":"BreadcrumbList","@id":"https:\/\/globalsew.com\/product\/lp-2971-lh-np-aut\/#breadcrumb","itemListElement":[{"@type":"ListItem","position":1,"name":"Home","item":"https:\/\/globalsew.com\/"},{"@type":"ListItem","position":2,"name":"Products","item":"https:\/\/globalsew.com\/products\/"},{"@type":"ListItem","position":3,"name":"LP 2971 LH-NP-AUT"}]},{"@type":"WebSite","@id":"https:\/\/globalsew.com\/#website","url":"https:\/\/globalsew.com\/","name":"Global International B.V.","description":"M\u00e1quinas de costura industriais","potentialAction":[{"@type":"SearchAction","target":{"@type":"EntryPoint","urlTemplate":"https:\/\/globalsew.com\/?s={search_term_string}"},"query-input":{"@type":"PropertyValueSpecification","valueRequired":true,"valueName":"search_term_string"}}],"inLanguage":"pt-PT"}]}},"_links":{"self":[{"href":"https:\/\/globalsew.com\/pt\/wp-json\/wp\/v2\/product\/91777","targetHints":{"allow":["GET"]}}],"collection":[{"href":"https:\/\/globalsew.com\/pt\/wp-json\/wp\/v2\/product"}],"about":[{"href":"https:\/\/globalsew.com\/pt\/wp-json\/wp\/v2\/types\/product"}],"wp:featuredmedia":[{"embeddable":true,"href":"https:\/\/globalsew.com\/pt\/wp-json\/wp\/v2\/media\/93920"}],"wp:attachment":[{"href":"https:\/\/globalsew.com\/pt\/wp-json\/wp\/v2\/media?parent=91777"}],"wp:term":[{"taxonomy":"product_brand","embeddable":true,"href":"https:\/\/globalsew.com\/pt\/wp-json\/wp\/v2\/product_brand?post=91777"},{"taxonomy":"product_cat","embeddable":true,"href":"https:\/\/globalsew.com\/pt\/wp-json\/wp\/v2\/product_cat?post=91777"},{"taxonomy":"product_tag","embeddable":true,"href":"https:\/\/globalsew.com\/pt\/wp-json\/wp\/v2\/product_tag?post=91777"}],"curies":[{"name":"wp","href":"https:\/\/api.w.org\/{rel}","templated":true}]}}