{"id":91692,"date":"2017-11-01T17:34:58","date_gmt":"2017-11-01T16:34:58","guid":{"rendered":"https:\/\/globalsew.com\/?post_type=product&#038;p=91692"},"modified":"2024-05-22T09:49:02","modified_gmt":"2024-05-22T07:49:02","slug":"serie-ch-5000","status":"publish","type":"product","link":"https:\/\/globalsew.com\/pt\/product\/ch-5000-series\/","title":{"rendered":"S\u00e9rie CH 5000"},"content":{"rendered":"<div class=\"wpb-content-wrapper\"><div class=\"vc_row wpb_row vc_row-fluid\"><div class=\"wpb_column vc_column_container vc_col-sm-6\"><div class=\"vc_column-inner\"><div class=\"wpb_wrapper\">\n\t<div class=\"wpb_text_column wpb_content_element\" >\n\t\t<div class=\"wpb_wrapper\">\n\t\t\t<p><strong>CH 5001<\/strong><br \/>\n- M\u00e1quina de ponto em cadeia de alta velocidade, de agulha \u00fanica e 2 linhas, com lubrifica\u00e7\u00e3o autom\u00e1tica e equipada com um mecanismo de encurtamento de pontos (alavanca).<br \/>\n<strong>CH 5001 P<\/strong><br \/>\n- Id\u00eantico ao anterior, mas equipado com um dispositivo de extra\u00e7\u00e3o de borracha.<strong><br \/>\nCH 5002<\/strong><br \/>\n- M\u00e1quina de ponto em cadeia de alta velocidade com agulha dupla e 4 linhas, com lubrifica\u00e7\u00e3o autom\u00e1tica e equipada com ponto<br \/>\nmecanismo de curto-circuito (alavanca). Calibre de agulha standard de 4,8 ou 6,4 mm (agulha n\u00e3o inclu\u00edda).<br \/>\n<strong>CH 5002 P<br \/>\n<\/strong>- Igual ao CH 5002, mas equipado com um dispositivo de extra\u00e7\u00e3o de borracha.<br \/>\n<strong>CH 5003<\/strong><br \/>\n- M\u00e1quina de costura de alta velocidade com tr\u00eas agulhas e 6 linhas para pontos em cadeia, com lubrifica\u00e7\u00e3o autom\u00e1tica e equipada<br \/>\ncom mecanismo de encurtamento dos pontos (alavanca). Dist\u00e2ncia entre as agulhas 3,2 mm.<br \/>\n<strong>CH 5003 P<br \/>\n<\/strong>- Igual ao CH 5003, mas equipado com um dispositivo de extra\u00e7\u00e3o.<\/p>\n\n\t\t<\/div>\n\t<\/div>\n<\/div><\/div><\/div><div class=\"wpb_column vc_column_container vc_col-sm-6\"><div class=\"vc_column-inner\"><div class=\"wpb_wrapper\">\n\t<div class=\"wpb_text_column wpb_content_element\" >\n\t\t<div class=\"wpb_wrapper\">\n\t\t\t<p><a class=\"video-anchor\" name=\"video\"><\/a><\/p>\n\n\t\t<\/div>\n\t<\/div>\n\n\t<div class=\"wpb_video_widget wpb_content_element vc_clearfix   vc_video-aspect-ratio-169 vc_video-el-width-100 vc_video-align-left\" >\n\t\t<div class=\"wpb_wrapper\">\n\t\t\t\n\t\t\t<div class=\"wpb_video_wrapper\"><iframe title=\"Global CH 5003P-M\u00e1quina de costura de alta velocidade com 3 agulhas e 6 linhas para pontos em cadeia com puxador\" width=\"500\" height=\"281\" src=\"https:\/\/www.youtube.com\/embed\/pTYMhox08hE?feature=oembed\" frameborder=\"0\" allow=\"accelerometer; autoplay; clipboard-write; encrypted-media; gyroscope; picture-in-picture; web-share\" allowfullscreen><\/iframe><\/div>\n\t\t<\/div>\n\t<\/div>\n<\/div><\/div><\/div><\/div>\n<\/div>","protected":false},"excerpt":{"rendered":"<div class=\"row\">\n<div class=\"col-md-4\"><a class=\"download-button\" href=\"https:\/\/globalsew.com\/wp-content\/uploads\/2017\/02\/CH-5000.pdf\" target=\"_blank\" rel=\"noopener noreferrer\">Descarregar folheto<\/a><\/div>\n<div class=\"col-md-4\"><a class=\"download-button\" href=\"https:\/\/globalsew.com\/wp-content\/uploads\/2017\/01\/CH-5000-Series-Instruction-Manual-.pdf\" target=\"_blank\" rel=\"noopener noreferrer\">Descarregar o manual<\/a><\/div>\n<div class=\"col-md-4\"><a href=\"#video\"><img decoding=\"async\" src=\"https:\/\/globalsew.com\/wp-content\/uploads\/2017\/11\/youtube-logo-4.png\" width=\"60px\" height=\"42px\" \/><\/a><\/div>\n<\/div>","protected":false},"featured_media":3779,"template":"","meta":{"_acf_changed":false},"product_brand":[],"product_cat":[72,107],"product_tag":[],"class_list":{"0":"post-91692","1":"product","2":"type-product","3":"status-publish","4":"has-post-thumbnail","6":"product_cat-chainstitch-machine","7":"product_cat-chainstitch-machines","8":"tm-has-options","10":"first","11":"instock","12":"shipping-taxable","13":"purchasable","14":"product-type-simple"},"acf":[],"gallery_images":[105763],"yoast_head":"<!-- This site is optimized with the Yoast SEO plugin v27.3 - https:\/\/yoast.com\/product\/yoast-seo-wordpress\/ -->\n<title>CH 5000 series - Global International B.V.<\/title>\n<meta name=\"robots\" content=\"index, follow, max-snippet:-1, max-image-preview:large, max-video-preview:-1\" \/>\n<link rel=\"canonical\" href=\"https:\/\/globalsew.com\/pt\/produto\/serie-ch-5000\/\" \/>\n<meta property=\"og:locale\" content=\"pt_PT\" \/>\n<meta property=\"og:type\" content=\"article\" \/>\n<meta property=\"og:title\" content=\"CH 5000 series - Global International B.V.\" \/>\n<meta property=\"og:description\" content=\"Download Leaflet Download Manual\" \/>\n<meta property=\"og:url\" content=\"https:\/\/globalsew.com\/pt\/produto\/serie-ch-5000\/\" \/>\n<meta property=\"og:site_name\" content=\"Global International B.V.\" \/>\n<meta property=\"article:modified_time\" content=\"2024-05-22T07:49:02+00:00\" \/>\n<meta property=\"og:image\" content=\"https:\/\/globalsew.com\/wp-content\/uploads\/2017\/01\/CH-5000-Series-Industrial-sewing.jpg\" \/>\n\t<meta property=\"og:image:width\" content=\"555\" \/>\n\t<meta property=\"og:image:height\" content=\"347\" \/>\n\t<meta property=\"og:image:type\" content=\"image\/jpeg\" \/>\n<meta name=\"twitter:card\" content=\"summary_large_image\" \/>\n<meta name=\"twitter:label1\" content=\"Tempo estimado de leitura\" \/>\n\t<meta name=\"twitter:data1\" content=\"1 minuto\" \/>\n<script type=\"application\/ld+json\" class=\"yoast-schema-graph\">{\"@context\":\"https:\\\/\\\/schema.org\",\"@graph\":[{\"@type\":\"WebPage\",\"@id\":\"https:\\\/\\\/globalsew.com\\\/product\\\/ch-5000-series\\\/\",\"url\":\"https:\\\/\\\/globalsew.com\\\/product\\\/ch-5000-series\\\/\",\"name\":\"CH 5000 series - Global International B.V.\",\"isPartOf\":{\"@id\":\"https:\\\/\\\/globalsew.com\\\/#website\"},\"primaryImageOfPage\":{\"@id\":\"https:\\\/\\\/globalsew.com\\\/product\\\/ch-5000-series\\\/#primaryimage\"},\"image\":{\"@id\":\"https:\\\/\\\/globalsew.com\\\/product\\\/ch-5000-series\\\/#primaryimage\"},\"thumbnailUrl\":\"https:\\\/\\\/globalsew.com\\\/wp-content\\\/uploads\\\/2017\\\/01\\\/CH-5000-Series-Industrial-sewing.jpg\",\"datePublished\":\"2017-11-01T16:34:58+00:00\",\"dateModified\":\"2024-05-22T07:49:02+00:00\",\"breadcrumb\":{\"@id\":\"https:\\\/\\\/globalsew.com\\\/product\\\/ch-5000-series\\\/#breadcrumb\"},\"inLanguage\":\"pt-PT\",\"potentialAction\":[{\"@type\":\"ReadAction\",\"target\":[\"https:\\\/\\\/globalsew.com\\\/product\\\/ch-5000-series\\\/\"]}]},{\"@type\":\"ImageObject\",\"inLanguage\":\"pt-PT\",\"@id\":\"https:\\\/\\\/globalsew.com\\\/product\\\/ch-5000-series\\\/#primaryimage\",\"url\":\"https:\\\/\\\/globalsew.com\\\/wp-content\\\/uploads\\\/2017\\\/01\\\/CH-5000-Series-Industrial-sewing.jpg\",\"contentUrl\":\"https:\\\/\\\/globalsew.com\\\/wp-content\\\/uploads\\\/2017\\\/01\\\/CH-5000-Series-Industrial-sewing.jpg\",\"width\":555,\"height\":347,\"caption\":\"CH 5000 Series - Industrial sewing\"},{\"@type\":\"BreadcrumbList\",\"@id\":\"https:\\\/\\\/globalsew.com\\\/product\\\/ch-5000-series\\\/#breadcrumb\",\"itemListElement\":[{\"@type\":\"ListItem\",\"position\":1,\"name\":\"Home\",\"item\":\"https:\\\/\\\/globalsew.com\\\/\"},{\"@type\":\"ListItem\",\"position\":2,\"name\":\"Products\",\"item\":\"https:\\\/\\\/globalsew.com\\\/products\\\/\"},{\"@type\":\"ListItem\",\"position\":3,\"name\":\"CH 5000 series\"}]},{\"@type\":\"WebSite\",\"@id\":\"https:\\\/\\\/globalsew.com\\\/#website\",\"url\":\"https:\\\/\\\/globalsew.com\\\/\",\"name\":\"Global International B.V.\",\"description\":\"Industrial Sewing Machines\",\"potentialAction\":[{\"@type\":\"SearchAction\",\"target\":{\"@type\":\"EntryPoint\",\"urlTemplate\":\"https:\\\/\\\/globalsew.com\\\/?s={search_term_string}\"},\"query-input\":{\"@type\":\"PropertyValueSpecification\",\"valueRequired\":true,\"valueName\":\"search_term_string\"}}],\"inLanguage\":\"pt-PT\"}]}<\/script>\n<!-- \/ Yoast SEO plugin. -->","yoast_head_json":{"title":"S\u00e9rie CH 5000 - Global International B.V.","robots":{"index":"index","follow":"follow","max-snippet":"max-snippet:-1","max-image-preview":"max-image-preview:large","max-video-preview":"max-video-preview:-1"},"canonical":"https:\/\/globalsew.com\/pt\/produto\/serie-ch-5000\/","og_locale":"pt_PT","og_type":"article","og_title":"CH 5000 series - Global International B.V.","og_description":"Download Leaflet Download Manual","og_url":"https:\/\/globalsew.com\/pt\/produto\/serie-ch-5000\/","og_site_name":"Global International B.V.","article_modified_time":"2024-05-22T07:49:02+00:00","og_image":[{"width":555,"height":347,"url":"https:\/\/globalsew.com\/wp-content\/uploads\/2017\/01\/CH-5000-Series-Industrial-sewing.jpg","type":"image\/jpeg"}],"twitter_card":"summary_large_image","twitter_misc":{"Tempo estimado de leitura":"1 minuto"},"schema":{"@context":"https:\/\/schema.org","@graph":[{"@type":"WebPage","@id":"https:\/\/globalsew.com\/product\/ch-5000-series\/","url":"https:\/\/globalsew.com\/product\/ch-5000-series\/","name":"S\u00e9rie CH 5000 - Global International B.V.","isPartOf":{"@id":"https:\/\/globalsew.com\/#website"},"primaryImageOfPage":{"@id":"https:\/\/globalsew.com\/product\/ch-5000-series\/#primaryimage"},"image":{"@id":"https:\/\/globalsew.com\/product\/ch-5000-series\/#primaryimage"},"thumbnailUrl":"https:\/\/globalsew.com\/wp-content\/uploads\/2017\/01\/CH-5000-Series-Industrial-sewing.jpg","datePublished":"2017-11-01T16:34:58+00:00","dateModified":"2024-05-22T07:49:02+00:00","breadcrumb":{"@id":"https:\/\/globalsew.com\/product\/ch-5000-series\/#breadcrumb"},"inLanguage":"pt-PT","potentialAction":[{"@type":"ReadAction","target":["https:\/\/globalsew.com\/product\/ch-5000-series\/"]}]},{"@type":"ImageObject","inLanguage":"pt-PT","@id":"https:\/\/globalsew.com\/product\/ch-5000-series\/#primaryimage","url":"https:\/\/globalsew.com\/wp-content\/uploads\/2017\/01\/CH-5000-Series-Industrial-sewing.jpg","contentUrl":"https:\/\/globalsew.com\/wp-content\/uploads\/2017\/01\/CH-5000-Series-Industrial-sewing.jpg","width":555,"height":347,"caption":"CH 5000 Series - Industrial sewing"},{"@type":"BreadcrumbList","@id":"https:\/\/globalsew.com\/product\/ch-5000-series\/#breadcrumb","itemListElement":[{"@type":"ListItem","position":1,"name":"Home","item":"https:\/\/globalsew.com\/"},{"@type":"ListItem","position":2,"name":"Products","item":"https:\/\/globalsew.com\/products\/"},{"@type":"ListItem","position":3,"name":"CH 5000 series"}]},{"@type":"WebSite","@id":"https:\/\/globalsew.com\/#website","url":"https:\/\/globalsew.com\/","name":"Global International B.V.","description":"M\u00e1quinas de costura industriais","potentialAction":[{"@type":"SearchAction","target":{"@type":"EntryPoint","urlTemplate":"https:\/\/globalsew.com\/?s={search_term_string}"},"query-input":{"@type":"PropertyValueSpecification","valueRequired":true,"valueName":"search_term_string"}}],"inLanguage":"pt-PT"}]}},"_links":{"self":[{"href":"https:\/\/globalsew.com\/pt\/wp-json\/wp\/v2\/product\/91692","targetHints":{"allow":["GET"]}}],"collection":[{"href":"https:\/\/globalsew.com\/pt\/wp-json\/wp\/v2\/product"}],"about":[{"href":"https:\/\/globalsew.com\/pt\/wp-json\/wp\/v2\/types\/product"}],"wp:featuredmedia":[{"embeddable":true,"href":"https:\/\/globalsew.com\/pt\/wp-json\/wp\/v2\/media\/3779"}],"wp:attachment":[{"href":"https:\/\/globalsew.com\/pt\/wp-json\/wp\/v2\/media?parent=91692"}],"wp:term":[{"taxonomy":"product_brand","embeddable":true,"href":"https:\/\/globalsew.com\/pt\/wp-json\/wp\/v2\/product_brand?post=91692"},{"taxonomy":"product_cat","embeddable":true,"href":"https:\/\/globalsew.com\/pt\/wp-json\/wp\/v2\/product_cat?post=91692"},{"taxonomy":"product_tag","embeddable":true,"href":"https:\/\/globalsew.com\/pt\/wp-json\/wp\/v2\/product_tag?post=91692"}],"curies":[{"name":"wp","href":"https:\/\/api.w.org\/{rel}","templated":true}]}}