{"id":89082,"date":"2017-04-05T14:11:47","date_gmt":"2017-04-05T12:11:47","guid":{"rendered":"https:\/\/globalsew.com\/product\/up-1646-os\/"},"modified":"2024-06-03T15:08:17","modified_gmt":"2024-06-03T13:08:17","slug":"up-1646-os","status":"publish","type":"product","link":"https:\/\/globalsew.com\/pt\/product\/up-1646-os\/","title":{"rendered":"UP 1646-33 OS"},"content":{"rendered":"<p><strong>UP 1646-33 OS<br \/>\n<\/strong>M\u00e1quina de costura ornamental program\u00e1vel de agulha dupla com ganchos grandes e eleva\u00e7\u00e3o do calcador, que pode efetuar costuras funcionais e decorativas em sapatos, malas e sacos. Esta m\u00e1quina \u00e9 fornecida com 18 padr\u00f5es de pontos decorativos de agulha simples e 54 padr\u00f5es de pontos decorativos de agulha dupla. De s\u00e9rie com guia central pneum\u00e1tica e dist\u00e2ncia da agulha de 8 mm. O espa\u00e7o de trabalho \u00e9 de 33 cm.<\/p>\n<p><img decoding=\"async\" class=\"alignnone size-full wp-image-94791\" src=\"https:\/\/globalsew.com\/wp-content\/uploads\/2017\/04\/hohsing-xs-global.jpg\" alt=\"\" width=\"73\" height=\"68\" \/> <img decoding=\"async\" class=\"alignnone size-full wp-image-94792\" src=\"https:\/\/globalsew.com\/wp-content\/uploads\/2017\/04\/hirose-xs-global.jpg\" alt=\"\" width=\"73\" height=\"68\" \/> <img decoding=\"async\" class=\"alignnone size-full wp-image-94794\" src=\"https:\/\/globalsew.com\/wp-content\/uploads\/2017\/04\/eac-xs-global.jpg\" alt=\"\" width=\"73\" height=\"68\" \/>\u00a0<img loading=\"lazy\" decoding=\"async\" class=\"alignnone size-full wp-image-94793\" src=\"https:\/\/globalsew.com\/wp-content\/uploads\/2017\/04\/ce-xs-global.jpg\" alt=\"\" width=\"73\" height=\"68\" \/><\/p>","protected":false},"excerpt":{"rendered":"<p><a href=\"https:\/\/www.youtube.com\/watch?v=OO2CeDSN714\"><img loading=\"lazy\" decoding=\"async\" src=\"https:\/\/globalsew.com\/wp-content\/uploads\/2017\/11\/youtube-logo-4.png\" width=\"60\" height=\"42\" \/><\/a><\/p>\n<div class=\"row\">\n<div>Para descarregar, consulte a nossa p\u00e1gina de descarregamentos para o <a class=\"download-link\" href=\"https:\/\/globalsew.com\/pt\/descarregar\/serie-up\/\">M\u00e1quinas para estofos<\/a>.<\/div>\n<\/div>\n<p>As especifica\u00e7\u00f5es do produto para o sistema operativo UP 1646-33:<\/p>\n<ul>\n<li>Velocidade da m\u00e1quina: m\u00e1x. 150 rpm<br \/>\n(nota: esta m\u00e1quina N\u00c3O pode trabalhar a uma velocidade superior. Se coser a uma velocidade superior, perde a sua garantia, especialmente no caso de padr\u00f5es de pontos complicados!)<\/li>\n<li>Comprimento dos pontos: m\u00e1x. 9 mm<\/li>\n<li>Gancho: gancho horizontal grande<\/li>\n<li>Eleva\u00e7\u00e3o do calcador: m\u00e1x. 16 mm<\/li>\n<li>Aterna\u00e7\u00e3o interior do calcador: 1-7 mm<\/li>\n<li>Tipo de agulha: DPx17<\/li>\n<\/ul>\n<p>&nbsp;<\/p>\n<p>Configurador de produtos, fa\u00e7a a sua sele\u00e7\u00e3o abaixo.<\/p>","protected":false},"featured_media":105225,"template":"","meta":{"_acf_changed":false},"product_brand":[],"product_cat":[21,158,96,156,63],"product_tag":[],"class_list":{"0":"post-89082","1":"product","2":"type-product","3":"status-publish","4":"has-post-thumbnail","6":"product_cat-automotive","7":"product_cat-ornamental-stitching-upholstery","8":"product_cat-ornamental-stitching-global","9":"product_cat-post-bed-machines-upholstery","10":"product_cat-upholstery","11":"tm-no-options","13":"first","14":"instock","15":"featured","16":"shipping-taxable","17":"purchasable","18":"product-type-simple"},"acf":[],"gallery_images":[105743,105222,105223,105224],"yoast_head":"<!-- This site is optimized with the Yoast SEO plugin v27.3 - https:\/\/yoast.com\/product\/yoast-seo-wordpress\/ -->\n<title>UP 1646-33 OS - Global International B.V.<\/title>\n<meta name=\"robots\" content=\"index, follow, max-snippet:-1, max-image-preview:large, max-video-preview:-1\" \/>\n<link rel=\"canonical\" href=\"https:\/\/globalsew.com\/pt\/produto\/up-1646-os\/\" \/>\n<meta property=\"og:locale\" content=\"pt_PT\" \/>\n<meta property=\"og:type\" content=\"article\" \/>\n<meta property=\"og:title\" content=\"UP 1646-33 OS - Global International B.V.\" \/>\n<meta property=\"og:description\" content=\"For downloads see our downloads page for the Upholstery machines.  The product specifications for the UP 1646-33 OS:   Machine speed: max 150 spm (note: this machine can NOT handle a higher speed. If you sew on a higher speed, you loose your guarantee, especially in case of complicated stitch patterns!)  Stitch length: max 9 mm  Hook: large horizontal hook  Presser foot lift: max 16 mm  Inner presser foot aternation: 1-7 mm  Needle type: DPx17  &nbsp;  Product configurator, please make your selection below.\" \/>\n<meta property=\"og:url\" content=\"https:\/\/globalsew.com\/pt\/produto\/up-1646-os\/\" \/>\n<meta property=\"og:site_name\" content=\"Global International B.V.\" \/>\n<meta property=\"article:modified_time\" content=\"2024-06-03T13:08:17+00:00\" \/>\n<meta property=\"og:image\" content=\"https:\/\/globalsew.com\/wp-content\/uploads\/2017\/04\/products-UP-1646-33-OS-global-1080-website-2024.jpg\" \/>\n\t<meta property=\"og:image:width\" content=\"1819\" \/>\n\t<meta property=\"og:image:height\" content=\"1080\" \/>\n\t<meta property=\"og:image:type\" content=\"image\/jpeg\" \/>\n<meta name=\"twitter:card\" content=\"summary_large_image\" \/>\n<meta name=\"twitter:label1\" content=\"Tempo estimado de leitura\" \/>\n\t<meta name=\"twitter:data1\" content=\"2 minutos\" \/>\n<script type=\"application\/ld+json\" class=\"yoast-schema-graph\">{\"@context\":\"https:\\\/\\\/schema.org\",\"@graph\":[{\"@type\":\"WebPage\",\"@id\":\"https:\\\/\\\/globalsew.com\\\/product\\\/up-1646-os\\\/\",\"url\":\"https:\\\/\\\/globalsew.com\\\/product\\\/up-1646-os\\\/\",\"name\":\"UP 1646-33 OS - Global International B.V.\",\"isPartOf\":{\"@id\":\"https:\\\/\\\/globalsew.com\\\/#website\"},\"primaryImageOfPage\":{\"@id\":\"https:\\\/\\\/globalsew.com\\\/product\\\/up-1646-os\\\/#primaryimage\"},\"image\":{\"@id\":\"https:\\\/\\\/globalsew.com\\\/product\\\/up-1646-os\\\/#primaryimage\"},\"thumbnailUrl\":\"https:\\\/\\\/globalsew.com\\\/wp-content\\\/uploads\\\/2017\\\/04\\\/products-UP-1646-33-OS-global-1080-website-2024.jpg\",\"datePublished\":\"2017-04-05T12:11:47+00:00\",\"dateModified\":\"2024-06-03T13:08:17+00:00\",\"breadcrumb\":{\"@id\":\"https:\\\/\\\/globalsew.com\\\/product\\\/up-1646-os\\\/#breadcrumb\"},\"inLanguage\":\"pt-PT\",\"potentialAction\":[{\"@type\":\"ReadAction\",\"target\":[\"https:\\\/\\\/globalsew.com\\\/product\\\/up-1646-os\\\/\"]}]},{\"@type\":\"ImageObject\",\"inLanguage\":\"pt-PT\",\"@id\":\"https:\\\/\\\/globalsew.com\\\/product\\\/up-1646-os\\\/#primaryimage\",\"url\":\"https:\\\/\\\/globalsew.com\\\/wp-content\\\/uploads\\\/2017\\\/04\\\/products-UP-1646-33-OS-global-1080-website-2024.jpg\",\"contentUrl\":\"https:\\\/\\\/globalsew.com\\\/wp-content\\\/uploads\\\/2017\\\/04\\\/products-UP-1646-33-OS-global-1080-website-2024.jpg\",\"width\":1819,\"height\":1080,\"caption\":\"UP 1646-33 OS\"},{\"@type\":\"BreadcrumbList\",\"@id\":\"https:\\\/\\\/globalsew.com\\\/product\\\/up-1646-os\\\/#breadcrumb\",\"itemListElement\":[{\"@type\":\"ListItem\",\"position\":1,\"name\":\"Home\",\"item\":\"https:\\\/\\\/globalsew.com\\\/\"},{\"@type\":\"ListItem\",\"position\":2,\"name\":\"Products\",\"item\":\"https:\\\/\\\/globalsew.com\\\/products\\\/\"},{\"@type\":\"ListItem\",\"position\":3,\"name\":\"UP 1646-33 OS\"}]},{\"@type\":\"WebSite\",\"@id\":\"https:\\\/\\\/globalsew.com\\\/#website\",\"url\":\"https:\\\/\\\/globalsew.com\\\/\",\"name\":\"Global International B.V.\",\"description\":\"Industrial Sewing Machines\",\"potentialAction\":[{\"@type\":\"SearchAction\",\"target\":{\"@type\":\"EntryPoint\",\"urlTemplate\":\"https:\\\/\\\/globalsew.com\\\/?s={search_term_string}\"},\"query-input\":{\"@type\":\"PropertyValueSpecification\",\"valueRequired\":true,\"valueName\":\"search_term_string\"}}],\"inLanguage\":\"pt-PT\"}]}<\/script>\n<!-- \/ Yoast SEO plugin. -->","yoast_head_json":{"title":"UP 1646-33 OS - Global International B.V.","robots":{"index":"index","follow":"follow","max-snippet":"max-snippet:-1","max-image-preview":"max-image-preview:large","max-video-preview":"max-video-preview:-1"},"canonical":"https:\/\/globalsew.com\/pt\/produto\/up-1646-os\/","og_locale":"pt_PT","og_type":"article","og_title":"UP 1646-33 OS - Global International B.V.","og_description":"For downloads see our downloads page for the Upholstery machines.  The product specifications for the UP 1646-33 OS:   Machine speed: max 150 spm (note: this machine can NOT handle a higher speed. If you sew on a higher speed, you loose your guarantee, especially in case of complicated stitch patterns!)  Stitch length: max 9 mm  Hook: large horizontal hook  Presser foot lift: max 16 mm  Inner presser foot aternation: 1-7 mm  Needle type: DPx17  &nbsp;  Product configurator, please make your selection below.","og_url":"https:\/\/globalsew.com\/pt\/produto\/up-1646-os\/","og_site_name":"Global International B.V.","article_modified_time":"2024-06-03T13:08:17+00:00","og_image":[{"width":1819,"height":1080,"url":"https:\/\/globalsew.com\/wp-content\/uploads\/2017\/04\/products-UP-1646-33-OS-global-1080-website-2024.jpg","type":"image\/jpeg"}],"twitter_card":"summary_large_image","twitter_misc":{"Tempo estimado de leitura":"2 minutos"},"schema":{"@context":"https:\/\/schema.org","@graph":[{"@type":"WebPage","@id":"https:\/\/globalsew.com\/product\/up-1646-os\/","url":"https:\/\/globalsew.com\/product\/up-1646-os\/","name":"UP 1646-33 OS - Global International B.V.","isPartOf":{"@id":"https:\/\/globalsew.com\/#website"},"primaryImageOfPage":{"@id":"https:\/\/globalsew.com\/product\/up-1646-os\/#primaryimage"},"image":{"@id":"https:\/\/globalsew.com\/product\/up-1646-os\/#primaryimage"},"thumbnailUrl":"https:\/\/globalsew.com\/wp-content\/uploads\/2017\/04\/products-UP-1646-33-OS-global-1080-website-2024.jpg","datePublished":"2017-04-05T12:11:47+00:00","dateModified":"2024-06-03T13:08:17+00:00","breadcrumb":{"@id":"https:\/\/globalsew.com\/product\/up-1646-os\/#breadcrumb"},"inLanguage":"pt-PT","potentialAction":[{"@type":"ReadAction","target":["https:\/\/globalsew.com\/product\/up-1646-os\/"]}]},{"@type":"ImageObject","inLanguage":"pt-PT","@id":"https:\/\/globalsew.com\/product\/up-1646-os\/#primaryimage","url":"https:\/\/globalsew.com\/wp-content\/uploads\/2017\/04\/products-UP-1646-33-OS-global-1080-website-2024.jpg","contentUrl":"https:\/\/globalsew.com\/wp-content\/uploads\/2017\/04\/products-UP-1646-33-OS-global-1080-website-2024.jpg","width":1819,"height":1080,"caption":"UP 1646-33 OS"},{"@type":"BreadcrumbList","@id":"https:\/\/globalsew.com\/product\/up-1646-os\/#breadcrumb","itemListElement":[{"@type":"ListItem","position":1,"name":"Home","item":"https:\/\/globalsew.com\/"},{"@type":"ListItem","position":2,"name":"Products","item":"https:\/\/globalsew.com\/products\/"},{"@type":"ListItem","position":3,"name":"UP 1646-33 OS"}]},{"@type":"WebSite","@id":"https:\/\/globalsew.com\/#website","url":"https:\/\/globalsew.com\/","name":"Global International B.V.","description":"M\u00e1quinas de costura industriais","potentialAction":[{"@type":"SearchAction","target":{"@type":"EntryPoint","urlTemplate":"https:\/\/globalsew.com\/?s={search_term_string}"},"query-input":{"@type":"PropertyValueSpecification","valueRequired":true,"valueName":"search_term_string"}}],"inLanguage":"pt-PT"}]}},"_links":{"self":[{"href":"https:\/\/globalsew.com\/pt\/wp-json\/wp\/v2\/product\/89082","targetHints":{"allow":["GET"]}}],"collection":[{"href":"https:\/\/globalsew.com\/pt\/wp-json\/wp\/v2\/product"}],"about":[{"href":"https:\/\/globalsew.com\/pt\/wp-json\/wp\/v2\/types\/product"}],"wp:featuredmedia":[{"embeddable":true,"href":"https:\/\/globalsew.com\/pt\/wp-json\/wp\/v2\/media\/105225"}],"wp:attachment":[{"href":"https:\/\/globalsew.com\/pt\/wp-json\/wp\/v2\/media?parent=89082"}],"wp:term":[{"taxonomy":"product_brand","embeddable":true,"href":"https:\/\/globalsew.com\/pt\/wp-json\/wp\/v2\/product_brand?post=89082"},{"taxonomy":"product_cat","embeddable":true,"href":"https:\/\/globalsew.com\/pt\/wp-json\/wp\/v2\/product_cat?post=89082"},{"taxonomy":"product_tag","embeddable":true,"href":"https:\/\/globalsew.com\/pt\/wp-json\/wp\/v2\/product_tag?post=89082"}],"curies":[{"name":"wp","href":"https:\/\/api.w.org\/{rel}","templated":true}]}}