{"id":88005,"date":"2017-03-20T15:37:41","date_gmt":"2017-03-20T14:37:41","guid":{"rendered":"https:\/\/globalsew.com\/?post_type=product&#038;p=88005"},"modified":"2024-01-18T16:14:55","modified_gmt":"2024-01-18T15:14:55","slug":"maquinas-de-cortar-facas-redondas","status":"publish","type":"product","link":"https:\/\/globalsew.com\/pt\/product\/round-knife-cutting-machines\/","title":{"rendered":"M\u00e1quinas de corte de facas redondas"},"content":{"rendered":"<p><strong>All Star 100<\/strong><br \/>\n- Faca circular redonda pequena. Dimens\u00e3o da l\u00e2mina: 50 mm.<br \/>\n<strong>MB 90<\/strong><br \/>\n- M\u00e1quina de corte de l\u00e2minas de madeira. Dimens\u00e3o da l\u00e2mina 100 mm.<br \/>\n<strong>Maxdo YJ 65<\/strong><br \/>\n- M\u00e1quina de corte com l\u00e2mina redonda. Dimens\u00e3o da l\u00e2mina 65 mm.<br \/>\n<strong>Maxdo YJ 100<\/strong><br \/>\n- M\u00e1quina de corte com l\u00e2mina redonda. Dimens\u00e3o da l\u00e2mina 100 mm.<\/p>","protected":false},"excerpt":{"rendered":"<p>Para descarregar, consulte a nossa p\u00e1gina de descarregamentos para o <a class=\"download-link\" href=\"https:\/\/globalsew.com\/pt\/descarregar\/maquinas-de-cortar-facas-redondas\/\">M\u00e1quinas de corte de facas redondas<\/a>.<\/p>\n<p><b>Configurador de produtos, fa\u00e7a a sua sele\u00e7\u00e3o abaixo.<\/b><\/p>","protected":false},"featured_media":88804,"template":"","meta":{"_acf_changed":false},"product_brand":[],"product_cat":[140,64,115,24,26],"product_tag":[],"class_list":{"0":"post-88005","1":"product","2":"type-product","3":"status-publish","4":"has-post-thumbnail","6":"product_cat-cutting-machines-miscellaneous","7":"product_cat-cutting-machines","8":"product_cat-cutting-machines-cutting-machines","9":"product_cat-garment","10":"product_cat-miscellaneous","11":"tm-has-options","13":"first","14":"instock","15":"shipping-taxable","16":"purchasable","17":"product-type-simple"},"acf":[],"gallery_images":[94495,94496],"yoast_head":"<!-- This site is optimized with the Yoast SEO plugin v27.3 - https:\/\/yoast.com\/product\/yoast-seo-wordpress\/ -->\n<title>Round knife cutting machines - Global International B.V.<\/title>\n<meta name=\"robots\" content=\"index, follow, max-snippet:-1, max-image-preview:large, max-video-preview:-1\" \/>\n<link rel=\"canonical\" href=\"https:\/\/globalsew.com\/pt\/produto\/maquinas-de-cortar-facas-redondas\/\" \/>\n<meta property=\"og:locale\" content=\"pt_PT\" \/>\n<meta property=\"og:type\" content=\"article\" \/>\n<meta property=\"og:title\" content=\"Round knife cutting machines - Global International B.V.\" \/>\n<meta property=\"og:description\" content=\"For downloads see our downloads page for the Round knife cutting machines.  Product configurator, please make your selection below.\" \/>\n<meta property=\"og:url\" content=\"https:\/\/globalsew.com\/pt\/produto\/maquinas-de-cortar-facas-redondas\/\" \/>\n<meta property=\"og:site_name\" content=\"Global International B.V.\" \/>\n<meta property=\"article:modified_time\" content=\"2024-01-18T15:14:55+00:00\" \/>\n<meta property=\"og:image\" content=\"https:\/\/globalsew.com\/wp-content\/uploads\/2017\/03\/WEB-MAXDO-YJ-65-01-GLOBAL-sewing-machines.jpg\" \/>\n\t<meta property=\"og:image:width\" content=\"555\" \/>\n\t<meta property=\"og:image:height\" content=\"347\" \/>\n\t<meta property=\"og:image:type\" content=\"image\/jpeg\" \/>\n<meta name=\"twitter:card\" content=\"summary_large_image\" \/>\n<script type=\"application\/ld+json\" class=\"yoast-schema-graph\">{\"@context\":\"https:\\\/\\\/schema.org\",\"@graph\":[{\"@type\":\"WebPage\",\"@id\":\"https:\\\/\\\/globalsew.com\\\/product\\\/round-knife-cutting-machines\\\/\",\"url\":\"https:\\\/\\\/globalsew.com\\\/product\\\/round-knife-cutting-machines\\\/\",\"name\":\"Round knife cutting machines - Global International B.V.\",\"isPartOf\":{\"@id\":\"https:\\\/\\\/globalsew.com\\\/#website\"},\"primaryImageOfPage\":{\"@id\":\"https:\\\/\\\/globalsew.com\\\/product\\\/round-knife-cutting-machines\\\/#primaryimage\"},\"image\":{\"@id\":\"https:\\\/\\\/globalsew.com\\\/product\\\/round-knife-cutting-machines\\\/#primaryimage\"},\"thumbnailUrl\":\"https:\\\/\\\/globalsew.com\\\/wp-content\\\/uploads\\\/2017\\\/03\\\/WEB-MAXDO-YJ-65-01-GLOBAL-sewing-machines.jpg\",\"datePublished\":\"2017-03-20T14:37:41+00:00\",\"dateModified\":\"2024-01-18T15:14:55+00:00\",\"breadcrumb\":{\"@id\":\"https:\\\/\\\/globalsew.com\\\/product\\\/round-knife-cutting-machines\\\/#breadcrumb\"},\"inLanguage\":\"pt-PT\",\"potentialAction\":[{\"@type\":\"ReadAction\",\"target\":[\"https:\\\/\\\/globalsew.com\\\/product\\\/round-knife-cutting-machines\\\/\"]}]},{\"@type\":\"ImageObject\",\"inLanguage\":\"pt-PT\",\"@id\":\"https:\\\/\\\/globalsew.com\\\/product\\\/round-knife-cutting-machines\\\/#primaryimage\",\"url\":\"https:\\\/\\\/globalsew.com\\\/wp-content\\\/uploads\\\/2017\\\/03\\\/WEB-MAXDO-YJ-65-01-GLOBAL-sewing-machines.jpg\",\"contentUrl\":\"https:\\\/\\\/globalsew.com\\\/wp-content\\\/uploads\\\/2017\\\/03\\\/WEB-MAXDO-YJ-65-01-GLOBAL-sewing-machines.jpg\",\"width\":555,\"height\":347,\"caption\":\"WEB-MAXDO-YJ-65-01-GLOBAL-sewing-machines\"},{\"@type\":\"BreadcrumbList\",\"@id\":\"https:\\\/\\\/globalsew.com\\\/product\\\/round-knife-cutting-machines\\\/#breadcrumb\",\"itemListElement\":[{\"@type\":\"ListItem\",\"position\":1,\"name\":\"Home\",\"item\":\"https:\\\/\\\/globalsew.com\\\/\"},{\"@type\":\"ListItem\",\"position\":2,\"name\":\"Products\",\"item\":\"https:\\\/\\\/globalsew.com\\\/products\\\/\"},{\"@type\":\"ListItem\",\"position\":3,\"name\":\"Round knife cutting machines\"}]},{\"@type\":\"WebSite\",\"@id\":\"https:\\\/\\\/globalsew.com\\\/#website\",\"url\":\"https:\\\/\\\/globalsew.com\\\/\",\"name\":\"Global International B.V.\",\"description\":\"Industrial Sewing Machines\",\"potentialAction\":[{\"@type\":\"SearchAction\",\"target\":{\"@type\":\"EntryPoint\",\"urlTemplate\":\"https:\\\/\\\/globalsew.com\\\/?s={search_term_string}\"},\"query-input\":{\"@type\":\"PropertyValueSpecification\",\"valueRequired\":true,\"valueName\":\"search_term_string\"}}],\"inLanguage\":\"pt-PT\"}]}<\/script>\n<!-- \/ Yoast SEO plugin. -->","yoast_head_json":{"title":"M\u00e1quinas de corte de l\u00e2minas redondas - Global International B.V.","robots":{"index":"index","follow":"follow","max-snippet":"max-snippet:-1","max-image-preview":"max-image-preview:large","max-video-preview":"max-video-preview:-1"},"canonical":"https:\/\/globalsew.com\/pt\/produto\/maquinas-de-cortar-facas-redondas\/","og_locale":"pt_PT","og_type":"article","og_title":"Round knife cutting machines - Global International B.V.","og_description":"For downloads see our downloads page for the Round knife cutting machines.  Product configurator, please make your selection below.","og_url":"https:\/\/globalsew.com\/pt\/produto\/maquinas-de-cortar-facas-redondas\/","og_site_name":"Global International B.V.","article_modified_time":"2024-01-18T15:14:55+00:00","og_image":[{"width":555,"height":347,"url":"https:\/\/globalsew.com\/wp-content\/uploads\/2017\/03\/WEB-MAXDO-YJ-65-01-GLOBAL-sewing-machines.jpg","type":"image\/jpeg"}],"twitter_card":"summary_large_image","schema":{"@context":"https:\/\/schema.org","@graph":[{"@type":"WebPage","@id":"https:\/\/globalsew.com\/product\/round-knife-cutting-machines\/","url":"https:\/\/globalsew.com\/product\/round-knife-cutting-machines\/","name":"M\u00e1quinas de corte de l\u00e2minas redondas - Global International B.V.","isPartOf":{"@id":"https:\/\/globalsew.com\/#website"},"primaryImageOfPage":{"@id":"https:\/\/globalsew.com\/product\/round-knife-cutting-machines\/#primaryimage"},"image":{"@id":"https:\/\/globalsew.com\/product\/round-knife-cutting-machines\/#primaryimage"},"thumbnailUrl":"https:\/\/globalsew.com\/wp-content\/uploads\/2017\/03\/WEB-MAXDO-YJ-65-01-GLOBAL-sewing-machines.jpg","datePublished":"2017-03-20T14:37:41+00:00","dateModified":"2024-01-18T15:14:55+00:00","breadcrumb":{"@id":"https:\/\/globalsew.com\/product\/round-knife-cutting-machines\/#breadcrumb"},"inLanguage":"pt-PT","potentialAction":[{"@type":"ReadAction","target":["https:\/\/globalsew.com\/product\/round-knife-cutting-machines\/"]}]},{"@type":"ImageObject","inLanguage":"pt-PT","@id":"https:\/\/globalsew.com\/product\/round-knife-cutting-machines\/#primaryimage","url":"https:\/\/globalsew.com\/wp-content\/uploads\/2017\/03\/WEB-MAXDO-YJ-65-01-GLOBAL-sewing-machines.jpg","contentUrl":"https:\/\/globalsew.com\/wp-content\/uploads\/2017\/03\/WEB-MAXDO-YJ-65-01-GLOBAL-sewing-machines.jpg","width":555,"height":347,"caption":"WEB-MAXDO-YJ-65-01-GLOBAL-sewing-machines"},{"@type":"BreadcrumbList","@id":"https:\/\/globalsew.com\/product\/round-knife-cutting-machines\/#breadcrumb","itemListElement":[{"@type":"ListItem","position":1,"name":"Home","item":"https:\/\/globalsew.com\/"},{"@type":"ListItem","position":2,"name":"Products","item":"https:\/\/globalsew.com\/products\/"},{"@type":"ListItem","position":3,"name":"Round knife cutting machines"}]},{"@type":"WebSite","@id":"https:\/\/globalsew.com\/#website","url":"https:\/\/globalsew.com\/","name":"Global International B.V.","description":"M\u00e1quinas de costura industriais","potentialAction":[{"@type":"SearchAction","target":{"@type":"EntryPoint","urlTemplate":"https:\/\/globalsew.com\/?s={search_term_string}"},"query-input":{"@type":"PropertyValueSpecification","valueRequired":true,"valueName":"search_term_string"}}],"inLanguage":"pt-PT"}]}},"_links":{"self":[{"href":"https:\/\/globalsew.com\/pt\/wp-json\/wp\/v2\/product\/88005","targetHints":{"allow":["GET"]}}],"collection":[{"href":"https:\/\/globalsew.com\/pt\/wp-json\/wp\/v2\/product"}],"about":[{"href":"https:\/\/globalsew.com\/pt\/wp-json\/wp\/v2\/types\/product"}],"wp:featuredmedia":[{"embeddable":true,"href":"https:\/\/globalsew.com\/pt\/wp-json\/wp\/v2\/media\/88804"}],"wp:attachment":[{"href":"https:\/\/globalsew.com\/pt\/wp-json\/wp\/v2\/media?parent=88005"}],"wp:term":[{"taxonomy":"product_brand","embeddable":true,"href":"https:\/\/globalsew.com\/pt\/wp-json\/wp\/v2\/product_brand?post=88005"},{"taxonomy":"product_cat","embeddable":true,"href":"https:\/\/globalsew.com\/pt\/wp-json\/wp\/v2\/product_cat?post=88005"},{"taxonomy":"product_tag","embeddable":true,"href":"https:\/\/globalsew.com\/pt\/wp-json\/wp\/v2\/product_tag?post=88005"}],"curies":[{"name":"wp","href":"https:\/\/api.w.org\/{rel}","templated":true}]}}