{"id":82229,"date":"2017-03-16T15:56:51","date_gmt":"2017-03-16T14:56:51","guid":{"rendered":"https:\/\/globalsew.com\/product\/wf-3955-dd\/"},"modified":"2024-02-22T10:30:27","modified_gmt":"2024-02-22T09:30:27","slug":"wf-3955-dd","status":"publish","type":"product","link":"https:\/\/globalsew.com\/pt\/product\/wf-3955-dd\/","title":{"rendered":"S\u00e9rie WF 3955 (-45)"},"content":{"rendered":"<div class=\"wpb-content-wrapper\"><div class=\"vc_row wpb_row vc_row-fluid\"><div class=\"wpb_column vc_column_container vc_col-sm-12\"><div class=\"vc_column-inner\"><div class=\"wpb_wrapper\">\n\t<div class=\"wpb_text_column wpb_content_element\" >\n\t\t<div class=\"wpb_wrapper\">\n\t\t\t<p><strong>WF 3955 DD<\/strong><br \/>\n- M\u00e1quina de ponto fixo de agulha \u00fanica com avan\u00e7o de agulha e p\u00e9 arrastador para costura suave de lona e couro.<br \/>\nA m\u00e1quina est\u00e1 equipada com um grande gancho de eixo horizontal.<br \/>\n<strong>WF 3955 AUT<\/strong><br \/>\n- Igual \u00e0 WF 3955 DD, mas com dispositivo de corte de linha, levantador de calcador e remate el\u00e9trico.<br \/>\n<strong>WF 3955-45 AUT<\/strong><br \/>\n- Igual \u00e0 WF 3955 AUT, mas com 45 cm de espa\u00e7o de trabalho. Esta m\u00e1quina est\u00e1 equipada de s\u00e9rie com um elevador de calcador (el\u00e9trico).<\/p>\n\n\t\t<\/div>\n\t<\/div>\n<\/div><\/div><\/div><\/div><div class=\"vc_row wpb_row vc_row-fluid\"><div class=\"wpb_column vc_column_container vc_col-sm-6\"><div class=\"vc_column-inner\"><div class=\"wpb_wrapper\"><\/div><\/div><\/div><\/div>\n<\/div>","protected":false},"excerpt":{"rendered":"<p>Para descarregar, consulte a nossa p\u00e1gina de descarregamentos para o <a class=\"download-link\" href=\"https:\/\/globalsew.com\/pt\/descarregar\/wf-3995\/\">S\u00e9rie WF 3955 \/ WF 3995<\/a>.<\/p>\n<p>As especifica\u00e7\u00f5es do produto para a s\u00e9rie WF 3955:<\/p>\n<ul>\n<li>Velocidade da m\u00e1quina: m\u00e1x. 2000 rpm<\/li>\n<li>Sistema de lubrifica\u00e7\u00e3o: totalmente autom\u00e1tico<\/li>\n<li>Tipo de alimenta\u00e7\u00e3o: Alimenta\u00e7\u00e3o por gota, alimenta\u00e7\u00e3o por agulha, p\u00e9 arrastador<\/li>\n<li>Levantamento do calcador: \u00e0 m\u00e3o 10 mm por joelho 16 mm<\/li>\n<li>Comprimento dos pontos: m\u00e1ximo. 9 mm<\/li>\n<li>Tipo de agulha: 135\u00d717<\/li>\n<li>Fonte de alimenta\u00e7\u00e3o: mini servomotor de acionamento direto de 240V monof\u00e1sico 50\/60 Hz<\/li>\n<li>Luz LED: standard<\/li>\n<\/ul>","protected":false},"featured_media":105249,"template":"","meta":{"_acf_changed":false},"product_brand":[],"product_cat":[21,95,150,7,22],"product_tag":[],"class_list":{"0":"post-82229","1":"product","2":"type-product","3":"status-publish","4":"has-post-thumbnail","6":"product_cat-automotive","7":"product_cat-flat-bed-walking-foot-machine","8":"product_cat-flatbed-walking-foot","9":"product_cat-heavy-duty","10":"product_cat-walking-foot","11":"tm-has-options","13":"first","14":"instock","15":"shipping-taxable","16":"purchasable","17":"product-type-variable"},"acf":[],"gallery_images":[105723,105724],"yoast_head":"<!-- This site is optimized with the Yoast SEO plugin v27.3 - https:\/\/yoast.com\/product\/yoast-seo-wordpress\/ -->\n<title>WF 3955 (-45) series - Global International B.V.<\/title>\n<meta name=\"robots\" content=\"index, follow, max-snippet:-1, max-image-preview:large, max-video-preview:-1\" \/>\n<link rel=\"canonical\" href=\"https:\/\/globalsew.com\/pt\/produto\/wf-3955-dd\/\" \/>\n<meta property=\"og:locale\" content=\"pt_PT\" \/>\n<meta property=\"og:type\" content=\"article\" \/>\n<meta property=\"og:title\" content=\"WF 3955 (-45) series - Global International B.V.\" \/>\n<meta property=\"og:description\" content=\"For downloads see our downloads page for the WF 3955 \/ WF 3995 Series.  The product specifications for the WF 3955 series:   Machine speed: max 2000 spm  Oiling system: fully automatic  Feed type: Drop feed, needle feed, walking foot  Presser foot lift: by hand 10 mm by knee 16 mm  Stitch length: max. 9 mm  Needle type: 135x17  Power source: 240V single phase 50\/60 Hz direct drive mini servo motor  Led-light: standard\" \/>\n<meta property=\"og:url\" content=\"https:\/\/globalsew.com\/pt\/produto\/wf-3955-dd\/\" \/>\n<meta property=\"og:site_name\" content=\"Global International B.V.\" \/>\n<meta property=\"article:modified_time\" content=\"2024-02-22T09:30:27+00:00\" \/>\n<meta property=\"og:image\" content=\"https:\/\/globalsew.com\/wp-content\/uploads\/2017\/03\/WF-3955-45-AUT-01-global-1080-website-2024.jpg\" \/>\n\t<meta property=\"og:image:width\" content=\"1819\" \/>\n\t<meta property=\"og:image:height\" content=\"1080\" \/>\n\t<meta property=\"og:image:type\" content=\"image\/jpeg\" \/>\n<meta name=\"twitter:card\" content=\"summary_large_image\" \/>\n<meta name=\"twitter:label1\" content=\"Tempo estimado de leitura\" \/>\n\t<meta name=\"twitter:data1\" content=\"1 minuto\" \/>\n<script type=\"application\/ld+json\" class=\"yoast-schema-graph\">{\"@context\":\"https:\\\/\\\/schema.org\",\"@graph\":[{\"@type\":\"WebPage\",\"@id\":\"https:\\\/\\\/globalsew.com\\\/product\\\/wf-3955-dd\\\/\",\"url\":\"https:\\\/\\\/globalsew.com\\\/product\\\/wf-3955-dd\\\/\",\"name\":\"WF 3955 (-45) series - Global International B.V.\",\"isPartOf\":{\"@id\":\"https:\\\/\\\/globalsew.com\\\/#website\"},\"primaryImageOfPage\":{\"@id\":\"https:\\\/\\\/globalsew.com\\\/product\\\/wf-3955-dd\\\/#primaryimage\"},\"image\":{\"@id\":\"https:\\\/\\\/globalsew.com\\\/product\\\/wf-3955-dd\\\/#primaryimage\"},\"thumbnailUrl\":\"https:\\\/\\\/globalsew.com\\\/wp-content\\\/uploads\\\/2017\\\/03\\\/WF-3955-45-AUT-01-global-1080-website-2024.jpg\",\"datePublished\":\"2017-03-16T14:56:51+00:00\",\"dateModified\":\"2024-02-22T09:30:27+00:00\",\"breadcrumb\":{\"@id\":\"https:\\\/\\\/globalsew.com\\\/product\\\/wf-3955-dd\\\/#breadcrumb\"},\"inLanguage\":\"pt-PT\",\"potentialAction\":[{\"@type\":\"ReadAction\",\"target\":[\"https:\\\/\\\/globalsew.com\\\/product\\\/wf-3955-dd\\\/\"]}]},{\"@type\":\"ImageObject\",\"inLanguage\":\"pt-PT\",\"@id\":\"https:\\\/\\\/globalsew.com\\\/product\\\/wf-3955-dd\\\/#primaryimage\",\"url\":\"https:\\\/\\\/globalsew.com\\\/wp-content\\\/uploads\\\/2017\\\/03\\\/WF-3955-45-AUT-01-global-1080-website-2024.jpg\",\"contentUrl\":\"https:\\\/\\\/globalsew.com\\\/wp-content\\\/uploads\\\/2017\\\/03\\\/WF-3955-45-AUT-01-global-1080-website-2024.jpg\",\"width\":1819,\"height\":1080,\"caption\":\"WF-3955-45-AUT-01-global-1080-website-2024\"},{\"@type\":\"BreadcrumbList\",\"@id\":\"https:\\\/\\\/globalsew.com\\\/product\\\/wf-3955-dd\\\/#breadcrumb\",\"itemListElement\":[{\"@type\":\"ListItem\",\"position\":1,\"name\":\"Home\",\"item\":\"https:\\\/\\\/globalsew.com\\\/\"},{\"@type\":\"ListItem\",\"position\":2,\"name\":\"Products\",\"item\":\"https:\\\/\\\/globalsew.com\\\/products\\\/\"},{\"@type\":\"ListItem\",\"position\":3,\"name\":\"WF 3955 (-45) series\"}]},{\"@type\":\"WebSite\",\"@id\":\"https:\\\/\\\/globalsew.com\\\/#website\",\"url\":\"https:\\\/\\\/globalsew.com\\\/\",\"name\":\"Global International B.V.\",\"description\":\"Industrial Sewing Machines\",\"potentialAction\":[{\"@type\":\"SearchAction\",\"target\":{\"@type\":\"EntryPoint\",\"urlTemplate\":\"https:\\\/\\\/globalsew.com\\\/?s={search_term_string}\"},\"query-input\":{\"@type\":\"PropertyValueSpecification\",\"valueRequired\":true,\"valueName\":\"search_term_string\"}}],\"inLanguage\":\"pt-PT\"}]}<\/script>\n<!-- \/ Yoast SEO plugin. -->","yoast_head_json":{"title":"S\u00e9rie WF 3955 (-45) - Global International B.V.","robots":{"index":"index","follow":"follow","max-snippet":"max-snippet:-1","max-image-preview":"max-image-preview:large","max-video-preview":"max-video-preview:-1"},"canonical":"https:\/\/globalsew.com\/pt\/produto\/wf-3955-dd\/","og_locale":"pt_PT","og_type":"article","og_title":"WF 3955 (-45) series - Global International B.V.","og_description":"For downloads see our downloads page for the WF 3955 \/ WF 3995 Series.  The product specifications for the WF 3955 series:   Machine speed: max 2000 spm  Oiling system: fully automatic  Feed type: Drop feed, needle feed, walking foot  Presser foot lift: by hand 10 mm by knee 16 mm  Stitch length: max. 9 mm  Needle type: 135x17  Power source: 240V single phase 50\/60 Hz direct drive mini servo motor  Led-light: standard","og_url":"https:\/\/globalsew.com\/pt\/produto\/wf-3955-dd\/","og_site_name":"Global International B.V.","article_modified_time":"2024-02-22T09:30:27+00:00","og_image":[{"width":1819,"height":1080,"url":"https:\/\/globalsew.com\/wp-content\/uploads\/2017\/03\/WF-3955-45-AUT-01-global-1080-website-2024.jpg","type":"image\/jpeg"}],"twitter_card":"summary_large_image","twitter_misc":{"Tempo estimado de leitura":"1 minuto"},"schema":{"@context":"https:\/\/schema.org","@graph":[{"@type":"WebPage","@id":"https:\/\/globalsew.com\/product\/wf-3955-dd\/","url":"https:\/\/globalsew.com\/product\/wf-3955-dd\/","name":"S\u00e9rie WF 3955 (-45) - Global International B.V.","isPartOf":{"@id":"https:\/\/globalsew.com\/#website"},"primaryImageOfPage":{"@id":"https:\/\/globalsew.com\/product\/wf-3955-dd\/#primaryimage"},"image":{"@id":"https:\/\/globalsew.com\/product\/wf-3955-dd\/#primaryimage"},"thumbnailUrl":"https:\/\/globalsew.com\/wp-content\/uploads\/2017\/03\/WF-3955-45-AUT-01-global-1080-website-2024.jpg","datePublished":"2017-03-16T14:56:51+00:00","dateModified":"2024-02-22T09:30:27+00:00","breadcrumb":{"@id":"https:\/\/globalsew.com\/product\/wf-3955-dd\/#breadcrumb"},"inLanguage":"pt-PT","potentialAction":[{"@type":"ReadAction","target":["https:\/\/globalsew.com\/product\/wf-3955-dd\/"]}]},{"@type":"ImageObject","inLanguage":"pt-PT","@id":"https:\/\/globalsew.com\/product\/wf-3955-dd\/#primaryimage","url":"https:\/\/globalsew.com\/wp-content\/uploads\/2017\/03\/WF-3955-45-AUT-01-global-1080-website-2024.jpg","contentUrl":"https:\/\/globalsew.com\/wp-content\/uploads\/2017\/03\/WF-3955-45-AUT-01-global-1080-website-2024.jpg","width":1819,"height":1080,"caption":"WF-3955-45-AUT-01-global-1080-website-2024"},{"@type":"BreadcrumbList","@id":"https:\/\/globalsew.com\/product\/wf-3955-dd\/#breadcrumb","itemListElement":[{"@type":"ListItem","position":1,"name":"Home","item":"https:\/\/globalsew.com\/"},{"@type":"ListItem","position":2,"name":"Products","item":"https:\/\/globalsew.com\/products\/"},{"@type":"ListItem","position":3,"name":"WF 3955 (-45) series"}]},{"@type":"WebSite","@id":"https:\/\/globalsew.com\/#website","url":"https:\/\/globalsew.com\/","name":"Global International B.V.","description":"M\u00e1quinas de costura industriais","potentialAction":[{"@type":"SearchAction","target":{"@type":"EntryPoint","urlTemplate":"https:\/\/globalsew.com\/?s={search_term_string}"},"query-input":{"@type":"PropertyValueSpecification","valueRequired":true,"valueName":"search_term_string"}}],"inLanguage":"pt-PT"}]}},"_links":{"self":[{"href":"https:\/\/globalsew.com\/pt\/wp-json\/wp\/v2\/product\/82229","targetHints":{"allow":["GET"]}}],"collection":[{"href":"https:\/\/globalsew.com\/pt\/wp-json\/wp\/v2\/product"}],"about":[{"href":"https:\/\/globalsew.com\/pt\/wp-json\/wp\/v2\/types\/product"}],"wp:featuredmedia":[{"embeddable":true,"href":"https:\/\/globalsew.com\/pt\/wp-json\/wp\/v2\/media\/105249"}],"wp:attachment":[{"href":"https:\/\/globalsew.com\/pt\/wp-json\/wp\/v2\/media?parent=82229"}],"wp:term":[{"taxonomy":"product_brand","embeddable":true,"href":"https:\/\/globalsew.com\/pt\/wp-json\/wp\/v2\/product_brand?post=82229"},{"taxonomy":"product_cat","embeddable":true,"href":"https:\/\/globalsew.com\/pt\/wp-json\/wp\/v2\/product_cat?post=82229"},{"taxonomy":"product_tag","embeddable":true,"href":"https:\/\/globalsew.com\/pt\/wp-json\/wp\/v2\/product_tag?post=82229"}],"curies":[{"name":"wp","href":"https:\/\/api.w.org\/{rel}","templated":true}]}}