{"id":82155,"date":"2017-03-16T15:47:02","date_gmt":"2017-03-16T14:47:02","guid":{"rendered":"https:\/\/globalsew.com\/?post_type=product&#038;p=82155"},"modified":"2026-02-23T15:59:36","modified_gmt":"2026-02-23T14:59:36","slug":"wf-3995-aut","status":"publish","type":"product","link":"https:\/\/globalsew.com\/pt\/product\/wf-3995-aut\/","title":{"rendered":"S\u00e9rie WF 3995"},"content":{"rendered":"<div class=\"wpb-content-wrapper\"><div class=\"vc_row wpb_row vc_row-fluid\"><div class=\"wpb_column vc_column_container vc_col-sm-6\"><div class=\"vc_column-inner\"><div class=\"wpb_wrapper\">\n\t<div class=\"wpb_text_column wpb_content_element\" >\n\t\t<div class=\"wpb_wrapper\">\n\t\t\t<p><strong>WF 3995 DD<br \/>\n<\/strong>- M\u00e1quina de alta velocidade, de agulha \u00fanica, de alimenta\u00e7\u00e3o gota a gota, com calcador exterior alternado e gancho de grande eixo horizontal. A m\u00e1quina tem lubrifica\u00e7\u00e3o totalmente autom\u00e1tica e est\u00e1 equipada com motor de acionamento direto. O enrolador de bobinas est\u00e1 integrado na cabe\u00e7a da m\u00e1quina.<strong><br \/>\nWF 3995 AUT<\/strong><br \/>\n- M\u00e1quina de alta velocidade, de agulha \u00fanica, de alimenta\u00e7\u00e3o gota a gota, com calcador exterior alternado e gancho de grande eixo horizontal. A m\u00e1quina tem lubrifica\u00e7\u00e3o totalmente autom\u00e1tica e motor incorporado de acionamento direto, equipado com cortador de linha, remate autom\u00e1tico e levantador de calcador.<br \/>\nO enrolador de canela est\u00e1 integrado na cabe\u00e7a da m\u00e1quina.<\/p>\n\n\t\t<\/div>\n\t<\/div>\n<\/div><\/div><\/div><div class=\"wpb_column vc_column_container vc_col-sm-6\"><div class=\"vc_column-inner\"><div class=\"wpb_wrapper\">\n\t<div class=\"wpb_text_column wpb_content_element\" >\n\t\t<div class=\"wpb_wrapper\">\n\t\t\t<p><a class=\"video-anchor\" name=\"video\"><\/a><\/p>\n\n\t\t<\/div>\n\t<\/div>\n\n\t<div class=\"wpb_video_widget wpb_content_element vc_clearfix   vc_video-aspect-ratio-169 vc_video-el-width-100 vc_video-align-left\" >\n\t\t<div class=\"wpb_wrapper\">\n\t\t\t\n\t\t\t<div class=\"wpb_video_wrapper\"><iframe title=\"Global WF 3995 AUT - M\u00e1quina de costura de couro e lona de alimenta\u00e7\u00e3o superior com agulha \u00fanica para trabalhos pesados\" width=\"500\" height=\"281\" src=\"https:\/\/www.youtube.com\/embed\/2oOYNnR5q10?feature=oembed\" frameborder=\"0\" allow=\"accelerometer; autoplay; clipboard-write; encrypted-media; gyroscope; picture-in-picture; web-share\" allowfullscreen><\/iframe><\/div>\n\t\t<\/div>\n\t<\/div>\n<\/div><\/div><\/div><\/div>\n<\/div>","protected":false},"excerpt":{"rendered":"<div class=\"row\">\n<div class=\"col-md-4\"><a class=\"download-button\" href=\"https:\/\/globalsew.com\/wp-content\/uploads\/2017\/03\/WF-3995-series-leaflet.pdf\" target=\"_blank\" rel=\"noopener noreferrer\">Descarregar folheto<\/a><\/div>\n<div class=\"col-md-4\"><a class=\"download-button\" href=\"https:\/\/globalsew.com\/wp-content\/uploads\/2020\/08\/WF-3995-DD-WF-3995-AUT-instruction-parts-manual.pdf\" target=\"_blank\" rel=\"noopener noreferrer\">Descarregar o manual<\/a><\/div>\n<\/div>\n<div class=\"col-md-4\">\n<p>Especifica\u00e7\u00f5es t\u00e9cnicas:<\/p>\n<ul>\n<li>Velocidade da m\u00e1quina: m\u00e1x. 2000 rpm<\/li>\n<li>Sistema de lubrifica\u00e7\u00e3o: totalmente autom\u00e1tico<\/li>\n<li>Tipo de alimenta\u00e7\u00e3o: alimenta\u00e7\u00e3o superior e alimenta\u00e7\u00e3o gota a gota<\/li>\n<li>Levantamento do calcador: \u00e0 m\u00e3o 8 mm, de joelhos 14 mm<\/li>\n<li>Comprimento dos pontos: m\u00e1ximo 8 mm.<\/li>\n<li>Tipo de agulha: 135\u00d717<\/li>\n<li>Luz LED: standard<\/li>\n<\/ul>\n<\/div>","protected":false},"featured_media":105303,"template":"","meta":{"_acf_changed":false},"product_brand":[],"product_cat":[21,95,22],"product_tag":[],"class_list":{"0":"post-82155","1":"product","2":"type-product","3":"status-publish","4":"has-post-thumbnail","6":"product_cat-automotive","7":"product_cat-flat-bed-walking-foot-machine","8":"product_cat-walking-foot","9":"tm-has-options","11":"first","12":"instock","13":"shipping-taxable","14":"purchasable","15":"product-type-variable"},"acf":[],"gallery_images":[105727],"yoast_head":"<!-- This site is optimized with the Yoast SEO plugin v27.3 - https:\/\/yoast.com\/product\/yoast-seo-wordpress\/ -->\n<title>WF 3995 series - Global International B.V.<\/title>\n<meta name=\"robots\" content=\"index, follow, max-snippet:-1, max-image-preview:large, max-video-preview:-1\" \/>\n<link rel=\"canonical\" href=\"https:\/\/globalsew.com\/pt\/produto\/wf-3995-aut\/\" \/>\n<meta property=\"og:locale\" content=\"pt_PT\" \/>\n<meta property=\"og:type\" content=\"article\" \/>\n<meta property=\"og:title\" content=\"WF 3995 series - Global International B.V.\" \/>\n<meta property=\"og:description\" content=\"Download Leaflet Download Manual    Technical specifications:   Machine speed: max 2000 spm  Oiling system: fully automatic  Feed type: top feed &amp; drop feed  Presser foot lift: by hand 8 mm, by knee 14 mm  Stitch length: max 8 mm.  Needle type: 135x17  Led light: standard\" \/>\n<meta property=\"og:url\" content=\"https:\/\/globalsew.com\/pt\/produto\/wf-3995-aut\/\" \/>\n<meta property=\"og:site_name\" content=\"Global International B.V.\" \/>\n<meta property=\"article:modified_time\" content=\"2026-02-23T14:59:36+00:00\" \/>\n<meta property=\"og:image\" content=\"https:\/\/globalsew.com\/wp-content\/uploads\/2017\/03\/products-WF-3995-AUT-11-global-1080-website-2024.jpg\" \/>\n\t<meta property=\"og:image:width\" content=\"1819\" \/>\n\t<meta property=\"og:image:height\" content=\"1080\" \/>\n\t<meta property=\"og:image:type\" content=\"image\/jpeg\" \/>\n<meta name=\"twitter:card\" content=\"summary_large_image\" \/>\n<meta name=\"twitter:label1\" content=\"Tempo estimado de leitura\" \/>\n\t<meta name=\"twitter:data1\" content=\"1 minuto\" \/>\n<script type=\"application\/ld+json\" class=\"yoast-schema-graph\">{\"@context\":\"https:\\\/\\\/schema.org\",\"@graph\":[{\"@type\":\"WebPage\",\"@id\":\"https:\\\/\\\/globalsew.com\\\/product\\\/wf-3995-aut\\\/\",\"url\":\"https:\\\/\\\/globalsew.com\\\/product\\\/wf-3995-aut\\\/\",\"name\":\"WF 3995 series - Global International B.V.\",\"isPartOf\":{\"@id\":\"https:\\\/\\\/globalsew.com\\\/#website\"},\"primaryImageOfPage\":{\"@id\":\"https:\\\/\\\/globalsew.com\\\/product\\\/wf-3995-aut\\\/#primaryimage\"},\"image\":{\"@id\":\"https:\\\/\\\/globalsew.com\\\/product\\\/wf-3995-aut\\\/#primaryimage\"},\"thumbnailUrl\":\"https:\\\/\\\/globalsew.com\\\/wp-content\\\/uploads\\\/2017\\\/03\\\/products-WF-3995-AUT-11-global-1080-website-2024.jpg\",\"datePublished\":\"2017-03-16T14:47:02+00:00\",\"dateModified\":\"2026-02-23T14:59:36+00:00\",\"breadcrumb\":{\"@id\":\"https:\\\/\\\/globalsew.com\\\/product\\\/wf-3995-aut\\\/#breadcrumb\"},\"inLanguage\":\"pt-PT\",\"potentialAction\":[{\"@type\":\"ReadAction\",\"target\":[\"https:\\\/\\\/globalsew.com\\\/product\\\/wf-3995-aut\\\/\"]}]},{\"@type\":\"ImageObject\",\"inLanguage\":\"pt-PT\",\"@id\":\"https:\\\/\\\/globalsew.com\\\/product\\\/wf-3995-aut\\\/#primaryimage\",\"url\":\"https:\\\/\\\/globalsew.com\\\/wp-content\\\/uploads\\\/2017\\\/03\\\/products-WF-3995-AUT-11-global-1080-website-2024.jpg\",\"contentUrl\":\"https:\\\/\\\/globalsew.com\\\/wp-content\\\/uploads\\\/2017\\\/03\\\/products-WF-3995-AUT-11-global-1080-website-2024.jpg\",\"width\":1819,\"height\":1080,\"caption\":\"WF 3995 AUT\"},{\"@type\":\"BreadcrumbList\",\"@id\":\"https:\\\/\\\/globalsew.com\\\/product\\\/wf-3995-aut\\\/#breadcrumb\",\"itemListElement\":[{\"@type\":\"ListItem\",\"position\":1,\"name\":\"Home\",\"item\":\"https:\\\/\\\/globalsew.com\\\/\"},{\"@type\":\"ListItem\",\"position\":2,\"name\":\"Products\",\"item\":\"https:\\\/\\\/globalsew.com\\\/products\\\/\"},{\"@type\":\"ListItem\",\"position\":3,\"name\":\"WF 3995 series\"}]},{\"@type\":\"WebSite\",\"@id\":\"https:\\\/\\\/globalsew.com\\\/#website\",\"url\":\"https:\\\/\\\/globalsew.com\\\/\",\"name\":\"Global International B.V.\",\"description\":\"Industrial Sewing Machines\",\"potentialAction\":[{\"@type\":\"SearchAction\",\"target\":{\"@type\":\"EntryPoint\",\"urlTemplate\":\"https:\\\/\\\/globalsew.com\\\/?s={search_term_string}\"},\"query-input\":{\"@type\":\"PropertyValueSpecification\",\"valueRequired\":true,\"valueName\":\"search_term_string\"}}],\"inLanguage\":\"pt-PT\"}]}<\/script>\n<!-- \/ Yoast SEO plugin. -->","yoast_head_json":{"title":"S\u00e9rie WF 3995 - Global International B.V.","robots":{"index":"index","follow":"follow","max-snippet":"max-snippet:-1","max-image-preview":"max-image-preview:large","max-video-preview":"max-video-preview:-1"},"canonical":"https:\/\/globalsew.com\/pt\/produto\/wf-3995-aut\/","og_locale":"pt_PT","og_type":"article","og_title":"WF 3995 series - Global International B.V.","og_description":"Download Leaflet Download Manual    Technical specifications:   Machine speed: max 2000 spm  Oiling system: fully automatic  Feed type: top feed &amp; drop feed  Presser foot lift: by hand 8 mm, by knee 14 mm  Stitch length: max 8 mm.  Needle type: 135x17  Led light: standard","og_url":"https:\/\/globalsew.com\/pt\/produto\/wf-3995-aut\/","og_site_name":"Global International B.V.","article_modified_time":"2026-02-23T14:59:36+00:00","og_image":[{"width":1819,"height":1080,"url":"https:\/\/globalsew.com\/wp-content\/uploads\/2017\/03\/products-WF-3995-AUT-11-global-1080-website-2024.jpg","type":"image\/jpeg"}],"twitter_card":"summary_large_image","twitter_misc":{"Tempo estimado de leitura":"1 minuto"},"schema":{"@context":"https:\/\/schema.org","@graph":[{"@type":"WebPage","@id":"https:\/\/globalsew.com\/product\/wf-3995-aut\/","url":"https:\/\/globalsew.com\/product\/wf-3995-aut\/","name":"S\u00e9rie WF 3995 - Global International B.V.","isPartOf":{"@id":"https:\/\/globalsew.com\/#website"},"primaryImageOfPage":{"@id":"https:\/\/globalsew.com\/product\/wf-3995-aut\/#primaryimage"},"image":{"@id":"https:\/\/globalsew.com\/product\/wf-3995-aut\/#primaryimage"},"thumbnailUrl":"https:\/\/globalsew.com\/wp-content\/uploads\/2017\/03\/products-WF-3995-AUT-11-global-1080-website-2024.jpg","datePublished":"2017-03-16T14:47:02+00:00","dateModified":"2026-02-23T14:59:36+00:00","breadcrumb":{"@id":"https:\/\/globalsew.com\/product\/wf-3995-aut\/#breadcrumb"},"inLanguage":"pt-PT","potentialAction":[{"@type":"ReadAction","target":["https:\/\/globalsew.com\/product\/wf-3995-aut\/"]}]},{"@type":"ImageObject","inLanguage":"pt-PT","@id":"https:\/\/globalsew.com\/product\/wf-3995-aut\/#primaryimage","url":"https:\/\/globalsew.com\/wp-content\/uploads\/2017\/03\/products-WF-3995-AUT-11-global-1080-website-2024.jpg","contentUrl":"https:\/\/globalsew.com\/wp-content\/uploads\/2017\/03\/products-WF-3995-AUT-11-global-1080-website-2024.jpg","width":1819,"height":1080,"caption":"WF 3995 AUT"},{"@type":"BreadcrumbList","@id":"https:\/\/globalsew.com\/product\/wf-3995-aut\/#breadcrumb","itemListElement":[{"@type":"ListItem","position":1,"name":"Home","item":"https:\/\/globalsew.com\/"},{"@type":"ListItem","position":2,"name":"Products","item":"https:\/\/globalsew.com\/products\/"},{"@type":"ListItem","position":3,"name":"WF 3995 series"}]},{"@type":"WebSite","@id":"https:\/\/globalsew.com\/#website","url":"https:\/\/globalsew.com\/","name":"Global International B.V.","description":"M\u00e1quinas de costura industriais","potentialAction":[{"@type":"SearchAction","target":{"@type":"EntryPoint","urlTemplate":"https:\/\/globalsew.com\/?s={search_term_string}"},"query-input":{"@type":"PropertyValueSpecification","valueRequired":true,"valueName":"search_term_string"}}],"inLanguage":"pt-PT"}]}},"_links":{"self":[{"href":"https:\/\/globalsew.com\/pt\/wp-json\/wp\/v2\/product\/82155","targetHints":{"allow":["GET"]}}],"collection":[{"href":"https:\/\/globalsew.com\/pt\/wp-json\/wp\/v2\/product"}],"about":[{"href":"https:\/\/globalsew.com\/pt\/wp-json\/wp\/v2\/types\/product"}],"wp:featuredmedia":[{"embeddable":true,"href":"https:\/\/globalsew.com\/pt\/wp-json\/wp\/v2\/media\/105303"}],"wp:attachment":[{"href":"https:\/\/globalsew.com\/pt\/wp-json\/wp\/v2\/media?parent=82155"}],"wp:term":[{"taxonomy":"product_brand","embeddable":true,"href":"https:\/\/globalsew.com\/pt\/wp-json\/wp\/v2\/product_brand?post=82155"},{"taxonomy":"product_cat","embeddable":true,"href":"https:\/\/globalsew.com\/pt\/wp-json\/wp\/v2\/product_cat?post=82155"},{"taxonomy":"product_tag","embeddable":true,"href":"https:\/\/globalsew.com\/pt\/wp-json\/wp\/v2\/product_tag?post=82155"}],"curies":[{"name":"wp","href":"https:\/\/api.w.org\/{rel}","templated":true}]}}