{"id":81049,"date":"2017-03-15T16:11:24","date_gmt":"2017-03-15T15:11:24","guid":{"rendered":"https:\/\/globalsew.com\/product\/wf-9201-50-wf-9202-50\/"},"modified":"2024-05-22T09:49:00","modified_gmt":"2024-05-22T07:49:00","slug":"wf-9201-50-wf-9202-50","status":"publish","type":"product","link":"https:\/\/globalsew.com\/pt\/product\/wf-9201-50-wf-9202-50\/","title":{"rendered":"WF 9201-50 \/ WF 9202-50"},"content":{"rendered":"<p><strong>WF 9201-50<\/strong><br \/>\n- M\u00e1quina de costura de p\u00e9 arrastador de agulha \u00fanica extra pesada com grande espa\u00e7o de trabalho (50 cm) e<br \/>\ngancho rotativo extra grande. Especialmente concebido para coser tecidos para tendas, velas e estofos pesados<br \/>\nmateriais e correias. A m\u00e1quina est\u00e1 equipada de s\u00e9rie com um remate traseiro pneum\u00e1tico e um elevador de calcador.<br \/>\n<strong>WF 9202-50<\/strong><br \/>\n- M\u00e1quina de costura com p\u00e9 calcador extra-pesado de agulha dupla com grande espa\u00e7o de trabalho (50 cm) e<br \/>\nganchos rotativos extra grandes. Especialmente concebido para coser tecidos para tendas, velas e estofos pesados<br \/>\nmateriais e correias. A m\u00e1quina est\u00e1 equipada de s\u00e9rie com um remate traseiro pneum\u00e1tico e um elevador de calcador.<br \/>\nAgulha padr\u00e3o com calibre de 12,7 mm.<\/p>\n<p>&nbsp;<\/p>\n<p>&nbsp;<\/p>\n<p>&nbsp;<\/p>\n<p><img decoding=\"async\" class=\"alignnone size-full wp-image-94791\" src=\"https:\/\/globalsew.com\/wp-content\/uploads\/2017\/04\/hohsing-xs-global.jpg\" alt=\"\" width=\"73\" height=\"68\" \/>\u00a0\u00a0<img decoding=\"async\" class=\"alignnone size-full wp-image-94796\" src=\"https:\/\/globalsew.com\/wp-content\/uploads\/2017\/11\/koban-xs-global.jpg\" alt=\"\" width=\"73\" height=\"68\" \/>\u00a0 \u00a0 \u00a0 \u00a0 \u00a0 \u00a0 \u00a0 \u00a0 \u00a0 \u00a0 \u00a0 \u00a0 \u00a0 \u00a0 \u00a0 \u00a0 \u00a0 \u00a0 \u00a0 \u00a0 \u00a0 \u00a0 \u00a0 \u00a0 \u00a0 \u00a0 \u00a0 \u00a0 \u00a0 \u00a0 \u00a0 \u00a0 \u00a0 \u00a0 \u00a0 \u00a0 \u00a0 \u00a0 \u00a0 \u00a0 \u00a0\u00a0<img decoding=\"async\" class=\"alignnone size-full wp-image-94794\" src=\"https:\/\/globalsew.com\/wp-content\/uploads\/2017\/04\/eac-xs-global.jpg\" alt=\"\" width=\"73\" height=\"68\" \/>\u00a0\u00a0<img loading=\"lazy\" decoding=\"async\" class=\"alignnone size-full wp-image-94793\" src=\"https:\/\/globalsew.com\/wp-content\/uploads\/2017\/04\/ce-xs-global.jpg\" alt=\"\" width=\"73\" height=\"68\" \/><\/p>","protected":false},"excerpt":{"rendered":"<div class=\"row\">\n<div class=\"col-md-6\"><a class=\"download-button\" href=\"https:\/\/globalsew.com\/wp-content\/uploads\/2017\/03\/WF-9200-50-Series-leaflet.pdf\" target=\"_blank\" rel=\"noopener noreferrer\">Descarregar folheto<\/a><\/div>\n<div class=\"col-md-6\"><a class=\"download-button\" href=\"https:\/\/globalsew.com\/wp-content\/uploads\/2020\/08\/WF-9201-50-WF-9202-50.pdf\" target=\"_blank\" rel=\"noopener noreferrer\">Descarregar o manual<\/a><\/div>\n<\/div>","protected":false},"featured_media":105740,"template":"","meta":{"_acf_changed":false},"product_brand":[],"product_cat":[21,95,150,7,70,22],"product_tag":[],"class_list":{"0":"post-81049","1":"product","2":"type-product","3":"status-publish","4":"has-post-thumbnail","6":"product_cat-automotive","7":"product_cat-flat-bed-walking-foot-machine","8":"product_cat-flatbed-walking-foot","9":"product_cat-heavy-duty","10":"product_cat-walking-foot-heavy-duty","11":"product_cat-walking-foot","12":"tm-has-options","14":"first","15":"instock","16":"shipping-taxable","17":"purchasable","18":"product-type-simple"},"acf":[],"gallery_images":[],"yoast_head":"<!-- This site is optimized with the Yoast SEO plugin v27.3 - https:\/\/yoast.com\/product\/yoast-seo-wordpress\/ -->\n<title>WF 9201-50 \/ WF 9202-50 - Global International B.V.<\/title>\n<meta name=\"robots\" content=\"index, follow, max-snippet:-1, max-image-preview:large, max-video-preview:-1\" \/>\n<link rel=\"canonical\" href=\"https:\/\/globalsew.com\/pt\/produto\/wf-9201-50-wf-9202-50\/\" \/>\n<meta property=\"og:locale\" content=\"pt_PT\" \/>\n<meta property=\"og:type\" content=\"article\" \/>\n<meta property=\"og:title\" content=\"WF 9201-50 \/ WF 9202-50 - Global International B.V.\" \/>\n<meta property=\"og:description\" content=\"Download Leaflet Download Manual\" \/>\n<meta property=\"og:url\" content=\"https:\/\/globalsew.com\/pt\/produto\/wf-9201-50-wf-9202-50\/\" \/>\n<meta property=\"og:site_name\" content=\"Global International B.V.\" \/>\n<meta property=\"article:modified_time\" content=\"2024-05-22T07:49:00+00:00\" \/>\n<meta property=\"og:image\" content=\"https:\/\/globalsew.com\/wp-content\/uploads\/2017\/03\/products-WF-9202-01-global-1080-website-2024-1.jpg\" \/>\n\t<meta property=\"og:image:width\" content=\"1819\" \/>\n\t<meta property=\"og:image:height\" content=\"1080\" \/>\n\t<meta property=\"og:image:type\" content=\"image\/jpeg\" \/>\n<meta name=\"twitter:card\" content=\"summary_large_image\" \/>\n<meta name=\"twitter:label1\" content=\"Tempo estimado de leitura\" \/>\n\t<meta name=\"twitter:data1\" content=\"2 minutos\" \/>\n<script type=\"application\/ld+json\" class=\"yoast-schema-graph\">{\"@context\":\"https:\\\/\\\/schema.org\",\"@graph\":[{\"@type\":\"WebPage\",\"@id\":\"https:\\\/\\\/globalsew.com\\\/product\\\/wf-9201-50-wf-9202-50\\\/\",\"url\":\"https:\\\/\\\/globalsew.com\\\/product\\\/wf-9201-50-wf-9202-50\\\/\",\"name\":\"WF 9201-50 \\\/ WF 9202-50 - Global International B.V.\",\"isPartOf\":{\"@id\":\"https:\\\/\\\/globalsew.com\\\/#website\"},\"primaryImageOfPage\":{\"@id\":\"https:\\\/\\\/globalsew.com\\\/product\\\/wf-9201-50-wf-9202-50\\\/#primaryimage\"},\"image\":{\"@id\":\"https:\\\/\\\/globalsew.com\\\/product\\\/wf-9201-50-wf-9202-50\\\/#primaryimage\"},\"thumbnailUrl\":\"https:\\\/\\\/globalsew.com\\\/wp-content\\\/uploads\\\/2017\\\/03\\\/products-WF-9202-01-global-1080-website-2024-1.jpg\",\"datePublished\":\"2017-03-15T15:11:24+00:00\",\"dateModified\":\"2024-05-22T07:49:00+00:00\",\"breadcrumb\":{\"@id\":\"https:\\\/\\\/globalsew.com\\\/product\\\/wf-9201-50-wf-9202-50\\\/#breadcrumb\"},\"inLanguage\":\"pt-PT\",\"potentialAction\":[{\"@type\":\"ReadAction\",\"target\":[\"https:\\\/\\\/globalsew.com\\\/product\\\/wf-9201-50-wf-9202-50\\\/\"]}]},{\"@type\":\"ImageObject\",\"inLanguage\":\"pt-PT\",\"@id\":\"https:\\\/\\\/globalsew.com\\\/product\\\/wf-9201-50-wf-9202-50\\\/#primaryimage\",\"url\":\"https:\\\/\\\/globalsew.com\\\/wp-content\\\/uploads\\\/2017\\\/03\\\/products-WF-9202-01-global-1080-website-2024-1.jpg\",\"contentUrl\":\"https:\\\/\\\/globalsew.com\\\/wp-content\\\/uploads\\\/2017\\\/03\\\/products-WF-9202-01-global-1080-website-2024-1.jpg\",\"width\":1819,\"height\":1080,\"caption\":\"WF 9202-50\"},{\"@type\":\"BreadcrumbList\",\"@id\":\"https:\\\/\\\/globalsew.com\\\/product\\\/wf-9201-50-wf-9202-50\\\/#breadcrumb\",\"itemListElement\":[{\"@type\":\"ListItem\",\"position\":1,\"name\":\"Home\",\"item\":\"https:\\\/\\\/globalsew.com\\\/\"},{\"@type\":\"ListItem\",\"position\":2,\"name\":\"Products\",\"item\":\"https:\\\/\\\/globalsew.com\\\/products\\\/\"},{\"@type\":\"ListItem\",\"position\":3,\"name\":\"WF 9201-50 \\\/ WF 9202-50\"}]},{\"@type\":\"WebSite\",\"@id\":\"https:\\\/\\\/globalsew.com\\\/#website\",\"url\":\"https:\\\/\\\/globalsew.com\\\/\",\"name\":\"Global International B.V.\",\"description\":\"Industrial Sewing Machines\",\"potentialAction\":[{\"@type\":\"SearchAction\",\"target\":{\"@type\":\"EntryPoint\",\"urlTemplate\":\"https:\\\/\\\/globalsew.com\\\/?s={search_term_string}\"},\"query-input\":{\"@type\":\"PropertyValueSpecification\",\"valueRequired\":true,\"valueName\":\"search_term_string\"}}],\"inLanguage\":\"pt-PT\"}]}<\/script>\n<!-- \/ Yoast SEO plugin. -->","yoast_head_json":{"title":"WF 9201-50 \/ WF 9202-50 - Global International B.V.","robots":{"index":"index","follow":"follow","max-snippet":"max-snippet:-1","max-image-preview":"max-image-preview:large","max-video-preview":"max-video-preview:-1"},"canonical":"https:\/\/globalsew.com\/pt\/produto\/wf-9201-50-wf-9202-50\/","og_locale":"pt_PT","og_type":"article","og_title":"WF 9201-50 \/ WF 9202-50 - Global International B.V.","og_description":"Download Leaflet Download Manual","og_url":"https:\/\/globalsew.com\/pt\/produto\/wf-9201-50-wf-9202-50\/","og_site_name":"Global International B.V.","article_modified_time":"2024-05-22T07:49:00+00:00","og_image":[{"width":1819,"height":1080,"url":"https:\/\/globalsew.com\/wp-content\/uploads\/2017\/03\/products-WF-9202-01-global-1080-website-2024-1.jpg","type":"image\/jpeg"}],"twitter_card":"summary_large_image","twitter_misc":{"Tempo estimado de leitura":"2 minutos"},"schema":{"@context":"https:\/\/schema.org","@graph":[{"@type":"WebPage","@id":"https:\/\/globalsew.com\/product\/wf-9201-50-wf-9202-50\/","url":"https:\/\/globalsew.com\/product\/wf-9201-50-wf-9202-50\/","name":"WF 9201-50 \/ WF 9202-50 - Global International B.V.","isPartOf":{"@id":"https:\/\/globalsew.com\/#website"},"primaryImageOfPage":{"@id":"https:\/\/globalsew.com\/product\/wf-9201-50-wf-9202-50\/#primaryimage"},"image":{"@id":"https:\/\/globalsew.com\/product\/wf-9201-50-wf-9202-50\/#primaryimage"},"thumbnailUrl":"https:\/\/globalsew.com\/wp-content\/uploads\/2017\/03\/products-WF-9202-01-global-1080-website-2024-1.jpg","datePublished":"2017-03-15T15:11:24+00:00","dateModified":"2024-05-22T07:49:00+00:00","breadcrumb":{"@id":"https:\/\/globalsew.com\/product\/wf-9201-50-wf-9202-50\/#breadcrumb"},"inLanguage":"pt-PT","potentialAction":[{"@type":"ReadAction","target":["https:\/\/globalsew.com\/product\/wf-9201-50-wf-9202-50\/"]}]},{"@type":"ImageObject","inLanguage":"pt-PT","@id":"https:\/\/globalsew.com\/product\/wf-9201-50-wf-9202-50\/#primaryimage","url":"https:\/\/globalsew.com\/wp-content\/uploads\/2017\/03\/products-WF-9202-01-global-1080-website-2024-1.jpg","contentUrl":"https:\/\/globalsew.com\/wp-content\/uploads\/2017\/03\/products-WF-9202-01-global-1080-website-2024-1.jpg","width":1819,"height":1080,"caption":"WF 9202-50"},{"@type":"BreadcrumbList","@id":"https:\/\/globalsew.com\/product\/wf-9201-50-wf-9202-50\/#breadcrumb","itemListElement":[{"@type":"ListItem","position":1,"name":"Home","item":"https:\/\/globalsew.com\/"},{"@type":"ListItem","position":2,"name":"Products","item":"https:\/\/globalsew.com\/products\/"},{"@type":"ListItem","position":3,"name":"WF 9201-50 \/ WF 9202-50"}]},{"@type":"WebSite","@id":"https:\/\/globalsew.com\/#website","url":"https:\/\/globalsew.com\/","name":"Global International B.V.","description":"M\u00e1quinas de costura industriais","potentialAction":[{"@type":"SearchAction","target":{"@type":"EntryPoint","urlTemplate":"https:\/\/globalsew.com\/?s={search_term_string}"},"query-input":{"@type":"PropertyValueSpecification","valueRequired":true,"valueName":"search_term_string"}}],"inLanguage":"pt-PT"}]}},"_links":{"self":[{"href":"https:\/\/globalsew.com\/pt\/wp-json\/wp\/v2\/product\/81049","targetHints":{"allow":["GET"]}}],"collection":[{"href":"https:\/\/globalsew.com\/pt\/wp-json\/wp\/v2\/product"}],"about":[{"href":"https:\/\/globalsew.com\/pt\/wp-json\/wp\/v2\/types\/product"}],"wp:featuredmedia":[{"embeddable":true,"href":"https:\/\/globalsew.com\/pt\/wp-json\/wp\/v2\/media\/105740"}],"wp:attachment":[{"href":"https:\/\/globalsew.com\/pt\/wp-json\/wp\/v2\/media?parent=81049"}],"wp:term":[{"taxonomy":"product_brand","embeddable":true,"href":"https:\/\/globalsew.com\/pt\/wp-json\/wp\/v2\/product_brand?post=81049"},{"taxonomy":"product_cat","embeddable":true,"href":"https:\/\/globalsew.com\/pt\/wp-json\/wp\/v2\/product_cat?post=81049"},{"taxonomy":"product_tag","embeddable":true,"href":"https:\/\/globalsew.com\/pt\/wp-json\/wp\/v2\/product_tag?post=81049"}],"curies":[{"name":"wp","href":"https:\/\/api.w.org\/{rel}","templated":true}]}}