{"id":80451,"date":"2017-03-15T13:48:24","date_gmt":"2017-03-15T12:48:24","guid":{"rendered":"https:\/\/globalsew.com\/?post_type=product&#038;p=80451"},"modified":"2024-05-22T09:50:55","modified_gmt":"2024-05-22T07:50:55","slug":"wf-1515-65-wf-1516-65","status":"publish","type":"product","link":"https:\/\/globalsew.com\/pt\/product\/wf-1515-65-wf-1516-65\/","title":{"rendered":"S\u00e9rie WF 1510-65"},"content":{"rendered":"<p><strong>WF 1515-65<\/strong><br \/>\n- M\u00e1quina de bra\u00e7o longo, agulha \u00fanica, p\u00e9 calcador com um comprimento de ponto de 9 mm e regula\u00e7\u00e3o do curso do p\u00e9 alternado. A m\u00e1quina est\u00e1 equipada com um grande gancho de eixo vertical, um elevador pneum\u00e1tico para o calcador e um remate. (65 cm de espa\u00e7o de trabalho).<br \/>\n<strong>WF 1515-65 AUT<\/strong><br \/>\n- Igual \u00e0 anterior, mas com cortador de linha el\u00e9trico e regula\u00e7\u00e3o do curso do p\u00e9 alternado por meio de um bot\u00e3o com limita\u00e7\u00e3o autom\u00e1tica da velocidade.<br \/>\n<strong>WF 1516-65<\/strong><br \/>\n- M\u00e1quina de bra\u00e7o longo, p\u00e9 calcador de agulha dupla com um comprimento de ponto de 9 mm e ajuste do curso do p\u00e9 alternado. Calibre standard da agulha 8 mm. A m\u00e1quina est\u00e1 equipada com grandes ganchos de eixo vertical, eleva\u00e7\u00e3o pneum\u00e1tica do calcador e remate. (65 cm de espa\u00e7o de trabalho).<br \/>\n<strong>WF 1516-65 AUT<\/strong><br \/>\n- Igual \u00e0 anterior, mas com cortador de linha el\u00e9trico e regula\u00e7\u00e3o do curso do p\u00e9 alternado por meio de um bot\u00e3o com limita\u00e7\u00e3o autom\u00e1tica da velocidade.<\/p>\n<p>&nbsp;<\/p>","protected":false},"excerpt":{"rendered":"<p>Para descarregar, consulte a nossa p\u00e1gina de descarregamentos para o <a class=\"download-link\" href=\"https:\/\/globalsew.com\/pt\/descarregar\/serie-wf-1500\/\">S\u00e9rie WF 1500<\/a>.<\/p>","protected":false},"featured_media":92101,"template":"","meta":{"_acf_changed":false},"product_brand":[],"product_cat":[21,160,95,63,22,159],"product_tag":[],"class_list":{"0":"post-80451","1":"product","2":"type-product","3":"status-publish","4":"has-post-thumbnail","6":"product_cat-automotive","7":"product_cat-flat-bed-walking-foot-machine-walking-foot-upholstery","8":"product_cat-flat-bed-walking-foot-machine","9":"product_cat-upholstery","10":"product_cat-walking-foot","11":"product_cat-walking-foot-upholstery","12":"tm-has-options","14":"first","15":"instock","16":"shipping-taxable","17":"purchasable","18":"product-type-simple"},"acf":[],"gallery_images":[],"yoast_head":"<!-- This site is optimized with the Yoast SEO plugin v27.3 - https:\/\/yoast.com\/product\/yoast-seo-wordpress\/ -->\n<title>WF 1510-65 series - Global International B.V.<\/title>\n<meta name=\"robots\" content=\"index, follow, max-snippet:-1, max-image-preview:large, max-video-preview:-1\" \/>\n<link rel=\"canonical\" href=\"https:\/\/globalsew.com\/pt\/produto\/wf-1515-65-wf-1516-65\/\" \/>\n<meta property=\"og:locale\" content=\"pt_PT\" \/>\n<meta property=\"og:type\" content=\"article\" \/>\n<meta property=\"og:title\" content=\"WF 1510-65 series - Global International B.V.\" \/>\n<meta property=\"og:description\" content=\"For downloads see our downloads page for the WF 1500 series.\" \/>\n<meta property=\"og:url\" content=\"https:\/\/globalsew.com\/pt\/produto\/wf-1515-65-wf-1516-65\/\" \/>\n<meta property=\"og:site_name\" content=\"Global International B.V.\" \/>\n<meta property=\"article:modified_time\" content=\"2024-05-22T07:50:55+00:00\" \/>\n<meta property=\"og:image\" content=\"https:\/\/globalsew.com\/wp-content\/uploads\/2017\/11\/global-machine-wf-1516-65-sewstock_1.jpg\" \/>\n\t<meta property=\"og:image:width\" content=\"940\" \/>\n\t<meta property=\"og:image:height\" content=\"587\" \/>\n\t<meta property=\"og:image:type\" content=\"image\/jpeg\" \/>\n<meta name=\"twitter:card\" content=\"summary_large_image\" \/>\n<meta name=\"twitter:label1\" content=\"Tempo estimado de leitura\" \/>\n\t<meta name=\"twitter:data1\" content=\"1 minuto\" \/>\n<script type=\"application\/ld+json\" class=\"yoast-schema-graph\">{\"@context\":\"https:\\\/\\\/schema.org\",\"@graph\":[{\"@type\":\"WebPage\",\"@id\":\"https:\\\/\\\/globalsew.com\\\/product\\\/wf-1515-65-wf-1516-65\\\/\",\"url\":\"https:\\\/\\\/globalsew.com\\\/product\\\/wf-1515-65-wf-1516-65\\\/\",\"name\":\"WF 1510-65 series - Global International B.V.\",\"isPartOf\":{\"@id\":\"https:\\\/\\\/globalsew.com\\\/#website\"},\"primaryImageOfPage\":{\"@id\":\"https:\\\/\\\/globalsew.com\\\/product\\\/wf-1515-65-wf-1516-65\\\/#primaryimage\"},\"image\":{\"@id\":\"https:\\\/\\\/globalsew.com\\\/product\\\/wf-1515-65-wf-1516-65\\\/#primaryimage\"},\"thumbnailUrl\":\"https:\\\/\\\/globalsew.com\\\/wp-content\\\/uploads\\\/2017\\\/11\\\/global-machine-wf-1516-65-sewstock_1.jpg\",\"datePublished\":\"2017-03-15T12:48:24+00:00\",\"dateModified\":\"2024-05-22T07:50:55+00:00\",\"breadcrumb\":{\"@id\":\"https:\\\/\\\/globalsew.com\\\/product\\\/wf-1515-65-wf-1516-65\\\/#breadcrumb\"},\"inLanguage\":\"pt-PT\",\"potentialAction\":[{\"@type\":\"ReadAction\",\"target\":[\"https:\\\/\\\/globalsew.com\\\/product\\\/wf-1515-65-wf-1516-65\\\/\"]}]},{\"@type\":\"ImageObject\",\"inLanguage\":\"pt-PT\",\"@id\":\"https:\\\/\\\/globalsew.com\\\/product\\\/wf-1515-65-wf-1516-65\\\/#primaryimage\",\"url\":\"https:\\\/\\\/globalsew.com\\\/wp-content\\\/uploads\\\/2017\\\/11\\\/global-machine-wf-1516-65-sewstock_1.jpg\",\"contentUrl\":\"https:\\\/\\\/globalsew.com\\\/wp-content\\\/uploads\\\/2017\\\/11\\\/global-machine-wf-1516-65-sewstock_1.jpg\",\"width\":940,\"height\":587},{\"@type\":\"BreadcrumbList\",\"@id\":\"https:\\\/\\\/globalsew.com\\\/product\\\/wf-1515-65-wf-1516-65\\\/#breadcrumb\",\"itemListElement\":[{\"@type\":\"ListItem\",\"position\":1,\"name\":\"Home\",\"item\":\"https:\\\/\\\/globalsew.com\\\/\"},{\"@type\":\"ListItem\",\"position\":2,\"name\":\"Products\",\"item\":\"https:\\\/\\\/globalsew.com\\\/products\\\/\"},{\"@type\":\"ListItem\",\"position\":3,\"name\":\"WF 1510-65 series\"}]},{\"@type\":\"WebSite\",\"@id\":\"https:\\\/\\\/globalsew.com\\\/#website\",\"url\":\"https:\\\/\\\/globalsew.com\\\/\",\"name\":\"Global International B.V.\",\"description\":\"Industrial Sewing Machines\",\"potentialAction\":[{\"@type\":\"SearchAction\",\"target\":{\"@type\":\"EntryPoint\",\"urlTemplate\":\"https:\\\/\\\/globalsew.com\\\/?s={search_term_string}\"},\"query-input\":{\"@type\":\"PropertyValueSpecification\",\"valueRequired\":true,\"valueName\":\"search_term_string\"}}],\"inLanguage\":\"pt-PT\"}]}<\/script>\n<!-- \/ Yoast SEO plugin. -->","yoast_head_json":{"title":"S\u00e9rie WF 1510-65 - Global International B.V.","robots":{"index":"index","follow":"follow","max-snippet":"max-snippet:-1","max-image-preview":"max-image-preview:large","max-video-preview":"max-video-preview:-1"},"canonical":"https:\/\/globalsew.com\/pt\/produto\/wf-1515-65-wf-1516-65\/","og_locale":"pt_PT","og_type":"article","og_title":"WF 1510-65 series - Global International B.V.","og_description":"For downloads see our downloads page for the WF 1500 series.","og_url":"https:\/\/globalsew.com\/pt\/produto\/wf-1515-65-wf-1516-65\/","og_site_name":"Global International B.V.","article_modified_time":"2024-05-22T07:50:55+00:00","og_image":[{"width":940,"height":587,"url":"https:\/\/globalsew.com\/wp-content\/uploads\/2017\/11\/global-machine-wf-1516-65-sewstock_1.jpg","type":"image\/jpeg"}],"twitter_card":"summary_large_image","twitter_misc":{"Tempo estimado de leitura":"1 minuto"},"schema":{"@context":"https:\/\/schema.org","@graph":[{"@type":"WebPage","@id":"https:\/\/globalsew.com\/product\/wf-1515-65-wf-1516-65\/","url":"https:\/\/globalsew.com\/product\/wf-1515-65-wf-1516-65\/","name":"S\u00e9rie WF 1510-65 - Global International B.V.","isPartOf":{"@id":"https:\/\/globalsew.com\/#website"},"primaryImageOfPage":{"@id":"https:\/\/globalsew.com\/product\/wf-1515-65-wf-1516-65\/#primaryimage"},"image":{"@id":"https:\/\/globalsew.com\/product\/wf-1515-65-wf-1516-65\/#primaryimage"},"thumbnailUrl":"https:\/\/globalsew.com\/wp-content\/uploads\/2017\/11\/global-machine-wf-1516-65-sewstock_1.jpg","datePublished":"2017-03-15T12:48:24+00:00","dateModified":"2024-05-22T07:50:55+00:00","breadcrumb":{"@id":"https:\/\/globalsew.com\/product\/wf-1515-65-wf-1516-65\/#breadcrumb"},"inLanguage":"pt-PT","potentialAction":[{"@type":"ReadAction","target":["https:\/\/globalsew.com\/product\/wf-1515-65-wf-1516-65\/"]}]},{"@type":"ImageObject","inLanguage":"pt-PT","@id":"https:\/\/globalsew.com\/product\/wf-1515-65-wf-1516-65\/#primaryimage","url":"https:\/\/globalsew.com\/wp-content\/uploads\/2017\/11\/global-machine-wf-1516-65-sewstock_1.jpg","contentUrl":"https:\/\/globalsew.com\/wp-content\/uploads\/2017\/11\/global-machine-wf-1516-65-sewstock_1.jpg","width":940,"height":587},{"@type":"BreadcrumbList","@id":"https:\/\/globalsew.com\/product\/wf-1515-65-wf-1516-65\/#breadcrumb","itemListElement":[{"@type":"ListItem","position":1,"name":"Home","item":"https:\/\/globalsew.com\/"},{"@type":"ListItem","position":2,"name":"Products","item":"https:\/\/globalsew.com\/products\/"},{"@type":"ListItem","position":3,"name":"WF 1510-65 series"}]},{"@type":"WebSite","@id":"https:\/\/globalsew.com\/#website","url":"https:\/\/globalsew.com\/","name":"Global International B.V.","description":"M\u00e1quinas de costura industriais","potentialAction":[{"@type":"SearchAction","target":{"@type":"EntryPoint","urlTemplate":"https:\/\/globalsew.com\/?s={search_term_string}"},"query-input":{"@type":"PropertyValueSpecification","valueRequired":true,"valueName":"search_term_string"}}],"inLanguage":"pt-PT"}]}},"_links":{"self":[{"href":"https:\/\/globalsew.com\/pt\/wp-json\/wp\/v2\/product\/80451","targetHints":{"allow":["GET"]}}],"collection":[{"href":"https:\/\/globalsew.com\/pt\/wp-json\/wp\/v2\/product"}],"about":[{"href":"https:\/\/globalsew.com\/pt\/wp-json\/wp\/v2\/types\/product"}],"wp:featuredmedia":[{"embeddable":true,"href":"https:\/\/globalsew.com\/pt\/wp-json\/wp\/v2\/media\/92101"}],"wp:attachment":[{"href":"https:\/\/globalsew.com\/pt\/wp-json\/wp\/v2\/media?parent=80451"}],"wp:term":[{"taxonomy":"product_brand","embeddable":true,"href":"https:\/\/globalsew.com\/pt\/wp-json\/wp\/v2\/product_brand?post=80451"},{"taxonomy":"product_cat","embeddable":true,"href":"https:\/\/globalsew.com\/pt\/wp-json\/wp\/v2\/product_cat?post=80451"},{"taxonomy":"product_tag","embeddable":true,"href":"https:\/\/globalsew.com\/pt\/wp-json\/wp\/v2\/product_tag?post=80451"}],"curies":[{"name":"wp","href":"https:\/\/api.w.org\/{rel}","templated":true}]}}