{"id":79797,"date":"2017-03-15T10:31:28","date_gmt":"2017-03-15T09:31:28","guid":{"rendered":"https:\/\/globalsew.com\/?post_type=product&#038;p=79797"},"modified":"2024-05-22T09:48:59","modified_gmt":"2024-05-22T07:48:59","slug":"wf-1767-70-p-serie-aut","status":"publish","type":"product","link":"https:\/\/globalsew.com\/pt\/product\/wf-1767-70-p-aut-series\/","title":{"rendered":"WF 1767-70 S\u00e9rie P-AUT"},"content":{"rendered":"<div class=\"wpb-content-wrapper\"><div class=\"vc_row wpb_row vc_row-fluid\"><div class=\"wpb_column vc_column_container vc_col-sm-6\"><div class=\"vc_column-inner\"><div class=\"wpb_wrapper\">\n\t<div class=\"wpb_text_column wpb_content_element\" >\n\t\t<div class=\"wpb_wrapper\">\n\t\t\t<p><strong>WF 1767-70 P-AUT<\/strong><br \/>\n- M\u00e1quina de bra\u00e7o longo de p\u00e9 calcador de agulha \u00fanica com cortador de linha, remate autom\u00e1tico, calcador<br \/>\nElevador, ajuste r\u00e1pido do curso e segundo comprimento de ponto integrado para montagem e pesponto<br \/>\nopera\u00e7\u00f5es. Fornecida de s\u00e9rie com um puxador para uma alimenta\u00e7\u00e3o forte e est\u00e1vel Esta m\u00e1quina tem um espa\u00e7o de 70 cm<br \/>\nentre a agulha e a arma\u00e7\u00e3o.<br \/>\n<strong>WF 1767-2-70 P-AUT<\/strong><br \/>\n- Igual \u00e0 WF 1767-70 P-AUT, mas com duas agulhas. Agulha de calibre standard 8 mm.<\/p>\n\n\t\t<\/div>\n\t<\/div>\n<\/div><\/div><\/div><div class=\"wpb_column vc_column_container vc_col-sm-6\"><div class=\"vc_column-inner\"><div class=\"wpb_wrapper\">\n\t<div class=\"wpb_video_widget wpb_content_element vc_clearfix   vc_video-aspect-ratio-169 vc_video-el-width-100 vc_video-align-left\" >\n\t\t<div class=\"wpb_wrapper\">\n\t\t\t\n\t\t\t<div class=\"wpb_video_wrapper\"><iframe title=\"Global 1767-70-P-AUT - M\u00e1quina de costura de p\u00e9 arrastado de bra\u00e7o longo para trabalhos pesados com cortador e puxador\" width=\"500\" height=\"281\" src=\"https:\/\/www.youtube.com\/embed\/KHId1NRVj6Q?feature=oembed\" frameborder=\"0\" allow=\"accelerometer; autoplay; clipboard-write; encrypted-media; gyroscope; picture-in-picture; web-share\" allowfullscreen><\/iframe><\/div>\n\t\t<\/div>\n\t<\/div>\n<\/div><\/div><\/div><\/div>\n<\/div>","protected":false},"excerpt":{"rendered":"<p>Para descarregar, consulte a nossa p\u00e1gina de descarregamentos para o <a class=\"download-link\" href=\"https:\/\/globalsew.com\/pt\/descarregar\/serie-wf-1767\/\">S\u00e9rie WF 1767<\/a>.<\/p>","protected":false},"featured_media":105867,"template":"","meta":{"_acf_changed":false},"product_brand":[],"product_cat":[21,95,160,150,7,63,70,22,159],"product_tag":[],"class_list":{"0":"post-79797","1":"product","2":"type-product","3":"status-publish","4":"has-post-thumbnail","6":"product_cat-automotive","7":"product_cat-flat-bed-walking-foot-machine","8":"product_cat-flat-bed-walking-foot-machine-walking-foot-upholstery","9":"product_cat-flatbed-walking-foot","10":"product_cat-heavy-duty","11":"product_cat-upholstery","12":"product_cat-walking-foot-heavy-duty","13":"product_cat-walking-foot","14":"product_cat-walking-foot-upholstery","15":"tm-has-options","17":"first","18":"instock","19":"shipping-taxable","20":"purchasable","21":"product-type-simple"},"acf":[],"gallery_images":[105870,105871],"yoast_head":"<!-- This site is optimized with the Yoast SEO plugin v27.3 - https:\/\/yoast.com\/product\/yoast-seo-wordpress\/ -->\n<title>WF 1767-70 P-AUT series - Global International B.V.<\/title>\n<meta name=\"robots\" content=\"index, follow, max-snippet:-1, max-image-preview:large, max-video-preview:-1\" \/>\n<link rel=\"canonical\" href=\"https:\/\/globalsew.com\/pt\/produto\/wf-1767-70-p-serie-aut\/\" \/>\n<meta property=\"og:locale\" content=\"pt_PT\" \/>\n<meta property=\"og:type\" content=\"article\" \/>\n<meta property=\"og:title\" content=\"WF 1767-70 P-AUT series - Global International B.V.\" \/>\n<meta property=\"og:description\" content=\"For downloads see our downloads page for the WF 1767 series.\" \/>\n<meta property=\"og:url\" content=\"https:\/\/globalsew.com\/pt\/produto\/wf-1767-70-p-serie-aut\/\" \/>\n<meta property=\"og:site_name\" content=\"Global International B.V.\" \/>\n<meta property=\"article:modified_time\" content=\"2024-05-22T07:48:59+00:00\" \/>\n<meta property=\"og:image\" content=\"https:\/\/globalsew.com\/wp-content\/uploads\/2017\/03\/products-WF-1767-70-05-no-global-1080-website-2024.jpg\" \/>\n\t<meta property=\"og:image:width\" content=\"1819\" \/>\n\t<meta property=\"og:image:height\" content=\"1080\" \/>\n\t<meta property=\"og:image:type\" content=\"image\/jpeg\" \/>\n<meta name=\"twitter:card\" content=\"summary_large_image\" \/>\n<meta name=\"twitter:label1\" content=\"Tempo estimado de leitura\" \/>\n\t<meta name=\"twitter:data1\" content=\"1 minuto\" \/>\n<script type=\"application\/ld+json\" class=\"yoast-schema-graph\">{\"@context\":\"https:\\\/\\\/schema.org\",\"@graph\":[{\"@type\":\"WebPage\",\"@id\":\"https:\\\/\\\/globalsew.com\\\/product\\\/wf-1767-70-p-aut-series\\\/\",\"url\":\"https:\\\/\\\/globalsew.com\\\/product\\\/wf-1767-70-p-aut-series\\\/\",\"name\":\"WF 1767-70 P-AUT series - Global International B.V.\",\"isPartOf\":{\"@id\":\"https:\\\/\\\/globalsew.com\\\/#website\"},\"primaryImageOfPage\":{\"@id\":\"https:\\\/\\\/globalsew.com\\\/product\\\/wf-1767-70-p-aut-series\\\/#primaryimage\"},\"image\":{\"@id\":\"https:\\\/\\\/globalsew.com\\\/product\\\/wf-1767-70-p-aut-series\\\/#primaryimage\"},\"thumbnailUrl\":\"https:\\\/\\\/globalsew.com\\\/wp-content\\\/uploads\\\/2017\\\/03\\\/products-WF-1767-70-05-no-global-1080-website-2024.jpg\",\"datePublished\":\"2017-03-15T09:31:28+00:00\",\"dateModified\":\"2024-05-22T07:48:59+00:00\",\"breadcrumb\":{\"@id\":\"https:\\\/\\\/globalsew.com\\\/product\\\/wf-1767-70-p-aut-series\\\/#breadcrumb\"},\"inLanguage\":\"pt-PT\",\"potentialAction\":[{\"@type\":\"ReadAction\",\"target\":[\"https:\\\/\\\/globalsew.com\\\/product\\\/wf-1767-70-p-aut-series\\\/\"]}]},{\"@type\":\"ImageObject\",\"inLanguage\":\"pt-PT\",\"@id\":\"https:\\\/\\\/globalsew.com\\\/product\\\/wf-1767-70-p-aut-series\\\/#primaryimage\",\"url\":\"https:\\\/\\\/globalsew.com\\\/wp-content\\\/uploads\\\/2017\\\/03\\\/products-WF-1767-70-05-no-global-1080-website-2024.jpg\",\"contentUrl\":\"https:\\\/\\\/globalsew.com\\\/wp-content\\\/uploads\\\/2017\\\/03\\\/products-WF-1767-70-05-no-global-1080-website-2024.jpg\",\"width\":1819,\"height\":1080,\"caption\":\"WF 1767-70 P-AUT\"},{\"@type\":\"BreadcrumbList\",\"@id\":\"https:\\\/\\\/globalsew.com\\\/product\\\/wf-1767-70-p-aut-series\\\/#breadcrumb\",\"itemListElement\":[{\"@type\":\"ListItem\",\"position\":1,\"name\":\"Home\",\"item\":\"https:\\\/\\\/globalsew.com\\\/\"},{\"@type\":\"ListItem\",\"position\":2,\"name\":\"Products\",\"item\":\"https:\\\/\\\/globalsew.com\\\/products\\\/\"},{\"@type\":\"ListItem\",\"position\":3,\"name\":\"WF 1767-70 P-AUT series\"}]},{\"@type\":\"WebSite\",\"@id\":\"https:\\\/\\\/globalsew.com\\\/#website\",\"url\":\"https:\\\/\\\/globalsew.com\\\/\",\"name\":\"Global International B.V.\",\"description\":\"Industrial Sewing Machines\",\"potentialAction\":[{\"@type\":\"SearchAction\",\"target\":{\"@type\":\"EntryPoint\",\"urlTemplate\":\"https:\\\/\\\/globalsew.com\\\/?s={search_term_string}\"},\"query-input\":{\"@type\":\"PropertyValueSpecification\",\"valueRequired\":true,\"valueName\":\"search_term_string\"}}],\"inLanguage\":\"pt-PT\"}]}<\/script>\n<!-- \/ Yoast SEO plugin. -->","yoast_head_json":{"title":"WF 1767-70 S\u00e9rie P-AUT - Global International B.V.","robots":{"index":"index","follow":"follow","max-snippet":"max-snippet:-1","max-image-preview":"max-image-preview:large","max-video-preview":"max-video-preview:-1"},"canonical":"https:\/\/globalsew.com\/pt\/produto\/wf-1767-70-p-serie-aut\/","og_locale":"pt_PT","og_type":"article","og_title":"WF 1767-70 P-AUT series - Global International B.V.","og_description":"For downloads see our downloads page for the WF 1767 series.","og_url":"https:\/\/globalsew.com\/pt\/produto\/wf-1767-70-p-serie-aut\/","og_site_name":"Global International B.V.","article_modified_time":"2024-05-22T07:48:59+00:00","og_image":[{"width":1819,"height":1080,"url":"https:\/\/globalsew.com\/wp-content\/uploads\/2017\/03\/products-WF-1767-70-05-no-global-1080-website-2024.jpg","type":"image\/jpeg"}],"twitter_card":"summary_large_image","twitter_misc":{"Tempo estimado de leitura":"1 minuto"},"schema":{"@context":"https:\/\/schema.org","@graph":[{"@type":"WebPage","@id":"https:\/\/globalsew.com\/product\/wf-1767-70-p-aut-series\/","url":"https:\/\/globalsew.com\/product\/wf-1767-70-p-aut-series\/","name":"WF 1767-70 S\u00e9rie P-AUT - Global International B.V.","isPartOf":{"@id":"https:\/\/globalsew.com\/#website"},"primaryImageOfPage":{"@id":"https:\/\/globalsew.com\/product\/wf-1767-70-p-aut-series\/#primaryimage"},"image":{"@id":"https:\/\/globalsew.com\/product\/wf-1767-70-p-aut-series\/#primaryimage"},"thumbnailUrl":"https:\/\/globalsew.com\/wp-content\/uploads\/2017\/03\/products-WF-1767-70-05-no-global-1080-website-2024.jpg","datePublished":"2017-03-15T09:31:28+00:00","dateModified":"2024-05-22T07:48:59+00:00","breadcrumb":{"@id":"https:\/\/globalsew.com\/product\/wf-1767-70-p-aut-series\/#breadcrumb"},"inLanguage":"pt-PT","potentialAction":[{"@type":"ReadAction","target":["https:\/\/globalsew.com\/product\/wf-1767-70-p-aut-series\/"]}]},{"@type":"ImageObject","inLanguage":"pt-PT","@id":"https:\/\/globalsew.com\/product\/wf-1767-70-p-aut-series\/#primaryimage","url":"https:\/\/globalsew.com\/wp-content\/uploads\/2017\/03\/products-WF-1767-70-05-no-global-1080-website-2024.jpg","contentUrl":"https:\/\/globalsew.com\/wp-content\/uploads\/2017\/03\/products-WF-1767-70-05-no-global-1080-website-2024.jpg","width":1819,"height":1080,"caption":"WF 1767-70 P-AUT"},{"@type":"BreadcrumbList","@id":"https:\/\/globalsew.com\/product\/wf-1767-70-p-aut-series\/#breadcrumb","itemListElement":[{"@type":"ListItem","position":1,"name":"Home","item":"https:\/\/globalsew.com\/"},{"@type":"ListItem","position":2,"name":"Products","item":"https:\/\/globalsew.com\/products\/"},{"@type":"ListItem","position":3,"name":"WF 1767-70 P-AUT series"}]},{"@type":"WebSite","@id":"https:\/\/globalsew.com\/#website","url":"https:\/\/globalsew.com\/","name":"Global International B.V.","description":"M\u00e1quinas de costura industriais","potentialAction":[{"@type":"SearchAction","target":{"@type":"EntryPoint","urlTemplate":"https:\/\/globalsew.com\/?s={search_term_string}"},"query-input":{"@type":"PropertyValueSpecification","valueRequired":true,"valueName":"search_term_string"}}],"inLanguage":"pt-PT"}]}},"_links":{"self":[{"href":"https:\/\/globalsew.com\/pt\/wp-json\/wp\/v2\/product\/79797","targetHints":{"allow":["GET"]}}],"collection":[{"href":"https:\/\/globalsew.com\/pt\/wp-json\/wp\/v2\/product"}],"about":[{"href":"https:\/\/globalsew.com\/pt\/wp-json\/wp\/v2\/types\/product"}],"wp:featuredmedia":[{"embeddable":true,"href":"https:\/\/globalsew.com\/pt\/wp-json\/wp\/v2\/media\/105867"}],"wp:attachment":[{"href":"https:\/\/globalsew.com\/pt\/wp-json\/wp\/v2\/media?parent=79797"}],"wp:term":[{"taxonomy":"product_brand","embeddable":true,"href":"https:\/\/globalsew.com\/pt\/wp-json\/wp\/v2\/product_brand?post=79797"},{"taxonomy":"product_cat","embeddable":true,"href":"https:\/\/globalsew.com\/pt\/wp-json\/wp\/v2\/product_cat?post=79797"},{"taxonomy":"product_tag","embeddable":true,"href":"https:\/\/globalsew.com\/pt\/wp-json\/wp\/v2\/product_tag?post=79797"}],"curies":[{"name":"wp","href":"https:\/\/api.w.org\/{rel}","templated":true}]}}