{"id":67324,"date":"2017-03-07T12:32:36","date_gmt":"2017-03-07T11:32:36","guid":{"rendered":"https:\/\/globalsew.com\/?post_type=product&#038;p=67324"},"modified":"2024-02-21T10:49:30","modified_gmt":"2024-02-21T09:49:30","slug":"os-7706","status":"publish","type":"product","link":"https:\/\/globalsew.com\/pt\/product\/os-7706\/","title":{"rendered":"OS 7706"},"content":{"rendered":"<div class=\"wpb-content-wrapper\"><div class=\"vc_row wpb_row vc_row-fluid\"><div class=\"wpb_column vc_column_container vc_col-sm-6\"><div class=\"vc_column-inner\"><div class=\"wpb_wrapper\">\n\t<div class=\"wpb_text_column wpb_content_element\" >\n\t\t<div class=\"wpb_wrapper\">\n\t\t\t<p><strong>OS 7706<\/strong><\/p>\n<p>- M\u00e1quina de costura plana ornamental de agulha dupla, com calcador de rolo duplo, que pode efetuar costura funcional e ornamental em cal\u00e7ado, malas e sacos. Esta m\u00e1quina tem 200 padr\u00f5es diferentes (100 padr\u00f5es de agulha simples e 100 padr\u00f5es de agulha dupla), controlados por motores de passo. Esta m\u00e1quina \u00e9 fornecida completa com tampo de mesa, suporte especial e mini-motor.<\/p>\n<p><img decoding=\"async\" class=\"alignnone size-full wp-image-94796\" src=\"https:\/\/globalsew.com\/wp-content\/uploads\/2017\/11\/koban-xs-global.jpg\" alt=\"\" width=\"73\" height=\"68\" \/>\u00a0 <img decoding=\"async\" class=\"alignnone size-full wp-image-94794\" src=\"https:\/\/globalsew.com\/wp-content\/uploads\/2017\/04\/eac-xs-global.jpg\" alt=\"\" width=\"73\" height=\"68\" \/>\u00a0<img decoding=\"async\" class=\"alignnone size-full wp-image-94793\" src=\"https:\/\/globalsew.com\/wp-content\/uploads\/2017\/04\/ce-xs-global.jpg\" alt=\"\" width=\"73\" height=\"68\" \/><\/p>\n\n\t\t<\/div>\n\t<\/div>\n<\/div><\/div><\/div><div class=\"wpb_column vc_column_container vc_col-sm-6\"><div class=\"vc_column-inner\"><div class=\"wpb_wrapper\">\n\t<div class=\"wpb_video_widget wpb_content_element vc_clearfix   vc_video-aspect-ratio-169 vc_video-el-width-100 vc_video-align-center\" >\n\t\t<div class=\"wpb_wrapper\">\n\t\t\t\n\t\t\t<div class=\"wpb_video_wrapper\"><iframe title=\"Global OS 7706 - M\u00c1QUINA DE COSTURAR ORNAMENTAIS para a ind\u00fastria do cal\u00e7ado.\" width=\"500\" height=\"281\" src=\"https:\/\/www.youtube.com\/embed\/wtm8_e2a-So?feature=oembed\" frameborder=\"0\" allow=\"accelerometer; autoplay; clipboard-write; encrypted-media; gyroscope; picture-in-picture; web-share\" allowfullscreen><\/iframe><\/div>\n\t\t<\/div>\n\t<\/div>\n<\/div><\/div><\/div><\/div>\n<\/div>","protected":false},"excerpt":{"rendered":"<p>Para descarregar, consulte a nossa p\u00e1gina de descarregamentos para o <a class=\"download-link\" href=\"https:\/\/globalsew.com\/pt\/descarregar\/serie-os\/\">M\u00e1quinas para pontos ornamentais<\/a>.<br \/>\nAs especifica\u00e7\u00f5es do produto para o OS 7706 est\u00e3o completas:<\/p>\n<ul>\n<li>Velocidade da m\u00e1quina: m\u00e1x. 550 rpm<\/li>\n<li>Comprimento dos pontos: m\u00e1x. 12 mm<\/li>\n<li>Eleva\u00e7\u00e3o do calcador: m\u00e1x. 15 mm (pneum\u00e1tico)<\/li>\n<li>Tipo de agulha: DYx3<\/li>\n<li>Medidor de agulha padr\u00e3o: 6,5 mm<\/li>\n<li>Calibres de agulha opcionais: 8 mm \/ 10 mm<\/li>\n<li>N\u00famero de patentes: 100 agulhas simples e 100 agulhas duplas<\/li>\n<\/ul>","protected":false},"featured_media":105242,"template":"","meta":{"_acf_changed":false},"product_brand":[],"product_cat":[125,25],"product_tag":[],"class_list":{"0":"post-67324","1":"product","2":"type-product","3":"status-publish","4":"has-post-thumbnail","6":"product_cat-ornamental-stitching-shoes","7":"product_cat-shoes","8":"tm-no-options","10":"first","11":"instock","12":"shipping-taxable","13":"purchasable","14":"product-type-simple"},"acf":[],"gallery_images":[105710,105704,105705],"yoast_head":"<!-- This site is optimized with the Yoast SEO plugin v27.3 - https:\/\/yoast.com\/product\/yoast-seo-wordpress\/ -->\n<title>OS 7706 - Global International B.V.<\/title>\n<meta name=\"robots\" content=\"index, follow, max-snippet:-1, max-image-preview:large, max-video-preview:-1\" \/>\n<link rel=\"canonical\" href=\"https:\/\/globalsew.com\/pt\/produto\/os-7706\/\" \/>\n<meta property=\"og:locale\" content=\"pt_PT\" \/>\n<meta property=\"og:type\" content=\"article\" \/>\n<meta property=\"og:title\" content=\"OS 7706 - Global International B.V.\" \/>\n<meta property=\"og:description\" content=\"For downloads see our downloads page for the Ornamental Stitch machines. The product specifications for the OS 7706 complete:   Machine speed: max 550 spm  Stitch length: max 12 mm  Presser foot lift: max 15 mm (pneumatic)  Needle type: DYx3  Standard needle gauge: 6,5 mm  Optional needle gauges: 8 mm \/ 10 mm  Number of pattnerns: 100 single needle &amp; 100 double needle\" \/>\n<meta property=\"og:url\" content=\"https:\/\/globalsew.com\/pt\/produto\/os-7706\/\" \/>\n<meta property=\"og:site_name\" content=\"Global International B.V.\" \/>\n<meta property=\"article:modified_time\" content=\"2024-02-21T09:49:30+00:00\" \/>\n<meta property=\"og:image\" content=\"https:\/\/globalsew.com\/wp-content\/uploads\/2017\/03\/products-OS-7706-01-global-1080-website-2024.jpg\" \/>\n\t<meta property=\"og:image:width\" content=\"1819\" \/>\n\t<meta property=\"og:image:height\" content=\"1080\" \/>\n\t<meta property=\"og:image:type\" content=\"image\/jpeg\" \/>\n<meta name=\"twitter:card\" content=\"summary_large_image\" \/>\n<meta name=\"twitter:label1\" content=\"Tempo estimado de leitura\" \/>\n\t<meta name=\"twitter:data1\" content=\"2 minutos\" \/>\n<script type=\"application\/ld+json\" class=\"yoast-schema-graph\">{\"@context\":\"https:\\\/\\\/schema.org\",\"@graph\":[{\"@type\":\"WebPage\",\"@id\":\"https:\\\/\\\/globalsew.com\\\/product\\\/os-7706\\\/\",\"url\":\"https:\\\/\\\/globalsew.com\\\/product\\\/os-7706\\\/\",\"name\":\"OS 7706 - Global International B.V.\",\"isPartOf\":{\"@id\":\"https:\\\/\\\/globalsew.com\\\/#website\"},\"primaryImageOfPage\":{\"@id\":\"https:\\\/\\\/globalsew.com\\\/product\\\/os-7706\\\/#primaryimage\"},\"image\":{\"@id\":\"https:\\\/\\\/globalsew.com\\\/product\\\/os-7706\\\/#primaryimage\"},\"thumbnailUrl\":\"https:\\\/\\\/globalsew.com\\\/wp-content\\\/uploads\\\/2017\\\/03\\\/products-OS-7706-01-global-1080-website-2024.jpg\",\"datePublished\":\"2017-03-07T11:32:36+00:00\",\"dateModified\":\"2024-02-21T09:49:30+00:00\",\"breadcrumb\":{\"@id\":\"https:\\\/\\\/globalsew.com\\\/product\\\/os-7706\\\/#breadcrumb\"},\"inLanguage\":\"pt-PT\",\"potentialAction\":[{\"@type\":\"ReadAction\",\"target\":[\"https:\\\/\\\/globalsew.com\\\/product\\\/os-7706\\\/\"]}]},{\"@type\":\"ImageObject\",\"inLanguage\":\"pt-PT\",\"@id\":\"https:\\\/\\\/globalsew.com\\\/product\\\/os-7706\\\/#primaryimage\",\"url\":\"https:\\\/\\\/globalsew.com\\\/wp-content\\\/uploads\\\/2017\\\/03\\\/products-OS-7706-01-global-1080-website-2024.jpg\",\"contentUrl\":\"https:\\\/\\\/globalsew.com\\\/wp-content\\\/uploads\\\/2017\\\/03\\\/products-OS-7706-01-global-1080-website-2024.jpg\",\"width\":1819,\"height\":1080,\"caption\":\"products-OS-7706-01-global-1080-website-2024\"},{\"@type\":\"BreadcrumbList\",\"@id\":\"https:\\\/\\\/globalsew.com\\\/product\\\/os-7706\\\/#breadcrumb\",\"itemListElement\":[{\"@type\":\"ListItem\",\"position\":1,\"name\":\"Home\",\"item\":\"https:\\\/\\\/globalsew.com\\\/\"},{\"@type\":\"ListItem\",\"position\":2,\"name\":\"Products\",\"item\":\"https:\\\/\\\/globalsew.com\\\/products\\\/\"},{\"@type\":\"ListItem\",\"position\":3,\"name\":\"OS 7706\"}]},{\"@type\":\"WebSite\",\"@id\":\"https:\\\/\\\/globalsew.com\\\/#website\",\"url\":\"https:\\\/\\\/globalsew.com\\\/\",\"name\":\"Global International B.V.\",\"description\":\"Industrial Sewing Machines\",\"potentialAction\":[{\"@type\":\"SearchAction\",\"target\":{\"@type\":\"EntryPoint\",\"urlTemplate\":\"https:\\\/\\\/globalsew.com\\\/?s={search_term_string}\"},\"query-input\":{\"@type\":\"PropertyValueSpecification\",\"valueRequired\":true,\"valueName\":\"search_term_string\"}}],\"inLanguage\":\"pt-PT\"}]}<\/script>\n<!-- \/ Yoast SEO plugin. -->","yoast_head_json":{"title":"OS 7706 - Global International B.V.","robots":{"index":"index","follow":"follow","max-snippet":"max-snippet:-1","max-image-preview":"max-image-preview:large","max-video-preview":"max-video-preview:-1"},"canonical":"https:\/\/globalsew.com\/pt\/produto\/os-7706\/","og_locale":"pt_PT","og_type":"article","og_title":"OS 7706 - Global International B.V.","og_description":"For downloads see our downloads page for the Ornamental Stitch machines. The product specifications for the OS 7706 complete:   Machine speed: max 550 spm  Stitch length: max 12 mm  Presser foot lift: max 15 mm (pneumatic)  Needle type: DYx3  Standard needle gauge: 6,5 mm  Optional needle gauges: 8 mm \/ 10 mm  Number of pattnerns: 100 single needle &amp; 100 double needle","og_url":"https:\/\/globalsew.com\/pt\/produto\/os-7706\/","og_site_name":"Global International B.V.","article_modified_time":"2024-02-21T09:49:30+00:00","og_image":[{"width":1819,"height":1080,"url":"https:\/\/globalsew.com\/wp-content\/uploads\/2017\/03\/products-OS-7706-01-global-1080-website-2024.jpg","type":"image\/jpeg"}],"twitter_card":"summary_large_image","twitter_misc":{"Tempo estimado de leitura":"2 minutos"},"schema":{"@context":"https:\/\/schema.org","@graph":[{"@type":"WebPage","@id":"https:\/\/globalsew.com\/product\/os-7706\/","url":"https:\/\/globalsew.com\/product\/os-7706\/","name":"OS 7706 - Global International B.V.","isPartOf":{"@id":"https:\/\/globalsew.com\/#website"},"primaryImageOfPage":{"@id":"https:\/\/globalsew.com\/product\/os-7706\/#primaryimage"},"image":{"@id":"https:\/\/globalsew.com\/product\/os-7706\/#primaryimage"},"thumbnailUrl":"https:\/\/globalsew.com\/wp-content\/uploads\/2017\/03\/products-OS-7706-01-global-1080-website-2024.jpg","datePublished":"2017-03-07T11:32:36+00:00","dateModified":"2024-02-21T09:49:30+00:00","breadcrumb":{"@id":"https:\/\/globalsew.com\/product\/os-7706\/#breadcrumb"},"inLanguage":"pt-PT","potentialAction":[{"@type":"ReadAction","target":["https:\/\/globalsew.com\/product\/os-7706\/"]}]},{"@type":"ImageObject","inLanguage":"pt-PT","@id":"https:\/\/globalsew.com\/product\/os-7706\/#primaryimage","url":"https:\/\/globalsew.com\/wp-content\/uploads\/2017\/03\/products-OS-7706-01-global-1080-website-2024.jpg","contentUrl":"https:\/\/globalsew.com\/wp-content\/uploads\/2017\/03\/products-OS-7706-01-global-1080-website-2024.jpg","width":1819,"height":1080,"caption":"products-OS-7706-01-global-1080-website-2024"},{"@type":"BreadcrumbList","@id":"https:\/\/globalsew.com\/product\/os-7706\/#breadcrumb","itemListElement":[{"@type":"ListItem","position":1,"name":"Home","item":"https:\/\/globalsew.com\/"},{"@type":"ListItem","position":2,"name":"Products","item":"https:\/\/globalsew.com\/products\/"},{"@type":"ListItem","position":3,"name":"OS 7706"}]},{"@type":"WebSite","@id":"https:\/\/globalsew.com\/#website","url":"https:\/\/globalsew.com\/","name":"Global International B.V.","description":"M\u00e1quinas de costura industriais","potentialAction":[{"@type":"SearchAction","target":{"@type":"EntryPoint","urlTemplate":"https:\/\/globalsew.com\/?s={search_term_string}"},"query-input":{"@type":"PropertyValueSpecification","valueRequired":true,"valueName":"search_term_string"}}],"inLanguage":"pt-PT"}]}},"_links":{"self":[{"href":"https:\/\/globalsew.com\/pt\/wp-json\/wp\/v2\/product\/67324","targetHints":{"allow":["GET"]}}],"collection":[{"href":"https:\/\/globalsew.com\/pt\/wp-json\/wp\/v2\/product"}],"about":[{"href":"https:\/\/globalsew.com\/pt\/wp-json\/wp\/v2\/types\/product"}],"wp:featuredmedia":[{"embeddable":true,"href":"https:\/\/globalsew.com\/pt\/wp-json\/wp\/v2\/media\/105242"}],"wp:attachment":[{"href":"https:\/\/globalsew.com\/pt\/wp-json\/wp\/v2\/media?parent=67324"}],"wp:term":[{"taxonomy":"product_brand","embeddable":true,"href":"https:\/\/globalsew.com\/pt\/wp-json\/wp\/v2\/product_brand?post=67324"},{"taxonomy":"product_cat","embeddable":true,"href":"https:\/\/globalsew.com\/pt\/wp-json\/wp\/v2\/product_cat?post=67324"},{"taxonomy":"product_tag","embeddable":true,"href":"https:\/\/globalsew.com\/pt\/wp-json\/wp\/v2\/product_tag?post=67324"}],"curies":[{"name":"wp","href":"https:\/\/api.w.org\/{rel}","templated":true}]}}