{"id":66360,"date":"2017-03-02T10:53:37","date_gmt":"2017-03-02T09:53:37","guid":{"rendered":"https:\/\/globalsew.com\/?post_type=product&#038;p=66360"},"modified":"2024-05-22T09:44:14","modified_gmt":"2024-05-22T07:44:14","slug":"sm-7820","status":"publish","type":"product","link":"https:\/\/globalsew.com\/pt\/product\/sm-7820\/","title":{"rendered":"SM 7820 MC"},"content":{"rendered":"<p><strong>SM 7820 MC<\/strong><br \/>\n- M\u00e1quina de coser sapatos de chifre com agulha \u00fanica e ponto fixo do tipo McKay. As solas de couro s\u00e3o cosidas a cada<br \/>\nA parte superior do cal\u00e7ado \u00e9 feita com o m\u00e9todo Blake\/McKay para um conforto e uma flexibilidade supremos. A parte superior \u00e9 enrolada \u00e0 volta da<br \/>\npalmilha e fixada entre esta e a sola. Um \u00fanico ponto une tudo. Os pontos s\u00e3o<br \/>\nA sola \u00e9 escondida por um canal na sola exterior e passa atrav\u00e9s da sola exterior, da parte superior, do forro e da palmilha. Por se tratar de um<br \/>\nA sua constru\u00e7\u00e3o \u00e9 mais simples do que a de uma soldadura Goodyear, sendo tamb\u00e9m menos dispendiosa. Esta m\u00e1quina tamb\u00e9m pode ser utilizada para resolver<br \/>\nquando a sola est\u00e1 gasta ou danificada.<\/p>","protected":false},"excerpt":{"rendered":"<p>Para descarregar, consulte a nossa p\u00e1gina de descarregamentos para o <a class=\"download-link\" href=\"https:\/\/globalsew.com\/pt\/descarregar\/serie-sm-7800\/\">S\u00e9rie SM 7800<\/a>.<\/p>\n<p>&nbsp;<\/p>\n<p>As especifica\u00e7\u00f5es do produto para o SM 7820 MC:<\/p>\n<ul>\n<li>Mesa completa, suporte e motor<\/li>\n<li>Velocidade da m\u00e1quina: regula\u00e7\u00e3o cont\u00ednua da velocidade<\/li>\n<li>Comprimento do ponto: 18 mm<\/li>\n<li>Espessura de costura: 20 mm<\/li>\n<li>Tipo de agulha: Groz-Beckert HN83\/53.240.62 G2<\/li>\n<\/ul>\n<p>&nbsp;<\/p>","protected":false},"featured_media":67423,"template":"","meta":{"_acf_changed":false},"product_brand":[],"product_cat":[25,83],"product_tag":[],"class_list":{"0":"post-66360","1":"product","2":"type-product","3":"status-publish","4":"has-post-thumbnail","6":"product_cat-shoes","7":"product_cat-special-shoe-machines","8":"tm-no-options","10":"first","11":"instock","12":"shipping-taxable","13":"purchasable","14":"product-type-simple"},"acf":[],"gallery_images":[],"yoast_head":"<!-- This site is optimized with the Yoast SEO plugin v27.3 - https:\/\/yoast.com\/product\/yoast-seo-wordpress\/ -->\n<title>SM 7820 MC - Global International B.V.<\/title>\n<meta name=\"robots\" content=\"index, follow, max-snippet:-1, max-image-preview:large, max-video-preview:-1\" \/>\n<link rel=\"canonical\" href=\"https:\/\/globalsew.com\/pt\/produto\/sm-7820\/\" \/>\n<meta property=\"og:locale\" content=\"pt_PT\" \/>\n<meta property=\"og:type\" content=\"article\" \/>\n<meta property=\"og:title\" content=\"SM 7820 MC - Global International B.V.\" \/>\n<meta property=\"og:description\" content=\"For downloads see our downloads page for the SM 7800 Series.  &nbsp;  The product specifications for the SM 7820 MC:   Complete table, stand and motor  Machine speed: stepless speed regulation  Stitch length: 18 mm  Sewing thickness: 20 mm  Needle type: Groz-Beckert HN83\/53.240.62 G2  &nbsp;\" \/>\n<meta property=\"og:url\" content=\"https:\/\/globalsew.com\/pt\/produto\/sm-7820\/\" \/>\n<meta property=\"og:site_name\" content=\"Global International B.V.\" \/>\n<meta property=\"article:modified_time\" content=\"2024-05-22T07:44:14+00:00\" \/>\n<meta property=\"og:image\" content=\"https:\/\/globalsew.com\/wp-content\/uploads\/2017\/03\/WEB-GLOBAL-SM-7820-MC-01-GLOBAL-sewing-machines.jpg\" \/>\n\t<meta property=\"og:image:width\" content=\"555\" \/>\n\t<meta property=\"og:image:height\" content=\"347\" \/>\n\t<meta property=\"og:image:type\" content=\"image\/jpeg\" \/>\n<meta name=\"twitter:card\" content=\"summary_large_image\" \/>\n<meta name=\"twitter:label1\" content=\"Tempo estimado de leitura\" \/>\n\t<meta name=\"twitter:data1\" content=\"1 minuto\" \/>\n<script type=\"application\/ld+json\" class=\"yoast-schema-graph\">{\"@context\":\"https:\\\/\\\/schema.org\",\"@graph\":[{\"@type\":\"WebPage\",\"@id\":\"https:\\\/\\\/globalsew.com\\\/product\\\/sm-7820\\\/\",\"url\":\"https:\\\/\\\/globalsew.com\\\/product\\\/sm-7820\\\/\",\"name\":\"SM 7820 MC - Global International B.V.\",\"isPartOf\":{\"@id\":\"https:\\\/\\\/globalsew.com\\\/#website\"},\"primaryImageOfPage\":{\"@id\":\"https:\\\/\\\/globalsew.com\\\/product\\\/sm-7820\\\/#primaryimage\"},\"image\":{\"@id\":\"https:\\\/\\\/globalsew.com\\\/product\\\/sm-7820\\\/#primaryimage\"},\"thumbnailUrl\":\"https:\\\/\\\/globalsew.com\\\/wp-content\\\/uploads\\\/2017\\\/03\\\/WEB-GLOBAL-SM-7820-MC-01-GLOBAL-sewing-machines.jpg\",\"datePublished\":\"2017-03-02T09:53:37+00:00\",\"dateModified\":\"2024-05-22T07:44:14+00:00\",\"breadcrumb\":{\"@id\":\"https:\\\/\\\/globalsew.com\\\/product\\\/sm-7820\\\/#breadcrumb\"},\"inLanguage\":\"pt-PT\",\"potentialAction\":[{\"@type\":\"ReadAction\",\"target\":[\"https:\\\/\\\/globalsew.com\\\/product\\\/sm-7820\\\/\"]}]},{\"@type\":\"ImageObject\",\"inLanguage\":\"pt-PT\",\"@id\":\"https:\\\/\\\/globalsew.com\\\/product\\\/sm-7820\\\/#primaryimage\",\"url\":\"https:\\\/\\\/globalsew.com\\\/wp-content\\\/uploads\\\/2017\\\/03\\\/WEB-GLOBAL-SM-7820-MC-01-GLOBAL-sewing-machines.jpg\",\"contentUrl\":\"https:\\\/\\\/globalsew.com\\\/wp-content\\\/uploads\\\/2017\\\/03\\\/WEB-GLOBAL-SM-7820-MC-01-GLOBAL-sewing-machines.jpg\",\"width\":555,\"height\":347,\"caption\":\"WEB-GLOBAL-SM-7820-MC-01-GLOBAL-sewing-machines\"},{\"@type\":\"BreadcrumbList\",\"@id\":\"https:\\\/\\\/globalsew.com\\\/product\\\/sm-7820\\\/#breadcrumb\",\"itemListElement\":[{\"@type\":\"ListItem\",\"position\":1,\"name\":\"Home\",\"item\":\"https:\\\/\\\/globalsew.com\\\/\"},{\"@type\":\"ListItem\",\"position\":2,\"name\":\"Products\",\"item\":\"https:\\\/\\\/globalsew.com\\\/products\\\/\"},{\"@type\":\"ListItem\",\"position\":3,\"name\":\"SM 7820 MC\"}]},{\"@type\":\"WebSite\",\"@id\":\"https:\\\/\\\/globalsew.com\\\/#website\",\"url\":\"https:\\\/\\\/globalsew.com\\\/\",\"name\":\"Global International B.V.\",\"description\":\"Industrial Sewing Machines\",\"potentialAction\":[{\"@type\":\"SearchAction\",\"target\":{\"@type\":\"EntryPoint\",\"urlTemplate\":\"https:\\\/\\\/globalsew.com\\\/?s={search_term_string}\"},\"query-input\":{\"@type\":\"PropertyValueSpecification\",\"valueRequired\":true,\"valueName\":\"search_term_string\"}}],\"inLanguage\":\"pt-PT\"}]}<\/script>\n<!-- \/ Yoast SEO plugin. -->","yoast_head_json":{"title":"SM 7820 MC - Global International B.V.","robots":{"index":"index","follow":"follow","max-snippet":"max-snippet:-1","max-image-preview":"max-image-preview:large","max-video-preview":"max-video-preview:-1"},"canonical":"https:\/\/globalsew.com\/pt\/produto\/sm-7820\/","og_locale":"pt_PT","og_type":"article","og_title":"SM 7820 MC - Global International B.V.","og_description":"For downloads see our downloads page for the SM 7800 Series.  &nbsp;  The product specifications for the SM 7820 MC:   Complete table, stand and motor  Machine speed: stepless speed regulation  Stitch length: 18 mm  Sewing thickness: 20 mm  Needle type: Groz-Beckert HN83\/53.240.62 G2  &nbsp;","og_url":"https:\/\/globalsew.com\/pt\/produto\/sm-7820\/","og_site_name":"Global International B.V.","article_modified_time":"2024-05-22T07:44:14+00:00","og_image":[{"width":555,"height":347,"url":"https:\/\/globalsew.com\/wp-content\/uploads\/2017\/03\/WEB-GLOBAL-SM-7820-MC-01-GLOBAL-sewing-machines.jpg","type":"image\/jpeg"}],"twitter_card":"summary_large_image","twitter_misc":{"Tempo estimado de leitura":"1 minuto"},"schema":{"@context":"https:\/\/schema.org","@graph":[{"@type":"WebPage","@id":"https:\/\/globalsew.com\/product\/sm-7820\/","url":"https:\/\/globalsew.com\/product\/sm-7820\/","name":"SM 7820 MC - Global International B.V.","isPartOf":{"@id":"https:\/\/globalsew.com\/#website"},"primaryImageOfPage":{"@id":"https:\/\/globalsew.com\/product\/sm-7820\/#primaryimage"},"image":{"@id":"https:\/\/globalsew.com\/product\/sm-7820\/#primaryimage"},"thumbnailUrl":"https:\/\/globalsew.com\/wp-content\/uploads\/2017\/03\/WEB-GLOBAL-SM-7820-MC-01-GLOBAL-sewing-machines.jpg","datePublished":"2017-03-02T09:53:37+00:00","dateModified":"2024-05-22T07:44:14+00:00","breadcrumb":{"@id":"https:\/\/globalsew.com\/product\/sm-7820\/#breadcrumb"},"inLanguage":"pt-PT","potentialAction":[{"@type":"ReadAction","target":["https:\/\/globalsew.com\/product\/sm-7820\/"]}]},{"@type":"ImageObject","inLanguage":"pt-PT","@id":"https:\/\/globalsew.com\/product\/sm-7820\/#primaryimage","url":"https:\/\/globalsew.com\/wp-content\/uploads\/2017\/03\/WEB-GLOBAL-SM-7820-MC-01-GLOBAL-sewing-machines.jpg","contentUrl":"https:\/\/globalsew.com\/wp-content\/uploads\/2017\/03\/WEB-GLOBAL-SM-7820-MC-01-GLOBAL-sewing-machines.jpg","width":555,"height":347,"caption":"WEB-GLOBAL-SM-7820-MC-01-GLOBAL-sewing-machines"},{"@type":"BreadcrumbList","@id":"https:\/\/globalsew.com\/product\/sm-7820\/#breadcrumb","itemListElement":[{"@type":"ListItem","position":1,"name":"Home","item":"https:\/\/globalsew.com\/"},{"@type":"ListItem","position":2,"name":"Products","item":"https:\/\/globalsew.com\/products\/"},{"@type":"ListItem","position":3,"name":"SM 7820 MC"}]},{"@type":"WebSite","@id":"https:\/\/globalsew.com\/#website","url":"https:\/\/globalsew.com\/","name":"Global International B.V.","description":"M\u00e1quinas de costura industriais","potentialAction":[{"@type":"SearchAction","target":{"@type":"EntryPoint","urlTemplate":"https:\/\/globalsew.com\/?s={search_term_string}"},"query-input":{"@type":"PropertyValueSpecification","valueRequired":true,"valueName":"search_term_string"}}],"inLanguage":"pt-PT"}]}},"_links":{"self":[{"href":"https:\/\/globalsew.com\/pt\/wp-json\/wp\/v2\/product\/66360","targetHints":{"allow":["GET"]}}],"collection":[{"href":"https:\/\/globalsew.com\/pt\/wp-json\/wp\/v2\/product"}],"about":[{"href":"https:\/\/globalsew.com\/pt\/wp-json\/wp\/v2\/types\/product"}],"wp:featuredmedia":[{"embeddable":true,"href":"https:\/\/globalsew.com\/pt\/wp-json\/wp\/v2\/media\/67423"}],"wp:attachment":[{"href":"https:\/\/globalsew.com\/pt\/wp-json\/wp\/v2\/media?parent=66360"}],"wp:term":[{"taxonomy":"product_brand","embeddable":true,"href":"https:\/\/globalsew.com\/pt\/wp-json\/wp\/v2\/product_brand?post=66360"},{"taxonomy":"product_cat","embeddable":true,"href":"https:\/\/globalsew.com\/pt\/wp-json\/wp\/v2\/product_cat?post=66360"},{"taxonomy":"product_tag","embeddable":true,"href":"https:\/\/globalsew.com\/pt\/wp-json\/wp\/v2\/product_tag?post=66360"}],"curies":[{"name":"wp","href":"https:\/\/api.w.org\/{rel}","templated":true}]}}