{"id":61915,"date":"2017-02-22T16:03:04","date_gmt":"2017-02-22T15:03:04","guid":{"rendered":"https:\/\/globalsew.com\/product\/da-888-series\/"},"modified":"2024-05-22T09:44:13","modified_gmt":"2024-05-22T07:44:13","slug":"da-serie-888","status":"publish","type":"product","link":"https:\/\/globalsew.com\/pt\/product\/da-888-series\/","title":{"rendered":"S\u00e9rie DA 888 (-122)"},"content":{"rendered":"<div class=\"wpb-content-wrapper\"><div class=\"vc_row wpb_row vc_row-fluid\"><div class=\"wpb_column vc_column_container vc_col-sm-6\"><div class=\"vc_column-inner\"><div class=\"wpb_wrapper\">\n\t<div class=\"wpb_text_column wpb_content_element\" >\n\t\t<div class=\"wpb_wrapper\">\n\t\t\t<p><strong>DA 888-160122<\/strong><br \/>\n-M\u00e1quina de costura de ponto fixo de agulha \u00fanica com alimenta\u00e7\u00e3o por roda, alimenta\u00e7\u00e3o por agulha e calcador de rolo acionado e um comprimento m\u00e1ximo de ponto de 7 mm. Equipada com cortador de linha autom\u00e1tico, remate autom\u00e1tico e eleva\u00e7\u00e3o do calcador.<br \/>\n<strong>DA 888-260122<\/strong><br \/>\n- M\u00e1quina de costura de ponto fixo de agulha dupla com alimenta\u00e7\u00e3o por roda, alimenta\u00e7\u00e3o por agulha e calcador de rolo acionado e um comprimento m\u00e1ximo de ponto de 5 mm. Equipada com cortador de linha autom\u00e1tico, remate autom\u00e1tico e eleva\u00e7\u00e3o do calcador.<br \/>\n<strong>DA 888-360122<\/strong><br \/>\n- Igual ao DA 888-260122, mas com espig\u00e3o para canhotos.<br \/>\n<strong>DA 888-167122<\/strong><br \/>\n- M\u00e1quina de costura de ponto fixo de agulha \u00fanica (poste direito) com alimenta\u00e7\u00e3o por roda, alimenta\u00e7\u00e3o por agulha e calcador de rolos com acionamento superior. A m\u00e1quina est\u00e1 equipada com cortador de linha el\u00e9trico, elevador de calcador, remate autom\u00e1tico, faca obl\u00edqua motorizada e gancho grande.<br \/>\n<strong>DA 888-356122<\/strong><br \/>\n- M\u00e1quina de costura de ponto fixo de agulha \u00fanica (poste esquerdo) com gancho grande, corte de forro, com alimenta\u00e7\u00e3o por roda, alimenta\u00e7\u00e3o por agulha e calcador de rolo acionado por cima (tamb\u00e9m durante o remate), comprimento m\u00e1ximo do ponto 5 mm. Equipada com cortador de linha autom\u00e1tico, remate autom\u00e1tico e eleva\u00e7\u00e3o do calcador.<br \/>\n<strong>DA 888-356152<\/strong><br \/>\n- Igual ao 888-356-122, mas equipado com um pequeno gancho.<\/p>\n\n\t\t<\/div>\n\t<\/div>\n<\/div><\/div><\/div><div class=\"wpb_column vc_column_container vc_col-sm-6\"><div class=\"vc_column-inner\"><div class=\"wpb_wrapper\">\n\t<div class=\"wpb_video_widget wpb_content_element vc_clearfix   vc_video-aspect-ratio-169 vc_video-el-width-100 vc_video-align-left\" >\n\t\t<div class=\"wpb_wrapper\">\n\t\t\t\n\t\t\t<div class=\"wpb_video_wrapper\"><iframe title=\"D\u00fcrkopp Adler 888 M-type series -- M\u00e1quinas para a produ\u00e7\u00e3o de cal\u00e7ado p\u00f3s-colocado\" width=\"500\" height=\"281\" src=\"https:\/\/www.youtube.com\/embed\/1G85pE5DOTc?feature=oembed\" frameborder=\"0\" allow=\"accelerometer; autoplay; clipboard-write; encrypted-media; gyroscope; picture-in-picture; web-share\" referrerpolicy=\"strict-origin-when-cross-origin\" allowfullscreen><\/iframe><\/div>\n\t\t<\/div>\n\t<\/div>\n<\/div><\/div><\/div><\/div><div class=\"vc_row wpb_row vc_row-fluid\"><div class=\"wpb_column vc_column_container vc_col-sm-6\"><div class=\"vc_column-inner\"><div class=\"wpb_wrapper\">\n\t<div class=\"wpb_video_widget wpb_content_element vc_clearfix   vc_video-aspect-ratio-169 vc_video-el-width-100 vc_video-align-left\" >\n\t\t<div class=\"wpb_wrapper\">\n\t\t\t\n\t\t\t<div class=\"wpb_video_wrapper\"><iframe title=\"Durkopp Adler 888-356122 - M\u00e1quina para produ\u00e7\u00e3o de cal\u00e7ado com agulha \u00fanica e corte de forro\" width=\"500\" height=\"281\" src=\"https:\/\/www.youtube.com\/embed\/FBlLdjNjtr4?feature=oembed\" frameborder=\"0\" allow=\"accelerometer; autoplay; clipboard-write; encrypted-media; gyroscope; picture-in-picture; web-share\" referrerpolicy=\"strict-origin-when-cross-origin\" allowfullscreen><\/iframe><\/div>\n\t\t<\/div>\n\t<\/div>\n<\/div><\/div><\/div><div class=\"wpb_column vc_column_container vc_col-sm-6\"><div class=\"vc_column-inner\"><div class=\"wpb_wrapper\"><\/div><\/div><\/div><\/div>\n<\/div>","protected":false},"excerpt":{"rendered":"<p>Para descarregar, consulte a nossa p\u00e1gina de descarregamentos para o <a class=\"download-link\" href=\"https:\/\/globalsew.com\/pt\/descarregar\/da-serie-888\/\">DA 888 S\u00e9rie postbed Todas as fun\u00e7\u00f5es<\/a>.<\/p>\n<p>&nbsp;<\/p>","protected":false},"featured_media":67369,"template":"","meta":{"_acf_changed":false},"product_brand":[],"product_cat":[123,25],"product_tag":[],"class_list":{"0":"post-61915","1":"product","2":"type-product","3":"status-publish","4":"has-post-thumbnail","6":"product_cat-postbed-shoe-machines","7":"product_cat-shoes","8":"tm-has-options","10":"first","11":"instock","12":"shipping-taxable","13":"purchasable","14":"product-type-simple"},"acf":[],"gallery_images":[],"yoast_head":"<!-- This site is optimized with the Yoast SEO plugin v27.3 - https:\/\/yoast.com\/product\/yoast-seo-wordpress\/ -->\n<title>DA 888 (-122) series - Global International B.V.<\/title>\n<meta name=\"robots\" content=\"index, follow, max-snippet:-1, max-image-preview:large, max-video-preview:-1\" \/>\n<link rel=\"canonical\" href=\"https:\/\/globalsew.com\/pt\/produto\/da-serie-888\/\" \/>\n<meta property=\"og:locale\" content=\"pt_PT\" \/>\n<meta property=\"og:type\" content=\"article\" \/>\n<meta property=\"og:title\" content=\"DA 888 (-122) series - Global International B.V.\" \/>\n<meta property=\"og:description\" content=\"For downloads see our downloads page for the DA 888 Series postbed All functions.  &nbsp;\" \/>\n<meta property=\"og:url\" content=\"https:\/\/globalsew.com\/pt\/produto\/da-serie-888\/\" \/>\n<meta property=\"og:site_name\" content=\"Global International B.V.\" \/>\n<meta property=\"article:modified_time\" content=\"2024-05-22T07:44:13+00:00\" \/>\n<meta property=\"og:image\" content=\"https:\/\/globalsew.com\/wp-content\/uploads\/2017\/02\/WEB-DURKOPP-888-160122-01-GLOBAL-sewing-machines.jpg\" \/>\n\t<meta property=\"og:image:width\" content=\"555\" \/>\n\t<meta property=\"og:image:height\" content=\"347\" \/>\n\t<meta property=\"og:image:type\" content=\"image\/jpeg\" \/>\n<meta name=\"twitter:card\" content=\"summary_large_image\" \/>\n<meta name=\"twitter:label1\" content=\"Tempo estimado de leitura\" \/>\n\t<meta name=\"twitter:data1\" content=\"1 minuto\" \/>\n<script type=\"application\/ld+json\" class=\"yoast-schema-graph\">{\"@context\":\"https:\\\/\\\/schema.org\",\"@graph\":[{\"@type\":\"WebPage\",\"@id\":\"https:\\\/\\\/globalsew.com\\\/product\\\/da-888-series\\\/\",\"url\":\"https:\\\/\\\/globalsew.com\\\/product\\\/da-888-series\\\/\",\"name\":\"DA 888 (-122) series - Global International B.V.\",\"isPartOf\":{\"@id\":\"https:\\\/\\\/globalsew.com\\\/#website\"},\"primaryImageOfPage\":{\"@id\":\"https:\\\/\\\/globalsew.com\\\/product\\\/da-888-series\\\/#primaryimage\"},\"image\":{\"@id\":\"https:\\\/\\\/globalsew.com\\\/product\\\/da-888-series\\\/#primaryimage\"},\"thumbnailUrl\":\"https:\\\/\\\/globalsew.com\\\/wp-content\\\/uploads\\\/2017\\\/02\\\/WEB-DURKOPP-888-160122-01-GLOBAL-sewing-machines.jpg\",\"datePublished\":\"2017-02-22T15:03:04+00:00\",\"dateModified\":\"2024-05-22T07:44:13+00:00\",\"breadcrumb\":{\"@id\":\"https:\\\/\\\/globalsew.com\\\/product\\\/da-888-series\\\/#breadcrumb\"},\"inLanguage\":\"pt-PT\",\"potentialAction\":[{\"@type\":\"ReadAction\",\"target\":[\"https:\\\/\\\/globalsew.com\\\/product\\\/da-888-series\\\/\"]}]},{\"@type\":\"ImageObject\",\"inLanguage\":\"pt-PT\",\"@id\":\"https:\\\/\\\/globalsew.com\\\/product\\\/da-888-series\\\/#primaryimage\",\"url\":\"https:\\\/\\\/globalsew.com\\\/wp-content\\\/uploads\\\/2017\\\/02\\\/WEB-DURKOPP-888-160122-01-GLOBAL-sewing-machines.jpg\",\"contentUrl\":\"https:\\\/\\\/globalsew.com\\\/wp-content\\\/uploads\\\/2017\\\/02\\\/WEB-DURKOPP-888-160122-01-GLOBAL-sewing-machines.jpg\",\"width\":555,\"height\":347,\"caption\":\"WEB-DURKOPP-888-160122-01-GLOBAL-sewing-machines\"},{\"@type\":\"BreadcrumbList\",\"@id\":\"https:\\\/\\\/globalsew.com\\\/product\\\/da-888-series\\\/#breadcrumb\",\"itemListElement\":[{\"@type\":\"ListItem\",\"position\":1,\"name\":\"Home\",\"item\":\"https:\\\/\\\/globalsew.com\\\/\"},{\"@type\":\"ListItem\",\"position\":2,\"name\":\"Products\",\"item\":\"https:\\\/\\\/globalsew.com\\\/products\\\/\"},{\"@type\":\"ListItem\",\"position\":3,\"name\":\"DA 888 (-122) series\"}]},{\"@type\":\"WebSite\",\"@id\":\"https:\\\/\\\/globalsew.com\\\/#website\",\"url\":\"https:\\\/\\\/globalsew.com\\\/\",\"name\":\"Global International B.V.\",\"description\":\"Industrial Sewing Machines\",\"potentialAction\":[{\"@type\":\"SearchAction\",\"target\":{\"@type\":\"EntryPoint\",\"urlTemplate\":\"https:\\\/\\\/globalsew.com\\\/?s={search_term_string}\"},\"query-input\":{\"@type\":\"PropertyValueSpecification\",\"valueRequired\":true,\"valueName\":\"search_term_string\"}}],\"inLanguage\":\"pt-PT\"}]}<\/script>\n<!-- \/ Yoast SEO plugin. -->","yoast_head_json":{"title":"S\u00e9rie DA 888 (-122) - Global International B.V.","robots":{"index":"index","follow":"follow","max-snippet":"max-snippet:-1","max-image-preview":"max-image-preview:large","max-video-preview":"max-video-preview:-1"},"canonical":"https:\/\/globalsew.com\/pt\/produto\/da-serie-888\/","og_locale":"pt_PT","og_type":"article","og_title":"DA 888 (-122) series - Global International B.V.","og_description":"For downloads see our downloads page for the DA 888 Series postbed All functions.  &nbsp;","og_url":"https:\/\/globalsew.com\/pt\/produto\/da-serie-888\/","og_site_name":"Global International B.V.","article_modified_time":"2024-05-22T07:44:13+00:00","og_image":[{"width":555,"height":347,"url":"https:\/\/globalsew.com\/wp-content\/uploads\/2017\/02\/WEB-DURKOPP-888-160122-01-GLOBAL-sewing-machines.jpg","type":"image\/jpeg"}],"twitter_card":"summary_large_image","twitter_misc":{"Tempo estimado de leitura":"1 minuto"},"schema":{"@context":"https:\/\/schema.org","@graph":[{"@type":"WebPage","@id":"https:\/\/globalsew.com\/product\/da-888-series\/","url":"https:\/\/globalsew.com\/product\/da-888-series\/","name":"S\u00e9rie DA 888 (-122) - Global International B.V.","isPartOf":{"@id":"https:\/\/globalsew.com\/#website"},"primaryImageOfPage":{"@id":"https:\/\/globalsew.com\/product\/da-888-series\/#primaryimage"},"image":{"@id":"https:\/\/globalsew.com\/product\/da-888-series\/#primaryimage"},"thumbnailUrl":"https:\/\/globalsew.com\/wp-content\/uploads\/2017\/02\/WEB-DURKOPP-888-160122-01-GLOBAL-sewing-machines.jpg","datePublished":"2017-02-22T15:03:04+00:00","dateModified":"2024-05-22T07:44:13+00:00","breadcrumb":{"@id":"https:\/\/globalsew.com\/product\/da-888-series\/#breadcrumb"},"inLanguage":"pt-PT","potentialAction":[{"@type":"ReadAction","target":["https:\/\/globalsew.com\/product\/da-888-series\/"]}]},{"@type":"ImageObject","inLanguage":"pt-PT","@id":"https:\/\/globalsew.com\/product\/da-888-series\/#primaryimage","url":"https:\/\/globalsew.com\/wp-content\/uploads\/2017\/02\/WEB-DURKOPP-888-160122-01-GLOBAL-sewing-machines.jpg","contentUrl":"https:\/\/globalsew.com\/wp-content\/uploads\/2017\/02\/WEB-DURKOPP-888-160122-01-GLOBAL-sewing-machines.jpg","width":555,"height":347,"caption":"WEB-DURKOPP-888-160122-01-GLOBAL-sewing-machines"},{"@type":"BreadcrumbList","@id":"https:\/\/globalsew.com\/product\/da-888-series\/#breadcrumb","itemListElement":[{"@type":"ListItem","position":1,"name":"Home","item":"https:\/\/globalsew.com\/"},{"@type":"ListItem","position":2,"name":"Products","item":"https:\/\/globalsew.com\/products\/"},{"@type":"ListItem","position":3,"name":"DA 888 (-122) series"}]},{"@type":"WebSite","@id":"https:\/\/globalsew.com\/#website","url":"https:\/\/globalsew.com\/","name":"Global International B.V.","description":"M\u00e1quinas de costura industriais","potentialAction":[{"@type":"SearchAction","target":{"@type":"EntryPoint","urlTemplate":"https:\/\/globalsew.com\/?s={search_term_string}"},"query-input":{"@type":"PropertyValueSpecification","valueRequired":true,"valueName":"search_term_string"}}],"inLanguage":"pt-PT"}]}},"_links":{"self":[{"href":"https:\/\/globalsew.com\/pt\/wp-json\/wp\/v2\/product\/61915","targetHints":{"allow":["GET"]}}],"collection":[{"href":"https:\/\/globalsew.com\/pt\/wp-json\/wp\/v2\/product"}],"about":[{"href":"https:\/\/globalsew.com\/pt\/wp-json\/wp\/v2\/types\/product"}],"wp:featuredmedia":[{"embeddable":true,"href":"https:\/\/globalsew.com\/pt\/wp-json\/wp\/v2\/media\/67369"}],"wp:attachment":[{"href":"https:\/\/globalsew.com\/pt\/wp-json\/wp\/v2\/media?parent=61915"}],"wp:term":[{"taxonomy":"product_brand","embeddable":true,"href":"https:\/\/globalsew.com\/pt\/wp-json\/wp\/v2\/product_brand?post=61915"},{"taxonomy":"product_cat","embeddable":true,"href":"https:\/\/globalsew.com\/pt\/wp-json\/wp\/v2\/product_cat?post=61915"},{"taxonomy":"product_tag","embeddable":true,"href":"https:\/\/globalsew.com\/pt\/wp-json\/wp\/v2\/product_tag?post=61915"}],"curies":[{"name":"wp","href":"https:\/\/api.w.org\/{rel}","templated":true}]}}