{"id":61450,"date":"2017-03-08T11:20:01","date_gmt":"2017-03-08T10:20:01","guid":{"rendered":"https:\/\/globalsew.com\/?post_type=product&#038;p=61450"},"modified":"2024-03-05T14:11:48","modified_gmt":"2024-03-05T13:11:48","slug":"serie-lp-8970","status":"publish","type":"product","link":"https:\/\/globalsew.com\/pt\/product\/lp-8970-series\/","title":{"rendered":"LP 8970 i - S\u00e9rie AUT"},"content":{"rendered":"<p><strong>LP 8971 - I - AUT<br \/>\n<\/strong><img decoding=\"async\" class=\"alignnone size-full wp-image-95492\" src=\"https:\/\/globalsew.com\/wp-content\/uploads\/2017\/03\/ICONS-WEB-STANDARD-LP-8971-AUT-01GLOBAL-M.jpg\" alt=\"\" width=\"344\" height=\"48\" srcset=\"https:\/\/globalsew.com\/wp-content\/uploads\/2017\/03\/ICONS-WEB-STANDARD-LP-8971-AUT-01GLOBAL-M.jpg 344w, https:\/\/globalsew.com\/wp-content\/uploads\/2017\/03\/ICONS-WEB-STANDARD-LP-8971-AUT-01GLOBAL-M-300x42.jpg 300w, https:\/\/globalsew.com\/wp-content\/uploads\/2017\/03\/ICONS-WEB-STANDARD-LP-8971-AUT-01GLOBAL-M-205x29.jpg 205w\" sizes=\"(max-width: 344px) 100vw, 344px\" \/>\u00a0 \u00a0 \u00a0 \u00a0<img decoding=\"async\" class=\"alignnone wp-image-95452\" src=\"https:\/\/globalsew.com\/wp-content\/uploads\/2017\/03\/Ho-Hsing-Sewing-machines-servo-motors-Global-Sewing-Machines-International.png\" alt=\"\" width=\"55\" height=\"46\" \/><\/p>\n<p>M\u00e1quina de costura de agulha \u00fanica de alta velocidade, com rolo de acionamento superior, alimenta\u00e7\u00e3o por roda e agulha e gancho standard. M\u00e1quina equipada com dispositivo de corte de linha, remate autom\u00e1tico e eleva\u00e7\u00e3o do calcador (todos el\u00e9ctricos). O mini servo motor Ho Hsing de acionamento direto, a caixa de controlo e o painel de controlo est\u00e3o integrados na m\u00e1quina (All-in-one).<\/p>\n<p><img fetchpriority=\"high\" decoding=\"async\" class=\"alignnone wp-image-95479\" src=\"https:\/\/globalsew.com\/wp-content\/uploads\/2017\/03\/WEBSITES-MAIN-LP-8971-AUT-03-GLOBAL.jpg\" alt=\"\" width=\"392\" height=\"271\" srcset=\"https:\/\/globalsew.com\/wp-content\/uploads\/2017\/03\/WEBSITES-MAIN-LP-8971-AUT-03-GLOBAL.jpg 501w, https:\/\/globalsew.com\/wp-content\/uploads\/2017\/03\/WEBSITES-MAIN-LP-8971-AUT-03-GLOBAL-300x207.jpg 300w, https:\/\/globalsew.com\/wp-content\/uploads\/2017\/03\/WEBSITES-MAIN-LP-8971-AUT-03-GLOBAL-205x142.jpg 205w\" sizes=\"(max-width: 392px) 100vw, 392px\" \/><img loading=\"lazy\" decoding=\"async\" class=\"alignnone wp-image-95480\" src=\"https:\/\/globalsew.com\/wp-content\/uploads\/2017\/03\/WEBSITES-MAIN-LP-8971-I-AUT-05-GLOBAL.jpg\" alt=\"\" width=\"391\" height=\"270\" srcset=\"https:\/\/globalsew.com\/wp-content\/uploads\/2017\/03\/WEBSITES-MAIN-LP-8971-I-AUT-05-GLOBAL.jpg 501w, https:\/\/globalsew.com\/wp-content\/uploads\/2017\/03\/WEBSITES-MAIN-LP-8971-I-AUT-05-GLOBAL-300x207.jpg 300w, https:\/\/globalsew.com\/wp-content\/uploads\/2017\/03\/WEBSITES-MAIN-LP-8971-I-AUT-05-GLOBAL-205x142.jpg 205w\" sizes=\"(max-width: 391px) 100vw, 391px\" \/><\/p>\n<p><img loading=\"lazy\" decoding=\"async\" class=\"alignnone wp-image-95501\" src=\"https:\/\/globalsew.com\/wp-content\/uploads\/2017\/03\/WEBSITES-MAIN-LP-8971-03-GLOBAL.jpg\" alt=\"\" width=\"394\" height=\"272\" \/><img loading=\"lazy\" decoding=\"async\" class=\"alignnone wp-image-95502\" src=\"https:\/\/globalsew.com\/wp-content\/uploads\/2017\/03\/WEBSITES-MAIN-LP-8971-08-GLOBAL.jpg\" alt=\"\" width=\"395\" height=\"272\" \/><\/p>\n<p><strong>LP 8971 - I - LH - AUT<br \/>\n<\/strong><strong><img loading=\"lazy\" decoding=\"async\" class=\"alignnone size-full wp-image-95494\" src=\"https:\/\/globalsew.com\/wp-content\/uploads\/2017\/03\/ICONS-WEB-STANDARD-LP-8971-LH-AUT-GLOBAL-M.jpg\" alt=\"\" width=\"344\" height=\"48\" srcset=\"https:\/\/globalsew.com\/wp-content\/uploads\/2017\/03\/ICONS-WEB-STANDARD-LP-8971-LH-AUT-GLOBAL-M.jpg 344w, https:\/\/globalsew.com\/wp-content\/uploads\/2017\/03\/ICONS-WEB-STANDARD-LP-8971-LH-AUT-GLOBAL-M-300x42.jpg 300w, https:\/\/globalsew.com\/wp-content\/uploads\/2017\/03\/ICONS-WEB-STANDARD-LP-8971-LH-AUT-GLOBAL-M-205x29.jpg 205w\" sizes=\"(max-width: 344px) 100vw, 344px\" \/>\u00a0 \u00a0 \u00a0 \u00a0<img loading=\"lazy\" decoding=\"async\" class=\"alignnone wp-image-95452\" src=\"https:\/\/globalsew.com\/wp-content\/uploads\/2017\/03\/Ho-Hsing-Sewing-machines-servo-motors-Global-Sewing-Machines-International.png\" alt=\"\" width=\"57\" height=\"47\" \/><\/strong><\/p>\n<p>Igual a um LP 8971 i-AUT, mas equipado com um gancho grande.<\/p>\n<p><img loading=\"lazy\" decoding=\"async\" class=\"alignnone wp-image-95475\" src=\"https:\/\/globalsew.com\/wp-content\/uploads\/2017\/03\/WEBSITES-MAIN-LP-8971-I-LH-AUT-04-GLOBAL-1.jpg\" alt=\"\" width=\"398\" height=\"275\" srcset=\"https:\/\/globalsew.com\/wp-content\/uploads\/2017\/03\/WEBSITES-MAIN-LP-8971-I-LH-AUT-04-GLOBAL-1.jpg 501w, https:\/\/globalsew.com\/wp-content\/uploads\/2017\/03\/WEBSITES-MAIN-LP-8971-I-LH-AUT-04-GLOBAL-1-300x207.jpg 300w, https:\/\/globalsew.com\/wp-content\/uploads\/2017\/03\/WEBSITES-MAIN-LP-8971-I-LH-AUT-04-GLOBAL-1-205x142.jpg 205w\" sizes=\"(max-width: 398px) 100vw, 398px\" \/><img loading=\"lazy\" decoding=\"async\" class=\"alignnone wp-image-95478\" src=\"https:\/\/globalsew.com\/wp-content\/uploads\/2017\/03\/WEBSITES-MAIN-LP-8971-I-LH-AUT-05-GLOBAL-1.jpg\" alt=\"\" width=\"397\" height=\"275\" srcset=\"https:\/\/globalsew.com\/wp-content\/uploads\/2017\/03\/WEBSITES-MAIN-LP-8971-I-LH-AUT-05-GLOBAL-1.jpg 501w, https:\/\/globalsew.com\/wp-content\/uploads\/2017\/03\/WEBSITES-MAIN-LP-8971-I-LH-AUT-05-GLOBAL-1-300x207.jpg 300w, https:\/\/globalsew.com\/wp-content\/uploads\/2017\/03\/WEBSITES-MAIN-LP-8971-I-LH-AUT-05-GLOBAL-1-205x142.jpg 205w\" sizes=\"(max-width: 397px) 100vw, 397px\" \/><\/p>\n<p><strong><img loading=\"lazy\" decoding=\"async\" class=\"alignnone wp-image-95503\" src=\"https:\/\/globalsew.com\/wp-content\/uploads\/2017\/03\/WEBSITES-MAIN-LP-8971-LH-03-GLOBAL.jpg\" alt=\"\" width=\"398\" height=\"275\" srcset=\"https:\/\/globalsew.com\/wp-content\/uploads\/2017\/03\/WEBSITES-MAIN-LP-8971-LH-03-GLOBAL.jpg 501w, https:\/\/globalsew.com\/wp-content\/uploads\/2017\/03\/WEBSITES-MAIN-LP-8971-LH-03-GLOBAL-300x207.jpg 300w, https:\/\/globalsew.com\/wp-content\/uploads\/2017\/03\/WEBSITES-MAIN-LP-8971-LH-03-GLOBAL-205x142.jpg 205w\" sizes=\"(max-width: 398px) 100vw, 398px\" \/><img loading=\"lazy\" decoding=\"async\" class=\"alignnone wp-image-95504\" src=\"https:\/\/globalsew.com\/wp-content\/uploads\/2017\/03\/WEBSITES-MAIN-LP-8971-08-GLOBAL-1.jpg\" alt=\"\" width=\"398\" height=\"275\" srcset=\"https:\/\/globalsew.com\/wp-content\/uploads\/2017\/03\/WEBSITES-MAIN-LP-8971-08-GLOBAL-1.jpg 501w, https:\/\/globalsew.com\/wp-content\/uploads\/2017\/03\/WEBSITES-MAIN-LP-8971-08-GLOBAL-1-300x207.jpg 300w, https:\/\/globalsew.com\/wp-content\/uploads\/2017\/03\/WEBSITES-MAIN-LP-8971-08-GLOBAL-1-205x142.jpg 205w\" sizes=\"(max-width: 398px) 100vw, 398px\" \/><\/strong><\/p>\n<p><strong>LP 8971 - I - ST - AUT<br \/>\n<\/strong><img loading=\"lazy\" decoding=\"async\" class=\"alignnone size-full wp-image-95509\" src=\"https:\/\/globalsew.com\/wp-content\/uploads\/2017\/03\/ICONS-WEB-STANDARD-LP-NP-ST-GLOBAL-M-1.jpg\" alt=\"\" width=\"344\" height=\"48\" \/>\u00a0 \u00a0 \u00a0 \u00a0 <img decoding=\"async\" class=\"alignnone wp-image-95452\" src=\"https:\/\/globalsew.com\/wp-content\/uploads\/2017\/03\/Ho-Hsing-Sewing-machines-servo-motors-Global-Sewing-Machines-International.png\" alt=\"\" width=\"55\" height=\"46\" \/><\/p>\n<p>M\u00e1quina de costura de agulha \u00fanica de alta velocidade, com rolo de acionamento superior, alimenta\u00e7\u00e3o por roda e agulha e gancho normal. A m\u00e1quina est\u00e1 equipada com um dispositivo de corte de linha, que pode ser facilmente ajustado, para cortar pontas de linha curtas, remate autom\u00e1tico e eleva\u00e7\u00e3o do calcador (todos el\u00e9ctricos).<br \/>\nDevido ao dispositivo \u00fanico de corte de rosca, as extremidades da rosca restantes t\u00eam apenas 6 mm de comprimento. O mini servo motor de acionamento direto Ho Hsing, a caixa de controlo e o painel de controlo est\u00e3o integrados na m\u00e1quina (All-in-one).<\/p>\n<p><strong><img loading=\"lazy\" decoding=\"async\" class=\"alignnone wp-image-95453\" src=\"https:\/\/globalsew.com\/wp-content\/uploads\/2017\/03\/WEBSITES-MAIN-LP-8971-ST-02-GLOBAL.jpg\" alt=\"\" width=\"408\" height=\"282\" \/><img loading=\"lazy\" decoding=\"async\" class=\"alignnone wp-image-95483\" src=\"https:\/\/globalsew.com\/wp-content\/uploads\/2017\/03\/WEBSITES-MAIN-LP-8971-I-ST-AUT-05-GLOBAL.jpg\" alt=\"\" width=\"407\" height=\"282\" \/><\/strong><\/p>\n<p><img loading=\"lazy\" decoding=\"async\" class=\"alignnone wp-image-95456\" src=\"https:\/\/globalsew.com\/wp-content\/uploads\/2017\/03\/WEBSITES-MAIN-LP-8971-ST-04-GLOBAL.jpg\" alt=\"\" width=\"409\" height=\"282\" \/><img loading=\"lazy\" decoding=\"async\" class=\"alignnone wp-image-95446\" src=\"https:\/\/globalsew.com\/wp-content\/uploads\/2017\/03\/WEBSITES-MAIN-LP-8971-NP-03-GLOBAL.jpg\" alt=\"\" width=\"409\" height=\"282\" \/><\/p>\n<p><strong>LP 8971 - I - NP - AUT<br \/>\n<img loading=\"lazy\" decoding=\"async\" class=\"alignnone size-full wp-image-95509\" src=\"https:\/\/globalsew.com\/wp-content\/uploads\/2017\/03\/ICONS-WEB-STANDARD-LP-NP-ST-GLOBAL-M-1.jpg\" alt=\"\" width=\"344\" height=\"48\" \/>\u00a0 \u00a0 \u00a0 \u00a0 <img loading=\"lazy\" decoding=\"async\" class=\"alignnone wp-image-95452\" src=\"https:\/\/globalsew.com\/wp-content\/uploads\/2017\/03\/Ho-Hsing-Sewing-machines-servo-motors-Global-Sewing-Machines-International.png\" alt=\"\" width=\"57\" height=\"47\" \/><\/strong><\/p>\n<p>M\u00e1quina de costura de agulha \u00fanica de alta velocidade, com rolo de acionamento superior, alimenta\u00e7\u00e3o por roda e agulha e gancho standard. M\u00e1quina equipada com dispositivo de corte de linha, remate autom\u00e1tico e eleva\u00e7\u00e3o do calcador (todos el\u00e9ctricos). Gra\u00e7as ao dispositivo \u00fanico de corte de linha, as pontas de linha restantes t\u00eam apenas 6 mm de comprimento. Esta m\u00e1quina de conce\u00e7\u00e3o recente tem uma pequena coluna direita para facilitar a costura de cal\u00e7ado de crian\u00e7a. O mini servomotor Ho Hsing de acionamento direto, a caixa de controlo e o painel de controlo est\u00e3o integrados na m\u00e1quina (All-in-one).<\/p>\n<p><img loading=\"lazy\" decoding=\"async\" class=\"alignnone wp-image-95468\" src=\"https:\/\/globalsew.com\/wp-content\/uploads\/2017\/03\/WEBSITES-MAIN-LP-8971-NP-05-GLOBAL.jpg\" alt=\"\" width=\"411\" height=\"284\" \/><img loading=\"lazy\" decoding=\"async\" class=\"alignnone wp-image-95471\" src=\"https:\/\/globalsew.com\/wp-content\/uploads\/2017\/03\/WEBSITES-MAIN-LP-8971-NP-06-GLOBAL.jpg\" alt=\"\" width=\"413\" height=\"285\" \/><\/p>\n<p><img loading=\"lazy\" decoding=\"async\" class=\"alignnone wp-image-95445\" src=\"https:\/\/globalsew.com\/wp-content\/uploads\/2017\/03\/WEBSITES-MAIN-LP-8971-NP-04-GLOBAL.jpg\" alt=\"\" width=\"411\" height=\"284\" \/><img loading=\"lazy\" decoding=\"async\" class=\"alignnone wp-image-95446\" src=\"https:\/\/globalsew.com\/wp-content\/uploads\/2017\/03\/WEBSITES-MAIN-LP-8971-NP-03-GLOBAL.jpg\" alt=\"\" width=\"411\" height=\"284\" \/><\/p>\n<p><strong>LP 8974 - I - AUT<br \/>\n<\/strong><strong><img loading=\"lazy\" decoding=\"async\" class=\"alignnone size-full wp-image-95510\" src=\"https:\/\/globalsew.com\/wp-content\/uploads\/2017\/03\/ICONS-WEB-STANDARD-LP-8974-GLOBAL-M.jpg\" alt=\"\" width=\"344\" height=\"48\" \/>\u00a0 \u00a0 \u00a0 <img decoding=\"async\" class=\"alignnone wp-image-95452\" src=\"https:\/\/globalsew.com\/wp-content\/uploads\/2017\/03\/Ho-Hsing-Sewing-machines-servo-motors-Global-Sewing-Machines-International.png\" alt=\"\" width=\"55\" height=\"46\" \/> <\/strong><\/p>\n<p>M\u00e1quina de costura de agulha dupla com alimenta\u00e7\u00e3o por roda e prensador de rolos com acionamento superior (sem alimenta\u00e7\u00e3o por agulha) e equipada com ganchos padr\u00e3o, dispositivo de corte de linha, remate autom\u00e1tico e eleva\u00e7\u00e3o do calcador (todos el\u00e9ctricos). O mini servomotor Ho Hsing de acionamento direto, a caixa de controlo e o painel de controlo est\u00e3o integrados na m\u00e1quina (All-in-one).<\/p>\n<p><strong><u><img loading=\"lazy\" decoding=\"async\" class=\"alignnone wp-image-95459\" src=\"https:\/\/globalsew.com\/wp-content\/uploads\/2017\/03\/WEBSITES-MAIN-LP-8974-02-GLOBAL.jpg\" alt=\"\" width=\"426\" height=\"294\" \/><img loading=\"lazy\" decoding=\"async\" class=\"alignnone wp-image-95461\" src=\"https:\/\/globalsew.com\/wp-content\/uploads\/2017\/03\/WEBSITES-MAIN-LP-8974-03-GLOBAL.jpg\" alt=\"\" width=\"423\" height=\"292\" \/><\/u><\/strong><\/p>\n<p><img loading=\"lazy\" decoding=\"async\" class=\"alignnone wp-image-95464\" src=\"https:\/\/globalsew.com\/wp-content\/uploads\/2017\/03\/WEBSITES-MAIN-LP-8974-05-GLOBAL-1.jpg\" alt=\"\" width=\"424\" height=\"293\" srcset=\"https:\/\/globalsew.com\/wp-content\/uploads\/2017\/03\/WEBSITES-MAIN-LP-8974-05-GLOBAL-1.jpg 501w, https:\/\/globalsew.com\/wp-content\/uploads\/2017\/03\/WEBSITES-MAIN-LP-8974-05-GLOBAL-1-300x207.jpg 300w, https:\/\/globalsew.com\/wp-content\/uploads\/2017\/03\/WEBSITES-MAIN-LP-8974-05-GLOBAL-1-205x142.jpg 205w\" sizes=\"(max-width: 424px) 100vw, 424px\" \/><img loading=\"lazy\" decoding=\"async\" class=\"alignnone wp-image-95465\" src=\"https:\/\/globalsew.com\/wp-content\/uploads\/2017\/03\/WEBSITES-MAIN-LP-8974-04-GLOBAL.jpg\" alt=\"\" width=\"424\" height=\"293\" \/><\/p>\n<p><strong><u>Carater\u00edsticas especiais:<\/u><\/strong><\/p>\n<ul>\n<li>A m\u00e1quina possui um software de pr\u00e9-programa\u00e7\u00e3o \u00fanico. No ecr\u00e3 t\u00e1til \u00e9 poss\u00edvel guardar 10 programas de costura diferentes com 15 passos cada. Estes programas podem ser transferidos de uma m\u00e1quina para todas as outras da s\u00e9rie Global LP 8970 na sua linha de costura atrav\u00e9s de um painel separado.<\/li>\n<\/ul>","protected":false},"excerpt":{"rendered":"<p>Para descarregar, consulte a nossa p\u00e1gina de descarregamentos para o <a class=\"download-link\" href=\"https:\/\/globalsew.com\/pt\/descarregar\/lp-8970-lp-8990-maquinas-de-sapatas-postbed\/\">S\u00e9rie LP 8970i<\/a>.<\/p>\n<p><img loading=\"lazy\" decoding=\"async\" class=\"alignnone size-full wp-image-95491\" src=\"https:\/\/globalsew.com\/wp-content\/uploads\/2017\/03\/ICONS-WEB-STANDARD-LP-GLOBAL-MAIN-M.jpg\" alt=\"\" width=\"344\" height=\"48\" \/><\/p>\n<p><strong>As especifica\u00e7\u00f5es do produto para a s\u00e9rie LP 8970:<\/strong><\/p>\n<ul>\n<li>Velocidade da m\u00e1quina: m\u00e1x. 2500 rpm<\/li>\n<li>Sistema de lubrifica\u00e7\u00e3o: totalmente autom\u00e1tico<\/li>\n<li>Tipo de alimenta\u00e7\u00e3o: agulha e roda de alimenta\u00e7\u00e3o com prensador de rolos de acionamento superior, sem alimenta\u00e7\u00e3o de agulha na LP 8974<\/li>\n<li>Comprimento dos pontos: m\u00e1ximo 7 mm<\/li>\n<li>Eleva\u00e7\u00e3o do calcador: 1870: \u00e0 m\u00e3o 7 mm, de joelhos 14 mm, autom\u00e1tico 14 mm<\/li>\n<li>Tipo de agulha: 134 LR<\/li>\n<li>Tipo agulha dupla: calibres opcionais: 1,8 mm, 2,2 mm, 2,4 mm<\/li>\n<\/ul>","protected":false},"featured_media":67392,"template":"","meta":{"_acf_changed":false},"product_brand":[],"product_cat":[123,25],"product_tag":[],"class_list":{"0":"post-61450","1":"product","2":"type-product","3":"status-publish","4":"has-post-thumbnail","6":"product_cat-postbed-shoe-machines","7":"product_cat-shoes","8":"tm-has-options","10":"first","11":"instock","12":"shipping-taxable","13":"purchasable","14":"product-type-variable"},"acf":[],"gallery_images":[106113,106465],"yoast_head":"<!-- This site is optimized with the Yoast SEO plugin v27.5 - https:\/\/yoast.com\/product\/yoast-seo-wordpress\/ -->\n<title>LP 8970 i - AUT Series - Global International B.V.<\/title>\n<meta name=\"robots\" content=\"index, follow, max-snippet:-1, max-image-preview:large, max-video-preview:-1\" \/>\n<link rel=\"canonical\" href=\"https:\/\/globalsew.com\/pt\/produto\/serie-lp-8970\/\" \/>\n<meta property=\"og:locale\" content=\"pt_PT\" \/>\n<meta property=\"og:type\" content=\"article\" \/>\n<meta property=\"og:title\" content=\"LP 8970 i - AUT Series - Global International B.V.\" \/>\n<meta property=\"og:description\" content=\"For downloads see our downloads page for the LP 8970i series.    The product specifications for the LP 8970 Series:   Machine speed: max 2500 spm  Oiling system: fully automatic  Feed type: needle and wheel feed top driven roller presser, No needle feed on the LP 8974  Stitch length: max 7 mm  Presser foot lift: 1870: by hand 7 mm, by knee 14 mm, automatic 14 mm  Needle type: 134 LR  Double needle type: optional gauges: 1,8 mm, 2,2 mm, 2,4 mm\" \/>\n<meta property=\"og:url\" content=\"https:\/\/globalsew.com\/pt\/produto\/serie-lp-8970\/\" \/>\n<meta property=\"og:site_name\" content=\"Global International B.V.\" \/>\n<meta property=\"article:modified_time\" content=\"2024-03-05T13:11:48+00:00\" \/>\n<meta property=\"og:image\" content=\"https:\/\/globalsew.com\/wp-content\/uploads\/2017\/03\/WEB-GLOBAL-LP-8971-I-AUT-01-GLOBAL-sewing-machines.jpg\" \/>\n\t<meta property=\"og:image:width\" content=\"555\" \/>\n\t<meta property=\"og:image:height\" content=\"347\" \/>\n\t<meta property=\"og:image:type\" content=\"image\/jpeg\" \/>\n<meta name=\"twitter:card\" content=\"summary_large_image\" \/>\n<meta name=\"twitter:label1\" content=\"Tempo estimado de leitura\" \/>\n\t<meta name=\"twitter:data1\" content=\"8 minutos\" \/>\n<script type=\"application\/ld+json\" class=\"yoast-schema-graph\">{\"@context\":\"https:\\\/\\\/schema.org\",\"@graph\":[{\"@type\":\"WebPage\",\"@id\":\"https:\\\/\\\/globalsew.com\\\/product\\\/lp-8970-series\\\/\",\"url\":\"https:\\\/\\\/globalsew.com\\\/product\\\/lp-8970-series\\\/\",\"name\":\"LP 8970 i - AUT Series - Global International B.V.\",\"isPartOf\":{\"@id\":\"https:\\\/\\\/globalsew.com\\\/#website\"},\"primaryImageOfPage\":{\"@id\":\"https:\\\/\\\/globalsew.com\\\/product\\\/lp-8970-series\\\/#primaryimage\"},\"image\":{\"@id\":\"https:\\\/\\\/globalsew.com\\\/product\\\/lp-8970-series\\\/#primaryimage\"},\"thumbnailUrl\":\"https:\\\/\\\/globalsew.com\\\/wp-content\\\/uploads\\\/2017\\\/03\\\/WEB-GLOBAL-LP-8971-I-AUT-01-GLOBAL-sewing-machines.jpg\",\"datePublished\":\"2017-03-08T10:20:01+00:00\",\"dateModified\":\"2024-03-05T13:11:48+00:00\",\"breadcrumb\":{\"@id\":\"https:\\\/\\\/globalsew.com\\\/product\\\/lp-8970-series\\\/#breadcrumb\"},\"inLanguage\":\"pt-PT\",\"potentialAction\":[{\"@type\":\"ReadAction\",\"target\":[\"https:\\\/\\\/globalsew.com\\\/product\\\/lp-8970-series\\\/\"]}]},{\"@type\":\"ImageObject\",\"inLanguage\":\"pt-PT\",\"@id\":\"https:\\\/\\\/globalsew.com\\\/product\\\/lp-8970-series\\\/#primaryimage\",\"url\":\"https:\\\/\\\/globalsew.com\\\/wp-content\\\/uploads\\\/2017\\\/03\\\/WEB-GLOBAL-LP-8971-I-AUT-01-GLOBAL-sewing-machines.jpg\",\"contentUrl\":\"https:\\\/\\\/globalsew.com\\\/wp-content\\\/uploads\\\/2017\\\/03\\\/WEB-GLOBAL-LP-8971-I-AUT-01-GLOBAL-sewing-machines.jpg\",\"width\":555,\"height\":347,\"caption\":\"WEB-GLOBAL-LP-8971-I-AUT-01-GLOBAL-sewing-machines\"},{\"@type\":\"BreadcrumbList\",\"@id\":\"https:\\\/\\\/globalsew.com\\\/product\\\/lp-8970-series\\\/#breadcrumb\",\"itemListElement\":[{\"@type\":\"ListItem\",\"position\":1,\"name\":\"Home\",\"item\":\"https:\\\/\\\/globalsew.com\\\/\"},{\"@type\":\"ListItem\",\"position\":2,\"name\":\"Products\",\"item\":\"https:\\\/\\\/globalsew.com\\\/products\\\/\"},{\"@type\":\"ListItem\",\"position\":3,\"name\":\"LP 8970 i &#8211; AUT Series\"}]},{\"@type\":\"WebSite\",\"@id\":\"https:\\\/\\\/globalsew.com\\\/#website\",\"url\":\"https:\\\/\\\/globalsew.com\\\/\",\"name\":\"Global International B.V.\",\"description\":\"Industrial Sewing Machines\",\"potentialAction\":[{\"@type\":\"SearchAction\",\"target\":{\"@type\":\"EntryPoint\",\"urlTemplate\":\"https:\\\/\\\/globalsew.com\\\/?s={search_term_string}\"},\"query-input\":{\"@type\":\"PropertyValueSpecification\",\"valueRequired\":true,\"valueName\":\"search_term_string\"}}],\"inLanguage\":\"pt-PT\"}]}<\/script>\n<!-- \/ Yoast SEO plugin. -->","yoast_head_json":{"title":"LP 8970 i - S\u00e9rie AUT - Global International B.V.","robots":{"index":"index","follow":"follow","max-snippet":"max-snippet:-1","max-image-preview":"max-image-preview:large","max-video-preview":"max-video-preview:-1"},"canonical":"https:\/\/globalsew.com\/pt\/produto\/serie-lp-8970\/","og_locale":"pt_PT","og_type":"article","og_title":"LP 8970 i - AUT Series - Global International B.V.","og_description":"For downloads see our downloads page for the LP 8970i series.    The product specifications for the LP 8970 Series:   Machine speed: max 2500 spm  Oiling system: fully automatic  Feed type: needle and wheel feed top driven roller presser, No needle feed on the LP 8974  Stitch length: max 7 mm  Presser foot lift: 1870: by hand 7 mm, by knee 14 mm, automatic 14 mm  Needle type: 134 LR  Double needle type: optional gauges: 1,8 mm, 2,2 mm, 2,4 mm","og_url":"https:\/\/globalsew.com\/pt\/produto\/serie-lp-8970\/","og_site_name":"Global International B.V.","article_modified_time":"2024-03-05T13:11:48+00:00","og_image":[{"width":555,"height":347,"url":"https:\/\/globalsew.com\/wp-content\/uploads\/2017\/03\/WEB-GLOBAL-LP-8971-I-AUT-01-GLOBAL-sewing-machines.jpg","type":"image\/jpeg"}],"twitter_card":"summary_large_image","twitter_misc":{"Tempo estimado de leitura":"8 minutos"},"schema":{"@context":"https:\/\/schema.org","@graph":[{"@type":"WebPage","@id":"https:\/\/globalsew.com\/product\/lp-8970-series\/","url":"https:\/\/globalsew.com\/product\/lp-8970-series\/","name":"LP 8970 i - S\u00e9rie AUT - Global International B.V.","isPartOf":{"@id":"https:\/\/globalsew.com\/#website"},"primaryImageOfPage":{"@id":"https:\/\/globalsew.com\/product\/lp-8970-series\/#primaryimage"},"image":{"@id":"https:\/\/globalsew.com\/product\/lp-8970-series\/#primaryimage"},"thumbnailUrl":"https:\/\/globalsew.com\/wp-content\/uploads\/2017\/03\/WEB-GLOBAL-LP-8971-I-AUT-01-GLOBAL-sewing-machines.jpg","datePublished":"2017-03-08T10:20:01+00:00","dateModified":"2024-03-05T13:11:48+00:00","breadcrumb":{"@id":"https:\/\/globalsew.com\/product\/lp-8970-series\/#breadcrumb"},"inLanguage":"pt-PT","potentialAction":[{"@type":"ReadAction","target":["https:\/\/globalsew.com\/product\/lp-8970-series\/"]}]},{"@type":"ImageObject","inLanguage":"pt-PT","@id":"https:\/\/globalsew.com\/product\/lp-8970-series\/#primaryimage","url":"https:\/\/globalsew.com\/wp-content\/uploads\/2017\/03\/WEB-GLOBAL-LP-8971-I-AUT-01-GLOBAL-sewing-machines.jpg","contentUrl":"https:\/\/globalsew.com\/wp-content\/uploads\/2017\/03\/WEB-GLOBAL-LP-8971-I-AUT-01-GLOBAL-sewing-machines.jpg","width":555,"height":347,"caption":"WEB-GLOBAL-LP-8971-I-AUT-01-GLOBAL-sewing-machines"},{"@type":"BreadcrumbList","@id":"https:\/\/globalsew.com\/product\/lp-8970-series\/#breadcrumb","itemListElement":[{"@type":"ListItem","position":1,"name":"Home","item":"https:\/\/globalsew.com\/"},{"@type":"ListItem","position":2,"name":"Products","item":"https:\/\/globalsew.com\/products\/"},{"@type":"ListItem","position":3,"name":"LP 8970 i &#8211; AUT Series"}]},{"@type":"WebSite","@id":"https:\/\/globalsew.com\/#website","url":"https:\/\/globalsew.com\/","name":"Global International B.V.","description":"M\u00e1quinas de costura industriais","potentialAction":[{"@type":"SearchAction","target":{"@type":"EntryPoint","urlTemplate":"https:\/\/globalsew.com\/?s={search_term_string}"},"query-input":{"@type":"PropertyValueSpecification","valueRequired":true,"valueName":"search_term_string"}}],"inLanguage":"pt-PT"}]}},"_links":{"self":[{"href":"https:\/\/globalsew.com\/pt\/wp-json\/wp\/v2\/product\/61450","targetHints":{"allow":["GET"]}}],"collection":[{"href":"https:\/\/globalsew.com\/pt\/wp-json\/wp\/v2\/product"}],"about":[{"href":"https:\/\/globalsew.com\/pt\/wp-json\/wp\/v2\/types\/product"}],"wp:featuredmedia":[{"embeddable":true,"href":"https:\/\/globalsew.com\/pt\/wp-json\/wp\/v2\/media\/67392"}],"wp:attachment":[{"href":"https:\/\/globalsew.com\/pt\/wp-json\/wp\/v2\/media?parent=61450"}],"wp:term":[{"taxonomy":"product_brand","embeddable":true,"href":"https:\/\/globalsew.com\/pt\/wp-json\/wp\/v2\/product_brand?post=61450"},{"taxonomy":"product_cat","embeddable":true,"href":"https:\/\/globalsew.com\/pt\/wp-json\/wp\/v2\/product_cat?post=61450"},{"taxonomy":"product_tag","embeddable":true,"href":"https:\/\/globalsew.com\/pt\/wp-json\/wp\/v2\/product_tag?post=61450"}],"curies":[{"name":"wp","href":"https:\/\/api.w.org\/{rel}","templated":true}]}}