{"id":560,"date":"2016-12-23T12:03:20","date_gmt":"2016-12-23T11:03:20","guid":{"rendered":"https:\/\/globalsew.com\/?post_type=product&#038;p=560"},"modified":"2026-01-15T13:17:20","modified_gmt":"2026-01-15T12:17:20","slug":"bh-1000","status":"publish","type":"product","link":"https:\/\/globalsew.com\/pt\/product\/bh-1000\/","title":{"rendered":"BH 1000"},"content":{"rendered":"<div class=\"wpb-content-wrapper\"><div class=\"vc_row wpb_row vc_row-fluid\"><div class=\"wpb_column vc_column_container vc_col-sm-6\"><div class=\"vc_column-inner\"><div class=\"wpb_wrapper\">\n\t<div class=\"wpb_text_column wpb_content_element\" >\n\t\t<div class=\"wpb_wrapper\">\n\t\t\t<h2>M\u00e1quina de casear com ilh\u00f3s<\/h2>\n<p>M\u00e1quina de casear com ilh\u00f3s de ponto em cadeia de dois fios, facilmente ajust\u00e1vel de \"corte antes\" para \"corte depois\" de caseados, com ou sem barra y. Adequada para vestu\u00e1rio por medida, vestu\u00e1rio exterior, coletes e cal\u00e7as de ganga. Fornecida com 4 cames intercambi\u00e1veis, 2 tipos de facas (corte antes e corte depois) e 4 blocos de corte. Fornecida de s\u00e9rie com os seguintes tamanhos: 13, 16, 18 e 22 mm. Equipada com cortador autom\u00e1tico de linha de agulha.<\/p>\n\n\t\t<\/div>\n\t<\/div>\n<\/div><\/div><\/div><div class=\"wpb_column vc_column_container vc_col-sm-6\"><div class=\"vc_column-inner\"><div class=\"wpb_wrapper\">\n\t<div class=\"wpb_video_widget wpb_content_element vc_clearfix   vc_video-aspect-ratio-169 vc_video-el-width-100 vc_video-align-left\" >\n\t\t<div class=\"wpb_wrapper\">\n\t\t\t\n\t\t\t<div class=\"wpb_video_wrapper\"><iframe title=\"GLOBAL BH 1000 - M\u00e1quina de casear com ilh\u00f3s\" width=\"500\" height=\"281\" src=\"https:\/\/www.youtube.com\/embed\/_d1m1BRLBGk?feature=oembed\" frameborder=\"0\" allow=\"accelerometer; autoplay; clipboard-write; encrypted-media; gyroscope; picture-in-picture; web-share\" referrerpolicy=\"strict-origin-when-cross-origin\" allowfullscreen><\/iframe><\/div>\n\t\t<\/div>\n\t<\/div>\n<\/div><\/div><\/div><\/div>\n<\/div>","protected":false},"excerpt":{"rendered":"<div class=\"row\">\n<div class=\"col-md-6\"><a class=\"download-button\" href=\"https:\/\/globalsew.com\/wp-content\/uploads\/2017\/01\/bh1000leaf.pdf\" target=\"_blank\" rel=\"noopener\">Descarregar folheto<\/a><\/div>\n<div class=\"col-md-6\"><a class=\"download-button\" href=\"https:\/\/globalsew.com\/wp-content\/uploads\/2017\/01\/bh1000.pdf\" target=\"_blank\" rel=\"noopener\">Descarregar o manual<\/a><\/div>\n<\/div>\n<p>&nbsp;<\/p>\n<p>As especifica\u00e7\u00f5es do produto para o BH 1000:<\/p>\n<ul>\n<li>Velocidade m\u00e1xima de costura 1750 rpm<\/li>\n<li>Comprimento do caseado: 10 - 32 mm (em fun\u00e7\u00e3o do exc\u00eantrico)<\/li>\n<li>Tipo de alimenta\u00e7\u00e3o: came intermitente<\/li>\n<li>Clamplift: 10 mm<\/li>\n<li>Tipo de agulha: 501 \/ 1807 D<\/li>\n<\/ul>\n<p><b>Configurador de produtos, fa\u00e7a a sua sele\u00e7\u00e3o abaixo.<\/b><\/p>","protected":false},"featured_media":91749,"template":"","meta":{"_acf_changed":false},"product_brand":[],"product_cat":[66,105,68,24],"product_tag":[],"class_list":{"0":"post-560","1":"product","2":"type-product","3":"status-publish","4":"has-post-thumbnail","6":"product_cat-button-sewer","7":"product_cat-buttonsewers","8":"product_cat-eyelet-buttonhole","9":"product_cat-garment","10":"tm-no-options","12":"first","13":"instock","14":"shipping-taxable","15":"purchasable","16":"product-type-simple"},"acf":[],"gallery_images":[],"yoast_head":"<!-- This site is optimized with the Yoast SEO plugin v27.5 - https:\/\/yoast.com\/product\/yoast-seo-wordpress\/ -->\n<title>BH 1000 - Global International B.V.<\/title>\n<meta name=\"robots\" content=\"index, follow, max-snippet:-1, max-image-preview:large, max-video-preview:-1\" \/>\n<link rel=\"canonical\" href=\"https:\/\/globalsew.com\/pt\/produto\/bh-1000\/\" \/>\n<meta property=\"og:locale\" content=\"pt_PT\" \/>\n<meta property=\"og:type\" content=\"article\" \/>\n<meta property=\"og:title\" content=\"BH 1000 - Global International B.V.\" \/>\n<meta property=\"og:description\" content=\"Download Leaflet Download Manual  &nbsp;  The product specifications for the BH 1000:   Max sewing speed 1750 spm  Buttonhole length: 10 - 32 mm (cam related)  Feed type: intermittent cam  Clamplift: 10 mm  Needle type: 501 \/ 1807 D  Product configurator, please make your selection below.\" \/>\n<meta property=\"og:url\" content=\"https:\/\/globalsew.com\/pt\/produto\/bh-1000\/\" \/>\n<meta property=\"og:site_name\" content=\"Global International B.V.\" \/>\n<meta property=\"article:modified_time\" content=\"2026-01-15T12:17:20+00:00\" \/>\n<meta property=\"og:image\" content=\"https:\/\/globalsew.com\/wp-content\/uploads\/2016\/12\/WEB-GLOBAL-BH-1000-01-GLOBAL.jpg\" \/>\n\t<meta property=\"og:image:width\" content=\"555\" \/>\n\t<meta property=\"og:image:height\" content=\"347\" \/>\n\t<meta property=\"og:image:type\" content=\"image\/jpeg\" \/>\n<meta name=\"twitter:card\" content=\"summary_large_image\" \/>\n<meta name=\"twitter:label1\" content=\"Tempo estimado de leitura\" \/>\n\t<meta name=\"twitter:data1\" content=\"1 minuto\" \/>\n<script type=\"application\/ld+json\" class=\"yoast-schema-graph\">{\"@context\":\"https:\\\/\\\/schema.org\",\"@graph\":[{\"@type\":\"WebPage\",\"@id\":\"https:\\\/\\\/globalsew.com\\\/product\\\/bh-1000\\\/\",\"url\":\"https:\\\/\\\/globalsew.com\\\/product\\\/bh-1000\\\/\",\"name\":\"BH 1000 - Global International B.V.\",\"isPartOf\":{\"@id\":\"https:\\\/\\\/globalsew.com\\\/#website\"},\"primaryImageOfPage\":{\"@id\":\"https:\\\/\\\/globalsew.com\\\/product\\\/bh-1000\\\/#primaryimage\"},\"image\":{\"@id\":\"https:\\\/\\\/globalsew.com\\\/product\\\/bh-1000\\\/#primaryimage\"},\"thumbnailUrl\":\"https:\\\/\\\/globalsew.com\\\/wp-content\\\/uploads\\\/2016\\\/12\\\/WEB-GLOBAL-BH-1000-01-GLOBAL.jpg\",\"datePublished\":\"2016-12-23T11:03:20+00:00\",\"dateModified\":\"2026-01-15T12:17:20+00:00\",\"breadcrumb\":{\"@id\":\"https:\\\/\\\/globalsew.com\\\/product\\\/bh-1000\\\/#breadcrumb\"},\"inLanguage\":\"pt-PT\",\"potentialAction\":[{\"@type\":\"ReadAction\",\"target\":[\"https:\\\/\\\/globalsew.com\\\/product\\\/bh-1000\\\/\"]}]},{\"@type\":\"ImageObject\",\"inLanguage\":\"pt-PT\",\"@id\":\"https:\\\/\\\/globalsew.com\\\/product\\\/bh-1000\\\/#primaryimage\",\"url\":\"https:\\\/\\\/globalsew.com\\\/wp-content\\\/uploads\\\/2016\\\/12\\\/WEB-GLOBAL-BH-1000-01-GLOBAL.jpg\",\"contentUrl\":\"https:\\\/\\\/globalsew.com\\\/wp-content\\\/uploads\\\/2016\\\/12\\\/WEB-GLOBAL-BH-1000-01-GLOBAL.jpg\",\"width\":555,\"height\":347},{\"@type\":\"BreadcrumbList\",\"@id\":\"https:\\\/\\\/globalsew.com\\\/product\\\/bh-1000\\\/#breadcrumb\",\"itemListElement\":[{\"@type\":\"ListItem\",\"position\":1,\"name\":\"Home\",\"item\":\"https:\\\/\\\/globalsew.com\\\/\"},{\"@type\":\"ListItem\",\"position\":2,\"name\":\"Products\",\"item\":\"https:\\\/\\\/globalsew.com\\\/products\\\/\"},{\"@type\":\"ListItem\",\"position\":3,\"name\":\"BH 1000\"}]},{\"@type\":\"WebSite\",\"@id\":\"https:\\\/\\\/globalsew.com\\\/#website\",\"url\":\"https:\\\/\\\/globalsew.com\\\/\",\"name\":\"Global International B.V.\",\"description\":\"Industrial Sewing Machines\",\"potentialAction\":[{\"@type\":\"SearchAction\",\"target\":{\"@type\":\"EntryPoint\",\"urlTemplate\":\"https:\\\/\\\/globalsew.com\\\/?s={search_term_string}\"},\"query-input\":{\"@type\":\"PropertyValueSpecification\",\"valueRequired\":true,\"valueName\":\"search_term_string\"}}],\"inLanguage\":\"pt-PT\"}]}<\/script>\n<!-- \/ Yoast SEO plugin. -->","yoast_head_json":{"title":"BH 1000 - Global International B.V.","robots":{"index":"index","follow":"follow","max-snippet":"max-snippet:-1","max-image-preview":"max-image-preview:large","max-video-preview":"max-video-preview:-1"},"canonical":"https:\/\/globalsew.com\/pt\/produto\/bh-1000\/","og_locale":"pt_PT","og_type":"article","og_title":"BH 1000 - Global International B.V.","og_description":"Download Leaflet Download Manual  &nbsp;  The product specifications for the BH 1000:   Max sewing speed 1750 spm  Buttonhole length: 10 - 32 mm (cam related)  Feed type: intermittent cam  Clamplift: 10 mm  Needle type: 501 \/ 1807 D  Product configurator, please make your selection below.","og_url":"https:\/\/globalsew.com\/pt\/produto\/bh-1000\/","og_site_name":"Global International B.V.","article_modified_time":"2026-01-15T12:17:20+00:00","og_image":[{"width":555,"height":347,"url":"https:\/\/globalsew.com\/wp-content\/uploads\/2016\/12\/WEB-GLOBAL-BH-1000-01-GLOBAL.jpg","type":"image\/jpeg"}],"twitter_card":"summary_large_image","twitter_misc":{"Tempo estimado de leitura":"1 minuto"},"schema":{"@context":"https:\/\/schema.org","@graph":[{"@type":"WebPage","@id":"https:\/\/globalsew.com\/product\/bh-1000\/","url":"https:\/\/globalsew.com\/product\/bh-1000\/","name":"BH 1000 - Global International B.V.","isPartOf":{"@id":"https:\/\/globalsew.com\/#website"},"primaryImageOfPage":{"@id":"https:\/\/globalsew.com\/product\/bh-1000\/#primaryimage"},"image":{"@id":"https:\/\/globalsew.com\/product\/bh-1000\/#primaryimage"},"thumbnailUrl":"https:\/\/globalsew.com\/wp-content\/uploads\/2016\/12\/WEB-GLOBAL-BH-1000-01-GLOBAL.jpg","datePublished":"2016-12-23T11:03:20+00:00","dateModified":"2026-01-15T12:17:20+00:00","breadcrumb":{"@id":"https:\/\/globalsew.com\/product\/bh-1000\/#breadcrumb"},"inLanguage":"pt-PT","potentialAction":[{"@type":"ReadAction","target":["https:\/\/globalsew.com\/product\/bh-1000\/"]}]},{"@type":"ImageObject","inLanguage":"pt-PT","@id":"https:\/\/globalsew.com\/product\/bh-1000\/#primaryimage","url":"https:\/\/globalsew.com\/wp-content\/uploads\/2016\/12\/WEB-GLOBAL-BH-1000-01-GLOBAL.jpg","contentUrl":"https:\/\/globalsew.com\/wp-content\/uploads\/2016\/12\/WEB-GLOBAL-BH-1000-01-GLOBAL.jpg","width":555,"height":347},{"@type":"BreadcrumbList","@id":"https:\/\/globalsew.com\/product\/bh-1000\/#breadcrumb","itemListElement":[{"@type":"ListItem","position":1,"name":"Home","item":"https:\/\/globalsew.com\/"},{"@type":"ListItem","position":2,"name":"Products","item":"https:\/\/globalsew.com\/products\/"},{"@type":"ListItem","position":3,"name":"BH 1000"}]},{"@type":"WebSite","@id":"https:\/\/globalsew.com\/#website","url":"https:\/\/globalsew.com\/","name":"Global International B.V.","description":"M\u00e1quinas de costura industriais","potentialAction":[{"@type":"SearchAction","target":{"@type":"EntryPoint","urlTemplate":"https:\/\/globalsew.com\/?s={search_term_string}"},"query-input":{"@type":"PropertyValueSpecification","valueRequired":true,"valueName":"search_term_string"}}],"inLanguage":"pt-PT"}]}},"_links":{"self":[{"href":"https:\/\/globalsew.com\/pt\/wp-json\/wp\/v2\/product\/560","targetHints":{"allow":["GET"]}}],"collection":[{"href":"https:\/\/globalsew.com\/pt\/wp-json\/wp\/v2\/product"}],"about":[{"href":"https:\/\/globalsew.com\/pt\/wp-json\/wp\/v2\/types\/product"}],"wp:featuredmedia":[{"embeddable":true,"href":"https:\/\/globalsew.com\/pt\/wp-json\/wp\/v2\/media\/91749"}],"wp:attachment":[{"href":"https:\/\/globalsew.com\/pt\/wp-json\/wp\/v2\/media?parent=560"}],"wp:term":[{"taxonomy":"product_brand","embeddable":true,"href":"https:\/\/globalsew.com\/pt\/wp-json\/wp\/v2\/product_brand?post=560"},{"taxonomy":"product_cat","embeddable":true,"href":"https:\/\/globalsew.com\/pt\/wp-json\/wp\/v2\/product_cat?post=560"},{"taxonomy":"product_tag","embeddable":true,"href":"https:\/\/globalsew.com\/pt\/wp-json\/wp\/v2\/product_tag?post=560"}],"curies":[{"name":"wp","href":"https:\/\/api.w.org\/{rel}","templated":true}]}}