{"id":52946,"date":"2017-02-20T16:36:10","date_gmt":"2017-02-20T15:36:10","guid":{"rendered":"https:\/\/globalsew.com\/?post_type=product&#038;p=52946"},"modified":"2024-05-22T09:42:37","modified_gmt":"2024-05-22T07:42:37","slug":"bt-500200-h-tb","status":"publish","type":"product","link":"https:\/\/globalsew.com\/pt\/product\/bt-500200-h-tb\/","title":{"rendered":"BT 500200 H-TB"},"content":{"rendered":"<div class=\"wpb-content-wrapper\"><div class=\"vc_row wpb_row vc_row-fluid\"><div class=\"wpb_column vc_column_container vc_col-sm-6\"><div class=\"vc_column-inner\"><div class=\"wpb_wrapper\">\n\t<div class=\"wpb_text_column wpb_content_element\" >\n\t\t<div class=\"wpb_wrapper\">\n\t\t\t<p><strong>BT 500200 H-TB<\/strong><br \/>\n- M\u00e1quina de costura de moldes program\u00e1vel extra pesada com grande gancho de lan\u00e7adeira e capacidade de bobina. Esta m\u00e1quina est\u00e1 tamb\u00e9m equipada com queimadores de linha autom\u00e1ticos para cortar a linha superior e inferior. Equipada de s\u00e9rie com um dispositivo de arrefecimento da agulha. Esta m\u00e1quina \u00e9 adequada para coser materiais extra pesados, tais como cintos de seguran\u00e7a, malas de avi\u00e3o, correias de carga, bagagem e solas de sapatos. Entrada de padr\u00f5es por USB. Tamanho m\u00e1ximo de costura 500\u00d7200 mm. Completa com tampo de mesa, suporte e motor.<\/p>\n<p>&nbsp;<\/p>\n<p><img decoding=\"async\" class=\"alignnone size-full wp-image-94796\" src=\"https:\/\/globalsew.com\/wp-content\/uploads\/2017\/11\/koban-xs-global.jpg\" alt=\"\" width=\"73\" height=\"68\" \/>\u00a0 \u00a0 \u00a0 \u00a0 \u00a0 \u00a0 \u00a0 \u00a0 \u00a0 \u00a0 \u00a0 \u00a0 \u00a0 \u00a0 \u00a0 \u00a0 \u00a0 \u00a0 \u00a0 \u00a0 \u00a0 \u00a0 \u00a0 \u00a0 \u00a0 \u00a0 \u00a0 \u00a0 \u00a0 \u00a0 \u00a0 \u00a0 \u00a0 \u00a0 \u00a0\u00a0<img decoding=\"async\" class=\"alignnone size-full wp-image-94794\" src=\"https:\/\/globalsew.com\/wp-content\/uploads\/2017\/04\/eac-xs-global.jpg\" alt=\"\" width=\"73\" height=\"68\" \/>\u00a0<img decoding=\"async\" class=\"alignnone size-full wp-image-94793\" src=\"https:\/\/globalsew.com\/wp-content\/uploads\/2017\/04\/ce-xs-global.jpg\" alt=\"\" width=\"73\" height=\"68\" \/><\/p>\n\n\t\t<\/div>\n\t<\/div>\n<\/div><\/div><\/div><div class=\"wpb_column vc_column_container vc_col-sm-6\"><div class=\"vc_column-inner\"><div class=\"wpb_wrapper\">\n\t<div class=\"wpb_video_widget wpb_content_element vc_clearfix   vc_video-aspect-ratio-169 vc_video-el-width-100 vc_video-align-left\" >\n\t\t<div class=\"wpb_wrapper\">\n\t\t\t\n\t\t\t<div class=\"wpb_video_wrapper\"><iframe title=\"Global BT 500200 H-TB - M\u00e1quina de costura eletr\u00f3nica para trabalhos pesados\" width=\"500\" height=\"281\" src=\"https:\/\/www.youtube.com\/embed\/DPjzarY0mMc?feature=oembed\" frameborder=\"0\" allow=\"accelerometer; autoplay; clipboard-write; encrypted-media; gyroscope; picture-in-picture; web-share\" allowfullscreen><\/iframe><\/div>\n\t\t<\/div>\n\t<\/div>\n<\/div><\/div><\/div><\/div>\n<\/div>","protected":false},"excerpt":{"rendered":"<div class=\"row\">\n<div class=\"col-md-6\"><a class=\"download-button\" href=\"https:\/\/globalsew.com\/wp-content\/uploads\/2017\/02\/BT-500200-H-TB-Leaflet.pdf\" target=\"_blank\" rel=\"noopener\">Folheto<\/a><\/div>\n<div class=\"col-md-6\"><a class=\"download-button\" href=\"https:\/\/globalsew.com\/wp-content\/uploads\/2017\/02\/PARTS-MANUAL-BT-500X200-H-TB-GLOBAL-1.pdf\" target=\"_blank\" rel=\"noopener\">Manual de pe\u00e7as<\/a><\/div>\n<\/div>\n<p>&nbsp;<\/p>\n<p>As especifica\u00e7\u00f5es do produto para o BT 500200 H-TB :<\/p>\n<ul>\n<li>Velocidade da m\u00e1quina: m\u00e1x. 800 rpm<\/li>\n<li>Sistema de alimenta\u00e7\u00e3o: por motor de impulsos (X-Y)<\/li>\n<li>Tipo de gancho: gancho grande de vaiv\u00e9m<\/li>\n<li>Comprimento dos pontos: m\u00e1x. 10 mm<\/li>\n<li>Eleva\u00e7\u00e3o do calcador: m\u00e1x. 18 mm<\/li>\n<li>Eleva\u00e7\u00e3o da pin\u00e7a: m\u00e1x. 18 mm<\/li>\n<li>Tipo de agulha: DY X 3<\/li>\n<li>Gama de costura: 500 x 200<\/li>\n<li>Fonte de alimenta\u00e7\u00e3o: servomotor CA de transmiss\u00e3o direta de 240 v - 1 fase 50-60 Hz<\/li>\n<\/ul>\n<p>&nbsp;<\/p>","protected":false},"featured_media":105685,"template":"","meta":{"_acf_changed":false},"product_brand":[],"product_cat":[7,157,152,63],"product_tag":[],"class_list":{"0":"post-52946","1":"product","2":"type-product","3":"status-publish","4":"has-post-thumbnail","6":"product_cat-heavy-duty","7":"product_cat-pattern-sewing-machines-upholstery","8":"product_cat-patternsewers","9":"product_cat-upholstery","10":"tm-has-options","12":"first","13":"instock","14":"shipping-taxable","15":"purchasable","16":"product-type-simple"},"acf":[],"gallery_images":[105687,105686,105684,105683,105682,105681],"yoast_head":"<!-- This site is optimized with the Yoast SEO plugin v27.3 - https:\/\/yoast.com\/product\/yoast-seo-wordpress\/ -->\n<title>BT 500200 H-TB - Global International B.V.<\/title>\n<meta name=\"robots\" content=\"index, follow, max-snippet:-1, max-image-preview:large, max-video-preview:-1\" \/>\n<link rel=\"canonical\" href=\"https:\/\/globalsew.com\/pt\/produto\/bt-500200-h-tb\/\" \/>\n<meta property=\"og:locale\" content=\"pt_PT\" \/>\n<meta property=\"og:type\" content=\"article\" \/>\n<meta property=\"og:title\" content=\"BT 500200 H-TB - Global International B.V.\" \/>\n<meta property=\"og:description\" content=\"Leaflet Parts manual  &nbsp;  The product specifications for the BT 500200 H-TB :   Machine speed: max 800 spm  Feeding system: by pulse motor (X-Y)  Hook type: large shuttle hook  Stitch length: max 10 mm  Presser foot lift: max 18 mm  Clamp lift: max 18 mm  Needle type: DY X 3  Seweing range: 500 x 200  Power source: 240 v\u2013 1 phase 50-60 Hz direct drive AC servo motor  &nbsp;\" \/>\n<meta property=\"og:url\" content=\"https:\/\/globalsew.com\/pt\/produto\/bt-500200-h-tb\/\" \/>\n<meta property=\"og:site_name\" content=\"Global International B.V.\" \/>\n<meta property=\"article:modified_time\" content=\"2024-05-22T07:42:37+00:00\" \/>\n<meta property=\"og:image\" content=\"https:\/\/globalsew.com\/wp-content\/uploads\/2017\/02\/products-BT500X200-H-TB-94-global-1080-website-2024.jpg\" \/>\n\t<meta property=\"og:image:width\" content=\"1819\" \/>\n\t<meta property=\"og:image:height\" content=\"1080\" \/>\n\t<meta property=\"og:image:type\" content=\"image\/jpeg\" \/>\n<meta name=\"twitter:card\" content=\"summary_large_image\" \/>\n<meta name=\"twitter:label1\" content=\"Tempo estimado de leitura\" \/>\n\t<meta name=\"twitter:data1\" content=\"2 minutos\" \/>\n<script type=\"application\/ld+json\" class=\"yoast-schema-graph\">{\"@context\":\"https:\\\/\\\/schema.org\",\"@graph\":[{\"@type\":\"WebPage\",\"@id\":\"https:\\\/\\\/globalsew.com\\\/product\\\/bt-500200-h-tb\\\/\",\"url\":\"https:\\\/\\\/globalsew.com\\\/product\\\/bt-500200-h-tb\\\/\",\"name\":\"BT 500200 H-TB - Global International B.V.\",\"isPartOf\":{\"@id\":\"https:\\\/\\\/globalsew.com\\\/#website\"},\"primaryImageOfPage\":{\"@id\":\"https:\\\/\\\/globalsew.com\\\/product\\\/bt-500200-h-tb\\\/#primaryimage\"},\"image\":{\"@id\":\"https:\\\/\\\/globalsew.com\\\/product\\\/bt-500200-h-tb\\\/#primaryimage\"},\"thumbnailUrl\":\"https:\\\/\\\/globalsew.com\\\/wp-content\\\/uploads\\\/2017\\\/02\\\/products-BT500X200-H-TB-94-global-1080-website-2024.jpg\",\"datePublished\":\"2017-02-20T15:36:10+00:00\",\"dateModified\":\"2024-05-22T07:42:37+00:00\",\"breadcrumb\":{\"@id\":\"https:\\\/\\\/globalsew.com\\\/product\\\/bt-500200-h-tb\\\/#breadcrumb\"},\"inLanguage\":\"pt-PT\",\"potentialAction\":[{\"@type\":\"ReadAction\",\"target\":[\"https:\\\/\\\/globalsew.com\\\/product\\\/bt-500200-h-tb\\\/\"]}]},{\"@type\":\"ImageObject\",\"inLanguage\":\"pt-PT\",\"@id\":\"https:\\\/\\\/globalsew.com\\\/product\\\/bt-500200-h-tb\\\/#primaryimage\",\"url\":\"https:\\\/\\\/globalsew.com\\\/wp-content\\\/uploads\\\/2017\\\/02\\\/products-BT500X200-H-TB-94-global-1080-website-2024.jpg\",\"contentUrl\":\"https:\\\/\\\/globalsew.com\\\/wp-content\\\/uploads\\\/2017\\\/02\\\/products-BT500X200-H-TB-94-global-1080-website-2024.jpg\",\"width\":1819,\"height\":1080},{\"@type\":\"BreadcrumbList\",\"@id\":\"https:\\\/\\\/globalsew.com\\\/product\\\/bt-500200-h-tb\\\/#breadcrumb\",\"itemListElement\":[{\"@type\":\"ListItem\",\"position\":1,\"name\":\"Home\",\"item\":\"https:\\\/\\\/globalsew.com\\\/\"},{\"@type\":\"ListItem\",\"position\":2,\"name\":\"Products\",\"item\":\"https:\\\/\\\/globalsew.com\\\/products\\\/\"},{\"@type\":\"ListItem\",\"position\":3,\"name\":\"BT 500200 H-TB\"}]},{\"@type\":\"WebSite\",\"@id\":\"https:\\\/\\\/globalsew.com\\\/#website\",\"url\":\"https:\\\/\\\/globalsew.com\\\/\",\"name\":\"Global International B.V.\",\"description\":\"Industrial Sewing Machines\",\"potentialAction\":[{\"@type\":\"SearchAction\",\"target\":{\"@type\":\"EntryPoint\",\"urlTemplate\":\"https:\\\/\\\/globalsew.com\\\/?s={search_term_string}\"},\"query-input\":{\"@type\":\"PropertyValueSpecification\",\"valueRequired\":true,\"valueName\":\"search_term_string\"}}],\"inLanguage\":\"pt-PT\"}]}<\/script>\n<!-- \/ Yoast SEO plugin. -->","yoast_head_json":{"title":"BT 500200 H-TB - Global International B.V.","robots":{"index":"index","follow":"follow","max-snippet":"max-snippet:-1","max-image-preview":"max-image-preview:large","max-video-preview":"max-video-preview:-1"},"canonical":"https:\/\/globalsew.com\/pt\/produto\/bt-500200-h-tb\/","og_locale":"pt_PT","og_type":"article","og_title":"BT 500200 H-TB - Global International B.V.","og_description":"Leaflet Parts manual  &nbsp;  The product specifications for the BT 500200 H-TB :   Machine speed: max 800 spm  Feeding system: by pulse motor (X-Y)  Hook type: large shuttle hook  Stitch length: max 10 mm  Presser foot lift: max 18 mm  Clamp lift: max 18 mm  Needle type: DY X 3  Seweing range: 500 x 200  Power source: 240 v\u2013 1 phase 50-60 Hz direct drive AC servo motor  &nbsp;","og_url":"https:\/\/globalsew.com\/pt\/produto\/bt-500200-h-tb\/","og_site_name":"Global International B.V.","article_modified_time":"2024-05-22T07:42:37+00:00","og_image":[{"width":1819,"height":1080,"url":"https:\/\/globalsew.com\/wp-content\/uploads\/2017\/02\/products-BT500X200-H-TB-94-global-1080-website-2024.jpg","type":"image\/jpeg"}],"twitter_card":"summary_large_image","twitter_misc":{"Tempo estimado de leitura":"2 minutos"},"schema":{"@context":"https:\/\/schema.org","@graph":[{"@type":"WebPage","@id":"https:\/\/globalsew.com\/product\/bt-500200-h-tb\/","url":"https:\/\/globalsew.com\/product\/bt-500200-h-tb\/","name":"BT 500200 H-TB - Global International B.V.","isPartOf":{"@id":"https:\/\/globalsew.com\/#website"},"primaryImageOfPage":{"@id":"https:\/\/globalsew.com\/product\/bt-500200-h-tb\/#primaryimage"},"image":{"@id":"https:\/\/globalsew.com\/product\/bt-500200-h-tb\/#primaryimage"},"thumbnailUrl":"https:\/\/globalsew.com\/wp-content\/uploads\/2017\/02\/products-BT500X200-H-TB-94-global-1080-website-2024.jpg","datePublished":"2017-02-20T15:36:10+00:00","dateModified":"2024-05-22T07:42:37+00:00","breadcrumb":{"@id":"https:\/\/globalsew.com\/product\/bt-500200-h-tb\/#breadcrumb"},"inLanguage":"pt-PT","potentialAction":[{"@type":"ReadAction","target":["https:\/\/globalsew.com\/product\/bt-500200-h-tb\/"]}]},{"@type":"ImageObject","inLanguage":"pt-PT","@id":"https:\/\/globalsew.com\/product\/bt-500200-h-tb\/#primaryimage","url":"https:\/\/globalsew.com\/wp-content\/uploads\/2017\/02\/products-BT500X200-H-TB-94-global-1080-website-2024.jpg","contentUrl":"https:\/\/globalsew.com\/wp-content\/uploads\/2017\/02\/products-BT500X200-H-TB-94-global-1080-website-2024.jpg","width":1819,"height":1080},{"@type":"BreadcrumbList","@id":"https:\/\/globalsew.com\/product\/bt-500200-h-tb\/#breadcrumb","itemListElement":[{"@type":"ListItem","position":1,"name":"Home","item":"https:\/\/globalsew.com\/"},{"@type":"ListItem","position":2,"name":"Products","item":"https:\/\/globalsew.com\/products\/"},{"@type":"ListItem","position":3,"name":"BT 500200 H-TB"}]},{"@type":"WebSite","@id":"https:\/\/globalsew.com\/#website","url":"https:\/\/globalsew.com\/","name":"Global International B.V.","description":"M\u00e1quinas de costura industriais","potentialAction":[{"@type":"SearchAction","target":{"@type":"EntryPoint","urlTemplate":"https:\/\/globalsew.com\/?s={search_term_string}"},"query-input":{"@type":"PropertyValueSpecification","valueRequired":true,"valueName":"search_term_string"}}],"inLanguage":"pt-PT"}]}},"_links":{"self":[{"href":"https:\/\/globalsew.com\/pt\/wp-json\/wp\/v2\/product\/52946","targetHints":{"allow":["GET"]}}],"collection":[{"href":"https:\/\/globalsew.com\/pt\/wp-json\/wp\/v2\/product"}],"about":[{"href":"https:\/\/globalsew.com\/pt\/wp-json\/wp\/v2\/types\/product"}],"wp:featuredmedia":[{"embeddable":true,"href":"https:\/\/globalsew.com\/pt\/wp-json\/wp\/v2\/media\/105685"}],"wp:attachment":[{"href":"https:\/\/globalsew.com\/pt\/wp-json\/wp\/v2\/media?parent=52946"}],"wp:term":[{"taxonomy":"product_brand","embeddable":true,"href":"https:\/\/globalsew.com\/pt\/wp-json\/wp\/v2\/product_brand?post=52946"},{"taxonomy":"product_cat","embeddable":true,"href":"https:\/\/globalsew.com\/pt\/wp-json\/wp\/v2\/product_cat?post=52946"},{"taxonomy":"product_tag","embeddable":true,"href":"https:\/\/globalsew.com\/pt\/wp-json\/wp\/v2\/product_tag?post=52946"}],"curies":[{"name":"wp","href":"https:\/\/api.w.org\/{rel}","templated":true}]}}