{"id":48176,"date":"2017-02-15T11:28:59","date_gmt":"2017-02-15T10:28:59","guid":{"rendered":"https:\/\/globalsew.com\/?post_type=product&#038;p=48176"},"modified":"2024-05-22T09:40:18","modified_gmt":"2024-05-22T07:40:18","slug":"serie-cb-3700","status":"publish","type":"product","link":"https:\/\/globalsew.com\/pt\/product\/cb-3700-series\/","title":{"rendered":"S\u00e9rie CB 3700"},"content":{"rendered":"<div class=\"wpb-content-wrapper\"><div class=\"vc_row wpb_row vc_row-fluid\"><div class=\"wpb_column vc_column_container vc_col-sm-6\"><div class=\"vc_column-inner\"><div class=\"wpb_wrapper\">\n\t<div class=\"wpb_text_column wpb_content_element\" >\n\t\t<div class=\"wpb_wrapper\">\n\t\t\t<p><strong>CB 3703-64 BFC-DD<br \/>\n\u2013 <\/strong>M\u00e1quina de costura plana de alta velocidade, com 3 agulhas, lubrifica\u00e7\u00e3o autom\u00e1tica e alimenta\u00e7\u00e3o diferencial. Esta m\u00e1quina multifuncional \u00e9 adequada para costura simples geral, encaderna\u00e7\u00e3o de fitas e costura de capas. Todas as pe\u00e7as para estas variantes s\u00e3o fornecidas com este modelo. Equipada com motor de acionamento direto.<strong><br \/>\nCB 3703-56 AUT<\/strong><br \/>\n- M\u00e1quina de ponto cadeia de alta velocidade, com tr\u00eas agulhas, tampa superior e inferior, bra\u00e7o cil\u00edndrico, com lubrifica\u00e7\u00e3o totalmente autom\u00e1tica e alimenta\u00e7\u00e3o diferencial. A m\u00e1quina est\u00e1 equipada com cortador de linha inferior e superior, elevador de calcador (todos pneum\u00e1ticos) e servo motor Ho Hsing i60 de acionamento direto.<br \/>\n<strong>CB 3703-56 E-AUT<\/strong><br \/>\n- O mesmo que acima, mas todas as fun\u00e7\u00f5es s\u00e3o el\u00e9ctricas.<br \/>\n<strong>CB 3703-56 NA-AUT<br \/>\n<\/strong>- M\u00e1quina de costura de alta velocidade de bra\u00e7o cil\u00edndrico com tampa superior e inferior, incluindo caixa de controlo Ho Hsing. Esta m\u00e1quina de bra\u00e7o estreito tem cortador de linha inferior e superior e elevador de calcador (todos pneum\u00e1ticos) e est\u00e1 completa com servomotor Ho Hsing i60 de acionamento direto. Velocidade m\u00e1xima da m\u00e1quina 5000 SPM.<br \/>\n<strong>CB 3703-56 P-AUT<\/strong><br \/>\n- Igual ao CB 3703-56 AUT, mas equipado com um dispositivo de extra\u00e7\u00e3o.<br \/>\n<strong>CB 3753-56 RP-AUT<br \/>\n<\/strong>- M\u00e1quina de costura em cadeia de alta velocidade para a parte superior e inferior da tampa cil\u00edndrica. Esta m\u00e1quina est\u00e1 equipada com um puxador e rolos \u00e0 frente e atr\u00e1s para fixar fita el\u00e1stica na cintura de cuecas, boxers e ceroulas. Equipada de s\u00e9rie com servomotor Ho Hsing i60 de acionamento direto. Velocidade m\u00e1xima da m\u00e1quina 6000 SPM.<br \/>\n<strong>CB 3783-56 AUT<\/strong><br \/>\n- Igual \u00e0 CB 3703-56 AUT, mas equipada com um cortador de tecido para a esquerda.<\/p>\n\n\t\t<\/div>\n\t<\/div>\n<div class=\"vc_empty_space\"   style=\"height: 32px\"><span class=\"vc_empty_space_inner\"><\/span><\/div><\/div><\/div><\/div><div class=\"wpb_column vc_column_container vc_col-sm-6\"><div class=\"vc_column-inner\"><div class=\"wpb_wrapper\">\n\t<div class=\"wpb_text_column wpb_content_element\" >\n\t\t<div class=\"wpb_wrapper\">\n\t\t\t<p><a class=\"video-anchor\" name=\"video\"><\/a><\/p>\n\n\t\t<\/div>\n\t<\/div>\n\n\t<div class=\"wpb_video_widget wpb_content_element vc_clearfix   vc_video-aspect-ratio-169 vc_video-el-width-100 vc_video-align-left\" >\n\t\t<div class=\"wpb_wrapper\">\n\t\t\t\n\t\t\t<div class=\"wpb_video_wrapper\"><iframe title=\"GLOBAL CB 3803 - 56 NA - AUT - M\u00e1quina de costura de ponto cadeia de bra\u00e7o estreito para a ind\u00fastria de malhas\" width=\"500\" height=\"281\" src=\"https:\/\/www.youtube.com\/embed\/NHT_q2S9Ax8?feature=oembed\" frameborder=\"0\" allow=\"accelerometer; autoplay; clipboard-write; encrypted-media; gyroscope; picture-in-picture; web-share\" allowfullscreen><\/iframe><\/div>\n\t\t<\/div>\n\t<\/div>\n<div class=\"vc_empty_space\"   style=\"height: 32px\"><span class=\"vc_empty_space_inner\"><\/span><\/div>\n\t<div class=\"wpb_video_widget wpb_content_element vc_clearfix   vc_video-aspect-ratio-169 vc_video-el-width-100 vc_video-align-left\" >\n\t\t<div class=\"wpb_wrapper\">\n\t\t\t\n\t\t\t<div class=\"wpb_video_wrapper\"><iframe title=\"GLOBAL CB 3783 - 56 - AUT - M\u00e1quina de costura de 3 agulhas para pontos em cadeia com faca esquerda para coser roupa de banho\" width=\"500\" height=\"281\" src=\"https:\/\/www.youtube.com\/embed\/HD5Vgy29hO4?feature=oembed\" frameborder=\"0\" allow=\"accelerometer; autoplay; clipboard-write; encrypted-media; gyroscope; picture-in-picture; web-share\" allowfullscreen><\/iframe><\/div>\n\t\t<\/div>\n\t<\/div>\n<div class=\"vc_empty_space\"   style=\"height: 32px\"><span class=\"vc_empty_space_inner\"><\/span><\/div>\n\t<div class=\"wpb_video_widget wpb_content_element vc_clearfix   vc_video-aspect-ratio-169 vc_video-el-width-100 vc_video-align-left\" >\n\t\t<div class=\"wpb_wrapper\">\n\t\t\t\n\t\t\t<div class=\"wpb_video_wrapper\"><iframe title=\"Global CB 3700 series - M\u00e1quinas de costura de ponto em cadeia com cilindro\" width=\"500\" height=\"281\" src=\"https:\/\/www.youtube.com\/embed\/0jfFBKC9NeM?feature=oembed\" frameborder=\"0\" allow=\"accelerometer; autoplay; clipboard-write; encrypted-media; gyroscope; picture-in-picture; web-share\" allowfullscreen><\/iframe><\/div>\n\t\t<\/div>\n\t<\/div>\n<\/div><\/div><\/div><\/div>\n<\/div>","protected":false},"excerpt":{"rendered":"<p>Para descarregar, consulte a nossa p\u00e1gina de descarregamentos para o <a class=\"download-link\" href=\"https:\/\/globalsew.com\/pt\/descarregar\/cb-3700-serie-2\/\">M\u00e1quinas de leito cil\u00edndrico<\/a>.<\/p>","protected":false},"featured_media":106470,"template":"","meta":{"_acf_changed":false},"product_brand":[],"product_cat":[72,107,24],"product_tag":[],"class_list":{"0":"post-48176","1":"product","2":"type-product","3":"status-publish","4":"has-post-thumbnail","6":"product_cat-chainstitch-machine","7":"product_cat-chainstitch-machines","8":"product_cat-garment","9":"tm-has-options","11":"first","12":"instock","13":"shipping-taxable","14":"purchasable","15":"product-type-simple"},"acf":[],"gallery_images":[106474,106469,106471,106472,106473],"yoast_head":"<!-- This site is optimized with the Yoast SEO plugin v27.3 - https:\/\/yoast.com\/product\/yoast-seo-wordpress\/ -->\n<title>CB 3700 series - Global International B.V.<\/title>\n<meta name=\"robots\" content=\"index, follow, max-snippet:-1, max-image-preview:large, max-video-preview:-1\" \/>\n<link rel=\"canonical\" href=\"https:\/\/globalsew.com\/pt\/produto\/serie-cb-3700\/\" \/>\n<meta property=\"og:locale\" content=\"pt_PT\" \/>\n<meta property=\"og:type\" content=\"article\" \/>\n<meta property=\"og:title\" content=\"CB 3700 series - Global International B.V.\" \/>\n<meta property=\"og:description\" content=\"For downloads see our downloads page for the Cylinder bed machines.\" \/>\n<meta property=\"og:url\" content=\"https:\/\/globalsew.com\/pt\/produto\/serie-cb-3700\/\" \/>\n<meta property=\"og:site_name\" content=\"Global International B.V.\" \/>\n<meta property=\"article:modified_time\" content=\"2024-05-22T07:40:18+00:00\" \/>\n<meta property=\"og:image\" content=\"https:\/\/globalsew.com\/wp-content\/uploads\/2017\/10\/products-CB-3703-56-E-AUT-01-global-1080-website-2024.jpg\" \/>\n\t<meta property=\"og:image:width\" content=\"1819\" \/>\n\t<meta property=\"og:image:height\" content=\"1080\" \/>\n\t<meta property=\"og:image:type\" content=\"image\/jpeg\" \/>\n<meta name=\"twitter:card\" content=\"summary_large_image\" \/>\n<meta name=\"twitter:label1\" content=\"Tempo estimado de leitura\" \/>\n\t<meta name=\"twitter:data1\" content=\"2 minutos\" \/>\n<script type=\"application\/ld+json\" class=\"yoast-schema-graph\">{\"@context\":\"https:\\\/\\\/schema.org\",\"@graph\":[{\"@type\":\"WebPage\",\"@id\":\"https:\\\/\\\/globalsew.com\\\/product\\\/cb-3700-series\\\/\",\"url\":\"https:\\\/\\\/globalsew.com\\\/product\\\/cb-3700-series\\\/\",\"name\":\"CB 3700 series - Global International B.V.\",\"isPartOf\":{\"@id\":\"https:\\\/\\\/globalsew.com\\\/#website\"},\"primaryImageOfPage\":{\"@id\":\"https:\\\/\\\/globalsew.com\\\/product\\\/cb-3700-series\\\/#primaryimage\"},\"image\":{\"@id\":\"https:\\\/\\\/globalsew.com\\\/product\\\/cb-3700-series\\\/#primaryimage\"},\"thumbnailUrl\":\"https:\\\/\\\/globalsew.com\\\/wp-content\\\/uploads\\\/2017\\\/10\\\/products-CB-3703-56-E-AUT-01-global-1080-website-2024.jpg\",\"datePublished\":\"2017-02-15T10:28:59+00:00\",\"dateModified\":\"2024-05-22T07:40:18+00:00\",\"breadcrumb\":{\"@id\":\"https:\\\/\\\/globalsew.com\\\/product\\\/cb-3700-series\\\/#breadcrumb\"},\"inLanguage\":\"pt-PT\",\"potentialAction\":[{\"@type\":\"ReadAction\",\"target\":[\"https:\\\/\\\/globalsew.com\\\/product\\\/cb-3700-series\\\/\"]}]},{\"@type\":\"ImageObject\",\"inLanguage\":\"pt-PT\",\"@id\":\"https:\\\/\\\/globalsew.com\\\/product\\\/cb-3700-series\\\/#primaryimage\",\"url\":\"https:\\\/\\\/globalsew.com\\\/wp-content\\\/uploads\\\/2017\\\/10\\\/products-CB-3703-56-E-AUT-01-global-1080-website-2024.jpg\",\"contentUrl\":\"https:\\\/\\\/globalsew.com\\\/wp-content\\\/uploads\\\/2017\\\/10\\\/products-CB-3703-56-E-AUT-01-global-1080-website-2024.jpg\",\"width\":1819,\"height\":1080,\"caption\":\"CB3703-56 E-AUT\"},{\"@type\":\"BreadcrumbList\",\"@id\":\"https:\\\/\\\/globalsew.com\\\/product\\\/cb-3700-series\\\/#breadcrumb\",\"itemListElement\":[{\"@type\":\"ListItem\",\"position\":1,\"name\":\"Home\",\"item\":\"https:\\\/\\\/globalsew.com\\\/\"},{\"@type\":\"ListItem\",\"position\":2,\"name\":\"Products\",\"item\":\"https:\\\/\\\/globalsew.com\\\/products\\\/\"},{\"@type\":\"ListItem\",\"position\":3,\"name\":\"CB 3700 series\"}]},{\"@type\":\"WebSite\",\"@id\":\"https:\\\/\\\/globalsew.com\\\/#website\",\"url\":\"https:\\\/\\\/globalsew.com\\\/\",\"name\":\"Global International B.V.\",\"description\":\"Industrial Sewing Machines\",\"potentialAction\":[{\"@type\":\"SearchAction\",\"target\":{\"@type\":\"EntryPoint\",\"urlTemplate\":\"https:\\\/\\\/globalsew.com\\\/?s={search_term_string}\"},\"query-input\":{\"@type\":\"PropertyValueSpecification\",\"valueRequired\":true,\"valueName\":\"search_term_string\"}}],\"inLanguage\":\"pt-PT\"}]}<\/script>\n<!-- \/ Yoast SEO plugin. -->","yoast_head_json":{"title":"S\u00e9rie CB 3700 - Global International B.V.","robots":{"index":"index","follow":"follow","max-snippet":"max-snippet:-1","max-image-preview":"max-image-preview:large","max-video-preview":"max-video-preview:-1"},"canonical":"https:\/\/globalsew.com\/pt\/produto\/serie-cb-3700\/","og_locale":"pt_PT","og_type":"article","og_title":"CB 3700 series - Global International B.V.","og_description":"For downloads see our downloads page for the Cylinder bed machines.","og_url":"https:\/\/globalsew.com\/pt\/produto\/serie-cb-3700\/","og_site_name":"Global International B.V.","article_modified_time":"2024-05-22T07:40:18+00:00","og_image":[{"width":1819,"height":1080,"url":"https:\/\/globalsew.com\/wp-content\/uploads\/2017\/10\/products-CB-3703-56-E-AUT-01-global-1080-website-2024.jpg","type":"image\/jpeg"}],"twitter_card":"summary_large_image","twitter_misc":{"Tempo estimado de leitura":"2 minutos"},"schema":{"@context":"https:\/\/schema.org","@graph":[{"@type":"WebPage","@id":"https:\/\/globalsew.com\/product\/cb-3700-series\/","url":"https:\/\/globalsew.com\/product\/cb-3700-series\/","name":"S\u00e9rie CB 3700 - Global International B.V.","isPartOf":{"@id":"https:\/\/globalsew.com\/#website"},"primaryImageOfPage":{"@id":"https:\/\/globalsew.com\/product\/cb-3700-series\/#primaryimage"},"image":{"@id":"https:\/\/globalsew.com\/product\/cb-3700-series\/#primaryimage"},"thumbnailUrl":"https:\/\/globalsew.com\/wp-content\/uploads\/2017\/10\/products-CB-3703-56-E-AUT-01-global-1080-website-2024.jpg","datePublished":"2017-02-15T10:28:59+00:00","dateModified":"2024-05-22T07:40:18+00:00","breadcrumb":{"@id":"https:\/\/globalsew.com\/product\/cb-3700-series\/#breadcrumb"},"inLanguage":"pt-PT","potentialAction":[{"@type":"ReadAction","target":["https:\/\/globalsew.com\/product\/cb-3700-series\/"]}]},{"@type":"ImageObject","inLanguage":"pt-PT","@id":"https:\/\/globalsew.com\/product\/cb-3700-series\/#primaryimage","url":"https:\/\/globalsew.com\/wp-content\/uploads\/2017\/10\/products-CB-3703-56-E-AUT-01-global-1080-website-2024.jpg","contentUrl":"https:\/\/globalsew.com\/wp-content\/uploads\/2017\/10\/products-CB-3703-56-E-AUT-01-global-1080-website-2024.jpg","width":1819,"height":1080,"caption":"CB3703-56 E-AUT"},{"@type":"BreadcrumbList","@id":"https:\/\/globalsew.com\/product\/cb-3700-series\/#breadcrumb","itemListElement":[{"@type":"ListItem","position":1,"name":"Home","item":"https:\/\/globalsew.com\/"},{"@type":"ListItem","position":2,"name":"Products","item":"https:\/\/globalsew.com\/products\/"},{"@type":"ListItem","position":3,"name":"CB 3700 series"}]},{"@type":"WebSite","@id":"https:\/\/globalsew.com\/#website","url":"https:\/\/globalsew.com\/","name":"Global International B.V.","description":"M\u00e1quinas de costura industriais","potentialAction":[{"@type":"SearchAction","target":{"@type":"EntryPoint","urlTemplate":"https:\/\/globalsew.com\/?s={search_term_string}"},"query-input":{"@type":"PropertyValueSpecification","valueRequired":true,"valueName":"search_term_string"}}],"inLanguage":"pt-PT"}]}},"_links":{"self":[{"href":"https:\/\/globalsew.com\/pt\/wp-json\/wp\/v2\/product\/48176","targetHints":{"allow":["GET"]}}],"collection":[{"href":"https:\/\/globalsew.com\/pt\/wp-json\/wp\/v2\/product"}],"about":[{"href":"https:\/\/globalsew.com\/pt\/wp-json\/wp\/v2\/types\/product"}],"wp:featuredmedia":[{"embeddable":true,"href":"https:\/\/globalsew.com\/pt\/wp-json\/wp\/v2\/media\/106470"}],"wp:attachment":[{"href":"https:\/\/globalsew.com\/pt\/wp-json\/wp\/v2\/media?parent=48176"}],"wp:term":[{"taxonomy":"product_brand","embeddable":true,"href":"https:\/\/globalsew.com\/pt\/wp-json\/wp\/v2\/product_brand?post=48176"},{"taxonomy":"product_cat","embeddable":true,"href":"https:\/\/globalsew.com\/pt\/wp-json\/wp\/v2\/product_cat?post=48176"},{"taxonomy":"product_tag","embeddable":true,"href":"https:\/\/globalsew.com\/pt\/wp-json\/wp\/v2\/product_tag?post=48176"}],"curies":[{"name":"wp","href":"https:\/\/api.w.org\/{rel}","templated":true}]}}