{"id":21503,"date":"2017-02-09T15:41:37","date_gmt":"2017-02-09T14:41:37","guid":{"rendered":"https:\/\/globalsew.com\/?post_type=product&#038;p=21503"},"modified":"2024-05-22T09:38:02","modified_gmt":"2024-05-22T07:38:02","slug":"ov-400-dd-serie-aut","status":"publish","type":"product","link":"https:\/\/globalsew.com\/pt\/product\/ov-400-dd-aut-series\/","title":{"rendered":"S\u00e9rie OV 400 DD-AUT"},"content":{"rendered":"<div class=\"wpb-content-wrapper\"><div class=\"vc_row wpb_row vc_row-fluid\"><div class=\"wpb_column vc_column_container vc_col-sm-6\"><div class=\"vc_column-inner\"><div class=\"wpb_wrapper\">\n\t<div class=\"wpb_text_column wpb_content_element\" >\n\t\t<div class=\"wpb_wrapper\">\n\t\t\t<h2>M\u00e1quinas de overloque de acionamento direto<\/h2>\n<p><strong>OV 404-040 DD-AUT<\/strong><br \/>\nM\u00e1quina de overloque de 3 fios, agulha \u00fanica, acionamento direto, com servomotor e caixa de controlo incorporados. Equipada com corta-corrente vertical, dispositivo de aspira\u00e7\u00e3o, elevador do calcador, c\u00e9lula fotoel\u00e9ctrica para regular o dispositivo de poupan\u00e7a de ar (tudo pneum\u00e1tico) e lubrifica\u00e7\u00e3o totalmente autom\u00e1tica. Velocidade m\u00e1xima da m\u00e1quina 6500 SPM<\/p>\n<p><strong>OV 414-240 DD-AUT<\/strong><br \/>\nM\u00e1quina de overloque de 2 agulhas e 4 linhas com acionamento direto, com servomotor e caixa de controlo incorporados. Bitola da agulha 2 mm, largura da borda 4 mm (total 6 mm). Equipada com corta-corrente vertical, dispositivo de aspira\u00e7\u00e3o, elevador do calcador, c\u00e9lula fotoel\u00e9ctrica para regular o dispositivo de poupan\u00e7a de ar (tudo pneum\u00e1tico) e lubrifica\u00e7\u00e3o totalmente autom\u00e1tica. Velocidade m\u00e1xima da m\u00e1quina 6500 SPM<\/p>\n<p><strong>OV 416-350 DD-AUT<\/strong><br \/>\nM\u00e1quina de overloque de 2 agulhas e 5 linhas de transmiss\u00e3o direta com mini servomotor e caixa de controlo incorporados. Calibre da agulha de 3 mm, largura da borda de 5 mm (total 8 mm). Equipada com corta-corrente horizontal, dispositivo de aspira\u00e7\u00e3o, elevador do calcador, c\u00e9lula fotoel\u00e9ctrica para regular o dispositivo de poupan\u00e7a de ar (tudo pneum\u00e1tico) e lubrifica\u00e7\u00e3o totalmente autom\u00e1tica. Velocidade m\u00e1xima da m\u00e1quina 6500 SPM<\/p>\n<p><strong>OV 416-550 DD-AUT<\/strong><br \/>\nM\u00e1quina de overloque de 2 agulhas e 5 linhas com acionamento direto, com servomotor e caixa de controlo incorporados. Calibre das agulhas 5 mm, largura da borda 5 mm (total 10 mm). Equipada com corta-corrente horizontal, dispositivo de aspira\u00e7\u00e3o, elevador do calcador, c\u00e9lula fotoel\u00e9ctrica para regular o dispositivo de poupan\u00e7a de ar (tudo pneum\u00e1tico) e lubrifica\u00e7\u00e3o totalmente autom\u00e1tica. Velocidade m\u00e1xima da m\u00e1quina 6500 SPM<\/p>\n<p><strong>OV 416-558 DD-AUT<\/strong><br \/>\nM\u00e1quina de overloque de acionamento direto com 2 agulhas e 5 linhas de ponto de seguran\u00e7a, com eleva\u00e7\u00e3o elevada e p\u00e9 trator para trabalhos extra pesados, com servomotor e caixa de controlo incorporados. Calibre da agulha 5 mm, largura da borda 5 mm (total 10 mm). Equipada com corta-corrente horizontal, dispositivo de aspira\u00e7\u00e3o, elevador do calcador, c\u00e9lula fotoel\u00e9ctrica para regular o dispositivo de poupan\u00e7a de ar (tudo pneum\u00e1tico) e lubrifica\u00e7\u00e3o totalmente autom\u00e1tica. Velocidade m\u00e1xima da m\u00e1quina 6000 SPM<\/p>\n\n\t\t<\/div>\n\t<\/div>\n<\/div><\/div><\/div><div class=\"wpb_column vc_column_container vc_col-sm-6\"><div class=\"vc_column-inner\"><div class=\"wpb_wrapper\">\n\t<div class=\"wpb_text_column wpb_content_element\" >\n\t\t<div class=\"wpb_wrapper\">\n\t\t\t<p><a class=\"video-anchor\" name=\"video\"><\/a><\/p>\n\n\t\t<\/div>\n\t<\/div>\n\n\t<div class=\"wpb_video_widget wpb_content_element vc_clearfix   vc_video-aspect-ratio-169 vc_video-el-width-100 vc_video-align-left\" >\n\t\t<div class=\"wpb_wrapper\">\n\t\t\t\n\t\t\t<div class=\"wpb_video_wrapper\"><iframe title=\"Global OV 414 240 DD AUT- M\u00e1quinas de overloque de alta velocidade com acionamento direto.\" width=\"500\" height=\"281\" src=\"https:\/\/www.youtube.com\/embed\/X9R5DCEffGk?feature=oembed\" frameborder=\"0\" allow=\"accelerometer; autoplay; clipboard-write; encrypted-media; gyroscope; picture-in-picture; web-share\" allowfullscreen><\/iframe><\/div>\n\t\t<\/div>\n\t<\/div>\n<\/div><\/div><\/div><\/div>\n<\/div>","protected":false},"excerpt":{"rendered":"<p>Para descarregar, consulte a nossa p\u00e1gina de descarregamentos para o <a class=\"download-link\" href=\"https:\/\/globalsew.com\/pt\/descarregar\/serie-ov-400\/\">overlock s\u00e9rie OV 400<\/a>.<\/p>\n<div class=\"col-md-4\"><a href=\"#video\"><img decoding=\"async\" src=\"https:\/\/globalsew.com\/wp-content\/uploads\/2017\/11\/youtube-logo-4.png\" width=\"60px\" height=\"42px\" \/><\/a><\/div>","protected":false},"featured_media":105388,"template":"","meta":{"_acf_changed":false},"product_brand":[],"product_cat":[24,118,109],"product_tag":[],"class_list":{"0":"post-21503","1":"product","2":"type-product","3":"status-publish","4":"has-post-thumbnail","6":"product_cat-garment","7":"product_cat-overlock-machines-overlock-machines","8":"product_cat-overlock-machines","9":"tm-has-options","11":"first","12":"instock","13":"shipping-taxable","14":"purchasable","15":"product-type-simple"},"acf":[],"gallery_images":[105756,105391,105390],"yoast_head":"<!-- This site is optimized with the Yoast SEO plugin v27.3 - https:\/\/yoast.com\/product\/yoast-seo-wordpress\/ -->\n<title>OV 400 DD-AUT Series - Global International B.V.<\/title>\n<meta name=\"robots\" content=\"index, follow, max-snippet:-1, max-image-preview:large, max-video-preview:-1\" \/>\n<link rel=\"canonical\" href=\"https:\/\/globalsew.com\/pt\/produto\/ov-400-dd-serie-aut\/\" \/>\n<meta property=\"og:locale\" content=\"pt_PT\" \/>\n<meta property=\"og:type\" content=\"article\" \/>\n<meta property=\"og:title\" content=\"OV 400 DD-AUT Series - Global International B.V.\" \/>\n<meta property=\"og:description\" content=\"For downloads see our downloads page for the overlock OV 400 series.\" \/>\n<meta property=\"og:url\" content=\"https:\/\/globalsew.com\/pt\/produto\/ov-400-dd-serie-aut\/\" \/>\n<meta property=\"og:site_name\" content=\"Global International B.V.\" \/>\n<meta property=\"article:modified_time\" content=\"2024-05-22T07:38:02+00:00\" \/>\n<meta property=\"og:image\" content=\"https:\/\/globalsew.com\/wp-content\/uploads\/2017\/02\/products-OV-416-558-DD-AUT-43-global-1080-website-2024.jpg\" \/>\n\t<meta property=\"og:image:width\" content=\"1819\" \/>\n\t<meta property=\"og:image:height\" content=\"1080\" \/>\n\t<meta property=\"og:image:type\" content=\"image\/jpeg\" \/>\n<meta name=\"twitter:card\" content=\"summary_large_image\" \/>\n<meta name=\"twitter:label1\" content=\"Tempo estimado de leitura\" \/>\n\t<meta name=\"twitter:data1\" content=\"2 minutos\" \/>\n<script type=\"application\/ld+json\" class=\"yoast-schema-graph\">{\"@context\":\"https:\\\/\\\/schema.org\",\"@graph\":[{\"@type\":\"WebPage\",\"@id\":\"https:\\\/\\\/globalsew.com\\\/product\\\/ov-400-dd-aut-series\\\/\",\"url\":\"https:\\\/\\\/globalsew.com\\\/product\\\/ov-400-dd-aut-series\\\/\",\"name\":\"OV 400 DD-AUT Series - Global International B.V.\",\"isPartOf\":{\"@id\":\"https:\\\/\\\/globalsew.com\\\/#website\"},\"primaryImageOfPage\":{\"@id\":\"https:\\\/\\\/globalsew.com\\\/product\\\/ov-400-dd-aut-series\\\/#primaryimage\"},\"image\":{\"@id\":\"https:\\\/\\\/globalsew.com\\\/product\\\/ov-400-dd-aut-series\\\/#primaryimage\"},\"thumbnailUrl\":\"https:\\\/\\\/globalsew.com\\\/wp-content\\\/uploads\\\/2017\\\/02\\\/products-OV-416-558-DD-AUT-43-global-1080-website-2024.jpg\",\"datePublished\":\"2017-02-09T14:41:37+00:00\",\"dateModified\":\"2024-05-22T07:38:02+00:00\",\"breadcrumb\":{\"@id\":\"https:\\\/\\\/globalsew.com\\\/product\\\/ov-400-dd-aut-series\\\/#breadcrumb\"},\"inLanguage\":\"pt-PT\",\"potentialAction\":[{\"@type\":\"ReadAction\",\"target\":[\"https:\\\/\\\/globalsew.com\\\/product\\\/ov-400-dd-aut-series\\\/\"]}]},{\"@type\":\"ImageObject\",\"inLanguage\":\"pt-PT\",\"@id\":\"https:\\\/\\\/globalsew.com\\\/product\\\/ov-400-dd-aut-series\\\/#primaryimage\",\"url\":\"https:\\\/\\\/globalsew.com\\\/wp-content\\\/uploads\\\/2017\\\/02\\\/products-OV-416-558-DD-AUT-43-global-1080-website-2024.jpg\",\"contentUrl\":\"https:\\\/\\\/globalsew.com\\\/wp-content\\\/uploads\\\/2017\\\/02\\\/products-OV-416-558-DD-AUT-43-global-1080-website-2024.jpg\",\"width\":1819,\"height\":1080,\"caption\":\"OV 416-558 DD-AUT\"},{\"@type\":\"BreadcrumbList\",\"@id\":\"https:\\\/\\\/globalsew.com\\\/product\\\/ov-400-dd-aut-series\\\/#breadcrumb\",\"itemListElement\":[{\"@type\":\"ListItem\",\"position\":1,\"name\":\"Home\",\"item\":\"https:\\\/\\\/globalsew.com\\\/\"},{\"@type\":\"ListItem\",\"position\":2,\"name\":\"Products\",\"item\":\"https:\\\/\\\/globalsew.com\\\/products\\\/\"},{\"@type\":\"ListItem\",\"position\":3,\"name\":\"OV 400 DD-AUT Series\"}]},{\"@type\":\"WebSite\",\"@id\":\"https:\\\/\\\/globalsew.com\\\/#website\",\"url\":\"https:\\\/\\\/globalsew.com\\\/\",\"name\":\"Global International B.V.\",\"description\":\"Industrial Sewing Machines\",\"potentialAction\":[{\"@type\":\"SearchAction\",\"target\":{\"@type\":\"EntryPoint\",\"urlTemplate\":\"https:\\\/\\\/globalsew.com\\\/?s={search_term_string}\"},\"query-input\":{\"@type\":\"PropertyValueSpecification\",\"valueRequired\":true,\"valueName\":\"search_term_string\"}}],\"inLanguage\":\"pt-PT\"}]}<\/script>\n<!-- \/ Yoast SEO plugin. -->","yoast_head_json":{"title":"S\u00e9rie OV 400 DD-AUT - Global International B.V.","robots":{"index":"index","follow":"follow","max-snippet":"max-snippet:-1","max-image-preview":"max-image-preview:large","max-video-preview":"max-video-preview:-1"},"canonical":"https:\/\/globalsew.com\/pt\/produto\/ov-400-dd-serie-aut\/","og_locale":"pt_PT","og_type":"article","og_title":"OV 400 DD-AUT Series - Global International B.V.","og_description":"For downloads see our downloads page for the overlock OV 400 series.","og_url":"https:\/\/globalsew.com\/pt\/produto\/ov-400-dd-serie-aut\/","og_site_name":"Global International B.V.","article_modified_time":"2024-05-22T07:38:02+00:00","og_image":[{"width":1819,"height":1080,"url":"https:\/\/globalsew.com\/wp-content\/uploads\/2017\/02\/products-OV-416-558-DD-AUT-43-global-1080-website-2024.jpg","type":"image\/jpeg"}],"twitter_card":"summary_large_image","twitter_misc":{"Tempo estimado de leitura":"2 minutos"},"schema":{"@context":"https:\/\/schema.org","@graph":[{"@type":"WebPage","@id":"https:\/\/globalsew.com\/product\/ov-400-dd-aut-series\/","url":"https:\/\/globalsew.com\/product\/ov-400-dd-aut-series\/","name":"S\u00e9rie OV 400 DD-AUT - Global International B.V.","isPartOf":{"@id":"https:\/\/globalsew.com\/#website"},"primaryImageOfPage":{"@id":"https:\/\/globalsew.com\/product\/ov-400-dd-aut-series\/#primaryimage"},"image":{"@id":"https:\/\/globalsew.com\/product\/ov-400-dd-aut-series\/#primaryimage"},"thumbnailUrl":"https:\/\/globalsew.com\/wp-content\/uploads\/2017\/02\/products-OV-416-558-DD-AUT-43-global-1080-website-2024.jpg","datePublished":"2017-02-09T14:41:37+00:00","dateModified":"2024-05-22T07:38:02+00:00","breadcrumb":{"@id":"https:\/\/globalsew.com\/product\/ov-400-dd-aut-series\/#breadcrumb"},"inLanguage":"pt-PT","potentialAction":[{"@type":"ReadAction","target":["https:\/\/globalsew.com\/product\/ov-400-dd-aut-series\/"]}]},{"@type":"ImageObject","inLanguage":"pt-PT","@id":"https:\/\/globalsew.com\/product\/ov-400-dd-aut-series\/#primaryimage","url":"https:\/\/globalsew.com\/wp-content\/uploads\/2017\/02\/products-OV-416-558-DD-AUT-43-global-1080-website-2024.jpg","contentUrl":"https:\/\/globalsew.com\/wp-content\/uploads\/2017\/02\/products-OV-416-558-DD-AUT-43-global-1080-website-2024.jpg","width":1819,"height":1080,"caption":"OV 416-558 DD-AUT"},{"@type":"BreadcrumbList","@id":"https:\/\/globalsew.com\/product\/ov-400-dd-aut-series\/#breadcrumb","itemListElement":[{"@type":"ListItem","position":1,"name":"Home","item":"https:\/\/globalsew.com\/"},{"@type":"ListItem","position":2,"name":"Products","item":"https:\/\/globalsew.com\/products\/"},{"@type":"ListItem","position":3,"name":"OV 400 DD-AUT Series"}]},{"@type":"WebSite","@id":"https:\/\/globalsew.com\/#website","url":"https:\/\/globalsew.com\/","name":"Global International B.V.","description":"M\u00e1quinas de costura industriais","potentialAction":[{"@type":"SearchAction","target":{"@type":"EntryPoint","urlTemplate":"https:\/\/globalsew.com\/?s={search_term_string}"},"query-input":{"@type":"PropertyValueSpecification","valueRequired":true,"valueName":"search_term_string"}}],"inLanguage":"pt-PT"}]}},"_links":{"self":[{"href":"https:\/\/globalsew.com\/pt\/wp-json\/wp\/v2\/product\/21503","targetHints":{"allow":["GET"]}}],"collection":[{"href":"https:\/\/globalsew.com\/pt\/wp-json\/wp\/v2\/product"}],"about":[{"href":"https:\/\/globalsew.com\/pt\/wp-json\/wp\/v2\/types\/product"}],"wp:featuredmedia":[{"embeddable":true,"href":"https:\/\/globalsew.com\/pt\/wp-json\/wp\/v2\/media\/105388"}],"wp:attachment":[{"href":"https:\/\/globalsew.com\/pt\/wp-json\/wp\/v2\/media?parent=21503"}],"wp:term":[{"taxonomy":"product_brand","embeddable":true,"href":"https:\/\/globalsew.com\/pt\/wp-json\/wp\/v2\/product_brand?post=21503"},{"taxonomy":"product_cat","embeddable":true,"href":"https:\/\/globalsew.com\/pt\/wp-json\/wp\/v2\/product_cat?post=21503"},{"taxonomy":"product_tag","embeddable":true,"href":"https:\/\/globalsew.com\/pt\/wp-json\/wp\/v2\/product_tag?post=21503"}],"curies":[{"name":"wp","href":"https:\/\/api.w.org\/{rel}","templated":true}]}}