{"id":15047,"date":"2017-02-08T12:45:09","date_gmt":"2017-02-08T11:45:09","guid":{"rendered":"https:\/\/globalsew.com\/?post_type=product&#038;p=15047"},"modified":"2024-05-22T09:35:01","modified_gmt":"2024-05-22T07:35:01","slug":"zz-509","status":"publish","type":"product","link":"https:\/\/globalsew.com\/pt\/product\/zz-509\/","title":{"rendered":"ZZ 509 DD"},"content":{"rendered":"<p><strong>ZZ 509 DD<br \/>\n<\/strong>- M\u00e1quina de ziguezague de bra\u00e7o curto com motor de acionamento direto. Esta m\u00e1quina \u00e9 vers\u00e1til para trabalhos de alfaiataria de uso geral e tem um ponto em ziguezague de 9 mm de largura. A m\u00e1quina tem lubrifica\u00e7\u00e3o manual. Velocidade m\u00e1xima da m\u00e1quina 2000 spm, dependendo da largura do ziguezague.<\/p>\n<p>&nbsp;<\/p>\n<p>&nbsp;<\/p>\n<p><img decoding=\"async\" class=\"alignnone size-full wp-image-94796\" src=\"https:\/\/globalsew.com\/wp-content\/uploads\/2017\/11\/koban-xs-global.jpg\" alt=\"\" width=\"73\" height=\"68\" \/>\u00a0 \u00a0 \u00a0 \u00a0 \u00a0 \u00a0 \u00a0 \u00a0 \u00a0 \u00a0 \u00a0 \u00a0 \u00a0 \u00a0 \u00a0 \u00a0 \u00a0 \u00a0 \u00a0 \u00a0 \u00a0 \u00a0 \u00a0 \u00a0 \u00a0 \u00a0 \u00a0 \u00a0 \u00a0 \u00a0 \u00a0 \u00a0 \u00a0 \u00a0 \u00a0 \u00a0 \u00a0 \u00a0 \u00a0 \u00a0 \u00a0 \u00a0 \u00a0 \u00a0 \u00a0 \u00a0 \u00a0 \u00a0 \u00a0 \u00a0 \u00a0<img decoding=\"async\" class=\"alignnone size-full wp-image-94794\" src=\"https:\/\/globalsew.com\/wp-content\/uploads\/2017\/04\/eac-xs-global.jpg\" alt=\"\" width=\"73\" height=\"68\" \/>\u00a0 <img decoding=\"async\" class=\"alignnone size-full wp-image-94793\" src=\"https:\/\/globalsew.com\/wp-content\/uploads\/2017\/04\/ce-xs-global.jpg\" alt=\"\" width=\"73\" height=\"68\" \/><\/p>","protected":false},"excerpt":{"rendered":"<p>Para descarregar, consulte a nossa p\u00e1gina de descarregamentos para o <a class=\"download-link\" href=\"https:\/\/globalsew.com\/pt\/descarregar\/zz-509-maquina-de-ziguezague\/\">ZZ 509 s\u00e9rie zig-zag<\/a>.<\/p>","protected":false},"featured_media":105444,"template":"","meta":{"_acf_changed":false},"product_brand":[],"product_cat":[24,377],"product_tag":[],"class_list":{"0":"post-15047","1":"product","2":"type-product","3":"status-publish","4":"has-post-thumbnail","6":"product_cat-garment","7":"product_cat-zig-zag-machines-garment","8":"tm-has-options","10":"first","11":"instock","12":"shipping-taxable","13":"purchasable","14":"product-type-simple"},"acf":[],"gallery_images":[105445,105446,105443],"yoast_head":"<!-- This site is optimized with the Yoast SEO plugin v27.3 - https:\/\/yoast.com\/product\/yoast-seo-wordpress\/ -->\n<title>ZZ 509 DD - Global International B.V.<\/title>\n<meta name=\"robots\" content=\"index, follow, max-snippet:-1, max-image-preview:large, max-video-preview:-1\" \/>\n<link rel=\"canonical\" href=\"https:\/\/globalsew.com\/pt\/produto\/zz-509\/\" \/>\n<meta property=\"og:locale\" content=\"pt_PT\" \/>\n<meta property=\"og:type\" content=\"article\" \/>\n<meta property=\"og:title\" content=\"ZZ 509 DD - Global International B.V.\" \/>\n<meta property=\"og:description\" content=\"For downloads see our downloads page for the ZZ 509 zig-zag series.\" \/>\n<meta property=\"og:url\" content=\"https:\/\/globalsew.com\/pt\/produto\/zz-509\/\" \/>\n<meta property=\"og:site_name\" content=\"Global International B.V.\" \/>\n<meta property=\"article:modified_time\" content=\"2024-05-22T07:35:01+00:00\" \/>\n<meta property=\"og:image\" content=\"https:\/\/globalsew.com\/wp-content\/uploads\/2017\/02\/products-ZZ-509-DD-392-global-1080-website-2024.jpg\" \/>\n\t<meta property=\"og:image:width\" content=\"1819\" \/>\n\t<meta property=\"og:image:height\" content=\"1080\" \/>\n\t<meta property=\"og:image:type\" content=\"image\/jpeg\" \/>\n<meta name=\"twitter:card\" content=\"summary_large_image\" \/>\n<meta name=\"twitter:label1\" content=\"Tempo estimado de leitura\" \/>\n\t<meta name=\"twitter:data1\" content=\"1 minuto\" \/>\n<script type=\"application\/ld+json\" class=\"yoast-schema-graph\">{\"@context\":\"https:\\\/\\\/schema.org\",\"@graph\":[{\"@type\":\"WebPage\",\"@id\":\"https:\\\/\\\/globalsew.com\\\/product\\\/zz-509\\\/\",\"url\":\"https:\\\/\\\/globalsew.com\\\/product\\\/zz-509\\\/\",\"name\":\"ZZ 509 DD - Global International B.V.\",\"isPartOf\":{\"@id\":\"https:\\\/\\\/globalsew.com\\\/#website\"},\"primaryImageOfPage\":{\"@id\":\"https:\\\/\\\/globalsew.com\\\/product\\\/zz-509\\\/#primaryimage\"},\"image\":{\"@id\":\"https:\\\/\\\/globalsew.com\\\/product\\\/zz-509\\\/#primaryimage\"},\"thumbnailUrl\":\"https:\\\/\\\/globalsew.com\\\/wp-content\\\/uploads\\\/2017\\\/02\\\/products-ZZ-509-DD-392-global-1080-website-2024.jpg\",\"datePublished\":\"2017-02-08T11:45:09+00:00\",\"dateModified\":\"2024-05-22T07:35:01+00:00\",\"breadcrumb\":{\"@id\":\"https:\\\/\\\/globalsew.com\\\/product\\\/zz-509\\\/#breadcrumb\"},\"inLanguage\":\"pt-PT\",\"potentialAction\":[{\"@type\":\"ReadAction\",\"target\":[\"https:\\\/\\\/globalsew.com\\\/product\\\/zz-509\\\/\"]}]},{\"@type\":\"ImageObject\",\"inLanguage\":\"pt-PT\",\"@id\":\"https:\\\/\\\/globalsew.com\\\/product\\\/zz-509\\\/#primaryimage\",\"url\":\"https:\\\/\\\/globalsew.com\\\/wp-content\\\/uploads\\\/2017\\\/02\\\/products-ZZ-509-DD-392-global-1080-website-2024.jpg\",\"contentUrl\":\"https:\\\/\\\/globalsew.com\\\/wp-content\\\/uploads\\\/2017\\\/02\\\/products-ZZ-509-DD-392-global-1080-website-2024.jpg\",\"width\":1819,\"height\":1080,\"caption\":\"ZZ 509 DD\"},{\"@type\":\"BreadcrumbList\",\"@id\":\"https:\\\/\\\/globalsew.com\\\/product\\\/zz-509\\\/#breadcrumb\",\"itemListElement\":[{\"@type\":\"ListItem\",\"position\":1,\"name\":\"Home\",\"item\":\"https:\\\/\\\/globalsew.com\\\/\"},{\"@type\":\"ListItem\",\"position\":2,\"name\":\"Products\",\"item\":\"https:\\\/\\\/globalsew.com\\\/products\\\/\"},{\"@type\":\"ListItem\",\"position\":3,\"name\":\"ZZ 509 DD\"}]},{\"@type\":\"WebSite\",\"@id\":\"https:\\\/\\\/globalsew.com\\\/#website\",\"url\":\"https:\\\/\\\/globalsew.com\\\/\",\"name\":\"Global International B.V.\",\"description\":\"Industrial Sewing Machines\",\"potentialAction\":[{\"@type\":\"SearchAction\",\"target\":{\"@type\":\"EntryPoint\",\"urlTemplate\":\"https:\\\/\\\/globalsew.com\\\/?s={search_term_string}\"},\"query-input\":{\"@type\":\"PropertyValueSpecification\",\"valueRequired\":true,\"valueName\":\"search_term_string\"}}],\"inLanguage\":\"pt-PT\"}]}<\/script>\n<!-- \/ Yoast SEO plugin. -->","yoast_head_json":{"title":"ZZ 509 DD - Global International B.V.","robots":{"index":"index","follow":"follow","max-snippet":"max-snippet:-1","max-image-preview":"max-image-preview:large","max-video-preview":"max-video-preview:-1"},"canonical":"https:\/\/globalsew.com\/pt\/produto\/zz-509\/","og_locale":"pt_PT","og_type":"article","og_title":"ZZ 509 DD - Global International B.V.","og_description":"For downloads see our downloads page for the ZZ 509 zig-zag series.","og_url":"https:\/\/globalsew.com\/pt\/produto\/zz-509\/","og_site_name":"Global International B.V.","article_modified_time":"2024-05-22T07:35:01+00:00","og_image":[{"width":1819,"height":1080,"url":"https:\/\/globalsew.com\/wp-content\/uploads\/2017\/02\/products-ZZ-509-DD-392-global-1080-website-2024.jpg","type":"image\/jpeg"}],"twitter_card":"summary_large_image","twitter_misc":{"Tempo estimado de leitura":"1 minuto"},"schema":{"@context":"https:\/\/schema.org","@graph":[{"@type":"WebPage","@id":"https:\/\/globalsew.com\/product\/zz-509\/","url":"https:\/\/globalsew.com\/product\/zz-509\/","name":"ZZ 509 DD - Global International B.V.","isPartOf":{"@id":"https:\/\/globalsew.com\/#website"},"primaryImageOfPage":{"@id":"https:\/\/globalsew.com\/product\/zz-509\/#primaryimage"},"image":{"@id":"https:\/\/globalsew.com\/product\/zz-509\/#primaryimage"},"thumbnailUrl":"https:\/\/globalsew.com\/wp-content\/uploads\/2017\/02\/products-ZZ-509-DD-392-global-1080-website-2024.jpg","datePublished":"2017-02-08T11:45:09+00:00","dateModified":"2024-05-22T07:35:01+00:00","breadcrumb":{"@id":"https:\/\/globalsew.com\/product\/zz-509\/#breadcrumb"},"inLanguage":"pt-PT","potentialAction":[{"@type":"ReadAction","target":["https:\/\/globalsew.com\/product\/zz-509\/"]}]},{"@type":"ImageObject","inLanguage":"pt-PT","@id":"https:\/\/globalsew.com\/product\/zz-509\/#primaryimage","url":"https:\/\/globalsew.com\/wp-content\/uploads\/2017\/02\/products-ZZ-509-DD-392-global-1080-website-2024.jpg","contentUrl":"https:\/\/globalsew.com\/wp-content\/uploads\/2017\/02\/products-ZZ-509-DD-392-global-1080-website-2024.jpg","width":1819,"height":1080,"caption":"ZZ 509 DD"},{"@type":"BreadcrumbList","@id":"https:\/\/globalsew.com\/product\/zz-509\/#breadcrumb","itemListElement":[{"@type":"ListItem","position":1,"name":"Home","item":"https:\/\/globalsew.com\/"},{"@type":"ListItem","position":2,"name":"Products","item":"https:\/\/globalsew.com\/products\/"},{"@type":"ListItem","position":3,"name":"ZZ 509 DD"}]},{"@type":"WebSite","@id":"https:\/\/globalsew.com\/#website","url":"https:\/\/globalsew.com\/","name":"Global International B.V.","description":"M\u00e1quinas de costura industriais","potentialAction":[{"@type":"SearchAction","target":{"@type":"EntryPoint","urlTemplate":"https:\/\/globalsew.com\/?s={search_term_string}"},"query-input":{"@type":"PropertyValueSpecification","valueRequired":true,"valueName":"search_term_string"}}],"inLanguage":"pt-PT"}]}},"_links":{"self":[{"href":"https:\/\/globalsew.com\/pt\/wp-json\/wp\/v2\/product\/15047","targetHints":{"allow":["GET"]}}],"collection":[{"href":"https:\/\/globalsew.com\/pt\/wp-json\/wp\/v2\/product"}],"about":[{"href":"https:\/\/globalsew.com\/pt\/wp-json\/wp\/v2\/types\/product"}],"wp:featuredmedia":[{"embeddable":true,"href":"https:\/\/globalsew.com\/pt\/wp-json\/wp\/v2\/media\/105444"}],"wp:attachment":[{"href":"https:\/\/globalsew.com\/pt\/wp-json\/wp\/v2\/media?parent=15047"}],"wp:term":[{"taxonomy":"product_brand","embeddable":true,"href":"https:\/\/globalsew.com\/pt\/wp-json\/wp\/v2\/product_brand?post=15047"},{"taxonomy":"product_cat","embeddable":true,"href":"https:\/\/globalsew.com\/pt\/wp-json\/wp\/v2\/product_cat?post=15047"},{"taxonomy":"product_tag","embeddable":true,"href":"https:\/\/globalsew.com\/pt\/wp-json\/wp\/v2\/product_tag?post=15047"}],"curies":[{"name":"wp","href":"https:\/\/api.w.org\/{rel}","templated":true}]}}