{"id":115403,"date":"2026-05-06T12:11:15","date_gmt":"2026-05-06T10:11:15","guid":{"rendered":"https:\/\/globalsew.com\/?post_type=product&#038;p=115403"},"modified":"2026-05-06T12:11:15","modified_gmt":"2026-05-06T10:11:15","slug":"da-767-kfa-573","status":"publish","type":"product","link":"https:\/\/globalsew.com\/pt\/product\/da-767-kfa-573\/","title":{"rendered":"DA 767-KFA-573"},"content":{"rendered":"","protected":false},"excerpt":{"rendered":"<p>M\u00e1quina industrial de p\u00e9 calcador de agulha \u00fanica, totalmente autom\u00e1tica com gancho XXL e segundo comprimento de ponto. Completa sobre suporte el\u00e9trico ajust\u00e1vel Kessler e com mini servomotor Efka DC 1550 (220V) e caixa de programa DA 321GY1.<\/p>","protected":false},"featured_media":115399,"template":"","meta":{"_acf_changed":false},"product_brand":[],"product_cat":[346,351,317],"product_tag":[],"class_list":{"0":"post-115403","1":"product","2":"type-product","3":"status-publish","4":"has-post-thumbnail","6":"product_cat-durkopp-adler","7":"product_cat-new-arrivals","8":"product_cat-used-products","9":"tm-no-options","11":"first","12":"instock","13":"shipping-taxable","14":"purchasable","15":"product-type-simple"},"acf":[],"gallery_images":[],"yoast_head":"<!-- This site is optimized with the Yoast SEO plugin v27.5 - https:\/\/yoast.com\/product\/yoast-seo-wordpress\/ -->\n<title>DA 767-KFA-573 - Global International B.V.<\/title>\n<meta name=\"robots\" content=\"index, follow, max-snippet:-1, max-image-preview:large, max-video-preview:-1\" \/>\n<link rel=\"canonical\" href=\"https:\/\/globalsew.com\/pt\/produto\/da-767-kfa-573\/\" \/>\n<meta property=\"og:locale\" content=\"pt_PT\" \/>\n<meta property=\"og:type\" content=\"article\" \/>\n<meta property=\"og:title\" content=\"DA 767-KFA-573 - Global International B.V.\" \/>\n<meta property=\"og:description\" content=\"Industrial single needle walking foot machine, fully automatic with XXL hook and second stitch length. Complete on Kessler electrical adjustable stand and with Efka DC 1550 (220V) mini servomotor and DA 321GY1 program box.\" \/>\n<meta property=\"og:url\" content=\"https:\/\/globalsew.com\/pt\/produto\/da-767-kfa-573\/\" \/>\n<meta property=\"og:site_name\" content=\"Global International B.V.\" \/>\n<meta property=\"og:image\" content=\"https:\/\/globalsew.com\/wp-content\/uploads\/2026\/05\/dk767kfa.jpeg\" \/>\n\t<meta property=\"og:image:width\" content=\"1530\" \/>\n\t<meta property=\"og:image:height\" content=\"2040\" \/>\n\t<meta property=\"og:image:type\" content=\"image\/jpeg\" \/>\n<meta name=\"twitter:card\" content=\"summary_large_image\" \/>\n<meta name=\"twitter:label1\" content=\"Tempo estimado de leitura\" \/>\n\t<meta name=\"twitter:data1\" content=\"1 minuto\" \/>\n<script type=\"application\/ld+json\" class=\"yoast-schema-graph\">{\"@context\":\"https:\\\/\\\/schema.org\",\"@graph\":[{\"@type\":\"WebPage\",\"@id\":\"https:\\\/\\\/globalsew.com\\\/product\\\/da-767-kfa-573\\\/\",\"url\":\"https:\\\/\\\/globalsew.com\\\/product\\\/da-767-kfa-573\\\/\",\"name\":\"DA 767-KFA-573 - Global International B.V.\",\"isPartOf\":{\"@id\":\"https:\\\/\\\/globalsew.com\\\/#website\"},\"primaryImageOfPage\":{\"@id\":\"https:\\\/\\\/globalsew.com\\\/product\\\/da-767-kfa-573\\\/#primaryimage\"},\"image\":{\"@id\":\"https:\\\/\\\/globalsew.com\\\/product\\\/da-767-kfa-573\\\/#primaryimage\"},\"thumbnailUrl\":\"https:\\\/\\\/globalsew.com\\\/wp-content\\\/uploads\\\/2026\\\/05\\\/dk767kfa.jpeg\",\"datePublished\":\"2026-05-06T10:11:15+00:00\",\"breadcrumb\":{\"@id\":\"https:\\\/\\\/globalsew.com\\\/product\\\/da-767-kfa-573\\\/#breadcrumb\"},\"inLanguage\":\"pt-PT\",\"potentialAction\":[{\"@type\":\"ReadAction\",\"target\":[\"https:\\\/\\\/globalsew.com\\\/product\\\/da-767-kfa-573\\\/\"]}]},{\"@type\":\"ImageObject\",\"inLanguage\":\"pt-PT\",\"@id\":\"https:\\\/\\\/globalsew.com\\\/product\\\/da-767-kfa-573\\\/#primaryimage\",\"url\":\"https:\\\/\\\/globalsew.com\\\/wp-content\\\/uploads\\\/2026\\\/05\\\/dk767kfa.jpeg\",\"contentUrl\":\"https:\\\/\\\/globalsew.com\\\/wp-content\\\/uploads\\\/2026\\\/05\\\/dk767kfa.jpeg\",\"width\":1530,\"height\":2040},{\"@type\":\"BreadcrumbList\",\"@id\":\"https:\\\/\\\/globalsew.com\\\/product\\\/da-767-kfa-573\\\/#breadcrumb\",\"itemListElement\":[{\"@type\":\"ListItem\",\"position\":1,\"name\":\"Home\",\"item\":\"https:\\\/\\\/globalsew.com\\\/\"},{\"@type\":\"ListItem\",\"position\":2,\"name\":\"Products\",\"item\":\"https:\\\/\\\/globalsew.com\\\/products\\\/\"},{\"@type\":\"ListItem\",\"position\":3,\"name\":\"DA 767-KFA-573\"}]},{\"@type\":\"WebSite\",\"@id\":\"https:\\\/\\\/globalsew.com\\\/#website\",\"url\":\"https:\\\/\\\/globalsew.com\\\/\",\"name\":\"Global International B.V.\",\"description\":\"Industrial Sewing Machines\",\"potentialAction\":[{\"@type\":\"SearchAction\",\"target\":{\"@type\":\"EntryPoint\",\"urlTemplate\":\"https:\\\/\\\/globalsew.com\\\/?s={search_term_string}\"},\"query-input\":{\"@type\":\"PropertyValueSpecification\",\"valueRequired\":true,\"valueName\":\"search_term_string\"}}],\"inLanguage\":\"pt-PT\"}]}<\/script>\n<!-- \/ Yoast SEO plugin. -->","yoast_head_json":{"title":"DA 767-KFA-573 - Global International B.V.","robots":{"index":"index","follow":"follow","max-snippet":"max-snippet:-1","max-image-preview":"max-image-preview:large","max-video-preview":"max-video-preview:-1"},"canonical":"https:\/\/globalsew.com\/pt\/produto\/da-767-kfa-573\/","og_locale":"pt_PT","og_type":"article","og_title":"DA 767-KFA-573 - Global International B.V.","og_description":"Industrial single needle walking foot machine, fully automatic with XXL hook and second stitch length. Complete on Kessler electrical adjustable stand and with Efka DC 1550 (220V) mini servomotor and DA 321GY1 program box.","og_url":"https:\/\/globalsew.com\/pt\/produto\/da-767-kfa-573\/","og_site_name":"Global International B.V.","og_image":[{"width":1530,"height":2040,"url":"https:\/\/globalsew.com\/wp-content\/uploads\/2026\/05\/dk767kfa.jpeg","type":"image\/jpeg"}],"twitter_card":"summary_large_image","twitter_misc":{"Tempo estimado de leitura":"1 minuto"},"schema":{"@context":"https:\/\/schema.org","@graph":[{"@type":"WebPage","@id":"https:\/\/globalsew.com\/product\/da-767-kfa-573\/","url":"https:\/\/globalsew.com\/product\/da-767-kfa-573\/","name":"DA 767-KFA-573 - Global International B.V.","isPartOf":{"@id":"https:\/\/globalsew.com\/#website"},"primaryImageOfPage":{"@id":"https:\/\/globalsew.com\/product\/da-767-kfa-573\/#primaryimage"},"image":{"@id":"https:\/\/globalsew.com\/product\/da-767-kfa-573\/#primaryimage"},"thumbnailUrl":"https:\/\/globalsew.com\/wp-content\/uploads\/2026\/05\/dk767kfa.jpeg","datePublished":"2026-05-06T10:11:15+00:00","breadcrumb":{"@id":"https:\/\/globalsew.com\/product\/da-767-kfa-573\/#breadcrumb"},"inLanguage":"pt-PT","potentialAction":[{"@type":"ReadAction","target":["https:\/\/globalsew.com\/product\/da-767-kfa-573\/"]}]},{"@type":"ImageObject","inLanguage":"pt-PT","@id":"https:\/\/globalsew.com\/product\/da-767-kfa-573\/#primaryimage","url":"https:\/\/globalsew.com\/wp-content\/uploads\/2026\/05\/dk767kfa.jpeg","contentUrl":"https:\/\/globalsew.com\/wp-content\/uploads\/2026\/05\/dk767kfa.jpeg","width":1530,"height":2040},{"@type":"BreadcrumbList","@id":"https:\/\/globalsew.com\/product\/da-767-kfa-573\/#breadcrumb","itemListElement":[{"@type":"ListItem","position":1,"name":"Home","item":"https:\/\/globalsew.com\/"},{"@type":"ListItem","position":2,"name":"Products","item":"https:\/\/globalsew.com\/products\/"},{"@type":"ListItem","position":3,"name":"DA 767-KFA-573"}]},{"@type":"WebSite","@id":"https:\/\/globalsew.com\/#website","url":"https:\/\/globalsew.com\/","name":"Global International B.V.","description":"M\u00e1quinas de costura industriais","potentialAction":[{"@type":"SearchAction","target":{"@type":"EntryPoint","urlTemplate":"https:\/\/globalsew.com\/?s={search_term_string}"},"query-input":{"@type":"PropertyValueSpecification","valueRequired":true,"valueName":"search_term_string"}}],"inLanguage":"pt-PT"}]}},"_links":{"self":[{"href":"https:\/\/globalsew.com\/pt\/wp-json\/wp\/v2\/product\/115403","targetHints":{"allow":["GET"]}}],"collection":[{"href":"https:\/\/globalsew.com\/pt\/wp-json\/wp\/v2\/product"}],"about":[{"href":"https:\/\/globalsew.com\/pt\/wp-json\/wp\/v2\/types\/product"}],"wp:featuredmedia":[{"embeddable":true,"href":"https:\/\/globalsew.com\/pt\/wp-json\/wp\/v2\/media\/115399"}],"wp:attachment":[{"href":"https:\/\/globalsew.com\/pt\/wp-json\/wp\/v2\/media?parent=115403"}],"wp:term":[{"taxonomy":"product_brand","embeddable":true,"href":"https:\/\/globalsew.com\/pt\/wp-json\/wp\/v2\/product_brand?post=115403"},{"taxonomy":"product_cat","embeddable":true,"href":"https:\/\/globalsew.com\/pt\/wp-json\/wp\/v2\/product_cat?post=115403"},{"taxonomy":"product_tag","embeddable":true,"href":"https:\/\/globalsew.com\/pt\/wp-json\/wp\/v2\/product_tag?post=115403"}],"curies":[{"name":"wp","href":"https:\/\/api.w.org\/{rel}","templated":true}]}}