{"id":115226,"date":"2026-02-23T13:10:45","date_gmt":"2026-02-23T12:10:45","guid":{"rendered":"https:\/\/globalsew.com\/?post_type=product&#038;p=115226"},"modified":"2026-04-20T10:55:00","modified_gmt":"2026-04-20T08:55:00","slug":"bfb-343-dd-ubt","status":"publish","type":"product","link":"https:\/\/globalsew.com\/pt\/product\/bfb-343-dd-ubt\/","title":{"rendered":"BFB 343 DD-UBT"},"content":{"rendered":"","protected":false},"excerpt":{"rendered":"<p>M\u00e1quina de alinhavar \/ cerzir de ponto fixo com acionamento direto e agulha \u00fanica com gancho regular. Esta m\u00e1quina est\u00e1 equipada com um cortador de linha por baixo da cama, acionado por um motor de passo.<\/p>\n<p><strong>Especifica\u00e7\u00f5es t\u00e9cnicas:<\/strong><\/p>\n<p><strong>Velocidade da m\u00e1quina:<\/strong> max. 1500 spm<br \/>\n<strong>Sistema de lubrifica\u00e7\u00e3o:<\/strong> totalmente autom\u00e1tico<br \/>\n<strong>Levantamento do calcador:<\/strong> 15 mm<br \/>\n<strong>Tipo de agulha:<\/strong> DBx1<\/p>\n<p>Para descarregar, consulte a nossa p\u00e1gina de descarregamento para <a href=\"https:\/\/globalsew.com\/pt\/descarregar\/maquinas-de-alinhavar\/\">m\u00e1quinas de alinhavar<\/a><\/p>\n<p>&nbsp;<\/p>","protected":false},"featured_media":115330,"template":"","meta":{"_acf_changed":false},"product_brand":[],"product_cat":[110,24,29,26,343],"product_tag":[],"class_list":{"0":"post-115226","1":"product","2":"type-product","3":"status-publish","4":"has-post-thumbnail","6":"product_cat-fancy-stitching","7":"product_cat-garment","8":"product_cat-lockstitch","9":"product_cat-miscellaneous","10":"product_cat-single-needle-machines","11":"tm-has-options","13":"first","14":"instock","15":"shipping-taxable","16":"purchasable","17":"product-type-simple"},"acf":[],"gallery_images":[115328,115329,115331],"yoast_head":"<!-- This site is optimized with the Yoast SEO plugin v27.3 - https:\/\/yoast.com\/product\/yoast-seo-wordpress\/ -->\n<title>BFB 343 DD-UBT - Global International B.V.<\/title>\n<meta name=\"robots\" content=\"index, follow, max-snippet:-1, max-image-preview:large, max-video-preview:-1\" \/>\n<link rel=\"canonical\" href=\"https:\/\/globalsew.com\/pt\/produto\/bfb-343-dd-ubt\/\" \/>\n<meta property=\"og:locale\" content=\"pt_PT\" \/>\n<meta property=\"og:type\" content=\"article\" \/>\n<meta property=\"og:title\" content=\"BFB 343 DD-UBT - Global International B.V.\" \/>\n<meta property=\"og:description\" content=\"Single needle direct drive flatbed basting \/ darning lockstitch machine with regular hook. This machine is equipped with under bed thread trimmer, driven by step motor.  Technical specifications:  Machine speed: max. 1500 spm Oiling system: fully automatic Presser foot lift: 15 mm Needle type: DBx1  For downloads, see our download page for basting machines  &nbsp;\" \/>\n<meta property=\"og:url\" content=\"https:\/\/globalsew.com\/pt\/produto\/bfb-343-dd-ubt\/\" \/>\n<meta property=\"og:site_name\" content=\"Global International B.V.\" \/>\n<meta property=\"article:modified_time\" content=\"2026-04-20T08:55:00+00:00\" \/>\n<meta property=\"og:image\" content=\"https:\/\/globalsew.com\/wp-content\/uploads\/2026\/02\/BFB-343-c.jpg\" \/>\n\t<meta property=\"og:image:width\" content=\"1819\" \/>\n\t<meta property=\"og:image:height\" content=\"1080\" \/>\n\t<meta property=\"og:image:type\" content=\"image\/jpeg\" \/>\n<meta name=\"twitter:card\" content=\"summary_large_image\" \/>\n<meta name=\"twitter:label1\" content=\"Tempo estimado de leitura\" \/>\n\t<meta name=\"twitter:data1\" content=\"1 minuto\" \/>\n<script type=\"application\/ld+json\" class=\"yoast-schema-graph\">{\"@context\":\"https:\\\/\\\/schema.org\",\"@graph\":[{\"@type\":\"WebPage\",\"@id\":\"https:\\\/\\\/globalsew.com\\\/product\\\/bfb-343-dd-ubt\\\/\",\"url\":\"https:\\\/\\\/globalsew.com\\\/product\\\/bfb-343-dd-ubt\\\/\",\"name\":\"BFB 343 DD-UBT - Global International B.V.\",\"isPartOf\":{\"@id\":\"https:\\\/\\\/globalsew.com\\\/#website\"},\"primaryImageOfPage\":{\"@id\":\"https:\\\/\\\/globalsew.com\\\/product\\\/bfb-343-dd-ubt\\\/#primaryimage\"},\"image\":{\"@id\":\"https:\\\/\\\/globalsew.com\\\/product\\\/bfb-343-dd-ubt\\\/#primaryimage\"},\"thumbnailUrl\":\"https:\\\/\\\/globalsew.com\\\/wp-content\\\/uploads\\\/2026\\\/02\\\/BFB-343-c.jpg\",\"datePublished\":\"2026-02-23T12:10:45+00:00\",\"dateModified\":\"2026-04-20T08:55:00+00:00\",\"breadcrumb\":{\"@id\":\"https:\\\/\\\/globalsew.com\\\/product\\\/bfb-343-dd-ubt\\\/#breadcrumb\"},\"inLanguage\":\"pt-PT\",\"potentialAction\":[{\"@type\":\"ReadAction\",\"target\":[\"https:\\\/\\\/globalsew.com\\\/product\\\/bfb-343-dd-ubt\\\/\"]}]},{\"@type\":\"ImageObject\",\"inLanguage\":\"pt-PT\",\"@id\":\"https:\\\/\\\/globalsew.com\\\/product\\\/bfb-343-dd-ubt\\\/#primaryimage\",\"url\":\"https:\\\/\\\/globalsew.com\\\/wp-content\\\/uploads\\\/2026\\\/02\\\/BFB-343-c.jpg\",\"contentUrl\":\"https:\\\/\\\/globalsew.com\\\/wp-content\\\/uploads\\\/2026\\\/02\\\/BFB-343-c.jpg\",\"width\":1819,\"height\":1080},{\"@type\":\"BreadcrumbList\",\"@id\":\"https:\\\/\\\/globalsew.com\\\/product\\\/bfb-343-dd-ubt\\\/#breadcrumb\",\"itemListElement\":[{\"@type\":\"ListItem\",\"position\":1,\"name\":\"Home\",\"item\":\"https:\\\/\\\/globalsew.com\\\/\"},{\"@type\":\"ListItem\",\"position\":2,\"name\":\"Products\",\"item\":\"https:\\\/\\\/globalsew.com\\\/products\\\/\"},{\"@type\":\"ListItem\",\"position\":3,\"name\":\"BFB 343 DD-UBT\"}]},{\"@type\":\"WebSite\",\"@id\":\"https:\\\/\\\/globalsew.com\\\/#website\",\"url\":\"https:\\\/\\\/globalsew.com\\\/\",\"name\":\"Global International B.V.\",\"description\":\"Industrial Sewing Machines\",\"potentialAction\":[{\"@type\":\"SearchAction\",\"target\":{\"@type\":\"EntryPoint\",\"urlTemplate\":\"https:\\\/\\\/globalsew.com\\\/?s={search_term_string}\"},\"query-input\":{\"@type\":\"PropertyValueSpecification\",\"valueRequired\":true,\"valueName\":\"search_term_string\"}}],\"inLanguage\":\"pt-PT\"}]}<\/script>\n<!-- \/ Yoast SEO plugin. -->","yoast_head_json":{"title":"BFB 343 DD-UBT - Global International B.V.","robots":{"index":"index","follow":"follow","max-snippet":"max-snippet:-1","max-image-preview":"max-image-preview:large","max-video-preview":"max-video-preview:-1"},"canonical":"https:\/\/globalsew.com\/pt\/produto\/bfb-343-dd-ubt\/","og_locale":"pt_PT","og_type":"article","og_title":"BFB 343 DD-UBT - Global International B.V.","og_description":"Single needle direct drive flatbed basting \/ darning lockstitch machine with regular hook. This machine is equipped with under bed thread trimmer, driven by step motor.  Technical specifications:  Machine speed: max. 1500 spm Oiling system: fully automatic Presser foot lift: 15 mm Needle type: DBx1  For downloads, see our download page for basting machines  &nbsp;","og_url":"https:\/\/globalsew.com\/pt\/produto\/bfb-343-dd-ubt\/","og_site_name":"Global International B.V.","article_modified_time":"2026-04-20T08:55:00+00:00","og_image":[{"width":1819,"height":1080,"url":"https:\/\/globalsew.com\/wp-content\/uploads\/2026\/02\/BFB-343-c.jpg","type":"image\/jpeg"}],"twitter_card":"summary_large_image","twitter_misc":{"Tempo estimado de leitura":"1 minuto"},"schema":{"@context":"https:\/\/schema.org","@graph":[{"@type":"WebPage","@id":"https:\/\/globalsew.com\/product\/bfb-343-dd-ubt\/","url":"https:\/\/globalsew.com\/product\/bfb-343-dd-ubt\/","name":"BFB 343 DD-UBT - Global International B.V.","isPartOf":{"@id":"https:\/\/globalsew.com\/#website"},"primaryImageOfPage":{"@id":"https:\/\/globalsew.com\/product\/bfb-343-dd-ubt\/#primaryimage"},"image":{"@id":"https:\/\/globalsew.com\/product\/bfb-343-dd-ubt\/#primaryimage"},"thumbnailUrl":"https:\/\/globalsew.com\/wp-content\/uploads\/2026\/02\/BFB-343-c.jpg","datePublished":"2026-02-23T12:10:45+00:00","dateModified":"2026-04-20T08:55:00+00:00","breadcrumb":{"@id":"https:\/\/globalsew.com\/product\/bfb-343-dd-ubt\/#breadcrumb"},"inLanguage":"pt-PT","potentialAction":[{"@type":"ReadAction","target":["https:\/\/globalsew.com\/product\/bfb-343-dd-ubt\/"]}]},{"@type":"ImageObject","inLanguage":"pt-PT","@id":"https:\/\/globalsew.com\/product\/bfb-343-dd-ubt\/#primaryimage","url":"https:\/\/globalsew.com\/wp-content\/uploads\/2026\/02\/BFB-343-c.jpg","contentUrl":"https:\/\/globalsew.com\/wp-content\/uploads\/2026\/02\/BFB-343-c.jpg","width":1819,"height":1080},{"@type":"BreadcrumbList","@id":"https:\/\/globalsew.com\/product\/bfb-343-dd-ubt\/#breadcrumb","itemListElement":[{"@type":"ListItem","position":1,"name":"Home","item":"https:\/\/globalsew.com\/"},{"@type":"ListItem","position":2,"name":"Products","item":"https:\/\/globalsew.com\/products\/"},{"@type":"ListItem","position":3,"name":"BFB 343 DD-UBT"}]},{"@type":"WebSite","@id":"https:\/\/globalsew.com\/#website","url":"https:\/\/globalsew.com\/","name":"Global International B.V.","description":"M\u00e1quinas de costura industriais","potentialAction":[{"@type":"SearchAction","target":{"@type":"EntryPoint","urlTemplate":"https:\/\/globalsew.com\/?s={search_term_string}"},"query-input":{"@type":"PropertyValueSpecification","valueRequired":true,"valueName":"search_term_string"}}],"inLanguage":"pt-PT"}]}},"_links":{"self":[{"href":"https:\/\/globalsew.com\/pt\/wp-json\/wp\/v2\/product\/115226","targetHints":{"allow":["GET"]}}],"collection":[{"href":"https:\/\/globalsew.com\/pt\/wp-json\/wp\/v2\/product"}],"about":[{"href":"https:\/\/globalsew.com\/pt\/wp-json\/wp\/v2\/types\/product"}],"wp:featuredmedia":[{"embeddable":true,"href":"https:\/\/globalsew.com\/pt\/wp-json\/wp\/v2\/media\/115330"}],"wp:attachment":[{"href":"https:\/\/globalsew.com\/pt\/wp-json\/wp\/v2\/media?parent=115226"}],"wp:term":[{"taxonomy":"product_brand","embeddable":true,"href":"https:\/\/globalsew.com\/pt\/wp-json\/wp\/v2\/product_brand?post=115226"},{"taxonomy":"product_cat","embeddable":true,"href":"https:\/\/globalsew.com\/pt\/wp-json\/wp\/v2\/product_cat?post=115226"},{"taxonomy":"product_tag","embeddable":true,"href":"https:\/\/globalsew.com\/pt\/wp-json\/wp\/v2\/product_tag?post=115226"}],"curies":[{"name":"wp","href":"https:\/\/api.w.org\/{rel}","templated":true}]}}