{"id":114380,"date":"2025-11-25T13:38:43","date_gmt":"2025-11-25T12:38:43","guid":{"rendered":"https:\/\/globalsew.com\/?post_type=product&#038;p=114380"},"modified":"2025-11-26T10:43:40","modified_gmt":"2025-11-26T09:43:40","slug":"durkopp-adler-268-fa-272","status":"publish","type":"product","link":"https:\/\/globalsew.com\/pt\/product\/durkopp-adler-268-fa-272\/","title":{"rendered":"Durkopp Adler 768-FA-273"},"content":{"rendered":"","protected":false},"excerpt":{"rendered":"<p>M\u00e1quina industrial de 2 agulhas (8 mm) com p\u00e9 calcador e cortador de linha. Mesa completa, suporte Kessler el\u00e9trico regul\u00e1vel e motor Efka DC 1600 (220V).<\/p>","protected":false},"featured_media":114376,"template":"","meta":{"_acf_changed":false},"product_brand":[],"product_cat":[346,351,317],"product_tag":[],"class_list":{"0":"post-114380","1":"product","2":"type-product","3":"status-publish","4":"has-post-thumbnail","6":"product_cat-durkopp-adler","7":"product_cat-new-arrivals","8":"product_cat-used-products","9":"tm-no-options","11":"first","12":"instock","13":"shipping-taxable","14":"purchasable","15":"product-type-simple"},"acf":[],"gallery_images":[],"yoast_head":"<!-- This site is optimized with the Yoast SEO plugin v27.3 - https:\/\/yoast.com\/product\/yoast-seo-wordpress\/ -->\n<title>Durkopp Adler 768-FA-273 - Global International B.V.<\/title>\n<meta name=\"robots\" content=\"index, follow, max-snippet:-1, max-image-preview:large, max-video-preview:-1\" \/>\n<link rel=\"canonical\" href=\"https:\/\/globalsew.com\/pt\/produto\/durkopp-adler-268-fa-272\/\" \/>\n<meta property=\"og:locale\" content=\"pt_PT\" \/>\n<meta property=\"og:type\" content=\"article\" \/>\n<meta property=\"og:title\" content=\"Durkopp Adler 768-FA-273 - Global International B.V.\" \/>\n<meta property=\"og:description\" content=\"Industrial 2 needle (8 mm) walking foot postbed machine with thread trimmer. Complete table, electrical adjustable Kessler stand and Efka DC 1600 (220V) motor.\" \/>\n<meta property=\"og:url\" content=\"https:\/\/globalsew.com\/pt\/produto\/durkopp-adler-268-fa-272\/\" \/>\n<meta property=\"og:site_name\" content=\"Global International B.V.\" \/>\n<meta property=\"article:modified_time\" content=\"2025-11-26T09:43:40+00:00\" \/>\n<meta property=\"og:image\" content=\"https:\/\/globalsew.com\/wp-content\/uploads\/2025\/02\/Afbeelding-van-WhatsApp-op-2025-11-25-om-12.40.48_c47a989f.jpg\" \/>\n\t<meta property=\"og:image:width\" content=\"1530\" \/>\n\t<meta property=\"og:image:height\" content=\"2040\" \/>\n\t<meta property=\"og:image:type\" content=\"image\/jpeg\" \/>\n<meta name=\"twitter:card\" content=\"summary_large_image\" \/>\n<meta name=\"twitter:label1\" content=\"Tempo estimado de leitura\" \/>\n\t<meta name=\"twitter:data1\" content=\"1 minuto\" \/>\n<script type=\"application\/ld+json\" class=\"yoast-schema-graph\">{\"@context\":\"https:\\\/\\\/schema.org\",\"@graph\":[{\"@type\":\"WebPage\",\"@id\":\"https:\\\/\\\/globalsew.com\\\/product\\\/durkopp-adler-268-fa-272\\\/\",\"url\":\"https:\\\/\\\/globalsew.com\\\/product\\\/durkopp-adler-268-fa-272\\\/\",\"name\":\"Durkopp Adler 768-FA-273 - Global International B.V.\",\"isPartOf\":{\"@id\":\"https:\\\/\\\/globalsew.com\\\/#website\"},\"primaryImageOfPage\":{\"@id\":\"https:\\\/\\\/globalsew.com\\\/product\\\/durkopp-adler-268-fa-272\\\/#primaryimage\"},\"image\":{\"@id\":\"https:\\\/\\\/globalsew.com\\\/product\\\/durkopp-adler-268-fa-272\\\/#primaryimage\"},\"thumbnailUrl\":\"https:\\\/\\\/globalsew.com\\\/wp-content\\\/uploads\\\/2025\\\/02\\\/Afbeelding-van-WhatsApp-op-2025-11-25-om-12.40.48_c47a989f.jpg\",\"datePublished\":\"2025-11-25T12:38:43+00:00\",\"dateModified\":\"2025-11-26T09:43:40+00:00\",\"breadcrumb\":{\"@id\":\"https:\\\/\\\/globalsew.com\\\/product\\\/durkopp-adler-268-fa-272\\\/#breadcrumb\"},\"inLanguage\":\"pt-PT\",\"potentialAction\":[{\"@type\":\"ReadAction\",\"target\":[\"https:\\\/\\\/globalsew.com\\\/product\\\/durkopp-adler-268-fa-272\\\/\"]}]},{\"@type\":\"ImageObject\",\"inLanguage\":\"pt-PT\",\"@id\":\"https:\\\/\\\/globalsew.com\\\/product\\\/durkopp-adler-268-fa-272\\\/#primaryimage\",\"url\":\"https:\\\/\\\/globalsew.com\\\/wp-content\\\/uploads\\\/2025\\\/02\\\/Afbeelding-van-WhatsApp-op-2025-11-25-om-12.40.48_c47a989f.jpg\",\"contentUrl\":\"https:\\\/\\\/globalsew.com\\\/wp-content\\\/uploads\\\/2025\\\/02\\\/Afbeelding-van-WhatsApp-op-2025-11-25-om-12.40.48_c47a989f.jpg\",\"width\":1530,\"height\":2040},{\"@type\":\"BreadcrumbList\",\"@id\":\"https:\\\/\\\/globalsew.com\\\/product\\\/durkopp-adler-268-fa-272\\\/#breadcrumb\",\"itemListElement\":[{\"@type\":\"ListItem\",\"position\":1,\"name\":\"Home\",\"item\":\"https:\\\/\\\/globalsew.com\\\/\"},{\"@type\":\"ListItem\",\"position\":2,\"name\":\"Products\",\"item\":\"https:\\\/\\\/globalsew.com\\\/products\\\/\"},{\"@type\":\"ListItem\",\"position\":3,\"name\":\"Durkopp Adler 768-FA-273\"}]},{\"@type\":\"WebSite\",\"@id\":\"https:\\\/\\\/globalsew.com\\\/#website\",\"url\":\"https:\\\/\\\/globalsew.com\\\/\",\"name\":\"Global International B.V.\",\"description\":\"Industrial Sewing Machines\",\"potentialAction\":[{\"@type\":\"SearchAction\",\"target\":{\"@type\":\"EntryPoint\",\"urlTemplate\":\"https:\\\/\\\/globalsew.com\\\/?s={search_term_string}\"},\"query-input\":{\"@type\":\"PropertyValueSpecification\",\"valueRequired\":true,\"valueName\":\"search_term_string\"}}],\"inLanguage\":\"pt-PT\"}]}<\/script>\n<!-- \/ Yoast SEO plugin. -->","yoast_head_json":{"title":"Durkopp Adler 768-FA-273 - Global International B.V.","robots":{"index":"index","follow":"follow","max-snippet":"max-snippet:-1","max-image-preview":"max-image-preview:large","max-video-preview":"max-video-preview:-1"},"canonical":"https:\/\/globalsew.com\/pt\/produto\/durkopp-adler-268-fa-272\/","og_locale":"pt_PT","og_type":"article","og_title":"Durkopp Adler 768-FA-273 - Global International B.V.","og_description":"Industrial 2 needle (8 mm) walking foot postbed machine with thread trimmer. Complete table, electrical adjustable Kessler stand and Efka DC 1600 (220V) motor.","og_url":"https:\/\/globalsew.com\/pt\/produto\/durkopp-adler-268-fa-272\/","og_site_name":"Global International B.V.","article_modified_time":"2025-11-26T09:43:40+00:00","og_image":[{"width":1530,"height":2040,"url":"https:\/\/globalsew.com\/wp-content\/uploads\/2025\/02\/Afbeelding-van-WhatsApp-op-2025-11-25-om-12.40.48_c47a989f.jpg","type":"image\/jpeg"}],"twitter_card":"summary_large_image","twitter_misc":{"Tempo estimado de leitura":"1 minuto"},"schema":{"@context":"https:\/\/schema.org","@graph":[{"@type":"WebPage","@id":"https:\/\/globalsew.com\/product\/durkopp-adler-268-fa-272\/","url":"https:\/\/globalsew.com\/product\/durkopp-adler-268-fa-272\/","name":"Durkopp Adler 768-FA-273 - Global International B.V.","isPartOf":{"@id":"https:\/\/globalsew.com\/#website"},"primaryImageOfPage":{"@id":"https:\/\/globalsew.com\/product\/durkopp-adler-268-fa-272\/#primaryimage"},"image":{"@id":"https:\/\/globalsew.com\/product\/durkopp-adler-268-fa-272\/#primaryimage"},"thumbnailUrl":"https:\/\/globalsew.com\/wp-content\/uploads\/2025\/02\/Afbeelding-van-WhatsApp-op-2025-11-25-om-12.40.48_c47a989f.jpg","datePublished":"2025-11-25T12:38:43+00:00","dateModified":"2025-11-26T09:43:40+00:00","breadcrumb":{"@id":"https:\/\/globalsew.com\/product\/durkopp-adler-268-fa-272\/#breadcrumb"},"inLanguage":"pt-PT","potentialAction":[{"@type":"ReadAction","target":["https:\/\/globalsew.com\/product\/durkopp-adler-268-fa-272\/"]}]},{"@type":"ImageObject","inLanguage":"pt-PT","@id":"https:\/\/globalsew.com\/product\/durkopp-adler-268-fa-272\/#primaryimage","url":"https:\/\/globalsew.com\/wp-content\/uploads\/2025\/02\/Afbeelding-van-WhatsApp-op-2025-11-25-om-12.40.48_c47a989f.jpg","contentUrl":"https:\/\/globalsew.com\/wp-content\/uploads\/2025\/02\/Afbeelding-van-WhatsApp-op-2025-11-25-om-12.40.48_c47a989f.jpg","width":1530,"height":2040},{"@type":"BreadcrumbList","@id":"https:\/\/globalsew.com\/product\/durkopp-adler-268-fa-272\/#breadcrumb","itemListElement":[{"@type":"ListItem","position":1,"name":"Home","item":"https:\/\/globalsew.com\/"},{"@type":"ListItem","position":2,"name":"Products","item":"https:\/\/globalsew.com\/products\/"},{"@type":"ListItem","position":3,"name":"Durkopp Adler 768-FA-273"}]},{"@type":"WebSite","@id":"https:\/\/globalsew.com\/#website","url":"https:\/\/globalsew.com\/","name":"Global International B.V.","description":"M\u00e1quinas de costura industriais","potentialAction":[{"@type":"SearchAction","target":{"@type":"EntryPoint","urlTemplate":"https:\/\/globalsew.com\/?s={search_term_string}"},"query-input":{"@type":"PropertyValueSpecification","valueRequired":true,"valueName":"search_term_string"}}],"inLanguage":"pt-PT"}]}},"_links":{"self":[{"href":"https:\/\/globalsew.com\/pt\/wp-json\/wp\/v2\/product\/114380","targetHints":{"allow":["GET"]}}],"collection":[{"href":"https:\/\/globalsew.com\/pt\/wp-json\/wp\/v2\/product"}],"about":[{"href":"https:\/\/globalsew.com\/pt\/wp-json\/wp\/v2\/types\/product"}],"wp:featuredmedia":[{"embeddable":true,"href":"https:\/\/globalsew.com\/pt\/wp-json\/wp\/v2\/media\/114376"}],"wp:attachment":[{"href":"https:\/\/globalsew.com\/pt\/wp-json\/wp\/v2\/media?parent=114380"}],"wp:term":[{"taxonomy":"product_brand","embeddable":true,"href":"https:\/\/globalsew.com\/pt\/wp-json\/wp\/v2\/product_brand?post=114380"},{"taxonomy":"product_cat","embeddable":true,"href":"https:\/\/globalsew.com\/pt\/wp-json\/wp\/v2\/product_cat?post=114380"},{"taxonomy":"product_tag","embeddable":true,"href":"https:\/\/globalsew.com\/pt\/wp-json\/wp\/v2\/product_tag?post=114380"}],"curies":[{"name":"wp","href":"https:\/\/api.w.org\/{rel}","templated":true}]}}