{"id":113737,"date":"2025-09-29T12:59:53","date_gmt":"2025-09-29T10:59:53","guid":{"rendered":"https:\/\/globalsew.com\/?post_type=product&#038;p=113737"},"modified":"2025-10-20T16:14:50","modified_gmt":"2025-10-20T14:14:50","slug":"lp-2881-360","status":"publish","type":"product","link":"https:\/\/globalsew.com\/pt\/product\/lp-2881-360\/","title":{"rendered":"LP 2881-360"},"content":{"rendered":"<p style=\"text-align: left;\"><strong>LP global 2881-360<br \/>\n<\/strong>M\u00e1quina de costura de agulha \u00fanica, com bra\u00e7o rotativo de 360 graus, com gancho normal, calcador de rolos com acionamento superior, roda<br \/>\ne alimenta\u00e7\u00e3o da agulha. A m\u00e1quina est\u00e1 equipada com um elevador el\u00e9trico do calcador e um remate el\u00e9trico. Este modelo<br \/>\n\u00e9 acionada por 3 motores passo a passo; na prensa de rolos, no mecanismo da roda de alimenta\u00e7\u00e3o e no mecanismo de alimenta\u00e7\u00e3o de agulhas,<br \/>\no que garante um excelente acabamento ponto a ponto.<br \/>\nA m\u00e1quina \u00e9 adequada para coser botas de couro, sacos de m\u00e3o, cal\u00e7ado e outros materiais muito espec\u00edficos.<br \/>\nO ponto \u00e9 regulado eletronicamente, o que torna o comprimento do ponto e o reverso \"ponto a ponto\" precisos e da<br \/>\na mais alta qualidade. Esta m\u00e1quina tem um excelente desempenho na costura de dobras e acabamentos laterais muito pr\u00f3ximos do bordo do<br \/>\no material.<\/p>","protected":false},"excerpt":{"rendered":"<p><strong>Especifica\u00e7\u00f5es t\u00e9cnicas:<\/strong><\/p>\n<ul>\n<li>Velocidade da m\u00e1quina: 800 rpm<\/li>\n<li>Sistema de aspira\u00e7\u00e3o: semi-autom\u00e1tico<\/li>\n<li>Tipo de alimenta\u00e7\u00e3o: alimenta\u00e7\u00e3o por agulhas e rodas, prensa de rolos com acionamento superior, motor passo a passo 3x<\/li>\n<li>Eleva\u00e7\u00e3o do calcador: m\u00e1x. 10 mm<\/li>\n<li>Tipo de agulha: 135\u00d75<\/li>\n<li>Comprimento do bra\u00e7o: 34 cm<\/li>\n<li>Comprimento do ponto: 5 mm<\/li>\n<\/ul>\n<p>&nbsp;<\/p>\n<div class=\"row\">\n<div class=\"col-md-4\"><a class=\"download-button\" href=\"https:\/\/globalsew.com\/wp-content\/uploads\/2021\/03\/Global-LP-2881-360.pdf\" target=\"_blank\" rel=\"noopener noreferrer\">Folheto<\/a><\/div>\n<\/div>","protected":false},"featured_media":113922,"template":"","meta":{"_acf_changed":false},"product_brand":[],"product_cat":[157,25,83],"product_tag":[],"class_list":{"0":"post-113737","1":"product","2":"type-product","3":"status-publish","4":"has-post-thumbnail","6":"product_cat-pattern-sewing-machines-upholstery","7":"product_cat-shoes","8":"product_cat-special-shoe-machines","9":"tm-no-options","11":"first","12":"instock","13":"shipping-taxable","14":"purchasable","15":"product-type-simple"},"acf":[],"gallery_images":[],"yoast_head":"<!-- This site is optimized with the Yoast SEO plugin v27.3 - https:\/\/yoast.com\/product\/yoast-seo-wordpress\/ -->\n<title>LP 2881-360 - Global International B.V.<\/title>\n<meta name=\"robots\" content=\"index, follow, max-snippet:-1, max-image-preview:large, max-video-preview:-1\" \/>\n<link rel=\"canonical\" href=\"https:\/\/globalsew.com\/pt\/produto\/lp-2881-360\/\" \/>\n<meta property=\"og:locale\" content=\"pt_PT\" \/>\n<meta property=\"og:type\" content=\"article\" \/>\n<meta property=\"og:title\" content=\"LP 2881-360 - Global International B.V.\" \/>\n<meta property=\"og:description\" content=\"Technical specifications:   Machine speed: 800 spm  Oling system: semi automatic  Feed type: needle and wheel feed, top driven roller presser, 3x stepping motor  Presser foot lift: max 10 mm  Needle type: 135x5  Arm length: 34 cm  Stitch length: 5 mm  &nbsp;  Leaflet\" \/>\n<meta property=\"og:url\" content=\"https:\/\/globalsew.com\/pt\/produto\/lp-2881-360\/\" \/>\n<meta property=\"og:site_name\" content=\"Global International B.V.\" \/>\n<meta property=\"article:modified_time\" content=\"2025-10-20T14:14:50+00:00\" \/>\n<meta property=\"og:image\" content=\"https:\/\/globalsew.com\/wp-content\/uploads\/2025\/09\/products-LP-2881-360-01-global-1080-website-2025-copy.jpg\" \/>\n\t<meta property=\"og:image:width\" content=\"1819\" \/>\n\t<meta property=\"og:image:height\" content=\"1080\" \/>\n\t<meta property=\"og:image:type\" content=\"image\/jpeg\" \/>\n<meta name=\"twitter:card\" content=\"summary_large_image\" \/>\n<meta name=\"twitter:label1\" content=\"Tempo estimado de leitura\" \/>\n\t<meta name=\"twitter:data1\" content=\"1 minuto\" \/>\n<script type=\"application\/ld+json\" class=\"yoast-schema-graph\">{\"@context\":\"https:\\\/\\\/schema.org\",\"@graph\":[{\"@type\":\"WebPage\",\"@id\":\"https:\\\/\\\/globalsew.com\\\/product\\\/lp-2881-360\\\/\",\"url\":\"https:\\\/\\\/globalsew.com\\\/product\\\/lp-2881-360\\\/\",\"name\":\"LP 2881-360 - Global International B.V.\",\"isPartOf\":{\"@id\":\"https:\\\/\\\/globalsew.com\\\/#website\"},\"primaryImageOfPage\":{\"@id\":\"https:\\\/\\\/globalsew.com\\\/product\\\/lp-2881-360\\\/#primaryimage\"},\"image\":{\"@id\":\"https:\\\/\\\/globalsew.com\\\/product\\\/lp-2881-360\\\/#primaryimage\"},\"thumbnailUrl\":\"https:\\\/\\\/globalsew.com\\\/wp-content\\\/uploads\\\/2025\\\/09\\\/products-LP-2881-360-01-global-1080-website-2025-copy.jpg\",\"datePublished\":\"2025-09-29T10:59:53+00:00\",\"dateModified\":\"2025-10-20T14:14:50+00:00\",\"breadcrumb\":{\"@id\":\"https:\\\/\\\/globalsew.com\\\/product\\\/lp-2881-360\\\/#breadcrumb\"},\"inLanguage\":\"pt-PT\",\"potentialAction\":[{\"@type\":\"ReadAction\",\"target\":[\"https:\\\/\\\/globalsew.com\\\/product\\\/lp-2881-360\\\/\"]}]},{\"@type\":\"ImageObject\",\"inLanguage\":\"pt-PT\",\"@id\":\"https:\\\/\\\/globalsew.com\\\/product\\\/lp-2881-360\\\/#primaryimage\",\"url\":\"https:\\\/\\\/globalsew.com\\\/wp-content\\\/uploads\\\/2025\\\/09\\\/products-LP-2881-360-01-global-1080-website-2025-copy.jpg\",\"contentUrl\":\"https:\\\/\\\/globalsew.com\\\/wp-content\\\/uploads\\\/2025\\\/09\\\/products-LP-2881-360-01-global-1080-website-2025-copy.jpg\",\"width\":1819,\"height\":1080},{\"@type\":\"BreadcrumbList\",\"@id\":\"https:\\\/\\\/globalsew.com\\\/product\\\/lp-2881-360\\\/#breadcrumb\",\"itemListElement\":[{\"@type\":\"ListItem\",\"position\":1,\"name\":\"Home\",\"item\":\"https:\\\/\\\/globalsew.com\\\/\"},{\"@type\":\"ListItem\",\"position\":2,\"name\":\"Products\",\"item\":\"https:\\\/\\\/globalsew.com\\\/products\\\/\"},{\"@type\":\"ListItem\",\"position\":3,\"name\":\"LP 2881-360\"}]},{\"@type\":\"WebSite\",\"@id\":\"https:\\\/\\\/globalsew.com\\\/#website\",\"url\":\"https:\\\/\\\/globalsew.com\\\/\",\"name\":\"Global International B.V.\",\"description\":\"Industrial Sewing Machines\",\"potentialAction\":[{\"@type\":\"SearchAction\",\"target\":{\"@type\":\"EntryPoint\",\"urlTemplate\":\"https:\\\/\\\/globalsew.com\\\/?s={search_term_string}\"},\"query-input\":{\"@type\":\"PropertyValueSpecification\",\"valueRequired\":true,\"valueName\":\"search_term_string\"}}],\"inLanguage\":\"pt-PT\"}]}<\/script>\n<!-- \/ Yoast SEO plugin. -->","yoast_head_json":{"title":"LP 2881-360 - Global International B.V.","robots":{"index":"index","follow":"follow","max-snippet":"max-snippet:-1","max-image-preview":"max-image-preview:large","max-video-preview":"max-video-preview:-1"},"canonical":"https:\/\/globalsew.com\/pt\/produto\/lp-2881-360\/","og_locale":"pt_PT","og_type":"article","og_title":"LP 2881-360 - Global International B.V.","og_description":"Technical specifications:   Machine speed: 800 spm  Oling system: semi automatic  Feed type: needle and wheel feed, top driven roller presser, 3x stepping motor  Presser foot lift: max 10 mm  Needle type: 135x5  Arm length: 34 cm  Stitch length: 5 mm  &nbsp;  Leaflet","og_url":"https:\/\/globalsew.com\/pt\/produto\/lp-2881-360\/","og_site_name":"Global International B.V.","article_modified_time":"2025-10-20T14:14:50+00:00","og_image":[{"width":1819,"height":1080,"url":"https:\/\/globalsew.com\/wp-content\/uploads\/2025\/09\/products-LP-2881-360-01-global-1080-website-2025-copy.jpg","type":"image\/jpeg"}],"twitter_card":"summary_large_image","twitter_misc":{"Tempo estimado de leitura":"1 minuto"},"schema":{"@context":"https:\/\/schema.org","@graph":[{"@type":"WebPage","@id":"https:\/\/globalsew.com\/product\/lp-2881-360\/","url":"https:\/\/globalsew.com\/product\/lp-2881-360\/","name":"LP 2881-360 - Global International B.V.","isPartOf":{"@id":"https:\/\/globalsew.com\/#website"},"primaryImageOfPage":{"@id":"https:\/\/globalsew.com\/product\/lp-2881-360\/#primaryimage"},"image":{"@id":"https:\/\/globalsew.com\/product\/lp-2881-360\/#primaryimage"},"thumbnailUrl":"https:\/\/globalsew.com\/wp-content\/uploads\/2025\/09\/products-LP-2881-360-01-global-1080-website-2025-copy.jpg","datePublished":"2025-09-29T10:59:53+00:00","dateModified":"2025-10-20T14:14:50+00:00","breadcrumb":{"@id":"https:\/\/globalsew.com\/product\/lp-2881-360\/#breadcrumb"},"inLanguage":"pt-PT","potentialAction":[{"@type":"ReadAction","target":["https:\/\/globalsew.com\/product\/lp-2881-360\/"]}]},{"@type":"ImageObject","inLanguage":"pt-PT","@id":"https:\/\/globalsew.com\/product\/lp-2881-360\/#primaryimage","url":"https:\/\/globalsew.com\/wp-content\/uploads\/2025\/09\/products-LP-2881-360-01-global-1080-website-2025-copy.jpg","contentUrl":"https:\/\/globalsew.com\/wp-content\/uploads\/2025\/09\/products-LP-2881-360-01-global-1080-website-2025-copy.jpg","width":1819,"height":1080},{"@type":"BreadcrumbList","@id":"https:\/\/globalsew.com\/product\/lp-2881-360\/#breadcrumb","itemListElement":[{"@type":"ListItem","position":1,"name":"Home","item":"https:\/\/globalsew.com\/"},{"@type":"ListItem","position":2,"name":"Products","item":"https:\/\/globalsew.com\/products\/"},{"@type":"ListItem","position":3,"name":"LP 2881-360"}]},{"@type":"WebSite","@id":"https:\/\/globalsew.com\/#website","url":"https:\/\/globalsew.com\/","name":"Global International B.V.","description":"M\u00e1quinas de costura industriais","potentialAction":[{"@type":"SearchAction","target":{"@type":"EntryPoint","urlTemplate":"https:\/\/globalsew.com\/?s={search_term_string}"},"query-input":{"@type":"PropertyValueSpecification","valueRequired":true,"valueName":"search_term_string"}}],"inLanguage":"pt-PT"}]}},"_links":{"self":[{"href":"https:\/\/globalsew.com\/pt\/wp-json\/wp\/v2\/product\/113737","targetHints":{"allow":["GET"]}}],"collection":[{"href":"https:\/\/globalsew.com\/pt\/wp-json\/wp\/v2\/product"}],"about":[{"href":"https:\/\/globalsew.com\/pt\/wp-json\/wp\/v2\/types\/product"}],"wp:featuredmedia":[{"embeddable":true,"href":"https:\/\/globalsew.com\/pt\/wp-json\/wp\/v2\/media\/113922"}],"wp:attachment":[{"href":"https:\/\/globalsew.com\/pt\/wp-json\/wp\/v2\/media?parent=113737"}],"wp:term":[{"taxonomy":"product_brand","embeddable":true,"href":"https:\/\/globalsew.com\/pt\/wp-json\/wp\/v2\/product_brand?post=113737"},{"taxonomy":"product_cat","embeddable":true,"href":"https:\/\/globalsew.com\/pt\/wp-json\/wp\/v2\/product_cat?post=113737"},{"taxonomy":"product_tag","embeddable":true,"href":"https:\/\/globalsew.com\/pt\/wp-json\/wp\/v2\/product_tag?post=113737"}],"curies":[{"name":"wp","href":"https:\/\/api.w.org\/{rel}","templated":true}]}}