{"id":113734,"date":"2025-09-26T11:41:33","date_gmt":"2025-09-26T09:41:33","guid":{"rendered":"https:\/\/globalsew.com\/?post_type=product&#038;p=113734"},"modified":"2026-02-26T09:46:16","modified_gmt":"2026-02-26T08:46:16","slug":"wf1867ddaut","status":"publish","type":"product","link":"https:\/\/globalsew.com\/pt\/product\/wf1867ddaut\/","title":{"rendered":"S\u00e9rie WF 1867 DD-AUT"},"content":{"rendered":"<div class=\"wpb-content-wrapper\"><div class=\"vc_row wpb_row vc_row-fluid\"><div class=\"wpb_column vc_column_container vc_col-sm-12\"><div class=\"vc_column-inner\"><div class=\"wpb_wrapper\">\n\t<div class=\"wpb_text_column wpb_content_element\" >\n\t\t<div class=\"wpb_wrapper\">\n\t\t\t<p><strong>WF 1867 DD-AUT<\/strong><br \/>\nM\u00e1quina de p\u00e9 calcador de agulha \u00fanica com transmiss\u00e3o direta totalmente integrada, com cortador de linha, remate autom\u00e1tico, eleva\u00e7\u00e3o do calcador, ajuste r\u00e1pido do curso do calcador e segundo comprimento de ponto integrado para opera\u00e7\u00f5es de montagem e costura superior em estofos dom\u00e9sticos, estofos de autom\u00f3veis e couro. A m\u00e1quina possui um ecr\u00e3 t\u00e1til a cores totalmente integrado (as pe\u00e7as de costura s\u00e3o as mesmas da DA 867).<br \/>\n<strong>WF 1867-2 DD-AUT\u00a0<\/strong><br \/>\nIgual \u00e0 WF 1867 DD-AUT, mas vers\u00e3o de 2 agulhas com dist\u00e2ncia entre agulhas de 8 mm.<\/p>\n\n\t\t<\/div>\n\t<\/div>\n<\/div><\/div><\/div><\/div>\n<\/div>","protected":false},"excerpt":{"rendered":"<p><a href=\"https:\/\/youtu.be\/UGSreV8HhLs?si=UNwY25ONUMMhUYPB\"><img decoding=\"async\" class=\"\" src=\"https:\/\/globalsew.com\/wp-content\/uploads\/2017\/11\/youtube-logo-4.png\" width=\"72\" height=\"51\" \/><\/a><\/p>\n<p>&nbsp;<\/p>\n<p><strong>Especifica\u00e7\u00f5es t\u00e9cnicas:<\/strong><\/p>\n<ul>\n<li>Velocidade da m\u00e1quina: 2800 rpm<\/li>\n<li>Sistema de olivicultura: semi-seco<\/li>\n<li>Altern\u00e2ncia do calcador interior: 1 - 8 mm<\/li>\n<li>Regula\u00e7\u00e3o interior do p\u00e9: pneum\u00e1tica<\/li>\n<li>Levantamento do remate e do calcador: pneum\u00e1tico<\/li>\n<li>Cortador de linha; el\u00e9trico<\/li>\n<li>Eleva\u00e7\u00e3o do calcador: m\u00e1x. 16 mm<\/li>\n<li>Tipo de agulha: 134-35<\/li>\n<li>Comprimento do ponto: 8 mm<\/li>\n<\/ul>\n<p>&nbsp;<\/p>\n<p>Para descarregar, consulte a nossa p\u00e1gina de descarregamento para <a href=\"https:\/\/globalsew.com\/pt\/descarregar\/serie-wf-1767\/\">S\u00e9rie WF 1867<\/a><\/p>\n<div class=\"row\">\n<div class=\"col-md-4\"><\/div>\n<\/div>","protected":false},"featured_media":113907,"template":"","meta":{"_acf_changed":false},"product_brand":[],"product_cat":[21,25,63,99],"product_tag":[],"class_list":{"0":"post-113734","1":"product","2":"type-product","3":"status-publish","4":"has-post-thumbnail","6":"product_cat-automotive","7":"product_cat-shoes","8":"product_cat-upholstery","9":"product_cat-upholstery-automotive-sewing-machines-global-wf","10":"tm-has-options","12":"first","13":"instock","14":"shipping-taxable","15":"purchasable","16":"product-type-simple"},"acf":[],"gallery_images":[113917,113916,113909,113910,113911,113912,113913,113914,113915,113908],"yoast_head":"<!-- This site is optimized with the Yoast SEO plugin v27.3 - https:\/\/yoast.com\/product\/yoast-seo-wordpress\/ -->\n<title>WF 1867 DD-AUT series - Global International B.V.<\/title>\n<meta name=\"robots\" content=\"index, follow, max-snippet:-1, max-image-preview:large, max-video-preview:-1\" \/>\n<link rel=\"canonical\" href=\"https:\/\/globalsew.com\/pt\/produto\/wf1867ddaut\/\" \/>\n<meta property=\"og:locale\" content=\"pt_PT\" \/>\n<meta property=\"og:type\" content=\"article\" \/>\n<meta property=\"og:title\" content=\"WF 1867 DD-AUT series - Global International B.V.\" \/>\n<meta property=\"og:description\" content=\"&nbsp;  Technical specifications:   Machine speed: 2800 spm  Oling system: semi dry  Inner presser foot alternation: 1 - 8 mm  Inner foot adjusment: pneumatic  Back tack and presser foot lift: pneumatic  Thread trimmer; electric  Presser foot lift: max 16 mm  Needle type: 134-35  Stitch length: 8 mm  &nbsp;  For downloads, see our download page for WF 1867 series\" \/>\n<meta property=\"og:url\" content=\"https:\/\/globalsew.com\/pt\/produto\/wf1867ddaut\/\" \/>\n<meta property=\"og:site_name\" content=\"Global International B.V.\" \/>\n<meta property=\"article:modified_time\" content=\"2026-02-26T08:46:16+00:00\" \/>\n<meta property=\"og:image\" content=\"https:\/\/globalsew.com\/wp-content\/uploads\/2025\/09\/products-WF1867-03-global-1080-website-2025-copy.jpg\" \/>\n\t<meta property=\"og:image:width\" content=\"1819\" \/>\n\t<meta property=\"og:image:height\" content=\"1080\" \/>\n\t<meta property=\"og:image:type\" content=\"image\/jpeg\" \/>\n<meta name=\"twitter:card\" content=\"summary_large_image\" \/>\n<meta name=\"twitter:label1\" content=\"Tempo estimado de leitura\" \/>\n\t<meta name=\"twitter:data1\" content=\"1 minuto\" \/>\n<script type=\"application\/ld+json\" class=\"yoast-schema-graph\">{\"@context\":\"https:\\\/\\\/schema.org\",\"@graph\":[{\"@type\":\"WebPage\",\"@id\":\"https:\\\/\\\/globalsew.com\\\/product\\\/wf1867ddaut\\\/\",\"url\":\"https:\\\/\\\/globalsew.com\\\/product\\\/wf1867ddaut\\\/\",\"name\":\"WF 1867 DD-AUT series - Global International B.V.\",\"isPartOf\":{\"@id\":\"https:\\\/\\\/globalsew.com\\\/#website\"},\"primaryImageOfPage\":{\"@id\":\"https:\\\/\\\/globalsew.com\\\/product\\\/wf1867ddaut\\\/#primaryimage\"},\"image\":{\"@id\":\"https:\\\/\\\/globalsew.com\\\/product\\\/wf1867ddaut\\\/#primaryimage\"},\"thumbnailUrl\":\"https:\\\/\\\/globalsew.com\\\/wp-content\\\/uploads\\\/2025\\\/09\\\/products-WF1867-03-global-1080-website-2025-copy.jpg\",\"datePublished\":\"2025-09-26T09:41:33+00:00\",\"dateModified\":\"2026-02-26T08:46:16+00:00\",\"breadcrumb\":{\"@id\":\"https:\\\/\\\/globalsew.com\\\/product\\\/wf1867ddaut\\\/#breadcrumb\"},\"inLanguage\":\"pt-PT\",\"potentialAction\":[{\"@type\":\"ReadAction\",\"target\":[\"https:\\\/\\\/globalsew.com\\\/product\\\/wf1867ddaut\\\/\"]}]},{\"@type\":\"ImageObject\",\"inLanguage\":\"pt-PT\",\"@id\":\"https:\\\/\\\/globalsew.com\\\/product\\\/wf1867ddaut\\\/#primaryimage\",\"url\":\"https:\\\/\\\/globalsew.com\\\/wp-content\\\/uploads\\\/2025\\\/09\\\/products-WF1867-03-global-1080-website-2025-copy.jpg\",\"contentUrl\":\"https:\\\/\\\/globalsew.com\\\/wp-content\\\/uploads\\\/2025\\\/09\\\/products-WF1867-03-global-1080-website-2025-copy.jpg\",\"width\":1819,\"height\":1080},{\"@type\":\"BreadcrumbList\",\"@id\":\"https:\\\/\\\/globalsew.com\\\/product\\\/wf1867ddaut\\\/#breadcrumb\",\"itemListElement\":[{\"@type\":\"ListItem\",\"position\":1,\"name\":\"Home\",\"item\":\"https:\\\/\\\/globalsew.com\\\/\"},{\"@type\":\"ListItem\",\"position\":2,\"name\":\"Products\",\"item\":\"https:\\\/\\\/globalsew.com\\\/products\\\/\"},{\"@type\":\"ListItem\",\"position\":3,\"name\":\"WF 1867 DD-AUT series\"}]},{\"@type\":\"WebSite\",\"@id\":\"https:\\\/\\\/globalsew.com\\\/#website\",\"url\":\"https:\\\/\\\/globalsew.com\\\/\",\"name\":\"Global International B.V.\",\"description\":\"Industrial Sewing Machines\",\"potentialAction\":[{\"@type\":\"SearchAction\",\"target\":{\"@type\":\"EntryPoint\",\"urlTemplate\":\"https:\\\/\\\/globalsew.com\\\/?s={search_term_string}\"},\"query-input\":{\"@type\":\"PropertyValueSpecification\",\"valueRequired\":true,\"valueName\":\"search_term_string\"}}],\"inLanguage\":\"pt-PT\"}]}<\/script>\n<!-- \/ Yoast SEO plugin. -->","yoast_head_json":{"title":"S\u00e9rie WF 1867 DD-AUT - Global International B.V.","robots":{"index":"index","follow":"follow","max-snippet":"max-snippet:-1","max-image-preview":"max-image-preview:large","max-video-preview":"max-video-preview:-1"},"canonical":"https:\/\/globalsew.com\/pt\/produto\/wf1867ddaut\/","og_locale":"pt_PT","og_type":"article","og_title":"WF 1867 DD-AUT series - Global International B.V.","og_description":"&nbsp;  Technical specifications:   Machine speed: 2800 spm  Oling system: semi dry  Inner presser foot alternation: 1 - 8 mm  Inner foot adjusment: pneumatic  Back tack and presser foot lift: pneumatic  Thread trimmer; electric  Presser foot lift: max 16 mm  Needle type: 134-35  Stitch length: 8 mm  &nbsp;  For downloads, see our download page for WF 1867 series","og_url":"https:\/\/globalsew.com\/pt\/produto\/wf1867ddaut\/","og_site_name":"Global International B.V.","article_modified_time":"2026-02-26T08:46:16+00:00","og_image":[{"width":1819,"height":1080,"url":"https:\/\/globalsew.com\/wp-content\/uploads\/2025\/09\/products-WF1867-03-global-1080-website-2025-copy.jpg","type":"image\/jpeg"}],"twitter_card":"summary_large_image","twitter_misc":{"Tempo estimado de leitura":"1 minuto"},"schema":{"@context":"https:\/\/schema.org","@graph":[{"@type":"WebPage","@id":"https:\/\/globalsew.com\/product\/wf1867ddaut\/","url":"https:\/\/globalsew.com\/product\/wf1867ddaut\/","name":"S\u00e9rie WF 1867 DD-AUT - Global International B.V.","isPartOf":{"@id":"https:\/\/globalsew.com\/#website"},"primaryImageOfPage":{"@id":"https:\/\/globalsew.com\/product\/wf1867ddaut\/#primaryimage"},"image":{"@id":"https:\/\/globalsew.com\/product\/wf1867ddaut\/#primaryimage"},"thumbnailUrl":"https:\/\/globalsew.com\/wp-content\/uploads\/2025\/09\/products-WF1867-03-global-1080-website-2025-copy.jpg","datePublished":"2025-09-26T09:41:33+00:00","dateModified":"2026-02-26T08:46:16+00:00","breadcrumb":{"@id":"https:\/\/globalsew.com\/product\/wf1867ddaut\/#breadcrumb"},"inLanguage":"pt-PT","potentialAction":[{"@type":"ReadAction","target":["https:\/\/globalsew.com\/product\/wf1867ddaut\/"]}]},{"@type":"ImageObject","inLanguage":"pt-PT","@id":"https:\/\/globalsew.com\/product\/wf1867ddaut\/#primaryimage","url":"https:\/\/globalsew.com\/wp-content\/uploads\/2025\/09\/products-WF1867-03-global-1080-website-2025-copy.jpg","contentUrl":"https:\/\/globalsew.com\/wp-content\/uploads\/2025\/09\/products-WF1867-03-global-1080-website-2025-copy.jpg","width":1819,"height":1080},{"@type":"BreadcrumbList","@id":"https:\/\/globalsew.com\/product\/wf1867ddaut\/#breadcrumb","itemListElement":[{"@type":"ListItem","position":1,"name":"Home","item":"https:\/\/globalsew.com\/"},{"@type":"ListItem","position":2,"name":"Products","item":"https:\/\/globalsew.com\/products\/"},{"@type":"ListItem","position":3,"name":"WF 1867 DD-AUT series"}]},{"@type":"WebSite","@id":"https:\/\/globalsew.com\/#website","url":"https:\/\/globalsew.com\/","name":"Global International B.V.","description":"M\u00e1quinas de costura industriais","potentialAction":[{"@type":"SearchAction","target":{"@type":"EntryPoint","urlTemplate":"https:\/\/globalsew.com\/?s={search_term_string}"},"query-input":{"@type":"PropertyValueSpecification","valueRequired":true,"valueName":"search_term_string"}}],"inLanguage":"pt-PT"}]}},"_links":{"self":[{"href":"https:\/\/globalsew.com\/pt\/wp-json\/wp\/v2\/product\/113734","targetHints":{"allow":["GET"]}}],"collection":[{"href":"https:\/\/globalsew.com\/pt\/wp-json\/wp\/v2\/product"}],"about":[{"href":"https:\/\/globalsew.com\/pt\/wp-json\/wp\/v2\/types\/product"}],"wp:featuredmedia":[{"embeddable":true,"href":"https:\/\/globalsew.com\/pt\/wp-json\/wp\/v2\/media\/113907"}],"wp:attachment":[{"href":"https:\/\/globalsew.com\/pt\/wp-json\/wp\/v2\/media?parent=113734"}],"wp:term":[{"taxonomy":"product_brand","embeddable":true,"href":"https:\/\/globalsew.com\/pt\/wp-json\/wp\/v2\/product_brand?post=113734"},{"taxonomy":"product_cat","embeddable":true,"href":"https:\/\/globalsew.com\/pt\/wp-json\/wp\/v2\/product_cat?post=113734"},{"taxonomy":"product_tag","embeddable":true,"href":"https:\/\/globalsew.com\/pt\/wp-json\/wp\/v2\/product_tag?post=113734"}],"curies":[{"name":"wp","href":"https:\/\/api.w.org\/{rel}","templated":true}]}}