{"id":113637,"date":"2025-08-18T16:34:31","date_gmt":"2025-08-18T14:34:31","guid":{"rendered":"https:\/\/globalsew.com\/?post_type=product&#038;p=113637"},"modified":"2025-08-18T16:34:31","modified_gmt":"2025-08-18T14:34:31","slug":"pfaff-1296-706-35-900-56","status":"publish","type":"product","link":"https:\/\/globalsew.com\/pt\/product\/pfaff-1296-706-35-900-56\/","title":{"rendered":"Pfaff 1296-706\/35-900-56"},"content":{"rendered":"","protected":false},"excerpt":{"rendered":"<p>M\u00e1quina de costura industrial de p\u00e9 calcador de agulha dupla (10 mm) com cortador de linha e levantador de calcador pneum\u00e1tico. Completa com servomotor Efka DC 1600 (220V)<\/p>","protected":false},"featured_media":113640,"template":"","meta":{"_acf_changed":false},"product_brand":[],"product_cat":[351,357,317],"product_tag":[],"class_list":{"0":"post-113637","1":"product","2":"type-product","3":"status-publish","4":"has-post-thumbnail","6":"product_cat-new-arrivals","7":"product_cat-pfaff","8":"product_cat-used-products","9":"tm-no-options","11":"first","12":"instock","13":"shipping-taxable","14":"purchasable","15":"product-type-simple"},"acf":[],"gallery_images":[],"yoast_head":"<!-- This site is optimized with the Yoast SEO plugin v27.3 - https:\/\/yoast.com\/product\/yoast-seo-wordpress\/ -->\n<title>Pfaff 1296-706\/35-900-56 - Global International B.V.<\/title>\n<meta name=\"robots\" content=\"index, follow, max-snippet:-1, max-image-preview:large, max-video-preview:-1\" \/>\n<link rel=\"canonical\" href=\"https:\/\/globalsew.com\/pt\/produto\/pfaff-1296-706-35-900-56\/\" \/>\n<meta property=\"og:locale\" content=\"pt_PT\" \/>\n<meta property=\"og:type\" content=\"article\" \/>\n<meta property=\"og:title\" content=\"Pfaff 1296-706\/35-900-56 - Global International B.V.\" \/>\n<meta property=\"og:description\" content=\"Industrial double needle postbed walking foot sewing machine (10 mm) with thread trimmer and pneumatic presser foot lifter. Complete with Efka DC 1600 (220V) servomotor\" \/>\n<meta property=\"og:url\" content=\"https:\/\/globalsew.com\/pt\/produto\/pfaff-1296-706-35-900-56\/\" \/>\n<meta property=\"og:site_name\" content=\"Global International B.V.\" \/>\n<meta property=\"og:image\" content=\"https:\/\/globalsew.com\/wp-content\/uploads\/2025\/08\/Afbeelding-van-WhatsApp-op-2025-08-18-om-16.30.15_bf8dd3bb.jpg\" \/>\n\t<meta property=\"og:image:width\" content=\"1530\" \/>\n\t<meta property=\"og:image:height\" content=\"2040\" \/>\n\t<meta property=\"og:image:type\" content=\"image\/jpeg\" \/>\n<meta name=\"twitter:card\" content=\"summary_large_image\" \/>\n<meta name=\"twitter:label1\" content=\"Tempo estimado de leitura\" \/>\n\t<meta name=\"twitter:data1\" content=\"1 minuto\" \/>\n<script type=\"application\/ld+json\" class=\"yoast-schema-graph\">{\"@context\":\"https:\\\/\\\/schema.org\",\"@graph\":[{\"@type\":\"WebPage\",\"@id\":\"https:\\\/\\\/globalsew.com\\\/product\\\/pfaff-1296-706-35-900-56\\\/\",\"url\":\"https:\\\/\\\/globalsew.com\\\/product\\\/pfaff-1296-706-35-900-56\\\/\",\"name\":\"Pfaff 1296-706\\\/35-900-56 - Global International B.V.\",\"isPartOf\":{\"@id\":\"https:\\\/\\\/globalsew.com\\\/#website\"},\"primaryImageOfPage\":{\"@id\":\"https:\\\/\\\/globalsew.com\\\/product\\\/pfaff-1296-706-35-900-56\\\/#primaryimage\"},\"image\":{\"@id\":\"https:\\\/\\\/globalsew.com\\\/product\\\/pfaff-1296-706-35-900-56\\\/#primaryimage\"},\"thumbnailUrl\":\"https:\\\/\\\/globalsew.com\\\/wp-content\\\/uploads\\\/2025\\\/08\\\/Afbeelding-van-WhatsApp-op-2025-08-18-om-16.30.15_bf8dd3bb.jpg\",\"datePublished\":\"2025-08-18T14:34:31+00:00\",\"breadcrumb\":{\"@id\":\"https:\\\/\\\/globalsew.com\\\/product\\\/pfaff-1296-706-35-900-56\\\/#breadcrumb\"},\"inLanguage\":\"pt-PT\",\"potentialAction\":[{\"@type\":\"ReadAction\",\"target\":[\"https:\\\/\\\/globalsew.com\\\/product\\\/pfaff-1296-706-35-900-56\\\/\"]}]},{\"@type\":\"ImageObject\",\"inLanguage\":\"pt-PT\",\"@id\":\"https:\\\/\\\/globalsew.com\\\/product\\\/pfaff-1296-706-35-900-56\\\/#primaryimage\",\"url\":\"https:\\\/\\\/globalsew.com\\\/wp-content\\\/uploads\\\/2025\\\/08\\\/Afbeelding-van-WhatsApp-op-2025-08-18-om-16.30.15_bf8dd3bb.jpg\",\"contentUrl\":\"https:\\\/\\\/globalsew.com\\\/wp-content\\\/uploads\\\/2025\\\/08\\\/Afbeelding-van-WhatsApp-op-2025-08-18-om-16.30.15_bf8dd3bb.jpg\",\"width\":1530,\"height\":2040},{\"@type\":\"BreadcrumbList\",\"@id\":\"https:\\\/\\\/globalsew.com\\\/product\\\/pfaff-1296-706-35-900-56\\\/#breadcrumb\",\"itemListElement\":[{\"@type\":\"ListItem\",\"position\":1,\"name\":\"Home\",\"item\":\"https:\\\/\\\/globalsew.com\\\/\"},{\"@type\":\"ListItem\",\"position\":2,\"name\":\"Products\",\"item\":\"https:\\\/\\\/globalsew.com\\\/products\\\/\"},{\"@type\":\"ListItem\",\"position\":3,\"name\":\"Pfaff 1296-706\\\/35-900-56\"}]},{\"@type\":\"WebSite\",\"@id\":\"https:\\\/\\\/globalsew.com\\\/#website\",\"url\":\"https:\\\/\\\/globalsew.com\\\/\",\"name\":\"Global International B.V.\",\"description\":\"Industrial Sewing Machines\",\"potentialAction\":[{\"@type\":\"SearchAction\",\"target\":{\"@type\":\"EntryPoint\",\"urlTemplate\":\"https:\\\/\\\/globalsew.com\\\/?s={search_term_string}\"},\"query-input\":{\"@type\":\"PropertyValueSpecification\",\"valueRequired\":true,\"valueName\":\"search_term_string\"}}],\"inLanguage\":\"pt-PT\"}]}<\/script>\n<!-- \/ Yoast SEO plugin. -->","yoast_head_json":{"title":"Pfaff 1296-706\/35-900-56 - Global International B.V.","robots":{"index":"index","follow":"follow","max-snippet":"max-snippet:-1","max-image-preview":"max-image-preview:large","max-video-preview":"max-video-preview:-1"},"canonical":"https:\/\/globalsew.com\/pt\/produto\/pfaff-1296-706-35-900-56\/","og_locale":"pt_PT","og_type":"article","og_title":"Pfaff 1296-706\/35-900-56 - Global International B.V.","og_description":"Industrial double needle postbed walking foot sewing machine (10 mm) with thread trimmer and pneumatic presser foot lifter. Complete with Efka DC 1600 (220V) servomotor","og_url":"https:\/\/globalsew.com\/pt\/produto\/pfaff-1296-706-35-900-56\/","og_site_name":"Global International B.V.","og_image":[{"width":1530,"height":2040,"url":"https:\/\/globalsew.com\/wp-content\/uploads\/2025\/08\/Afbeelding-van-WhatsApp-op-2025-08-18-om-16.30.15_bf8dd3bb.jpg","type":"image\/jpeg"}],"twitter_card":"summary_large_image","twitter_misc":{"Tempo estimado de leitura":"1 minuto"},"schema":{"@context":"https:\/\/schema.org","@graph":[{"@type":"WebPage","@id":"https:\/\/globalsew.com\/product\/pfaff-1296-706-35-900-56\/","url":"https:\/\/globalsew.com\/product\/pfaff-1296-706-35-900-56\/","name":"Pfaff 1296-706\/35-900-56 - Global International B.V.","isPartOf":{"@id":"https:\/\/globalsew.com\/#website"},"primaryImageOfPage":{"@id":"https:\/\/globalsew.com\/product\/pfaff-1296-706-35-900-56\/#primaryimage"},"image":{"@id":"https:\/\/globalsew.com\/product\/pfaff-1296-706-35-900-56\/#primaryimage"},"thumbnailUrl":"https:\/\/globalsew.com\/wp-content\/uploads\/2025\/08\/Afbeelding-van-WhatsApp-op-2025-08-18-om-16.30.15_bf8dd3bb.jpg","datePublished":"2025-08-18T14:34:31+00:00","breadcrumb":{"@id":"https:\/\/globalsew.com\/product\/pfaff-1296-706-35-900-56\/#breadcrumb"},"inLanguage":"pt-PT","potentialAction":[{"@type":"ReadAction","target":["https:\/\/globalsew.com\/product\/pfaff-1296-706-35-900-56\/"]}]},{"@type":"ImageObject","inLanguage":"pt-PT","@id":"https:\/\/globalsew.com\/product\/pfaff-1296-706-35-900-56\/#primaryimage","url":"https:\/\/globalsew.com\/wp-content\/uploads\/2025\/08\/Afbeelding-van-WhatsApp-op-2025-08-18-om-16.30.15_bf8dd3bb.jpg","contentUrl":"https:\/\/globalsew.com\/wp-content\/uploads\/2025\/08\/Afbeelding-van-WhatsApp-op-2025-08-18-om-16.30.15_bf8dd3bb.jpg","width":1530,"height":2040},{"@type":"BreadcrumbList","@id":"https:\/\/globalsew.com\/product\/pfaff-1296-706-35-900-56\/#breadcrumb","itemListElement":[{"@type":"ListItem","position":1,"name":"Home","item":"https:\/\/globalsew.com\/"},{"@type":"ListItem","position":2,"name":"Products","item":"https:\/\/globalsew.com\/products\/"},{"@type":"ListItem","position":3,"name":"Pfaff 1296-706\/35-900-56"}]},{"@type":"WebSite","@id":"https:\/\/globalsew.com\/#website","url":"https:\/\/globalsew.com\/","name":"Global International B.V.","description":"M\u00e1quinas de costura industriais","potentialAction":[{"@type":"SearchAction","target":{"@type":"EntryPoint","urlTemplate":"https:\/\/globalsew.com\/?s={search_term_string}"},"query-input":{"@type":"PropertyValueSpecification","valueRequired":true,"valueName":"search_term_string"}}],"inLanguage":"pt-PT"}]}},"_links":{"self":[{"href":"https:\/\/globalsew.com\/pt\/wp-json\/wp\/v2\/product\/113637","targetHints":{"allow":["GET"]}}],"collection":[{"href":"https:\/\/globalsew.com\/pt\/wp-json\/wp\/v2\/product"}],"about":[{"href":"https:\/\/globalsew.com\/pt\/wp-json\/wp\/v2\/types\/product"}],"wp:featuredmedia":[{"embeddable":true,"href":"https:\/\/globalsew.com\/pt\/wp-json\/wp\/v2\/media\/113640"}],"wp:attachment":[{"href":"https:\/\/globalsew.com\/pt\/wp-json\/wp\/v2\/media?parent=113637"}],"wp:term":[{"taxonomy":"product_brand","embeddable":true,"href":"https:\/\/globalsew.com\/pt\/wp-json\/wp\/v2\/product_brand?post=113637"},{"taxonomy":"product_cat","embeddable":true,"href":"https:\/\/globalsew.com\/pt\/wp-json\/wp\/v2\/product_cat?post=113637"},{"taxonomy":"product_tag","embeddable":true,"href":"https:\/\/globalsew.com\/pt\/wp-json\/wp\/v2\/product_tag?post=113637"}],"curies":[{"name":"wp","href":"https:\/\/api.w.org\/{rel}","templated":true}]}}