{"id":113417,"date":"2025-07-01T13:30:34","date_gmt":"2025-07-01T11:30:34","guid":{"rendered":"https:\/\/globalsew.com\/?post_type=product&#038;p=113417"},"modified":"2025-10-22T09:15:12","modified_gmt":"2025-10-22T07:15:12","slug":"bt-1335-40","status":"publish","type":"product","link":"https:\/\/globalsew.com\/pt\/product\/bt-1335-40\/","title":{"rendered":"BT 1335-40"},"content":{"rendered":"<p style=\"text-align: left;\"><strong>Global BT 1335-40\u00a0 \u00a0 \u00a0 \u00a0<img decoding=\"async\" class=\"alignnone wp-image-95402\" src=\"https:\/\/globalsew.com\/wp-content\/uploads\/2020\/03\/koban-xs-global.jpg\" alt=\"\" width=\"40\" height=\"37\" \/>\u00a0 \u00a0 \u00a0 \u00a0 \u00a0 \u00a0 \u00a0 \u00a0 \u00a0 \u00a0 \u00a0 \u00a0 \u00a0 \u00a0 \u00a0 \u00a0 \u00a0 \u00a0 \u00a0 \u00a0 \u00a0 \u00a0 \u00a0 \u00a0 \u00a0 \u00a0<\/strong><br \/>\nM\u00e1quina de costura eletr\u00f3nica program\u00e1vel de acionamento direto com base cil\u00edndrica de 40 cm e gancho regular. Esta m\u00e1quina est\u00e1 equipada de s\u00e9rie com um dispositivo de corte de fio. O arrefecimento da agulha e o leitor de c\u00f3digo de barras s\u00e3o opcionais. Esta m\u00e1quina \u00e9 adequada para coser materiais m\u00e9dios\/pesados. A circunfer\u00eancia do cilindro \u00e9 de 180 mm. Existe uma estrutura opcional dispon\u00edvel para utilizar a m\u00e1quina, com uma \u00e1rea de costura de 250 x 160 mm. \u00c9 poss\u00edvel programar a m\u00e1quina com o software de desenho de modelos para PC (opcional). A m\u00e1quina \u00e9 fornecida completa com tampo de mesa, suporte e um mini servomotor de acionamento direto.<\/p>\n<p style=\"padding-left: 40px;\"><img fetchpriority=\"high\" decoding=\"async\" class=\"alignleft wp-image-95401\" src=\"https:\/\/globalsew.com\/wp-content\/uploads\/2020\/03\/BT-SOFTWARE-DAHAO-GLOBAL-1-1024x603.jpg\" alt=\"\" width=\"355\" height=\"209\" srcset=\"https:\/\/globalsew.com\/wp-content\/uploads\/2020\/03\/BT-SOFTWARE-DAHAO-GLOBAL-1-1024x603.jpg 1024w, https:\/\/globalsew.com\/wp-content\/uploads\/2020\/03\/BT-SOFTWARE-DAHAO-GLOBAL-1-1080x636.jpg 1080w, https:\/\/globalsew.com\/wp-content\/uploads\/2020\/03\/BT-SOFTWARE-DAHAO-GLOBAL-1-555x327.jpg 555w, https:\/\/globalsew.com\/wp-content\/uploads\/2020\/03\/BT-SOFTWARE-DAHAO-GLOBAL-1-300x177.jpg 300w, https:\/\/globalsew.com\/wp-content\/uploads\/2020\/03\/BT-SOFTWARE-DAHAO-GLOBAL-1-768x452.jpg 768w, https:\/\/globalsew.com\/wp-content\/uploads\/2020\/03\/BT-SOFTWARE-DAHAO-GLOBAL-1-205x121.jpg 205w, https:\/\/globalsew.com\/wp-content\/uploads\/2020\/03\/BT-SOFTWARE-DAHAO-GLOBAL-1.jpg 1417w\" sizes=\"(max-width: 355px) 100vw, 355px\" \/><img decoding=\"async\" class=\"wp-image-95338 alignright\" src=\"https:\/\/globalsew.com\/wp-content\/uploads\/2020\/03\/bt-panel-pc-global-m-300x180.jpg\" alt=\"\" width=\"299\" height=\"180\" srcset=\"https:\/\/globalsew.com\/wp-content\/uploads\/2020\/03\/bt-panel-pc-global-m-300x180.jpg 300w, https:\/\/globalsew.com\/wp-content\/uploads\/2020\/03\/bt-panel-pc-global-m-205x123.jpg 205w, https:\/\/globalsew.com\/wp-content\/uploads\/2020\/03\/bt-panel-pc-global-m.jpg 369w\" sizes=\"(max-width: 299px) 100vw, 299px\" \/><\/p>\n<p style=\"text-align: left;\">A Dahao Technologies permite-lhe desenhar e modificar padr\u00f5es tanto no painel t\u00e1til de f\u00e1cil utiliza\u00e7\u00e3o como atrav\u00e9s de software, que pode ser descarregado diretamente por USB. A m\u00e1quina pode ler : <span style=\"font-size: 10pt;\"><strong>Ficheiros .DXF .NSP .DST .SEW .EMB<\/strong><\/span><\/p>\n<p><a href=\"https:\/\/globalsew.com\/pt\/dahao\/\"><img loading=\"lazy\" decoding=\"async\" class=\"alignnone wp-image-95625\" src=\"https:\/\/globalsew.com\/wp-content\/uploads\/2020\/03\/BANNER-TEST2-GLOBAL-DAHOA.jpg\" alt=\"\" width=\"176\" height=\"51\" srcset=\"https:\/\/globalsew.com\/wp-content\/uploads\/2020\/03\/BANNER-TEST2-GLOBAL-DAHOA.jpg 789w, https:\/\/globalsew.com\/wp-content\/uploads\/2020\/03\/BANNER-TEST2-GLOBAL-DAHOA-555x160.jpg 555w, https:\/\/globalsew.com\/wp-content\/uploads\/2020\/03\/BANNER-TEST2-GLOBAL-DAHOA-300x87.jpg 300w, https:\/\/globalsew.com\/wp-content\/uploads\/2020\/03\/BANNER-TEST2-GLOBAL-DAHOA-768x222.jpg 768w, https:\/\/globalsew.com\/wp-content\/uploads\/2020\/03\/BANNER-TEST2-GLOBAL-DAHOA-205x59.jpg 205w\" sizes=\"(max-width: 176px) 100vw, 176px\" \/><\/a><\/p>\n<p>&nbsp;<\/p>\n<p>&nbsp;<\/p>\n<p style=\"text-align: left;\"><strong>APLICA\u00c7\u00c3O :\u00a0<\/strong><br \/>\n<span style=\"font-size: inherit;\">etiquetas ou padr\u00f5es no interior de sapatos, ou diferentes tipos de desenhos para coser as al\u00e7as das bolsas. A \u00e1rea de costura \u00e9 de 250 x160 mm. A altura do calcador pode ser ajustada por um motor de passo. A m\u00e1quina \u00e9 fornecida completa com tampo de mesa, suporte e mini servomotor de acionamento direto. Inclui dispositivo de corte de linha.<\/span><\/p>\n<p>&nbsp;<\/p>\n<p><strong>NORMA :<\/strong><\/p>\n<p><img loading=\"lazy\" decoding=\"async\" class=\"alignnone wp-image-95409\" src=\"https:\/\/globalsew.com\/wp-content\/uploads\/2020\/03\/test-thread-software-bt-options-global-1.jpg\" alt=\"\" width=\"161\" height=\"169\" \/>\u00a0 \u00a0<img loading=\"lazy\" decoding=\"async\" class=\"alignnone wp-image-95411\" src=\"https:\/\/globalsew.com\/wp-content\/uploads\/2020\/03\/test-led-bt-options-global.jpg\" alt=\"\" width=\"163\" height=\"171\" \/>\u00a0 \u00a0 <img loading=\"lazy\" decoding=\"async\" class=\"alignnone wp-image-95412\" src=\"https:\/\/globalsew.com\/wp-content\/uploads\/2020\/03\/test-2-padel-bt-options-global.jpg\" alt=\"\" width=\"165\" height=\"173\" \/><\/p>\n<p style=\"text-align: left;\"><strong>OP\u00c7\u00d5ES :<\/strong><\/p>\n<p>\u00a0 \u00a0<img loading=\"lazy\" decoding=\"async\" class=\"alignnone wp-image-95407\" src=\"https:\/\/globalsew.com\/wp-content\/uploads\/2020\/03\/test-thread-software-bt-options-global.jpg\" alt=\"\" width=\"154\" height=\"161\" \/>\u00a0 \u00a0 \u00a0<img loading=\"lazy\" decoding=\"async\" class=\"alignnone wp-image-95410\" src=\"https:\/\/globalsew.com\/wp-content\/uploads\/2020\/03\/test-needle-cooling-bt-options-global.jpg\" alt=\"\" width=\"159\" height=\"167\" \/>\u00a0 \u00a0 \u00a0<img loading=\"lazy\" decoding=\"async\" class=\"alignnone wp-image-95413\" src=\"https:\/\/globalsew.com\/wp-content\/uploads\/2020\/03\/test-3-padel-bt-options-global.jpg\" alt=\"\" width=\"162\" height=\"170\" \/>\u00a0 \u00a0 \u00a0 <img loading=\"lazy\" decoding=\"async\" class=\"alignnone wp-image-95414\" src=\"https:\/\/globalsew.com\/wp-content\/uploads\/2020\/03\/test-SECOND-TENTION-bt-options-global.jpg\" alt=\"\" width=\"163\" height=\"171\" \/>\u00a0 \u00a0 \u00a0 <img loading=\"lazy\" decoding=\"async\" class=\"alignnone wp-image-95415\" src=\"https:\/\/globalsew.com\/wp-content\/uploads\/2020\/03\/test-flat-plate-bt-options-global.jpg\" alt=\"\" width=\"168\" height=\"176\" \/>\u00a0 \u00a0 \u00a0 <img loading=\"lazy\" decoding=\"async\" class=\"alignnone wp-image-95416\" src=\"https:\/\/globalsew.com\/wp-content\/uploads\/2020\/03\/test-barcode-reader-bt-options-global.jpg\" alt=\"\" width=\"169\" height=\"177\" \/><\/p>\n<p style=\"text-align: left;\">","protected":false},"excerpt":{"rendered":"<p>&nbsp;<\/p>\n<div class=\"row\">\n<div class=\"col-md-4\"><a class=\"download-button\" href=\"https:\/\/globalsew.com\/wp-content\/uploads\/2017\/02\/Global-BT-1335-series.pdf\" target=\"_blank\" rel=\"noopener noreferrer\">Folheto<\/a><\/div>\n<\/div>\n<p>&nbsp;<\/p>\n<p>&nbsp;<\/p>\n<p><img loading=\"lazy\" decoding=\"async\" class=\"alignnone size-medium wp-image-95335\" src=\"https:\/\/globalsew.com\/wp-content\/uploads\/2020\/03\/icons-global-bt-m-300x42.jpg\" alt=\"\" width=\"300\" height=\"42\" srcset=\"https:\/\/globalsew.com\/wp-content\/uploads\/2020\/03\/icons-global-bt-m-300x42.jpg 300w, https:\/\/globalsew.com\/wp-content\/uploads\/2020\/03\/icons-global-bt-m-205x29.jpg 205w, https:\/\/globalsew.com\/wp-content\/uploads\/2020\/03\/icons-global-bt-m.jpg 344w\" sizes=\"(max-width: 300px) 100vw, 300px\" \/>\u00a0 \u00a0 \u00a0 \u00a0 \u00a0 \u00a0 \u00a0 \u00a0 \u00a0 \u00a0 \u00a0 \u00a0 \u00a0 \u00a0 <img loading=\"lazy\" decoding=\"async\" class=\"alignnone wp-image-95406\" src=\"https:\/\/globalsew.com\/wp-content\/uploads\/2020\/03\/CE-EAC-ICON-GLOBALSEW-300x148.jpg\" alt=\"\" width=\"77\" height=\"38\" srcset=\"https:\/\/globalsew.com\/wp-content\/uploads\/2020\/03\/CE-EAC-ICON-GLOBALSEW-300x148.jpg 300w, https:\/\/globalsew.com\/wp-content\/uploads\/2020\/03\/CE-EAC-ICON-GLOBALSEW-scaled-1080x533.jpg 1080w, https:\/\/globalsew.com\/wp-content\/uploads\/2020\/03\/CE-EAC-ICON-GLOBALSEW-555x274.jpg 555w, https:\/\/globalsew.com\/wp-content\/uploads\/2020\/03\/CE-EAC-ICON-GLOBALSEW-1024x505.jpg 1024w, https:\/\/globalsew.com\/wp-content\/uploads\/2020\/03\/CE-EAC-ICON-GLOBALSEW-768x379.jpg 768w, https:\/\/globalsew.com\/wp-content\/uploads\/2020\/03\/CE-EAC-ICON-GLOBALSEW-1536x758.jpg 1536w, https:\/\/globalsew.com\/wp-content\/uploads\/2020\/03\/CE-EAC-ICON-GLOBALSEW-2048x1011.jpg 2048w, https:\/\/globalsew.com\/wp-content\/uploads\/2020\/03\/CE-EAC-ICON-GLOBALSEW-205x101.jpg 205w\" sizes=\"(max-width: 77px) 100vw, 77px\" \/><\/p>\n<p>&nbsp;<\/p>\n<p><strong>Especifica\u00e7\u00f5es t\u00e9cnicas:<\/strong><\/p>\n<ul>\n<li>Velocidade da m\u00e1quina: 1200 rpm<\/li>\n<li>Sistema de alimenta\u00e7\u00e3o: por motor de impulsos (X-Y)<br \/>\nTipo de gancho: gancho rotativo regular<\/li>\n<li>Comprimento dos pontos: m\u00e1x. 12 mm<\/li>\n<li>Eleva\u00e7\u00e3o do calcador: m\u00e1x. 16 mm<\/li>\n<li>Eleva\u00e7\u00e3o da pin\u00e7a: at\u00e9 22 mm (pneum\u00e1tica)<\/li>\n<li>Tipo de agulha: DPx17<\/li>\n<li>Fonte de alimenta\u00e7\u00e3o: 220-240 V, monof\u00e1sico, 50-60 Hz servomotor AC de acionamento direto<\/li>\n<li>Gama de costura 250\u00d7160 mm<\/li>\n<\/ul>\n<p>&nbsp;<\/p>\n<div class=\"row\"><\/div>","protected":false},"featured_media":113425,"template":"","meta":{"_acf_changed":false},"product_brand":[],"product_cat":[157,97,152],"product_tag":[],"class_list":{"0":"post-113417","1":"product","2":"type-product","3":"status-publish","4":"has-post-thumbnail","6":"product_cat-pattern-sewing-machines-upholstery","7":"product_cat-pattern-sewing-machines","8":"product_cat-patternsewers","9":"tm-has-options","11":"first","12":"instock","13":"shipping-taxable","14":"purchasable","15":"product-type-simple"},"acf":[],"gallery_images":[113423,113424,113422,113421,113420,113419,113418],"yoast_head":"<!-- This site is optimized with the Yoast SEO plugin v27.3 - https:\/\/yoast.com\/product\/yoast-seo-wordpress\/ -->\n<title>BT 1335-40 - Global International B.V.<\/title>\n<meta name=\"robots\" content=\"index, follow, max-snippet:-1, max-image-preview:large, max-video-preview:-1\" \/>\n<link rel=\"canonical\" href=\"https:\/\/globalsew.com\/pt\/produto\/bt-1335-40\/\" \/>\n<meta property=\"og:locale\" content=\"pt_PT\" \/>\n<meta property=\"og:type\" content=\"article\" \/>\n<meta property=\"og:title\" content=\"BT 1335-40 - Global International B.V.\" \/>\n<meta property=\"og:description\" content=\"&nbsp;  Leaflet  &nbsp;  &nbsp;  \u00a0 \u00a0 \u00a0 \u00a0 \u00a0 \u00a0 \u00a0 \u00a0 \u00a0 \u00a0 \u00a0 \u00a0 \u00a0 \u00a0   &nbsp;  Technical specifications:   Machine speed: 1200 spm  Feeding system: by pulse motor (X-Y) Hook type: regular rotating ook  Stitch length: max 12 mm  Presser foot lift: max 16 mm  Clamp lift: up to 22 mm (pneumatic)  Needle type: DPx17  Power source: 220-240 V, single phase, 50-60 Hz direct drive AC servo motor  Sewing range 250x160 mm  &nbsp;\" \/>\n<meta property=\"og:url\" content=\"https:\/\/globalsew.com\/pt\/produto\/bt-1335-40\/\" \/>\n<meta property=\"og:site_name\" content=\"Global International B.V.\" \/>\n<meta property=\"article:modified_time\" content=\"2025-10-22T07:15:12+00:00\" \/>\n<meta property=\"og:image\" content=\"https:\/\/globalsew.com\/wp-content\/uploads\/2025\/07\/products-bt-1335-lh-05-global-1080-website-2025.jpeg\" \/>\n\t<meta property=\"og:image:width\" content=\"1280\" \/>\n\t<meta property=\"og:image:height\" content=\"760\" \/>\n\t<meta property=\"og:image:type\" content=\"image\/jpeg\" \/>\n<meta name=\"twitter:card\" content=\"summary_large_image\" \/>\n<meta name=\"twitter:label1\" content=\"Tempo estimado de leitura\" \/>\n\t<meta name=\"twitter:data1\" content=\"4 minutos\" \/>\n<script type=\"application\/ld+json\" class=\"yoast-schema-graph\">{\"@context\":\"https:\\\/\\\/schema.org\",\"@graph\":[{\"@type\":\"WebPage\",\"@id\":\"https:\\\/\\\/globalsew.com\\\/product\\\/bt-1335-40\\\/\",\"url\":\"https:\\\/\\\/globalsew.com\\\/product\\\/bt-1335-40\\\/\",\"name\":\"BT 1335-40 - Global International B.V.\",\"isPartOf\":{\"@id\":\"https:\\\/\\\/globalsew.com\\\/#website\"},\"primaryImageOfPage\":{\"@id\":\"https:\\\/\\\/globalsew.com\\\/product\\\/bt-1335-40\\\/#primaryimage\"},\"image\":{\"@id\":\"https:\\\/\\\/globalsew.com\\\/product\\\/bt-1335-40\\\/#primaryimage\"},\"thumbnailUrl\":\"https:\\\/\\\/globalsew.com\\\/wp-content\\\/uploads\\\/2025\\\/07\\\/products-bt-1335-lh-05-global-1080-website-2025.jpeg\",\"datePublished\":\"2025-07-01T11:30:34+00:00\",\"dateModified\":\"2025-10-22T07:15:12+00:00\",\"breadcrumb\":{\"@id\":\"https:\\\/\\\/globalsew.com\\\/product\\\/bt-1335-40\\\/#breadcrumb\"},\"inLanguage\":\"pt-PT\",\"potentialAction\":[{\"@type\":\"ReadAction\",\"target\":[\"https:\\\/\\\/globalsew.com\\\/product\\\/bt-1335-40\\\/\"]}]},{\"@type\":\"ImageObject\",\"inLanguage\":\"pt-PT\",\"@id\":\"https:\\\/\\\/globalsew.com\\\/product\\\/bt-1335-40\\\/#primaryimage\",\"url\":\"https:\\\/\\\/globalsew.com\\\/wp-content\\\/uploads\\\/2025\\\/07\\\/products-bt-1335-lh-05-global-1080-website-2025.jpeg\",\"contentUrl\":\"https:\\\/\\\/globalsew.com\\\/wp-content\\\/uploads\\\/2025\\\/07\\\/products-bt-1335-lh-05-global-1080-website-2025.jpeg\",\"width\":1280,\"height\":760},{\"@type\":\"BreadcrumbList\",\"@id\":\"https:\\\/\\\/globalsew.com\\\/product\\\/bt-1335-40\\\/#breadcrumb\",\"itemListElement\":[{\"@type\":\"ListItem\",\"position\":1,\"name\":\"Home\",\"item\":\"https:\\\/\\\/globalsew.com\\\/\"},{\"@type\":\"ListItem\",\"position\":2,\"name\":\"Products\",\"item\":\"https:\\\/\\\/globalsew.com\\\/products\\\/\"},{\"@type\":\"ListItem\",\"position\":3,\"name\":\"BT 1335-40\"}]},{\"@type\":\"WebSite\",\"@id\":\"https:\\\/\\\/globalsew.com\\\/#website\",\"url\":\"https:\\\/\\\/globalsew.com\\\/\",\"name\":\"Global International B.V.\",\"description\":\"Industrial Sewing Machines\",\"potentialAction\":[{\"@type\":\"SearchAction\",\"target\":{\"@type\":\"EntryPoint\",\"urlTemplate\":\"https:\\\/\\\/globalsew.com\\\/?s={search_term_string}\"},\"query-input\":{\"@type\":\"PropertyValueSpecification\",\"valueRequired\":true,\"valueName\":\"search_term_string\"}}],\"inLanguage\":\"pt-PT\"}]}<\/script>\n<!-- \/ Yoast SEO plugin. -->","yoast_head_json":{"title":"BT 1335-40 - Global International B.V.","robots":{"index":"index","follow":"follow","max-snippet":"max-snippet:-1","max-image-preview":"max-image-preview:large","max-video-preview":"max-video-preview:-1"},"canonical":"https:\/\/globalsew.com\/pt\/produto\/bt-1335-40\/","og_locale":"pt_PT","og_type":"article","og_title":"BT 1335-40 - Global International B.V.","og_description":"&nbsp;  Leaflet  &nbsp;  &nbsp;  \u00a0 \u00a0 \u00a0 \u00a0 \u00a0 \u00a0 \u00a0 \u00a0 \u00a0 \u00a0 \u00a0 \u00a0 \u00a0 \u00a0   &nbsp;  Technical specifications:   Machine speed: 1200 spm  Feeding system: by pulse motor (X-Y) Hook type: regular rotating ook  Stitch length: max 12 mm  Presser foot lift: max 16 mm  Clamp lift: up to 22 mm (pneumatic)  Needle type: DPx17  Power source: 220-240 V, single phase, 50-60 Hz direct drive AC servo motor  Sewing range 250x160 mm  &nbsp;","og_url":"https:\/\/globalsew.com\/pt\/produto\/bt-1335-40\/","og_site_name":"Global International B.V.","article_modified_time":"2025-10-22T07:15:12+00:00","og_image":[{"width":1280,"height":760,"url":"https:\/\/globalsew.com\/wp-content\/uploads\/2025\/07\/products-bt-1335-lh-05-global-1080-website-2025.jpeg","type":"image\/jpeg"}],"twitter_card":"summary_large_image","twitter_misc":{"Tempo estimado de leitura":"4 minutos"},"schema":{"@context":"https:\/\/schema.org","@graph":[{"@type":"WebPage","@id":"https:\/\/globalsew.com\/product\/bt-1335-40\/","url":"https:\/\/globalsew.com\/product\/bt-1335-40\/","name":"BT 1335-40 - Global International B.V.","isPartOf":{"@id":"https:\/\/globalsew.com\/#website"},"primaryImageOfPage":{"@id":"https:\/\/globalsew.com\/product\/bt-1335-40\/#primaryimage"},"image":{"@id":"https:\/\/globalsew.com\/product\/bt-1335-40\/#primaryimage"},"thumbnailUrl":"https:\/\/globalsew.com\/wp-content\/uploads\/2025\/07\/products-bt-1335-lh-05-global-1080-website-2025.jpeg","datePublished":"2025-07-01T11:30:34+00:00","dateModified":"2025-10-22T07:15:12+00:00","breadcrumb":{"@id":"https:\/\/globalsew.com\/product\/bt-1335-40\/#breadcrumb"},"inLanguage":"pt-PT","potentialAction":[{"@type":"ReadAction","target":["https:\/\/globalsew.com\/product\/bt-1335-40\/"]}]},{"@type":"ImageObject","inLanguage":"pt-PT","@id":"https:\/\/globalsew.com\/product\/bt-1335-40\/#primaryimage","url":"https:\/\/globalsew.com\/wp-content\/uploads\/2025\/07\/products-bt-1335-lh-05-global-1080-website-2025.jpeg","contentUrl":"https:\/\/globalsew.com\/wp-content\/uploads\/2025\/07\/products-bt-1335-lh-05-global-1080-website-2025.jpeg","width":1280,"height":760},{"@type":"BreadcrumbList","@id":"https:\/\/globalsew.com\/product\/bt-1335-40\/#breadcrumb","itemListElement":[{"@type":"ListItem","position":1,"name":"Home","item":"https:\/\/globalsew.com\/"},{"@type":"ListItem","position":2,"name":"Products","item":"https:\/\/globalsew.com\/products\/"},{"@type":"ListItem","position":3,"name":"BT 1335-40"}]},{"@type":"WebSite","@id":"https:\/\/globalsew.com\/#website","url":"https:\/\/globalsew.com\/","name":"Global International B.V.","description":"M\u00e1quinas de costura industriais","potentialAction":[{"@type":"SearchAction","target":{"@type":"EntryPoint","urlTemplate":"https:\/\/globalsew.com\/?s={search_term_string}"},"query-input":{"@type":"PropertyValueSpecification","valueRequired":true,"valueName":"search_term_string"}}],"inLanguage":"pt-PT"}]}},"_links":{"self":[{"href":"https:\/\/globalsew.com\/pt\/wp-json\/wp\/v2\/product\/113417","targetHints":{"allow":["GET"]}}],"collection":[{"href":"https:\/\/globalsew.com\/pt\/wp-json\/wp\/v2\/product"}],"about":[{"href":"https:\/\/globalsew.com\/pt\/wp-json\/wp\/v2\/types\/product"}],"wp:featuredmedia":[{"embeddable":true,"href":"https:\/\/globalsew.com\/pt\/wp-json\/wp\/v2\/media\/113425"}],"wp:attachment":[{"href":"https:\/\/globalsew.com\/pt\/wp-json\/wp\/v2\/media?parent=113417"}],"wp:term":[{"taxonomy":"product_brand","embeddable":true,"href":"https:\/\/globalsew.com\/pt\/wp-json\/wp\/v2\/product_brand?post=113417"},{"taxonomy":"product_cat","embeddable":true,"href":"https:\/\/globalsew.com\/pt\/wp-json\/wp\/v2\/product_cat?post=113417"},{"taxonomy":"product_tag","embeddable":true,"href":"https:\/\/globalsew.com\/pt\/wp-json\/wp\/v2\/product_tag?post=113417"}],"curies":[{"name":"wp","href":"https:\/\/api.w.org\/{rel}","templated":true}]}}