{"id":106441,"date":"2024-03-05T12:52:01","date_gmt":"2024-03-05T11:52:01","guid":{"rendered":"https:\/\/globalsew.com\/?post_type=product&#038;p=106441"},"modified":"2025-01-09T16:24:22","modified_gmt":"2025-01-09T15:24:22","slug":"maquinas-de-corte-cnc-para-couro-emma-l2-6716-d","status":"publish","type":"product","link":"https:\/\/globalsew.com\/pt\/product\/emma-l2-6716-d-leather-cnc-cutting-machines\/","title":{"rendered":"Sistemas de corte cnc para couro Emma L2-6716-D"},"content":{"rendered":"","protected":false},"excerpt":{"rendered":"<p><strong>M\u00e1quina de corte inteligente<\/strong><br \/>\ncom cremalheira integrada, fi\u00e1vel e de alta produtividade, utiliza\u00e7\u00e3o de mais de 90 %, adequada para materiais macios, design moderno, m\u00e1quina de corte de produ\u00e7\u00e3o em massa de couro mutli funcional escolhida pela maioria dos fabricantes de marcas internacionais.<\/p>\n<p>Dimens\u00e3o<span class=\"Apple-converted-space\">\u00a0\u00a0<\/span>(C)7800mm \u00d7 (L)3250mm \u00d7 (A)2680mm<br \/>\n\u00c1rea de corte<span class=\"Apple-converted-space\">\u00a0\u00a0<\/span>(C)3320mm \u00d7 (L)1550mm<br \/>\nTens\u00e3o<span class=\"Apple-converted-space\">\u00a0\u00a0<\/span>AC 220V 60HZ \/ 380 V 50Hz<br \/>\nPeso<span class=\"Apple-converted-space\"> 2650 <\/span>kg<br \/>\nConsumo total 20 kw<\/p>\n<p>&nbsp;<\/p>\n<p>Para descarregar, consulte a nossa p\u00e1gina de descarregamentos para o <a class=\"download-link\" href=\"https:\/\/globalsew.com\/pt\/descarregar\/maquinas-de-corte-emma\/\">M\u00e1quinas de corte Emma<\/a>.<\/p>","protected":false},"featured_media":106401,"template":"","meta":{"_acf_changed":false},"product_brand":[],"product_cat":[140,1752],"product_tag":[],"class_list":{"0":"post-106441","1":"product","2":"type-product","3":"status-publish","4":"has-post-thumbnail","6":"product_cat-cutting-machines-miscellaneous","7":"product_cat-emma-cutting-machines","8":"tm-no-options","10":"first","11":"instock","12":"shipping-taxable","13":"purchasable","14":"product-type-simple"},"acf":[],"gallery_images":[106442,108647],"yoast_head":"<!-- This site is optimized with the Yoast SEO plugin v27.3 - https:\/\/yoast.com\/product\/yoast-seo-wordpress\/ -->\n<title>Emma L2-6716-D leather cnc cutting systems - Global International B.V.<\/title>\n<meta name=\"description\" content=\"CNC cutting systems for precision cutting of leathers for custom shapes and designs with identically results for different applications\" \/>\n<meta name=\"robots\" content=\"index, follow, max-snippet:-1, max-image-preview:large, max-video-preview:-1\" \/>\n<link rel=\"canonical\" href=\"https:\/\/globalsew.com\/pt\/produto\/maquinas-de-corte-cnc-para-couro-emma-l2-6716-d\/\" \/>\n<meta property=\"og:locale\" content=\"pt_PT\" \/>\n<meta property=\"og:type\" content=\"article\" \/>\n<meta property=\"og:title\" content=\"Emma L2-6716-D leather cnc cutting systems - Global International B.V.\" \/>\n<meta property=\"og:description\" content=\"CNC cutting systems for precision cutting of leathers for custom shapes and designs with identically results for different applications\" \/>\n<meta property=\"og:url\" content=\"https:\/\/globalsew.com\/pt\/produto\/maquinas-de-corte-cnc-para-couro-emma-l2-6716-d\/\" \/>\n<meta property=\"og:site_name\" content=\"Global International B.V.\" \/>\n<meta property=\"article:modified_time\" content=\"2025-01-09T15:24:22+00:00\" \/>\n<meta property=\"og:image\" content=\"https:\/\/globalsew.com\/wp-content\/uploads\/2024\/03\/products-EMMA-L2-6716-D-2-01-global-1080-website-2024.jpg\" \/>\n\t<meta property=\"og:image:width\" content=\"1819\" \/>\n\t<meta property=\"og:image:height\" content=\"1080\" \/>\n\t<meta property=\"og:image:type\" content=\"image\/jpeg\" \/>\n<meta name=\"twitter:card\" content=\"summary_large_image\" \/>\n<meta name=\"twitter:label1\" content=\"Tempo estimado de leitura\" \/>\n\t<meta name=\"twitter:data1\" content=\"1 minuto\" \/>\n<script type=\"application\/ld+json\" class=\"yoast-schema-graph\">{\"@context\":\"https:\\\/\\\/schema.org\",\"@graph\":[{\"@type\":\"WebPage\",\"@id\":\"https:\\\/\\\/globalsew.com\\\/product\\\/emma-l2-6716-d-leather-cnc-cutting-machines\\\/\",\"url\":\"https:\\\/\\\/globalsew.com\\\/product\\\/emma-l2-6716-d-leather-cnc-cutting-machines\\\/\",\"name\":\"Emma L2-6716-D leather cnc cutting systems - Global International B.V.\",\"isPartOf\":{\"@id\":\"https:\\\/\\\/globalsew.com\\\/#website\"},\"primaryImageOfPage\":{\"@id\":\"https:\\\/\\\/globalsew.com\\\/product\\\/emma-l2-6716-d-leather-cnc-cutting-machines\\\/#primaryimage\"},\"image\":{\"@id\":\"https:\\\/\\\/globalsew.com\\\/product\\\/emma-l2-6716-d-leather-cnc-cutting-machines\\\/#primaryimage\"},\"thumbnailUrl\":\"https:\\\/\\\/globalsew.com\\\/wp-content\\\/uploads\\\/2024\\\/03\\\/products-EMMA-L2-6716-D-2-01-global-1080-website-2024.jpg\",\"datePublished\":\"2024-03-05T11:52:01+00:00\",\"dateModified\":\"2025-01-09T15:24:22+00:00\",\"description\":\"CNC cutting systems for precision cutting of leathers for custom shapes and designs with identically results for different applications\",\"breadcrumb\":{\"@id\":\"https:\\\/\\\/globalsew.com\\\/product\\\/emma-l2-6716-d-leather-cnc-cutting-machines\\\/#breadcrumb\"},\"inLanguage\":\"pt-PT\",\"potentialAction\":[{\"@type\":\"ReadAction\",\"target\":[\"https:\\\/\\\/globalsew.com\\\/product\\\/emma-l2-6716-d-leather-cnc-cutting-machines\\\/\"]}]},{\"@type\":\"ImageObject\",\"inLanguage\":\"pt-PT\",\"@id\":\"https:\\\/\\\/globalsew.com\\\/product\\\/emma-l2-6716-d-leather-cnc-cutting-machines\\\/#primaryimage\",\"url\":\"https:\\\/\\\/globalsew.com\\\/wp-content\\\/uploads\\\/2024\\\/03\\\/products-EMMA-L2-6716-D-2-01-global-1080-website-2024.jpg\",\"contentUrl\":\"https:\\\/\\\/globalsew.com\\\/wp-content\\\/uploads\\\/2024\\\/03\\\/products-EMMA-L2-6716-D-2-01-global-1080-website-2024.jpg\",\"width\":1819,\"height\":1080,\"caption\":\"Emma L2-6716-D\"},{\"@type\":\"BreadcrumbList\",\"@id\":\"https:\\\/\\\/globalsew.com\\\/product\\\/emma-l2-6716-d-leather-cnc-cutting-machines\\\/#breadcrumb\",\"itemListElement\":[{\"@type\":\"ListItem\",\"position\":1,\"name\":\"Home\",\"item\":\"https:\\\/\\\/globalsew.com\\\/\"},{\"@type\":\"ListItem\",\"position\":2,\"name\":\"Products\",\"item\":\"https:\\\/\\\/globalsew.com\\\/products\\\/\"},{\"@type\":\"ListItem\",\"position\":3,\"name\":\"Emma L2-6716-D leather cnc cutting systems\"}]},{\"@type\":\"WebSite\",\"@id\":\"https:\\\/\\\/globalsew.com\\\/#website\",\"url\":\"https:\\\/\\\/globalsew.com\\\/\",\"name\":\"Global International B.V.\",\"description\":\"Industrial Sewing Machines\",\"potentialAction\":[{\"@type\":\"SearchAction\",\"target\":{\"@type\":\"EntryPoint\",\"urlTemplate\":\"https:\\\/\\\/globalsew.com\\\/?s={search_term_string}\"},\"query-input\":{\"@type\":\"PropertyValueSpecification\",\"valueRequired\":true,\"valueName\":\"search_term_string\"}}],\"inLanguage\":\"pt-PT\"}]}<\/script>\n<!-- \/ Yoast SEO plugin. -->","yoast_head_json":{"title":"Emma L2-6716-D sistemas de corte cnc de couro - Global International B.V.","description":"Sistemas de corte CNC para corte de precis\u00e3o de couros para formas e desenhos personalizados com resultados id\u00eanticos para diferentes aplica\u00e7\u00f5es","robots":{"index":"index","follow":"follow","max-snippet":"max-snippet:-1","max-image-preview":"max-image-preview:large","max-video-preview":"max-video-preview:-1"},"canonical":"https:\/\/globalsew.com\/pt\/produto\/maquinas-de-corte-cnc-para-couro-emma-l2-6716-d\/","og_locale":"pt_PT","og_type":"article","og_title":"Emma L2-6716-D leather cnc cutting systems - Global International B.V.","og_description":"CNC cutting systems for precision cutting of leathers for custom shapes and designs with identically results for different applications","og_url":"https:\/\/globalsew.com\/pt\/produto\/maquinas-de-corte-cnc-para-couro-emma-l2-6716-d\/","og_site_name":"Global International B.V.","article_modified_time":"2025-01-09T15:24:22+00:00","og_image":[{"width":1819,"height":1080,"url":"https:\/\/globalsew.com\/wp-content\/uploads\/2024\/03\/products-EMMA-L2-6716-D-2-01-global-1080-website-2024.jpg","type":"image\/jpeg"}],"twitter_card":"summary_large_image","twitter_misc":{"Tempo estimado de leitura":"1 minuto"},"schema":{"@context":"https:\/\/schema.org","@graph":[{"@type":"WebPage","@id":"https:\/\/globalsew.com\/product\/emma-l2-6716-d-leather-cnc-cutting-machines\/","url":"https:\/\/globalsew.com\/product\/emma-l2-6716-d-leather-cnc-cutting-machines\/","name":"Emma L2-6716-D sistemas de corte cnc de couro - Global International B.V.","isPartOf":{"@id":"https:\/\/globalsew.com\/#website"},"primaryImageOfPage":{"@id":"https:\/\/globalsew.com\/product\/emma-l2-6716-d-leather-cnc-cutting-machines\/#primaryimage"},"image":{"@id":"https:\/\/globalsew.com\/product\/emma-l2-6716-d-leather-cnc-cutting-machines\/#primaryimage"},"thumbnailUrl":"https:\/\/globalsew.com\/wp-content\/uploads\/2024\/03\/products-EMMA-L2-6716-D-2-01-global-1080-website-2024.jpg","datePublished":"2024-03-05T11:52:01+00:00","dateModified":"2025-01-09T15:24:22+00:00","description":"Sistemas de corte CNC para corte de precis\u00e3o de couros para formas e desenhos personalizados com resultados id\u00eanticos para diferentes aplica\u00e7\u00f5es","breadcrumb":{"@id":"https:\/\/globalsew.com\/product\/emma-l2-6716-d-leather-cnc-cutting-machines\/#breadcrumb"},"inLanguage":"pt-PT","potentialAction":[{"@type":"ReadAction","target":["https:\/\/globalsew.com\/product\/emma-l2-6716-d-leather-cnc-cutting-machines\/"]}]},{"@type":"ImageObject","inLanguage":"pt-PT","@id":"https:\/\/globalsew.com\/product\/emma-l2-6716-d-leather-cnc-cutting-machines\/#primaryimage","url":"https:\/\/globalsew.com\/wp-content\/uploads\/2024\/03\/products-EMMA-L2-6716-D-2-01-global-1080-website-2024.jpg","contentUrl":"https:\/\/globalsew.com\/wp-content\/uploads\/2024\/03\/products-EMMA-L2-6716-D-2-01-global-1080-website-2024.jpg","width":1819,"height":1080,"caption":"Emma L2-6716-D"},{"@type":"BreadcrumbList","@id":"https:\/\/globalsew.com\/product\/emma-l2-6716-d-leather-cnc-cutting-machines\/#breadcrumb","itemListElement":[{"@type":"ListItem","position":1,"name":"Home","item":"https:\/\/globalsew.com\/"},{"@type":"ListItem","position":2,"name":"Products","item":"https:\/\/globalsew.com\/products\/"},{"@type":"ListItem","position":3,"name":"Emma L2-6716-D leather cnc cutting systems"}]},{"@type":"WebSite","@id":"https:\/\/globalsew.com\/#website","url":"https:\/\/globalsew.com\/","name":"Global International B.V.","description":"M\u00e1quinas de costura industriais","potentialAction":[{"@type":"SearchAction","target":{"@type":"EntryPoint","urlTemplate":"https:\/\/globalsew.com\/?s={search_term_string}"},"query-input":{"@type":"PropertyValueSpecification","valueRequired":true,"valueName":"search_term_string"}}],"inLanguage":"pt-PT"}]}},"_links":{"self":[{"href":"https:\/\/globalsew.com\/pt\/wp-json\/wp\/v2\/product\/106441","targetHints":{"allow":["GET"]}}],"collection":[{"href":"https:\/\/globalsew.com\/pt\/wp-json\/wp\/v2\/product"}],"about":[{"href":"https:\/\/globalsew.com\/pt\/wp-json\/wp\/v2\/types\/product"}],"wp:featuredmedia":[{"embeddable":true,"href":"https:\/\/globalsew.com\/pt\/wp-json\/wp\/v2\/media\/106401"}],"wp:attachment":[{"href":"https:\/\/globalsew.com\/pt\/wp-json\/wp\/v2\/media?parent=106441"}],"wp:term":[{"taxonomy":"product_brand","embeddable":true,"href":"https:\/\/globalsew.com\/pt\/wp-json\/wp\/v2\/product_brand?post=106441"},{"taxonomy":"product_cat","embeddable":true,"href":"https:\/\/globalsew.com\/pt\/wp-json\/wp\/v2\/product_cat?post=106441"},{"taxonomy":"product_tag","embeddable":true,"href":"https:\/\/globalsew.com\/pt\/wp-json\/wp\/v2\/product_tag?post=106441"}],"curies":[{"name":"wp","href":"https:\/\/api.w.org\/{rel}","templated":true}]}}