{"id":106415,"date":"2024-03-04T15:51:01","date_gmt":"2024-03-04T14:51:01","guid":{"rendered":"https:\/\/globalsew.com\/?post_type=product&#038;p=106415"},"modified":"2024-03-04T15:59:02","modified_gmt":"2024-03-04T14:59:02","slug":"placas-epoxidicas","status":"publish","type":"product","link":"https:\/\/globalsew.com\/pt\/product\/epoxy-plates\/","title":{"rendered":"Placas epox\u00eddicas"},"content":{"rendered":"<p><strong>Placa ep\u00f3xi preta 100\u00d7100 cm<br \/>\nDispon\u00edvel em 2,0; 3,0 e 4,0 mm de espessura<\/strong><\/p>\n<p>Placa de ep\u00f3xi verde 100\u00d7100 cm<br \/>\nDispon\u00edvel em espessuras de 1,0; 1,5 e 2,0 mm<\/p>","protected":false},"excerpt":{"rendered":"<p>Placa ep\u00f3xi preta 100\u00d7100 cm Dispon\u00edvel em 2,0; 3,0 e 4,0 mm de espessura Placa ep\u00f3xi verde 100\u00d7100 cm Dispon\u00edvel em 1,0; 1,5 e 2,0 mm de espessura<\/p>","protected":false},"featured_media":106421,"template":"","meta":{"_acf_changed":false},"product_brand":[],"product_cat":[131,26],"product_tag":[],"class_list":{"0":"post-106415","1":"product","2":"type-product","3":"status-publish","4":"has-post-thumbnail","6":"product_cat-accessories","7":"product_cat-miscellaneous","8":"tm-no-options","10":"first","11":"instock","12":"shipping-taxable","13":"purchasable","14":"product-type-variable"},"acf":[],"gallery_images":[106419],"yoast_head":"<!-- This site is optimized with the Yoast SEO plugin v27.3 - https:\/\/yoast.com\/product\/yoast-seo-wordpress\/ -->\n<title>Epoxy plates - Global International B.V.<\/title>\n<meta name=\"robots\" content=\"index, follow, max-snippet:-1, max-image-preview:large, max-video-preview:-1\" \/>\n<link rel=\"canonical\" href=\"https:\/\/globalsew.com\/pt\/produto\/placas-epoxidicas\/\" \/>\n<meta property=\"og:locale\" content=\"pt_PT\" \/>\n<meta property=\"og:type\" content=\"article\" \/>\n<meta property=\"og:title\" content=\"Epoxy plates - Global International B.V.\" \/>\n<meta property=\"og:description\" content=\"Epoxy plate black 100&#215;100 cm Available in 2,0; 3,0 and 4,0 mm thickness Epoxy plate green 100&#215;100 cm Available in 1,0; 1,5 and 2,0 mm thickness\" \/>\n<meta property=\"og:url\" content=\"https:\/\/globalsew.com\/pt\/produto\/placas-epoxidicas\/\" \/>\n<meta property=\"og:site_name\" content=\"Global International B.V.\" \/>\n<meta property=\"article:modified_time\" content=\"2024-03-04T14:59:02+00:00\" \/>\n<meta property=\"og:image\" content=\"https:\/\/globalsew.com\/wp-content\/uploads\/2024\/03\/products-EPOXY-GREEN-02-global-1080-website-2024.jpg\" \/>\n\t<meta property=\"og:image:width\" content=\"1819\" \/>\n\t<meta property=\"og:image:height\" content=\"1080\" \/>\n\t<meta property=\"og:image:type\" content=\"image\/jpeg\" \/>\n<meta name=\"twitter:card\" content=\"summary_large_image\" \/>\n<meta name=\"twitter:label1\" content=\"Tempo estimado de leitura\" \/>\n\t<meta name=\"twitter:data1\" content=\"1 minuto\" \/>\n<script type=\"application\/ld+json\" class=\"yoast-schema-graph\">{\"@context\":\"https:\\\/\\\/schema.org\",\"@graph\":[{\"@type\":\"WebPage\",\"@id\":\"https:\\\/\\\/globalsew.com\\\/product\\\/epoxy-plates\\\/\",\"url\":\"https:\\\/\\\/globalsew.com\\\/product\\\/epoxy-plates\\\/\",\"name\":\"Epoxy plates - Global International B.V.\",\"isPartOf\":{\"@id\":\"https:\\\/\\\/globalsew.com\\\/#website\"},\"primaryImageOfPage\":{\"@id\":\"https:\\\/\\\/globalsew.com\\\/product\\\/epoxy-plates\\\/#primaryimage\"},\"image\":{\"@id\":\"https:\\\/\\\/globalsew.com\\\/product\\\/epoxy-plates\\\/#primaryimage\"},\"thumbnailUrl\":\"https:\\\/\\\/globalsew.com\\\/wp-content\\\/uploads\\\/2024\\\/03\\\/products-EPOXY-GREEN-02-global-1080-website-2024.jpg\",\"datePublished\":\"2024-03-04T14:51:01+00:00\",\"dateModified\":\"2024-03-04T14:59:02+00:00\",\"breadcrumb\":{\"@id\":\"https:\\\/\\\/globalsew.com\\\/product\\\/epoxy-plates\\\/#breadcrumb\"},\"inLanguage\":\"pt-PT\",\"potentialAction\":[{\"@type\":\"ReadAction\",\"target\":[\"https:\\\/\\\/globalsew.com\\\/product\\\/epoxy-plates\\\/\"]}]},{\"@type\":\"ImageObject\",\"inLanguage\":\"pt-PT\",\"@id\":\"https:\\\/\\\/globalsew.com\\\/product\\\/epoxy-plates\\\/#primaryimage\",\"url\":\"https:\\\/\\\/globalsew.com\\\/wp-content\\\/uploads\\\/2024\\\/03\\\/products-EPOXY-GREEN-02-global-1080-website-2024.jpg\",\"contentUrl\":\"https:\\\/\\\/globalsew.com\\\/wp-content\\\/uploads\\\/2024\\\/03\\\/products-EPOXY-GREEN-02-global-1080-website-2024.jpg\",\"width\":1819,\"height\":1080},{\"@type\":\"BreadcrumbList\",\"@id\":\"https:\\\/\\\/globalsew.com\\\/product\\\/epoxy-plates\\\/#breadcrumb\",\"itemListElement\":[{\"@type\":\"ListItem\",\"position\":1,\"name\":\"Home\",\"item\":\"https:\\\/\\\/globalsew.com\\\/\"},{\"@type\":\"ListItem\",\"position\":2,\"name\":\"Products\",\"item\":\"https:\\\/\\\/globalsew.com\\\/products\\\/\"},{\"@type\":\"ListItem\",\"position\":3,\"name\":\"Epoxy plates\"}]},{\"@type\":\"WebSite\",\"@id\":\"https:\\\/\\\/globalsew.com\\\/#website\",\"url\":\"https:\\\/\\\/globalsew.com\\\/\",\"name\":\"Global International B.V.\",\"description\":\"Industrial Sewing Machines\",\"potentialAction\":[{\"@type\":\"SearchAction\",\"target\":{\"@type\":\"EntryPoint\",\"urlTemplate\":\"https:\\\/\\\/globalsew.com\\\/?s={search_term_string}\"},\"query-input\":{\"@type\":\"PropertyValueSpecification\",\"valueRequired\":true,\"valueName\":\"search_term_string\"}}],\"inLanguage\":\"pt-PT\"}]}<\/script>\n<!-- \/ Yoast SEO plugin. -->","yoast_head_json":{"title":"Placas epox\u00eddicas - Global International B.V.","robots":{"index":"index","follow":"follow","max-snippet":"max-snippet:-1","max-image-preview":"max-image-preview:large","max-video-preview":"max-video-preview:-1"},"canonical":"https:\/\/globalsew.com\/pt\/produto\/placas-epoxidicas\/","og_locale":"pt_PT","og_type":"article","og_title":"Epoxy plates - Global International B.V.","og_description":"Epoxy plate black 100&#215;100 cm Available in 2,0; 3,0 and 4,0 mm thickness Epoxy plate green 100&#215;100 cm Available in 1,0; 1,5 and 2,0 mm thickness","og_url":"https:\/\/globalsew.com\/pt\/produto\/placas-epoxidicas\/","og_site_name":"Global International B.V.","article_modified_time":"2024-03-04T14:59:02+00:00","og_image":[{"width":1819,"height":1080,"url":"https:\/\/globalsew.com\/wp-content\/uploads\/2024\/03\/products-EPOXY-GREEN-02-global-1080-website-2024.jpg","type":"image\/jpeg"}],"twitter_card":"summary_large_image","twitter_misc":{"Tempo estimado de leitura":"1 minuto"},"schema":{"@context":"https:\/\/schema.org","@graph":[{"@type":"WebPage","@id":"https:\/\/globalsew.com\/product\/epoxy-plates\/","url":"https:\/\/globalsew.com\/product\/epoxy-plates\/","name":"Placas epox\u00eddicas - Global International B.V.","isPartOf":{"@id":"https:\/\/globalsew.com\/#website"},"primaryImageOfPage":{"@id":"https:\/\/globalsew.com\/product\/epoxy-plates\/#primaryimage"},"image":{"@id":"https:\/\/globalsew.com\/product\/epoxy-plates\/#primaryimage"},"thumbnailUrl":"https:\/\/globalsew.com\/wp-content\/uploads\/2024\/03\/products-EPOXY-GREEN-02-global-1080-website-2024.jpg","datePublished":"2024-03-04T14:51:01+00:00","dateModified":"2024-03-04T14:59:02+00:00","breadcrumb":{"@id":"https:\/\/globalsew.com\/product\/epoxy-plates\/#breadcrumb"},"inLanguage":"pt-PT","potentialAction":[{"@type":"ReadAction","target":["https:\/\/globalsew.com\/product\/epoxy-plates\/"]}]},{"@type":"ImageObject","inLanguage":"pt-PT","@id":"https:\/\/globalsew.com\/product\/epoxy-plates\/#primaryimage","url":"https:\/\/globalsew.com\/wp-content\/uploads\/2024\/03\/products-EPOXY-GREEN-02-global-1080-website-2024.jpg","contentUrl":"https:\/\/globalsew.com\/wp-content\/uploads\/2024\/03\/products-EPOXY-GREEN-02-global-1080-website-2024.jpg","width":1819,"height":1080},{"@type":"BreadcrumbList","@id":"https:\/\/globalsew.com\/product\/epoxy-plates\/#breadcrumb","itemListElement":[{"@type":"ListItem","position":1,"name":"Home","item":"https:\/\/globalsew.com\/"},{"@type":"ListItem","position":2,"name":"Products","item":"https:\/\/globalsew.com\/products\/"},{"@type":"ListItem","position":3,"name":"Epoxy plates"}]},{"@type":"WebSite","@id":"https:\/\/globalsew.com\/#website","url":"https:\/\/globalsew.com\/","name":"Global International B.V.","description":"M\u00e1quinas de costura industriais","potentialAction":[{"@type":"SearchAction","target":{"@type":"EntryPoint","urlTemplate":"https:\/\/globalsew.com\/?s={search_term_string}"},"query-input":{"@type":"PropertyValueSpecification","valueRequired":true,"valueName":"search_term_string"}}],"inLanguage":"pt-PT"}]}},"_links":{"self":[{"href":"https:\/\/globalsew.com\/pt\/wp-json\/wp\/v2\/product\/106415","targetHints":{"allow":["GET"]}}],"collection":[{"href":"https:\/\/globalsew.com\/pt\/wp-json\/wp\/v2\/product"}],"about":[{"href":"https:\/\/globalsew.com\/pt\/wp-json\/wp\/v2\/types\/product"}],"wp:featuredmedia":[{"embeddable":true,"href":"https:\/\/globalsew.com\/pt\/wp-json\/wp\/v2\/media\/106421"}],"wp:attachment":[{"href":"https:\/\/globalsew.com\/pt\/wp-json\/wp\/v2\/media?parent=106415"}],"wp:term":[{"taxonomy":"product_brand","embeddable":true,"href":"https:\/\/globalsew.com\/pt\/wp-json\/wp\/v2\/product_brand?post=106415"},{"taxonomy":"product_cat","embeddable":true,"href":"https:\/\/globalsew.com\/pt\/wp-json\/wp\/v2\/product_cat?post=106415"},{"taxonomy":"product_tag","embeddable":true,"href":"https:\/\/globalsew.com\/pt\/wp-json\/wp\/v2\/product_tag?post=106415"}],"curies":[{"name":"wp","href":"https:\/\/api.w.org\/{rel}","templated":true}]}}