{"id":106395,"date":"2024-03-04T13:55:02","date_gmt":"2024-03-04T12:55:02","guid":{"rendered":"https:\/\/globalsew.com\/?post_type=product&#038;p=106395"},"modified":"2024-04-30T16:44:33","modified_gmt":"2024-04-30T14:44:33","slug":"emma-c906","status":"publish","type":"product","link":"https:\/\/globalsew.com\/pt\/product\/emma-c906\/","title":{"rendered":"Emma C906"},"content":{"rendered":"","protected":false},"excerpt":{"rendered":"<p><strong>M\u00e1quina de corte autom\u00e1tica<br \/>\n<\/strong>Uma m\u00e1quina de corte compacta adequada para edif\u00edcios de escrit\u00f3rios na cidade e salas de amostras de v\u00e1rias empresas comerciais e centros de desenvolvimento. Design industrial elegante, a maioria das empresas escolhe para o corte inteligente da sala de amostras.<br \/>\nDimens\u00e3o<span class=\"Apple-converted-space\">\u00a0\u00a0<\/span>(C)1660mm \u00d7 (L)1500mm \u00d7 (H)2200mm<br \/>\n\u00c1rea de corte<span class=\"Apple-converted-space\">\u00a0\u00a0<\/span>(C)820mm \u00d7 (L)600mm<br \/>\nTens\u00e3o<span class=\"Apple-converted-space\">\u00a0\u00a0<\/span>AC 220V 60HZ<br \/>\nPeso<span class=\"Apple-converted-space\">\u00a0\u00a0<\/span>497 kg<br \/>\nConsumo total 4kw<\/p>\n<p>&nbsp;<\/p>\n<p>Para descarregar, consulte a nossa p\u00e1gina de descarregamentos para o <a class=\"download-link\" href=\"https:\/\/globalsew.com\/pt\/descarregar\/maquinas-de-corte-emma\/\">M\u00e1quinas de corte Emma<\/a>.<\/p>","protected":false},"featured_media":106397,"template":"","meta":{"_acf_changed":false},"product_brand":[],"product_cat":[140,1752],"product_tag":[],"class_list":{"0":"post-106395","1":"product","2":"type-product","3":"status-publish","4":"has-post-thumbnail","6":"product_cat-cutting-machines-miscellaneous","7":"product_cat-emma-cutting-machines","8":"tm-no-options","10":"first","11":"instock","12":"shipping-taxable","13":"purchasable","14":"product-type-simple"},"acf":[],"gallery_images":[],"yoast_head":"<!-- This site is optimized with the Yoast SEO plugin v27.3 - https:\/\/yoast.com\/product\/yoast-seo-wordpress\/ -->\n<title>Emma C906 - Global International B.V.<\/title>\n<meta name=\"robots\" content=\"index, follow, max-snippet:-1, max-image-preview:large, max-video-preview:-1\" \/>\n<link rel=\"canonical\" href=\"https:\/\/globalsew.com\/pt\/produto\/emma-c906\/\" \/>\n<meta property=\"og:locale\" content=\"pt_PT\" \/>\n<meta property=\"og:type\" content=\"article\" \/>\n<meta property=\"og:title\" content=\"Emma C906 - Global International B.V.\" \/>\n<meta property=\"og:description\" content=\"Automatic cutting machine A compact cutting machine suitable for office buildings in the city and sample rooms of various trading companies and development centers. Fashionable industrial design, the most companies choose for sample room smart cutting. Dimension\u00a0\u00a0(L)1660mm \u00d7 (W)1500mm \u00d7 (H)2200mm Cutting area\u00a0\u00a0(L)820mm \u00d7 (W)600mm Voltage\u00a0\u00a0AC 220V 60HZ Weight\u00a0\u00a0497kg Total consumption 4kw  &nbsp;  For downloads see our downloads page for the Emma cutting machines.\" \/>\n<meta property=\"og:url\" content=\"https:\/\/globalsew.com\/pt\/produto\/emma-c906\/\" \/>\n<meta property=\"og:site_name\" content=\"Global International B.V.\" \/>\n<meta property=\"article:modified_time\" content=\"2024-04-30T14:44:33+00:00\" \/>\n<meta property=\"og:image\" content=\"https:\/\/globalsew.com\/wp-content\/uploads\/2024\/03\/products-EMMA-C906-2-01-global-1080-website-2024.jpg\" \/>\n\t<meta property=\"og:image:width\" content=\"1819\" \/>\n\t<meta property=\"og:image:height\" content=\"1080\" \/>\n\t<meta property=\"og:image:type\" content=\"image\/jpeg\" \/>\n<meta name=\"twitter:card\" content=\"summary_large_image\" \/>\n<meta name=\"twitter:label1\" content=\"Tempo estimado de leitura\" \/>\n\t<meta name=\"twitter:data1\" content=\"1 minuto\" \/>\n<script type=\"application\/ld+json\" class=\"yoast-schema-graph\">{\"@context\":\"https:\\\/\\\/schema.org\",\"@graph\":[{\"@type\":\"WebPage\",\"@id\":\"https:\\\/\\\/globalsew.com\\\/product\\\/emma-c906\\\/\",\"url\":\"https:\\\/\\\/globalsew.com\\\/product\\\/emma-c906\\\/\",\"name\":\"Emma C906 - Global International B.V.\",\"isPartOf\":{\"@id\":\"https:\\\/\\\/globalsew.com\\\/#website\"},\"primaryImageOfPage\":{\"@id\":\"https:\\\/\\\/globalsew.com\\\/product\\\/emma-c906\\\/#primaryimage\"},\"image\":{\"@id\":\"https:\\\/\\\/globalsew.com\\\/product\\\/emma-c906\\\/#primaryimage\"},\"thumbnailUrl\":\"https:\\\/\\\/globalsew.com\\\/wp-content\\\/uploads\\\/2024\\\/03\\\/products-EMMA-C906-2-01-global-1080-website-2024.jpg\",\"datePublished\":\"2024-03-04T12:55:02+00:00\",\"dateModified\":\"2024-04-30T14:44:33+00:00\",\"breadcrumb\":{\"@id\":\"https:\\\/\\\/globalsew.com\\\/product\\\/emma-c906\\\/#breadcrumb\"},\"inLanguage\":\"pt-PT\",\"potentialAction\":[{\"@type\":\"ReadAction\",\"target\":[\"https:\\\/\\\/globalsew.com\\\/product\\\/emma-c906\\\/\"]}]},{\"@type\":\"ImageObject\",\"inLanguage\":\"pt-PT\",\"@id\":\"https:\\\/\\\/globalsew.com\\\/product\\\/emma-c906\\\/#primaryimage\",\"url\":\"https:\\\/\\\/globalsew.com\\\/wp-content\\\/uploads\\\/2024\\\/03\\\/products-EMMA-C906-2-01-global-1080-website-2024.jpg\",\"contentUrl\":\"https:\\\/\\\/globalsew.com\\\/wp-content\\\/uploads\\\/2024\\\/03\\\/products-EMMA-C906-2-01-global-1080-website-2024.jpg\",\"width\":1819,\"height\":1080,\"caption\":\"Emma C906\"},{\"@type\":\"BreadcrumbList\",\"@id\":\"https:\\\/\\\/globalsew.com\\\/product\\\/emma-c906\\\/#breadcrumb\",\"itemListElement\":[{\"@type\":\"ListItem\",\"position\":1,\"name\":\"Home\",\"item\":\"https:\\\/\\\/globalsew.com\\\/\"},{\"@type\":\"ListItem\",\"position\":2,\"name\":\"Products\",\"item\":\"https:\\\/\\\/globalsew.com\\\/products\\\/\"},{\"@type\":\"ListItem\",\"position\":3,\"name\":\"Emma C906\"}]},{\"@type\":\"WebSite\",\"@id\":\"https:\\\/\\\/globalsew.com\\\/#website\",\"url\":\"https:\\\/\\\/globalsew.com\\\/\",\"name\":\"Global International B.V.\",\"description\":\"Industrial Sewing Machines\",\"potentialAction\":[{\"@type\":\"SearchAction\",\"target\":{\"@type\":\"EntryPoint\",\"urlTemplate\":\"https:\\\/\\\/globalsew.com\\\/?s={search_term_string}\"},\"query-input\":{\"@type\":\"PropertyValueSpecification\",\"valueRequired\":true,\"valueName\":\"search_term_string\"}}],\"inLanguage\":\"pt-PT\"}]}<\/script>\n<!-- \/ Yoast SEO plugin. -->","yoast_head_json":{"title":"Emma C906 - Global International B.V.","robots":{"index":"index","follow":"follow","max-snippet":"max-snippet:-1","max-image-preview":"max-image-preview:large","max-video-preview":"max-video-preview:-1"},"canonical":"https:\/\/globalsew.com\/pt\/produto\/emma-c906\/","og_locale":"pt_PT","og_type":"article","og_title":"Emma C906 - Global International B.V.","og_description":"Automatic cutting machine A compact cutting machine suitable for office buildings in the city and sample rooms of various trading companies and development centers. Fashionable industrial design, the most companies choose for sample room smart cutting. Dimension\u00a0\u00a0(L)1660mm \u00d7 (W)1500mm \u00d7 (H)2200mm Cutting area\u00a0\u00a0(L)820mm \u00d7 (W)600mm Voltage\u00a0\u00a0AC 220V 60HZ Weight\u00a0\u00a0497kg Total consumption 4kw  &nbsp;  For downloads see our downloads page for the Emma cutting machines.","og_url":"https:\/\/globalsew.com\/pt\/produto\/emma-c906\/","og_site_name":"Global International B.V.","article_modified_time":"2024-04-30T14:44:33+00:00","og_image":[{"width":1819,"height":1080,"url":"https:\/\/globalsew.com\/wp-content\/uploads\/2024\/03\/products-EMMA-C906-2-01-global-1080-website-2024.jpg","type":"image\/jpeg"}],"twitter_card":"summary_large_image","twitter_misc":{"Tempo estimado de leitura":"1 minuto"},"schema":{"@context":"https:\/\/schema.org","@graph":[{"@type":"WebPage","@id":"https:\/\/globalsew.com\/product\/emma-c906\/","url":"https:\/\/globalsew.com\/product\/emma-c906\/","name":"Emma C906 - Global International B.V.","isPartOf":{"@id":"https:\/\/globalsew.com\/#website"},"primaryImageOfPage":{"@id":"https:\/\/globalsew.com\/product\/emma-c906\/#primaryimage"},"image":{"@id":"https:\/\/globalsew.com\/product\/emma-c906\/#primaryimage"},"thumbnailUrl":"https:\/\/globalsew.com\/wp-content\/uploads\/2024\/03\/products-EMMA-C906-2-01-global-1080-website-2024.jpg","datePublished":"2024-03-04T12:55:02+00:00","dateModified":"2024-04-30T14:44:33+00:00","breadcrumb":{"@id":"https:\/\/globalsew.com\/product\/emma-c906\/#breadcrumb"},"inLanguage":"pt-PT","potentialAction":[{"@type":"ReadAction","target":["https:\/\/globalsew.com\/product\/emma-c906\/"]}]},{"@type":"ImageObject","inLanguage":"pt-PT","@id":"https:\/\/globalsew.com\/product\/emma-c906\/#primaryimage","url":"https:\/\/globalsew.com\/wp-content\/uploads\/2024\/03\/products-EMMA-C906-2-01-global-1080-website-2024.jpg","contentUrl":"https:\/\/globalsew.com\/wp-content\/uploads\/2024\/03\/products-EMMA-C906-2-01-global-1080-website-2024.jpg","width":1819,"height":1080,"caption":"Emma C906"},{"@type":"BreadcrumbList","@id":"https:\/\/globalsew.com\/product\/emma-c906\/#breadcrumb","itemListElement":[{"@type":"ListItem","position":1,"name":"Home","item":"https:\/\/globalsew.com\/"},{"@type":"ListItem","position":2,"name":"Products","item":"https:\/\/globalsew.com\/products\/"},{"@type":"ListItem","position":3,"name":"Emma C906"}]},{"@type":"WebSite","@id":"https:\/\/globalsew.com\/#website","url":"https:\/\/globalsew.com\/","name":"Global International B.V.","description":"M\u00e1quinas de costura industriais","potentialAction":[{"@type":"SearchAction","target":{"@type":"EntryPoint","urlTemplate":"https:\/\/globalsew.com\/?s={search_term_string}"},"query-input":{"@type":"PropertyValueSpecification","valueRequired":true,"valueName":"search_term_string"}}],"inLanguage":"pt-PT"}]}},"_links":{"self":[{"href":"https:\/\/globalsew.com\/pt\/wp-json\/wp\/v2\/product\/106395","targetHints":{"allow":["GET"]}}],"collection":[{"href":"https:\/\/globalsew.com\/pt\/wp-json\/wp\/v2\/product"}],"about":[{"href":"https:\/\/globalsew.com\/pt\/wp-json\/wp\/v2\/types\/product"}],"wp:featuredmedia":[{"embeddable":true,"href":"https:\/\/globalsew.com\/pt\/wp-json\/wp\/v2\/media\/106397"}],"wp:attachment":[{"href":"https:\/\/globalsew.com\/pt\/wp-json\/wp\/v2\/media?parent=106395"}],"wp:term":[{"taxonomy":"product_brand","embeddable":true,"href":"https:\/\/globalsew.com\/pt\/wp-json\/wp\/v2\/product_brand?post=106395"},{"taxonomy":"product_cat","embeddable":true,"href":"https:\/\/globalsew.com\/pt\/wp-json\/wp\/v2\/product_cat?post=106395"},{"taxonomy":"product_tag","embeddable":true,"href":"https:\/\/globalsew.com\/pt\/wp-json\/wp\/v2\/product_tag?post=106395"}],"curies":[{"name":"wp","href":"https:\/\/api.w.org\/{rel}","templated":true}]}}