{"id":96575,"date":"2021-10-28T21:44:43","date_gmt":"2021-10-28T19:44:43","guid":{"rendered":"https:\/\/globalsew.com\/?page_id=96575"},"modified":"2025-01-29T14:23:34","modified_gmt":"2025-01-29T13:23:34","slug":"automatico","status":"publish","type":"page","link":"https:\/\/globalsew.com\/pt\/automative\/","title":{"rendered":"autom\u00f3vel"},"content":{"rendered":"<div class=\"wpb-content-wrapper\"><div class=\"vc_row wpb_row vc_row-fluid\"><div class=\"wpb_column vc_column_container vc_col-sm-12\"><div class=\"vc_column-inner\"><div class=\"wpb_wrapper\"><div class=\"vc_row wpb_row vc_inner vc_row-fluid\"><div class=\"wpb_column vc_column_container vc_col-sm-6\"><div class=\"vc_column-inner\"><div class=\"wpb_wrapper\">\n\t<div class=\"wpb_text_column wpb_content_element\" >\n\t\t<div class=\"wpb_wrapper\">\n\t\t\t<div id=\"image-map-pro-7661\"><\/div>\n\n\t\t<\/div>\n\t<\/div>\n<div class=\"vc_empty_space\"   style=\"height: 64px\"><span class=\"vc_empty_space_inner\"><\/span><\/div><\/div><\/div><\/div><div class=\"wpb_column vc_column_container vc_col-sm-6\"><div class=\"vc_column-inner\"><div class=\"wpb_wrapper\">\n\t<div class=\"wpb_text_column wpb_content_element\" >\n\t\t<div class=\"wpb_wrapper\">\n\t\t\t<p>[]<\/p>\n\n\t\t<\/div>\n\t<\/div>\n<div class=\"vc_empty_space\"   style=\"height: 64px\"><span class=\"vc_empty_space_inner\"><\/span><\/div><\/div><\/div><\/div><\/div><\/div><\/div><\/div><\/div>\n<\/div>","protected":false},"excerpt":{"rendered":"[]","protected":false},"author":1,"featured_media":102276,"parent":0,"menu_order":0,"comment_status":"closed","ping_status":"closed","template":"","meta":{"_acf_changed":false,"footnotes":""},"class_list":["post-96575","page","type-page","status-publish","has-post-thumbnail","hentry"],"acf":[],"yoast_head":"<!-- This site is optimized with the Yoast SEO plugin v27.3 - https:\/\/yoast.com\/product\/yoast-seo-wordpress\/ -->\n<title>automotive-sewing-machines-heavy-duty-walkingfoot-seats-leather<\/title>\n<meta name=\"description\" content=\"Global Industrial Sewing Machines offers a large range sewing machine for automotive applications like car seats\" \/>\n<meta name=\"robots\" content=\"index, follow, max-snippet:-1, max-image-preview:large, max-video-preview:-1\" \/>\n<link rel=\"canonical\" href=\"https:\/\/globalsew.com\/pt\/automatico\/\" \/>\n<meta property=\"og:locale\" content=\"pt_PT\" \/>\n<meta property=\"og:type\" content=\"article\" \/>\n<meta property=\"og:title\" content=\"automotive | How it&#039;s Made | GlobalSew.com - Industrial Sewing Machines.\" \/>\n<meta property=\"og:description\" content=\"With what kind of sewing machines are automotive made? Learn all about it on this &#039;How it&#039;s Made&#039; info page at Global Industrial Sewing Machines.\" \/>\n<meta property=\"og:url\" content=\"https:\/\/globalsew.com\/pt\/automatico\/\" \/>\n<meta property=\"og:site_name\" content=\"Global International B.V.\" \/>\n<meta property=\"article:modified_time\" content=\"2025-01-29T13:23:34+00:00\" \/>\n<meta name=\"twitter:card\" content=\"summary_large_image\" \/>\n<meta name=\"twitter:title\" content=\"automotive | How it&#039;s Made | GlobalSew.com - Industrial Sewing Machines.\" \/>\n<meta name=\"twitter:description\" content=\"With what kind of sewing machines are automotive made? Learn all about it on this &#039;How it&#039;s Made&#039; info page at Global Industrial Sewing Machines.\" \/>\n<meta name=\"twitter:label1\" content=\"Tempo estimado de leitura\" \/>\n\t<meta name=\"twitter:data1\" content=\"1 minuto\" \/>\n<script type=\"application\/ld+json\" class=\"yoast-schema-graph\">{\"@context\":\"https:\\\/\\\/schema.org\",\"@graph\":[{\"@type\":\"WebPage\",\"@id\":\"https:\\\/\\\/globalsew.com\\\/automative\\\/\",\"url\":\"https:\\\/\\\/globalsew.com\\\/automative\\\/\",\"name\":\"automotive-sewing-machines-heavy-duty-walkingfoot-seats-leather\",\"isPartOf\":{\"@id\":\"https:\\\/\\\/globalsew.com\\\/#website\"},\"primaryImageOfPage\":{\"@id\":\"https:\\\/\\\/globalsew.com\\\/automative\\\/#primaryimage\"},\"image\":{\"@id\":\"https:\\\/\\\/globalsew.com\\\/automative\\\/#primaryimage\"},\"thumbnailUrl\":\"https:\\\/\\\/globalsew.com\\\/wp-content\\\/uploads\\\/2023\\\/11\\\/Global_Logo.jpg\",\"datePublished\":\"2021-10-28T19:44:43+00:00\",\"dateModified\":\"2025-01-29T13:23:34+00:00\",\"description\":\"Global Industrial Sewing Machines offers a large range sewing machine for automotive applications like car seats\",\"breadcrumb\":{\"@id\":\"https:\\\/\\\/globalsew.com\\\/automative\\\/#breadcrumb\"},\"inLanguage\":\"pt-PT\",\"potentialAction\":[{\"@type\":\"ReadAction\",\"target\":[\"https:\\\/\\\/globalsew.com\\\/automative\\\/\"]}]},{\"@type\":\"ImageObject\",\"inLanguage\":\"pt-PT\",\"@id\":\"https:\\\/\\\/globalsew.com\\\/automative\\\/#primaryimage\",\"url\":\"https:\\\/\\\/globalsew.com\\\/wp-content\\\/uploads\\\/2023\\\/11\\\/Global_Logo.jpg\",\"contentUrl\":\"https:\\\/\\\/globalsew.com\\\/wp-content\\\/uploads\\\/2023\\\/11\\\/Global_Logo.jpg\",\"width\":801,\"height\":801},{\"@type\":\"BreadcrumbList\",\"@id\":\"https:\\\/\\\/globalsew.com\\\/automative\\\/#breadcrumb\",\"itemListElement\":[{\"@type\":\"ListItem\",\"position\":1,\"name\":\"Home\",\"item\":\"https:\\\/\\\/globalsew.com\\\/\"},{\"@type\":\"ListItem\",\"position\":2,\"name\":\"automotive\"}]},{\"@type\":\"WebSite\",\"@id\":\"https:\\\/\\\/globalsew.com\\\/#website\",\"url\":\"https:\\\/\\\/globalsew.com\\\/\",\"name\":\"Global International B.V.\",\"description\":\"Industrial Sewing Machines\",\"potentialAction\":[{\"@type\":\"SearchAction\",\"target\":{\"@type\":\"EntryPoint\",\"urlTemplate\":\"https:\\\/\\\/globalsew.com\\\/?s={search_term_string}\"},\"query-input\":{\"@type\":\"PropertyValueSpecification\",\"valueRequired\":true,\"valueName\":\"search_term_string\"}}],\"inLanguage\":\"pt-PT\"}]}<\/script>\n<!-- \/ Yoast SEO plugin. -->","yoast_head_json":{"title":"m\u00e1quinas de costura para autom\u00f3veis - assentos de p\u00e9 de passeio para trabalhos pesados - couro","description":"A Global Industrial Sewing Machines oferece uma vasta gama de m\u00e1quinas de costura para aplica\u00e7\u00f5es autom\u00f3veis, como bancos de autom\u00f3veis","robots":{"index":"index","follow":"follow","max-snippet":"max-snippet:-1","max-image-preview":"max-image-preview:large","max-video-preview":"max-video-preview:-1"},"canonical":"https:\/\/globalsew.com\/pt\/automatico\/","og_locale":"pt_PT","og_type":"article","og_title":"automotive | How it's Made | GlobalSew.com - Industrial Sewing Machines.","og_description":"With what kind of sewing machines are automotive made? Learn all about it on this 'How it's Made' info page at Global Industrial Sewing Machines.","og_url":"https:\/\/globalsew.com\/pt\/automatico\/","og_site_name":"Global International B.V.","article_modified_time":"2025-01-29T13:23:34+00:00","twitter_card":"summary_large_image","twitter_title":"automotive | How it's Made | GlobalSew.com - Industrial Sewing Machines.","twitter_description":"With what kind of sewing machines are automotive made? Learn all about it on this 'How it's Made' info page at Global Industrial Sewing Machines.","twitter_misc":{"Tempo estimado de leitura":"1 minuto"},"schema":{"@context":"https:\/\/schema.org","@graph":[{"@type":"WebPage","@id":"https:\/\/globalsew.com\/automative\/","url":"https:\/\/globalsew.com\/automative\/","name":"m\u00e1quinas de costura para autom\u00f3veis - assentos de p\u00e9 de passeio para trabalhos pesados - couro","isPartOf":{"@id":"https:\/\/globalsew.com\/#website"},"primaryImageOfPage":{"@id":"https:\/\/globalsew.com\/automative\/#primaryimage"},"image":{"@id":"https:\/\/globalsew.com\/automative\/#primaryimage"},"thumbnailUrl":"https:\/\/globalsew.com\/wp-content\/uploads\/2023\/11\/Global_Logo.jpg","datePublished":"2021-10-28T19:44:43+00:00","dateModified":"2025-01-29T13:23:34+00:00","description":"A Global Industrial Sewing Machines oferece uma vasta gama de m\u00e1quinas de costura para aplica\u00e7\u00f5es autom\u00f3veis, como bancos de autom\u00f3veis","breadcrumb":{"@id":"https:\/\/globalsew.com\/automative\/#breadcrumb"},"inLanguage":"pt-PT","potentialAction":[{"@type":"ReadAction","target":["https:\/\/globalsew.com\/automative\/"]}]},{"@type":"ImageObject","inLanguage":"pt-PT","@id":"https:\/\/globalsew.com\/automative\/#primaryimage","url":"https:\/\/globalsew.com\/wp-content\/uploads\/2023\/11\/Global_Logo.jpg","contentUrl":"https:\/\/globalsew.com\/wp-content\/uploads\/2023\/11\/Global_Logo.jpg","width":801,"height":801},{"@type":"BreadcrumbList","@id":"https:\/\/globalsew.com\/automative\/#breadcrumb","itemListElement":[{"@type":"ListItem","position":1,"name":"Home","item":"https:\/\/globalsew.com\/"},{"@type":"ListItem","position":2,"name":"automotive"}]},{"@type":"WebSite","@id":"https:\/\/globalsew.com\/#website","url":"https:\/\/globalsew.com\/","name":"Global International B.V.","description":"M\u00e1quinas de costura industriais","potentialAction":[{"@type":"SearchAction","target":{"@type":"EntryPoint","urlTemplate":"https:\/\/globalsew.com\/?s={search_term_string}"},"query-input":{"@type":"PropertyValueSpecification","valueRequired":true,"valueName":"search_term_string"}}],"inLanguage":"pt-PT"}]}},"_links":{"self":[{"href":"https:\/\/globalsew.com\/pt\/wp-json\/wp\/v2\/pages\/96575","targetHints":{"allow":["GET"]}}],"collection":[{"href":"https:\/\/globalsew.com\/pt\/wp-json\/wp\/v2\/pages"}],"about":[{"href":"https:\/\/globalsew.com\/pt\/wp-json\/wp\/v2\/types\/page"}],"author":[{"embeddable":true,"href":"https:\/\/globalsew.com\/pt\/wp-json\/wp\/v2\/users\/1"}],"replies":[{"embeddable":true,"href":"https:\/\/globalsew.com\/pt\/wp-json\/wp\/v2\/comments?post=96575"}],"version-history":[{"count":3,"href":"https:\/\/globalsew.com\/pt\/wp-json\/wp\/v2\/pages\/96575\/revisions"}],"predecessor-version":[{"id":112468,"href":"https:\/\/globalsew.com\/pt\/wp-json\/wp\/v2\/pages\/96575\/revisions\/112468"}],"wp:featuredmedia":[{"embeddable":true,"href":"https:\/\/globalsew.com\/pt\/wp-json\/wp\/v2\/media\/102276"}],"wp:attachment":[{"href":"https:\/\/globalsew.com\/pt\/wp-json\/wp\/v2\/media?parent=96575"}],"curies":[{"name":"wp","href":"https:\/\/api.w.org\/{rel}","templated":true}]}}