{"id":96354,"date":"2021-09-23T16:47:31","date_gmt":"2021-09-23T14:47:31","guid":{"rendered":"https:\/\/globalsew.com\/?page_id=96354"},"modified":"2025-01-08T13:51:01","modified_gmt":"2025-01-08T12:51:01","slug":"maquinas-de-costura-para-a-producao-de-roupa-interior-a-nivel-mundial","status":"publish","type":"page","link":"https:\/\/globalsew.com\/pt\/underwear-production-sewing-machines-global\/","title":{"rendered":"Roupa interior"},"content":{"rendered":"<div class=\"wpb-content-wrapper\"><div class=\"vc_row wpb_row vc_row-fluid\"><div class=\"wpb_column vc_column_container vc_col-sm-12\"><div class=\"vc_column-inner\"><div class=\"wpb_wrapper\"><div class=\"vc_row wpb_row vc_inner vc_row-fluid\"><div class=\"wpb_column vc_column_container vc_col-sm-6\"><div class=\"vc_column-inner\"><div class=\"wpb_wrapper\">\n\t<div class=\"wpb_text_column wpb_content_element\" >\n\t\t<div class=\"wpb_wrapper\">\n\t\t\t<div id=\"image-map-pro-3468\"><\/div>\n\n\t\t<\/div>\n\t<\/div>\n<div class=\"vc_empty_space\"   style=\"height: 64px\"><span class=\"vc_empty_space_inner\"><\/span><\/div><\/div><\/div><\/div><div class=\"wpb_column vc_column_container vc_col-sm-6\"><div class=\"vc_column-inner\"><div class=\"wpb_wrapper\">\n\t<div class=\"wpb_text_column wpb_content_element\" >\n\t\t<div class=\"wpb_wrapper\">\n\t\t\t<div id=\"image-map-pro-7500\"><\/div>\n\n\t\t<\/div>\n\t<\/div>\n<div class=\"vc_empty_space\"   style=\"height: 64px\"><span class=\"vc_empty_space_inner\"><\/span><\/div><\/div><\/div><\/div><\/div><\/div><\/div><\/div><\/div>\n<\/div>","protected":false},"excerpt":{"rendered":"","protected":false},"author":1,"featured_media":102276,"parent":0,"menu_order":0,"comment_status":"closed","ping_status":"closed","template":"","meta":{"_acf_changed":false,"footnotes":""},"class_list":["post-96354","page","type-page","status-publish","has-post-thumbnail","hentry"],"acf":[],"yoast_head":"<!-- This site is optimized with the Yoast SEO plugin v27.5 - https:\/\/yoast.com\/product\/yoast-seo-wordpress\/ -->\n<title>Sewing machines for making underwear<\/title>\n<meta name=\"description\" content=\"Manufacturing underwear is processes not only stitching to create comfortable and durable garments. incorporating various designs and materials for different styles.\" \/>\n<meta name=\"robots\" content=\"index, follow, max-snippet:-1, max-image-preview:large, max-video-preview:-1\" \/>\n<link rel=\"canonical\" href=\"https:\/\/globalsew.com\/pt\/maquinas-de-costura-para-a-producao-de-roupa-interior-a-nivel-mundial\/\" \/>\n<meta property=\"og:locale\" content=\"pt_PT\" \/>\n<meta property=\"og:type\" content=\"article\" \/>\n<meta property=\"og:title\" content=\"Underwear | How it&#039;s Made | GlobalSew.com - Industrial Sewing Machines.\" \/>\n<meta property=\"og:description\" content=\"With what kind of sewing machines are Underwear made? Learn all about it on this &#039;How it&#039;s Made&#039; info page at Global Industrial Sewing Machines.\" \/>\n<meta property=\"og:url\" content=\"https:\/\/globalsew.com\/pt\/maquinas-de-costura-para-a-producao-de-roupa-interior-a-nivel-mundial\/\" \/>\n<meta property=\"og:site_name\" content=\"Global International B.V.\" \/>\n<meta property=\"article:modified_time\" content=\"2025-01-08T12:51:01+00:00\" \/>\n<meta name=\"twitter:card\" content=\"summary_large_image\" \/>\n<meta name=\"twitter:title\" content=\"Underwear | How it&#039;s Made | GlobalSew.com - Industrial Sewing Machines.\" \/>\n<meta name=\"twitter:description\" content=\"With what kind of sewing machines are Underwear made? Learn all about it on this &#039;How it&#039;s Made&#039; info page at Global Industrial Sewing Machines.\" \/>\n<meta name=\"twitter:label1\" content=\"Tempo estimado de leitura\" \/>\n\t<meta name=\"twitter:data1\" content=\"1 minuto\" \/>\n<script type=\"application\/ld+json\" class=\"yoast-schema-graph\">{\"@context\":\"https:\\\/\\\/schema.org\",\"@graph\":[{\"@type\":\"WebPage\",\"@id\":\"https:\\\/\\\/globalsew.com\\\/underwear-production-sewing-machines-global\\\/\",\"url\":\"https:\\\/\\\/globalsew.com\\\/underwear-production-sewing-machines-global\\\/\",\"name\":\"Sewing machines for making underwear\",\"isPartOf\":{\"@id\":\"https:\\\/\\\/globalsew.com\\\/#website\"},\"primaryImageOfPage\":{\"@id\":\"https:\\\/\\\/globalsew.com\\\/underwear-production-sewing-machines-global\\\/#primaryimage\"},\"image\":{\"@id\":\"https:\\\/\\\/globalsew.com\\\/underwear-production-sewing-machines-global\\\/#primaryimage\"},\"thumbnailUrl\":\"https:\\\/\\\/globalsew.com\\\/wp-content\\\/uploads\\\/2023\\\/11\\\/Global_Logo.jpg\",\"datePublished\":\"2021-09-23T14:47:31+00:00\",\"dateModified\":\"2025-01-08T12:51:01+00:00\",\"description\":\"Manufacturing underwear is processes not only stitching to create comfortable and durable garments. incorporating various designs and materials for different styles.\",\"breadcrumb\":{\"@id\":\"https:\\\/\\\/globalsew.com\\\/underwear-production-sewing-machines-global\\\/#breadcrumb\"},\"inLanguage\":\"pt-PT\",\"potentialAction\":[{\"@type\":\"ReadAction\",\"target\":[\"https:\\\/\\\/globalsew.com\\\/underwear-production-sewing-machines-global\\\/\"]}]},{\"@type\":\"ImageObject\",\"inLanguage\":\"pt-PT\",\"@id\":\"https:\\\/\\\/globalsew.com\\\/underwear-production-sewing-machines-global\\\/#primaryimage\",\"url\":\"https:\\\/\\\/globalsew.com\\\/wp-content\\\/uploads\\\/2023\\\/11\\\/Global_Logo.jpg\",\"contentUrl\":\"https:\\\/\\\/globalsew.com\\\/wp-content\\\/uploads\\\/2023\\\/11\\\/Global_Logo.jpg\",\"width\":801,\"height\":801},{\"@type\":\"BreadcrumbList\",\"@id\":\"https:\\\/\\\/globalsew.com\\\/underwear-production-sewing-machines-global\\\/#breadcrumb\",\"itemListElement\":[{\"@type\":\"ListItem\",\"position\":1,\"name\":\"Home\",\"item\":\"https:\\\/\\\/globalsew.com\\\/\"},{\"@type\":\"ListItem\",\"position\":2,\"name\":\"Underwear\"}]},{\"@type\":\"WebSite\",\"@id\":\"https:\\\/\\\/globalsew.com\\\/#website\",\"url\":\"https:\\\/\\\/globalsew.com\\\/\",\"name\":\"Global International B.V.\",\"description\":\"Industrial Sewing Machines\",\"potentialAction\":[{\"@type\":\"SearchAction\",\"target\":{\"@type\":\"EntryPoint\",\"urlTemplate\":\"https:\\\/\\\/globalsew.com\\\/?s={search_term_string}\"},\"query-input\":{\"@type\":\"PropertyValueSpecification\",\"valueRequired\":true,\"valueName\":\"search_term_string\"}}],\"inLanguage\":\"pt-PT\"}]}<\/script>\n<!-- \/ Yoast SEO plugin. -->","yoast_head_json":{"title":"M\u00e1quinas de costura para confe\u00e7\u00e3o de roupa interior","description":"O fabrico de roupa interior \u00e9 um processo que n\u00e3o se limita \u00e0 costura para criar pe\u00e7as de vestu\u00e1rio confort\u00e1veis e duradouras, incorporando v\u00e1rios designs e materiais para diferentes estilos.","robots":{"index":"index","follow":"follow","max-snippet":"max-snippet:-1","max-image-preview":"max-image-preview:large","max-video-preview":"max-video-preview:-1"},"canonical":"https:\/\/globalsew.com\/pt\/maquinas-de-costura-para-a-producao-de-roupa-interior-a-nivel-mundial\/","og_locale":"pt_PT","og_type":"article","og_title":"Underwear | How it's Made | GlobalSew.com - Industrial Sewing Machines.","og_description":"With what kind of sewing machines are Underwear made? Learn all about it on this 'How it's Made' info page at Global Industrial Sewing Machines.","og_url":"https:\/\/globalsew.com\/pt\/maquinas-de-costura-para-a-producao-de-roupa-interior-a-nivel-mundial\/","og_site_name":"Global International B.V.","article_modified_time":"2025-01-08T12:51:01+00:00","twitter_card":"summary_large_image","twitter_title":"Underwear | How it's Made | GlobalSew.com - Industrial Sewing Machines.","twitter_description":"With what kind of sewing machines are Underwear made? Learn all about it on this 'How it's Made' info page at Global Industrial Sewing Machines.","twitter_misc":{"Tempo estimado de leitura":"1 minuto"},"schema":{"@context":"https:\/\/schema.org","@graph":[{"@type":"WebPage","@id":"https:\/\/globalsew.com\/underwear-production-sewing-machines-global\/","url":"https:\/\/globalsew.com\/underwear-production-sewing-machines-global\/","name":"M\u00e1quinas de costura para confe\u00e7\u00e3o de roupa interior","isPartOf":{"@id":"https:\/\/globalsew.com\/#website"},"primaryImageOfPage":{"@id":"https:\/\/globalsew.com\/underwear-production-sewing-machines-global\/#primaryimage"},"image":{"@id":"https:\/\/globalsew.com\/underwear-production-sewing-machines-global\/#primaryimage"},"thumbnailUrl":"https:\/\/globalsew.com\/wp-content\/uploads\/2023\/11\/Global_Logo.jpg","datePublished":"2021-09-23T14:47:31+00:00","dateModified":"2025-01-08T12:51:01+00:00","description":"O fabrico de roupa interior \u00e9 um processo que n\u00e3o se limita \u00e0 costura para criar pe\u00e7as de vestu\u00e1rio confort\u00e1veis e duradouras, incorporando v\u00e1rios designs e materiais para diferentes estilos.","breadcrumb":{"@id":"https:\/\/globalsew.com\/underwear-production-sewing-machines-global\/#breadcrumb"},"inLanguage":"pt-PT","potentialAction":[{"@type":"ReadAction","target":["https:\/\/globalsew.com\/underwear-production-sewing-machines-global\/"]}]},{"@type":"ImageObject","inLanguage":"pt-PT","@id":"https:\/\/globalsew.com\/underwear-production-sewing-machines-global\/#primaryimage","url":"https:\/\/globalsew.com\/wp-content\/uploads\/2023\/11\/Global_Logo.jpg","contentUrl":"https:\/\/globalsew.com\/wp-content\/uploads\/2023\/11\/Global_Logo.jpg","width":801,"height":801},{"@type":"BreadcrumbList","@id":"https:\/\/globalsew.com\/underwear-production-sewing-machines-global\/#breadcrumb","itemListElement":[{"@type":"ListItem","position":1,"name":"Home","item":"https:\/\/globalsew.com\/"},{"@type":"ListItem","position":2,"name":"Underwear"}]},{"@type":"WebSite","@id":"https:\/\/globalsew.com\/#website","url":"https:\/\/globalsew.com\/","name":"Global International B.V.","description":"M\u00e1quinas de costura industriais","potentialAction":[{"@type":"SearchAction","target":{"@type":"EntryPoint","urlTemplate":"https:\/\/globalsew.com\/?s={search_term_string}"},"query-input":{"@type":"PropertyValueSpecification","valueRequired":true,"valueName":"search_term_string"}}],"inLanguage":"pt-PT"}]}},"_links":{"self":[{"href":"https:\/\/globalsew.com\/pt\/wp-json\/wp\/v2\/pages\/96354","targetHints":{"allow":["GET"]}}],"collection":[{"href":"https:\/\/globalsew.com\/pt\/wp-json\/wp\/v2\/pages"}],"about":[{"href":"https:\/\/globalsew.com\/pt\/wp-json\/wp\/v2\/types\/page"}],"author":[{"embeddable":true,"href":"https:\/\/globalsew.com\/pt\/wp-json\/wp\/v2\/users\/1"}],"replies":[{"embeddable":true,"href":"https:\/\/globalsew.com\/pt\/wp-json\/wp\/v2\/comments?post=96354"}],"version-history":[{"count":2,"href":"https:\/\/globalsew.com\/pt\/wp-json\/wp\/v2\/pages\/96354\/revisions"}],"predecessor-version":[{"id":96734,"href":"https:\/\/globalsew.com\/pt\/wp-json\/wp\/v2\/pages\/96354\/revisions\/96734"}],"wp:featuredmedia":[{"embeddable":true,"href":"https:\/\/globalsew.com\/pt\/wp-json\/wp\/v2\/media\/102276"}],"wp:attachment":[{"href":"https:\/\/globalsew.com\/pt\/wp-json\/wp\/v2\/media?parent=96354"}],"curies":[{"name":"wp","href":"https:\/\/api.w.org\/{rel}","templated":true}]}}