{"id":113206,"date":"2025-04-28T13:27:49","date_gmt":"2025-04-28T11:27:49","guid":{"rendered":"https:\/\/globalsew.com\/?post_type=product&#038;p=113206"},"modified":"2025-12-24T10:43:42","modified_gmt":"2025-12-24T09:43:42","slug":"da-269-373-4-stuks-kleur-wit","status":"publish","type":"product","link":"https:\/\/globalsew.com\/nl\/product\/da-269-373-4-pieces-white-colour\/","title":{"rendered":"DA 269-373 witte kleur"},"content":{"rendered":"","protected":false},"excerpt":{"rendered":"<p>Industri\u00eble loopvoetmachines met \u00e9\u00e9n naald en cilinderarm met grote verticale haakas<\/p>","protected":false},"featured_media":113205,"template":"","meta":{"_acf_changed":false},"product_brand":[],"product_cat":[346,351,317],"product_tag":[],"class_list":{"0":"post-113206","1":"product","2":"type-product","3":"status-publish","4":"has-post-thumbnail","6":"product_cat-durkopp-adler","7":"product_cat-new-arrivals","8":"product_cat-used-products","9":"tm-no-options","11":"first","12":"instock","13":"shipping-taxable","14":"purchasable","15":"product-type-simple"},"acf":[],"gallery_images":[],"yoast_head":"<!-- This site is optimized with the Yoast SEO plugin v27.3 - https:\/\/yoast.com\/product\/yoast-seo-wordpress\/ -->\n<title>DA 269-373 white colour - Global International B.V.<\/title>\n<meta name=\"robots\" content=\"index, follow, max-snippet:-1, max-image-preview:large, max-video-preview:-1\" \/>\n<link rel=\"canonical\" href=\"https:\/\/globalsew.com\/nl\/product\/da-269-373-4-stuks-kleur-wit\/\" \/>\n<meta property=\"og:locale\" content=\"nl_NL\" \/>\n<meta property=\"og:type\" content=\"article\" \/>\n<meta property=\"og:title\" content=\"DA 269-373 white colour - Global International B.V.\" \/>\n<meta property=\"og:description\" content=\"Industrial single needle cylinder arm walking foot machines with large vertical axis hook\" \/>\n<meta property=\"og:url\" content=\"https:\/\/globalsew.com\/nl\/product\/da-269-373-4-stuks-kleur-wit\/\" \/>\n<meta property=\"og:site_name\" content=\"Global International B.V.\" \/>\n<meta property=\"article:modified_time\" content=\"2025-12-24T09:43:42+00:00\" \/>\n<meta property=\"og:image\" content=\"https:\/\/globalsew.com\/wp-content\/uploads\/2025\/04\/Afbeelding-van-WhatsApp-op-2025-04-28-om-11.31.33_efb74e89.jpg\" \/>\n\t<meta property=\"og:image:width\" content=\"1530\" \/>\n\t<meta property=\"og:image:height\" content=\"2040\" \/>\n\t<meta property=\"og:image:type\" content=\"image\/jpeg\" \/>\n<meta name=\"twitter:card\" content=\"summary_large_image\" \/>\n<meta name=\"twitter:label1\" content=\"Geschatte leestijd\" \/>\n\t<meta name=\"twitter:data1\" content=\"1 minute\" \/>\n<script type=\"application\/ld+json\" class=\"yoast-schema-graph\">{\"@context\":\"https:\\\/\\\/schema.org\",\"@graph\":[{\"@type\":\"WebPage\",\"@id\":\"https:\\\/\\\/globalsew.com\\\/product\\\/da-269-373-4-pieces-white-colour\\\/\",\"url\":\"https:\\\/\\\/globalsew.com\\\/product\\\/da-269-373-4-pieces-white-colour\\\/\",\"name\":\"DA 269-373 white colour - Global International B.V.\",\"isPartOf\":{\"@id\":\"https:\\\/\\\/globalsew.com\\\/#website\"},\"primaryImageOfPage\":{\"@id\":\"https:\\\/\\\/globalsew.com\\\/product\\\/da-269-373-4-pieces-white-colour\\\/#primaryimage\"},\"image\":{\"@id\":\"https:\\\/\\\/globalsew.com\\\/product\\\/da-269-373-4-pieces-white-colour\\\/#primaryimage\"},\"thumbnailUrl\":\"https:\\\/\\\/globalsew.com\\\/wp-content\\\/uploads\\\/2025\\\/04\\\/Afbeelding-van-WhatsApp-op-2025-04-28-om-11.31.33_efb74e89.jpg\",\"datePublished\":\"2025-04-28T11:27:49+00:00\",\"dateModified\":\"2025-12-24T09:43:42+00:00\",\"breadcrumb\":{\"@id\":\"https:\\\/\\\/globalsew.com\\\/product\\\/da-269-373-4-pieces-white-colour\\\/#breadcrumb\"},\"inLanguage\":\"nl-NL\",\"potentialAction\":[{\"@type\":\"ReadAction\",\"target\":[\"https:\\\/\\\/globalsew.com\\\/product\\\/da-269-373-4-pieces-white-colour\\\/\"]}]},{\"@type\":\"ImageObject\",\"inLanguage\":\"nl-NL\",\"@id\":\"https:\\\/\\\/globalsew.com\\\/product\\\/da-269-373-4-pieces-white-colour\\\/#primaryimage\",\"url\":\"https:\\\/\\\/globalsew.com\\\/wp-content\\\/uploads\\\/2025\\\/04\\\/Afbeelding-van-WhatsApp-op-2025-04-28-om-11.31.33_efb74e89.jpg\",\"contentUrl\":\"https:\\\/\\\/globalsew.com\\\/wp-content\\\/uploads\\\/2025\\\/04\\\/Afbeelding-van-WhatsApp-op-2025-04-28-om-11.31.33_efb74e89.jpg\",\"width\":1530,\"height\":2040},{\"@type\":\"BreadcrumbList\",\"@id\":\"https:\\\/\\\/globalsew.com\\\/product\\\/da-269-373-4-pieces-white-colour\\\/#breadcrumb\",\"itemListElement\":[{\"@type\":\"ListItem\",\"position\":1,\"name\":\"Home\",\"item\":\"https:\\\/\\\/globalsew.com\\\/\"},{\"@type\":\"ListItem\",\"position\":2,\"name\":\"Products\",\"item\":\"https:\\\/\\\/globalsew.com\\\/products\\\/\"},{\"@type\":\"ListItem\",\"position\":3,\"name\":\"DA 269-373 white colour\"}]},{\"@type\":\"WebSite\",\"@id\":\"https:\\\/\\\/globalsew.com\\\/#website\",\"url\":\"https:\\\/\\\/globalsew.com\\\/\",\"name\":\"Global International B.V.\",\"description\":\"Industrial Sewing Machines\",\"potentialAction\":[{\"@type\":\"SearchAction\",\"target\":{\"@type\":\"EntryPoint\",\"urlTemplate\":\"https:\\\/\\\/globalsew.com\\\/?s={search_term_string}\"},\"query-input\":{\"@type\":\"PropertyValueSpecification\",\"valueRequired\":true,\"valueName\":\"search_term_string\"}}],\"inLanguage\":\"nl-NL\"}]}<\/script>\n<!-- \/ Yoast SEO plugin. -->","yoast_head_json":{"title":"DA 269-373 witte kleur - Global International B.V.","robots":{"index":"index","follow":"follow","max-snippet":"max-snippet:-1","max-image-preview":"max-image-preview:large","max-video-preview":"max-video-preview:-1"},"canonical":"https:\/\/globalsew.com\/nl\/product\/da-269-373-4-stuks-kleur-wit\/","og_locale":"nl_NL","og_type":"article","og_title":"DA 269-373 white colour - Global International B.V.","og_description":"Industrial single needle cylinder arm walking foot machines with large vertical axis hook","og_url":"https:\/\/globalsew.com\/nl\/product\/da-269-373-4-stuks-kleur-wit\/","og_site_name":"Global International B.V.","article_modified_time":"2025-12-24T09:43:42+00:00","og_image":[{"width":1530,"height":2040,"url":"https:\/\/globalsew.com\/wp-content\/uploads\/2025\/04\/Afbeelding-van-WhatsApp-op-2025-04-28-om-11.31.33_efb74e89.jpg","type":"image\/jpeg"}],"twitter_card":"summary_large_image","twitter_misc":{"Geschatte leestijd":"1 minute"},"schema":{"@context":"https:\/\/schema.org","@graph":[{"@type":"WebPage","@id":"https:\/\/globalsew.com\/product\/da-269-373-4-pieces-white-colour\/","url":"https:\/\/globalsew.com\/product\/da-269-373-4-pieces-white-colour\/","name":"DA 269-373 witte kleur - Global International B.V.","isPartOf":{"@id":"https:\/\/globalsew.com\/#website"},"primaryImageOfPage":{"@id":"https:\/\/globalsew.com\/product\/da-269-373-4-pieces-white-colour\/#primaryimage"},"image":{"@id":"https:\/\/globalsew.com\/product\/da-269-373-4-pieces-white-colour\/#primaryimage"},"thumbnailUrl":"https:\/\/globalsew.com\/wp-content\/uploads\/2025\/04\/Afbeelding-van-WhatsApp-op-2025-04-28-om-11.31.33_efb74e89.jpg","datePublished":"2025-04-28T11:27:49+00:00","dateModified":"2025-12-24T09:43:42+00:00","breadcrumb":{"@id":"https:\/\/globalsew.com\/product\/da-269-373-4-pieces-white-colour\/#breadcrumb"},"inLanguage":"nl-NL","potentialAction":[{"@type":"ReadAction","target":["https:\/\/globalsew.com\/product\/da-269-373-4-pieces-white-colour\/"]}]},{"@type":"ImageObject","inLanguage":"nl-NL","@id":"https:\/\/globalsew.com\/product\/da-269-373-4-pieces-white-colour\/#primaryimage","url":"https:\/\/globalsew.com\/wp-content\/uploads\/2025\/04\/Afbeelding-van-WhatsApp-op-2025-04-28-om-11.31.33_efb74e89.jpg","contentUrl":"https:\/\/globalsew.com\/wp-content\/uploads\/2025\/04\/Afbeelding-van-WhatsApp-op-2025-04-28-om-11.31.33_efb74e89.jpg","width":1530,"height":2040},{"@type":"BreadcrumbList","@id":"https:\/\/globalsew.com\/product\/da-269-373-4-pieces-white-colour\/#breadcrumb","itemListElement":[{"@type":"ListItem","position":1,"name":"Home","item":"https:\/\/globalsew.com\/"},{"@type":"ListItem","position":2,"name":"Products","item":"https:\/\/globalsew.com\/products\/"},{"@type":"ListItem","position":3,"name":"DA 269-373 white colour"}]},{"@type":"WebSite","@id":"https:\/\/globalsew.com\/#website","url":"https:\/\/globalsew.com\/","name":"Global International B.V.","description":"Industri\u00eble naaimachines","potentialAction":[{"@type":"SearchAction","target":{"@type":"EntryPoint","urlTemplate":"https:\/\/globalsew.com\/?s={search_term_string}"},"query-input":{"@type":"PropertyValueSpecification","valueRequired":true,"valueName":"search_term_string"}}],"inLanguage":"nl-NL"}]}},"_links":{"self":[{"href":"https:\/\/globalsew.com\/nl\/wp-json\/wp\/v2\/product\/113206","targetHints":{"allow":["GET"]}}],"collection":[{"href":"https:\/\/globalsew.com\/nl\/wp-json\/wp\/v2\/product"}],"about":[{"href":"https:\/\/globalsew.com\/nl\/wp-json\/wp\/v2\/types\/product"}],"wp:featuredmedia":[{"embeddable":true,"href":"https:\/\/globalsew.com\/nl\/wp-json\/wp\/v2\/media\/113205"}],"wp:attachment":[{"href":"https:\/\/globalsew.com\/nl\/wp-json\/wp\/v2\/media?parent=113206"}],"wp:term":[{"taxonomy":"product_brand","embeddable":true,"href":"https:\/\/globalsew.com\/nl\/wp-json\/wp\/v2\/product_brand?post=113206"},{"taxonomy":"product_cat","embeddable":true,"href":"https:\/\/globalsew.com\/nl\/wp-json\/wp\/v2\/product_cat?post=113206"},{"taxonomy":"product_tag","embeddable":true,"href":"https:\/\/globalsew.com\/nl\/wp-json\/wp\/v2\/product_tag?post=113206"}],"curies":[{"name":"wp","href":"https:\/\/api.w.org\/{rel}","templated":true}]}}